{"id":3870,"date":"2017-10-18T22:31:11","date_gmt":"2017-10-18T22:31:11","guid":{"rendered":"http:\/\/cerrajeriacercasa.com\/acero-inoxidable-tenerife\/"},"modified":"2019-06-24T10:12:09","modified_gmt":"2019-06-24T10:12:09","slug":"rostfreier-stahl-teneriffa","status":"publish","type":"page","link":"https:\/\/cerrajeriacercasa.com\/de\/rostfreier-stahl-teneriffa\/","title":{"rendered":"Rostfreier Stahl Teneriffa"},"content":{"rendered":"<div class=\"section-full-width section-light2\" style=\"background-color:#f7f7f7;\" id=\"rostfreierstahl\"><div class=\"section-boxed\" style=\"color:#777777;\"><h2 class=\"section-title\" style=\"color:#252525;\">Rostfreier Stahl <\/h2><h4 style=\"color:#252525;\" class=\"sub-title\">Wir bauen alles, was du dir vorstellen kannst \u2026<\/h4><\/p>\n<p style=\"text-align: center;\">Bei Metallkonstruktionen Cercasa sind wir auf die Herstellung und Installation einer grossen Vielfalt an Arbeiten aus rostfreiem Stahl spezialisiert. Wir behandeln und arbeiten dieses Material mit viel Hingabe, was man bei dem Ergebnis sehen kann. Deshalb ist Cercasa f\u00fcr ihr hervorragendes Personal bekannt, das mit viel Erfahrung die Beste Arbeit liefern kann.<\/p>\n<p style=\"text-align: center;\">Wir machen alle m\u00f6glichen Arbeiten aus rostfreiem Stahl wie Handl\u00e4ufe, Gel\u00e4nder, T\u00fcren, Z\u00e4une, Gitter, Markiesen, Rolll\u00e4den, Fenster, M\u00f6bel, Strukturen, Treppen und Schliessmechanismen.<\/p>\n<h2 style=\"text-align: center;\">N\u00ba 1 in Stahlarbeiten auf Teneriffa<\/h2>\n<p>\n<\/div><\/div>\n<div class=\"section-full-width section-dark parallax-fixed\" style=\"background-color:#252525;\" id=\"funktioniertinedelstahl\"><div style=\"background-image:url(http:\/\/cerrajeriacercasa.com\/wp-content\/uploads\/2017\/10\/irmasolda23.jpg); opacity:0.3; filter: alpha(opacity=30);\" class=\"full-bg-image\" ><\/div><div class=\"section-boxed\" style=\"color:#ffffff;\"><h2 class=\"section-title\" style=\"color:#ffffff;\">Funktioniert in Edelstahl<\/h2><h4 style=\"color:#ffffff;\" class=\"sub-title\">Marktf\u00fchrer im Bereich Metallurgie<\/h4><div class=\"services-wrapper services-icon cols-wrapper cols-2 pexeto-parallax\"><div class=\"services-box col services-no-image\"><div class=\"services-content\"><div class=\"sc-wraper\"><h3>Handlauf aus rostfreiem Stahl<\/h3><\/div><\/div><\/div><div class=\"services-box col nomargin services-no-image\"><div class=\"services-content\"><div class=\"sc-wraper\"><h3>Stahlt\u00fcren<\/h3><\/div><\/div><\/div><div class=\"services-box col services-no-image\"><div class=\"services-content\"><div class=\"sc-wraper\"><h3>Edelstahl-Jalousien<\/h3><\/div><\/div><\/div><div class=\"services-box col nomargin services-no-image\"><div class=\"services-content\"><div class=\"sc-wraper\"><h3>Edelstahlgitter<\/h3><\/div><\/div><\/div><div class=\"services-box col services-no-image\"><div class=\"services-content\"><div class=\"sc-wraper\"><h3>Edelstahlfenster<\/h3><\/div><\/div><\/div><div class=\"services-box col nomargin services-no-image\"><div class=\"services-content\"><div class=\"sc-wraper\"><h3>M\u00f6bel aus rostfreiem Stahl<\/h3><\/div><\/div><\/div><div class=\"services-box col services-no-image\"><div class=\"services-content\"><div class=\"sc-wraper\"><h3>Treppen aus Edelstahl<\/h3><\/div><\/div><\/div><div class=\"services-box col nomargin services-no-image\"><div class=\"services-content\"><div class=\"sc-wraper\"><h3>Stahlgeh\u00e4use<\/h3><\/div><\/div><\/div><div class=\"clear\"><\/div><\/div>\n<\/div><\/div>\n<div class=\"section-full-width section-light2\" style=\"background-color:#f7f7f7;\" id=\"section-1\"><div class=\"section-boxed\" style=\"color:#777777;\"><div class=\"cta-element\"><h4 class=\"cta-small-title\">Hast du irgendeine Idee und weisst nicht, wie du sie verwirklichen kannst?\u201d <\/h4><h2 class=\"cta-title\">Gemeinsam machen wir aus dieser Idee Realit\u00e4t<\/h2><a class=\"button\" href=\"http:\/\/cerrajeriacercasa.com\/de\/filiale-guimar\/\" target=\"_blank\">Beantrage einen Kostenvoranschlag<\/a><\/div>\n<\/div><\/div>\n<div class=\"nivo-content\"><div class=\"nivo-wrapper\"><div class=\"nivo-slider\" id=\"nivo-slider-38701\" style=\"max-height:1200px;\"><img decoding=\"async\" src=\"http:\/\/cerrajeriacercasa.com\/wp-content\/uploads\/2017\/10\/WhatsApp-Image-2017-10-23-at-11.47.37-1170x1200.jpeg\" title=\"\" \/><img decoding=\"async\" src=\"http:\/\/cerrajeriacercasa.com\/wp-content\/uploads\/2017\/10\/WhatsApp-Image-2017-10-23-at-11.47.35-1170x1200.jpeg\" title=\"\" \/><img decoding=\"async\" src=\"http:\/\/cerrajeriacercasa.com\/wp-content\/uploads\/2017\/10\/WhatsApp-Image-2017-10-23-at-11.47.35-3-1170x1200.jpeg\" title=\"\" \/><img decoding=\"async\" src=\"http:\/\/cerrajeriacercasa.com\/wp-content\/uploads\/2017\/10\/WhatsApp-Image-2017-10-23-at-11.47.35-2-1170x1200.jpeg\" title=\"\" \/><img decoding=\"async\" src=\"http:\/\/cerrajeriacercasa.com\/wp-content\/uploads\/2017\/10\/WhatsApp-Image-2017-10-23-at-11.47.31-1170x1200.jpeg\" title=\"\" \/><img decoding=\"async\" src=\"http:\/\/cerrajeriacercasa.com\/wp-content\/uploads\/2017\/10\/WhatsApp-Image-2017-10-23-at-11.47.30-2-1170x1200.jpeg\" title=\"\" \/><img decoding=\"async\" src=\"http:\/\/cerrajeriacercasa.com\/wp-content\/uploads\/2017\/10\/WhatsApp-Image-2017-10-23-at-11.47.24-1170x1200.jpeg\" title=\"\" \/><img decoding=\"async\" src=\"http:\/\/cerrajeriacercasa.com\/wp-content\/uploads\/2017\/10\/WhatsApp-Image-2017-10-23-at-11.47.25-2-1170x1200.jpeg\" title=\"\" \/><img decoding=\"async\" src=\"http:\/\/cerrajeriacercasa.com\/wp-content\/uploads\/2017\/10\/WhatsApp-Image-2017-10-23-at-11.47.22-1170x1200.jpeg\" title=\"\" \/><img decoding=\"async\" src=\"http:\/\/cerrajeriacercasa.com\/wp-content\/uploads\/2017\/10\/trabajo-acero-inoxidable-carril-bici-04-1170x1200.jpg\" title=\"\" \/><img decoding=\"async\" src=\"http:\/\/cerrajeriacercasa.com\/wp-content\/uploads\/2017\/10\/7622cac2-ab99-473f-bda7-4380ca5fb398-1170x1200.jpg\" title=\"\" \/><\/div><\/div><\/div>\n<p>&nbsp;<\/p>\n","protected":false},"excerpt":{"rendered":"<p>&nbsp;<\/p>\n","protected":false},"author":1,"featured_media":5686,"parent":0,"menu_order":0,"comment_status":"closed","ping_status":"closed","template":"template-full-custom.php","meta":{"_monsterinsights_skip_tracking":false,"_monsterinsights_sitenote_active":false,"_monsterinsights_sitenote_note":"","_monsterinsights_sitenote_category":0,"footnotes":""},"class_list":["post-3870","page","type-page","status-publish","has-post-thumbnail","hentry"],"yoast_head":"<!-- This site is optimized with the Yoast SEO plugin v27.3 - https:\/\/yoast.com\/product\/yoast-seo-wordpress\/ -->\n<title>Rostfreier Stahl Teneriffa, Metallkonstruktionen Cercasa<\/title>\n<meta name=\"description\" content=\"Cercasa ist bekannt f\u00fcr die professionelle Herstellung und Installation von einer Vielzahl an Arbeiten aus Rostfreiem Stahl auf Teneriffa wie Gel\u00e4nder, T\u00fcren, Z\u00e4une, Rolll\u00e4den, Fenster, Mobiliar, Treppen\" \/>\n<meta name=\"robots\" content=\"index, follow, max-snippet:-1, max-image-preview:large, max-video-preview:-1\" \/>\n<link rel=\"canonical\" href=\"https:\/\/cerrajeriacercasa.com\/de\/rostfreier-stahl-teneriffa\/\" \/>\n<meta property=\"og:locale\" content=\"de_DE\" \/>\n<meta property=\"og:type\" content=\"article\" \/>\n<meta property=\"og:title\" content=\"Rostfreier Stahl Teneriffa, Metallkonstruktionen Cercasa\" \/>\n<meta property=\"og:description\" content=\"Cercasa ist bekannt f\u00fcr die professionelle Herstellung und Installation von einer Vielzahl an Arbeiten aus Rostfreiem Stahl auf Teneriffa wie Gel\u00e4nder, T\u00fcren, Z\u00e4une, Rolll\u00e4den, Fenster, Mobiliar, Treppen\" \/>\n<meta property=\"og:url\" content=\"https:\/\/cerrajeriacercasa.com\/de\/rostfreier-stahl-teneriffa\/\" \/>\n<meta property=\"og:site_name\" content=\"Construcciones Met\u00e1licas Cercasa\" \/>\n<meta property=\"article:publisher\" content=\"https:\/\/www.facebook.com\/CercasaCerrajeria\/\" \/>\n<meta property=\"article:modified_time\" content=\"2019-06-24T10:12:09+00:00\" \/>\n<meta property=\"og:image\" content=\"https:\/\/cerrajeriacercasa.com\/wp-content\/uploads\/2017\/10\/irmasolda23.jpg\" \/>\n\t<meta property=\"og:image:width\" content=\"1920\" \/>\n\t<meta property=\"og:image:height\" content=\"1440\" \/>\n\t<meta property=\"og:image:type\" content=\"image\/jpeg\" \/>\n<meta name=\"twitter:card\" content=\"summary_large_image\" \/>\n<meta name=\"twitter:label1\" content=\"Gesch\u00e4tzte Lesezeit\" \/>\n\t<meta name=\"twitter:data1\" content=\"2\u00a0Minuten\" \/>\n<script type=\"application\/ld+json\" class=\"yoast-schema-graph\">{\"@context\":\"https:\\\/\\\/schema.org\",\"@graph\":[{\"@type\":\"WebPage\",\"@id\":\"https:\\\/\\\/cerrajeriacercasa.com\\\/de\\\/rostfreier-stahl-teneriffa\\\/\",\"url\":\"https:\\\/\\\/cerrajeriacercasa.com\\\/de\\\/rostfreier-stahl-teneriffa\\\/\",\"name\":\"Rostfreier Stahl Teneriffa, Metallkonstruktionen Cercasa\",\"isPartOf\":{\"@id\":\"https:\\\/\\\/cerrajeriacercasa.com\\\/#website\"},\"primaryImageOfPage\":{\"@id\":\"https:\\\/\\\/cerrajeriacercasa.com\\\/de\\\/rostfreier-stahl-teneriffa\\\/#primaryimage\"},\"image\":{\"@id\":\"https:\\\/\\\/cerrajeriacercasa.com\\\/de\\\/rostfreier-stahl-teneriffa\\\/#primaryimage\"},\"thumbnailUrl\":\"https:\\\/\\\/cerrajeriacercasa.com\\\/wp-content\\\/uploads\\\/2017\\\/10\\\/irmasolda23.jpg\",\"datePublished\":\"2017-10-18T22:31:11+00:00\",\"dateModified\":\"2019-06-24T10:12:09+00:00\",\"description\":\"Cercasa ist bekannt f\u00fcr die professionelle Herstellung und Installation von einer Vielzahl an Arbeiten aus Rostfreiem Stahl auf Teneriffa wie Gel\u00e4nder, T\u00fcren, Z\u00e4une, Rolll\u00e4den, Fenster, Mobiliar, Treppen\",\"breadcrumb\":{\"@id\":\"https:\\\/\\\/cerrajeriacercasa.com\\\/de\\\/rostfreier-stahl-teneriffa\\\/#breadcrumb\"},\"inLanguage\":\"de\",\"potentialAction\":[{\"@type\":\"ReadAction\",\"target\":[\"https:\\\/\\\/cerrajeriacercasa.com\\\/de\\\/rostfreier-stahl-teneriffa\\\/\"]}]},{\"@type\":\"ImageObject\",\"inLanguage\":\"de\",\"@id\":\"https:\\\/\\\/cerrajeriacercasa.com\\\/de\\\/rostfreier-stahl-teneriffa\\\/#primaryimage\",\"url\":\"https:\\\/\\\/cerrajeriacercasa.com\\\/wp-content\\\/uploads\\\/2017\\\/10\\\/irmasolda23.jpg\",\"contentUrl\":\"https:\\\/\\\/cerrajeriacercasa.com\\\/wp-content\\\/uploads\\\/2017\\\/10\\\/irmasolda23.jpg\",\"width\":1920,\"height\":1440},{\"@type\":\"BreadcrumbList\",\"@id\":\"https:\\\/\\\/cerrajeriacercasa.com\\\/de\\\/rostfreier-stahl-teneriffa\\\/#breadcrumb\",\"itemListElement\":[{\"@type\":\"ListItem\",\"position\":1,\"name\":\"Portada\",\"item\":\"https:\\\/\\\/cerrajeriacercasa.com\\\/de\\\/\"},{\"@type\":\"ListItem\",\"position\":2,\"name\":\"Rostfreier Stahl Teneriffa\"}]},{\"@type\":\"WebSite\",\"@id\":\"https:\\\/\\\/cerrajeriacercasa.com\\\/#website\",\"url\":\"https:\\\/\\\/cerrajeriacercasa.com\\\/\",\"name\":\"Construcciones Met\u00e1licas Cercasa\",\"description\":\"Construcciones Met\u00e1licas Tenerife, Acero inoxidable Tenerife, Puertas, Barandas, Escaleras, Rejas, Estructuras met\u00e1licas, Automatismos, Mobiliario\",\"publisher\":{\"@id\":\"https:\\\/\\\/cerrajeriacercasa.com\\\/#organization\"},\"potentialAction\":[{\"@type\":\"SearchAction\",\"target\":{\"@type\":\"EntryPoint\",\"urlTemplate\":\"https:\\\/\\\/cerrajeriacercasa.com\\\/?s={search_term_string}\"},\"query-input\":{\"@type\":\"PropertyValueSpecification\",\"valueRequired\":true,\"valueName\":\"search_term_string\"}}],\"inLanguage\":\"de\"},{\"@type\":\"Organization\",\"@id\":\"https:\\\/\\\/cerrajeriacercasa.com\\\/#organization\",\"name\":\"Cercasa Construcciones Met\u00e1licas en Tenerife\",\"url\":\"https:\\\/\\\/cerrajeriacercasa.com\\\/\",\"logo\":{\"@type\":\"ImageObject\",\"inLanguage\":\"de\",\"@id\":\"https:\\\/\\\/cerrajeriacercasa.com\\\/#\\\/schema\\\/logo\\\/image\\\/\",\"url\":\"https:\\\/\\\/cerrajeriacercasa.com\\\/wp-content\\\/uploads\\\/2017\\\/10\\\/LOGO-DE-CERCASA.jpg\",\"contentUrl\":\"https:\\\/\\\/cerrajeriacercasa.com\\\/wp-content\\\/uploads\\\/2017\\\/10\\\/LOGO-DE-CERCASA.jpg\",\"width\":1600,\"height\":670,\"caption\":\"Cercasa Construcciones Met\u00e1licas en Tenerife\"},\"image\":{\"@id\":\"https:\\\/\\\/cerrajeriacercasa.com\\\/#\\\/schema\\\/logo\\\/image\\\/\"},\"sameAs\":[\"https:\\\/\\\/www.facebook.com\\\/CercasaCerrajeria\\\/\",\"https:\\\/\\\/www.instagram.com\\\/construccionesmetalicascercasa\\\/\",\"https:\\\/\\\/www.youtube.com\\\/channel\\\/UCqzrGX0qFS7v2iwZjMT-dag\\\/featured\"]}]}<\/script>\n<!-- \/ Yoast SEO plugin. -->","yoast_head_json":{"title":"Rostfreier Stahl Teneriffa, Metallkonstruktionen Cercasa","description":"Cercasa ist bekannt f\u00fcr die professionelle Herstellung und Installation von einer Vielzahl an Arbeiten aus Rostfreiem Stahl auf Teneriffa wie Gel\u00e4nder, T\u00fcren, Z\u00e4une, Rolll\u00e4den, Fenster, Mobiliar, Treppen","robots":{"index":"index","follow":"follow","max-snippet":"max-snippet:-1","max-image-preview":"max-image-preview:large","max-video-preview":"max-video-preview:-1"},"canonical":"https:\/\/cerrajeriacercasa.com\/de\/rostfreier-stahl-teneriffa\/","og_locale":"de_DE","og_type":"article","og_title":"Rostfreier Stahl Teneriffa, Metallkonstruktionen Cercasa","og_description":"Cercasa ist bekannt f\u00fcr die professionelle Herstellung und Installation von einer Vielzahl an Arbeiten aus Rostfreiem Stahl auf Teneriffa wie Gel\u00e4nder, T\u00fcren, Z\u00e4une, Rolll\u00e4den, Fenster, Mobiliar, Treppen","og_url":"https:\/\/cerrajeriacercasa.com\/de\/rostfreier-stahl-teneriffa\/","og_site_name":"Construcciones Met\u00e1licas Cercasa","article_publisher":"https:\/\/www.facebook.com\/CercasaCerrajeria\/","article_modified_time":"2019-06-24T10:12:09+00:00","og_image":[{"width":1920,"height":1440,"url":"https:\/\/cerrajeriacercasa.com\/wp-content\/uploads\/2017\/10\/irmasolda23.jpg","type":"image\/jpeg"}],"twitter_card":"summary_large_image","twitter_misc":{"Gesch\u00e4tzte Lesezeit":"2\u00a0Minuten"},"schema":{"@context":"https:\/\/schema.org","@graph":[{"@type":"WebPage","@id":"https:\/\/cerrajeriacercasa.com\/de\/rostfreier-stahl-teneriffa\/","url":"https:\/\/cerrajeriacercasa.com\/de\/rostfreier-stahl-teneriffa\/","name":"Rostfreier Stahl Teneriffa, Metallkonstruktionen Cercasa","isPartOf":{"@id":"https:\/\/cerrajeriacercasa.com\/#website"},"primaryImageOfPage":{"@id":"https:\/\/cerrajeriacercasa.com\/de\/rostfreier-stahl-teneriffa\/#primaryimage"},"image":{"@id":"https:\/\/cerrajeriacercasa.com\/de\/rostfreier-stahl-teneriffa\/#primaryimage"},"thumbnailUrl":"https:\/\/cerrajeriacercasa.com\/wp-content\/uploads\/2017\/10\/irmasolda23.jpg","datePublished":"2017-10-18T22:31:11+00:00","dateModified":"2019-06-24T10:12:09+00:00","description":"Cercasa ist bekannt f\u00fcr die professionelle Herstellung und Installation von einer Vielzahl an Arbeiten aus Rostfreiem Stahl auf Teneriffa wie Gel\u00e4nder, T\u00fcren, Z\u00e4une, Rolll\u00e4den, Fenster, Mobiliar, Treppen","breadcrumb":{"@id":"https:\/\/cerrajeriacercasa.com\/de\/rostfreier-stahl-teneriffa\/#breadcrumb"},"inLanguage":"de","potentialAction":[{"@type":"ReadAction","target":["https:\/\/cerrajeriacercasa.com\/de\/rostfreier-stahl-teneriffa\/"]}]},{"@type":"ImageObject","inLanguage":"de","@id":"https:\/\/cerrajeriacercasa.com\/de\/rostfreier-stahl-teneriffa\/#primaryimage","url":"https:\/\/cerrajeriacercasa.com\/wp-content\/uploads\/2017\/10\/irmasolda23.jpg","contentUrl":"https:\/\/cerrajeriacercasa.com\/wp-content\/uploads\/2017\/10\/irmasolda23.jpg","width":1920,"height":1440},{"@type":"BreadcrumbList","@id":"https:\/\/cerrajeriacercasa.com\/de\/rostfreier-stahl-teneriffa\/#breadcrumb","itemListElement":[{"@type":"ListItem","position":1,"name":"Portada","item":"https:\/\/cerrajeriacercasa.com\/de\/"},{"@type":"ListItem","position":2,"name":"Rostfreier Stahl Teneriffa"}]},{"@type":"WebSite","@id":"https:\/\/cerrajeriacercasa.com\/#website","url":"https:\/\/cerrajeriacercasa.com\/","name":"Construcciones Met\u00e1licas Cercasa","description":"Construcciones Met\u00e1licas Tenerife, Acero inoxidable Tenerife, Puertas, Barandas, Escaleras, Rejas, Estructuras met\u00e1licas, Automatismos, Mobiliario","publisher":{"@id":"https:\/\/cerrajeriacercasa.com\/#organization"},"potentialAction":[{"@type":"SearchAction","target":{"@type":"EntryPoint","urlTemplate":"https:\/\/cerrajeriacercasa.com\/?s={search_term_string}"},"query-input":{"@type":"PropertyValueSpecification","valueRequired":true,"valueName":"search_term_string"}}],"inLanguage":"de"},{"@type":"Organization","@id":"https:\/\/cerrajeriacercasa.com\/#organization","name":"Cercasa Construcciones Met\u00e1licas en Tenerife","url":"https:\/\/cerrajeriacercasa.com\/","logo":{"@type":"ImageObject","inLanguage":"de","@id":"https:\/\/cerrajeriacercasa.com\/#\/schema\/logo\/image\/","url":"https:\/\/cerrajeriacercasa.com\/wp-content\/uploads\/2017\/10\/LOGO-DE-CERCASA.jpg","contentUrl":"https:\/\/cerrajeriacercasa.com\/wp-content\/uploads\/2017\/10\/LOGO-DE-CERCASA.jpg","width":1600,"height":670,"caption":"Cercasa Construcciones Met\u00e1licas en Tenerife"},"image":{"@id":"https:\/\/cerrajeriacercasa.com\/#\/schema\/logo\/image\/"},"sameAs":["https:\/\/www.facebook.com\/CercasaCerrajeria\/","https:\/\/www.instagram.com\/construccionesmetalicascercasa\/","https:\/\/www.youtube.com\/channel\/UCqzrGX0qFS7v2iwZjMT-dag\/featured"]}]}},"_links":{"self":[{"href":"https:\/\/cerrajeriacercasa.com\/de\/wp-json\/wp\/v2\/pages\/3870","targetHints":{"allow":["GET"]}}],"collection":[{"href":"https:\/\/cerrajeriacercasa.com\/de\/wp-json\/wp\/v2\/pages"}],"about":[{"href":"https:\/\/cerrajeriacercasa.com\/de\/wp-json\/wp\/v2\/types\/page"}],"author":[{"embeddable":true,"href":"https:\/\/cerrajeriacercasa.com\/de\/wp-json\/wp\/v2\/users\/1"}],"replies":[{"embeddable":true,"href":"https:\/\/cerrajeriacercasa.com\/de\/wp-json\/wp\/v2\/comments?post=3870"}],"version-history":[{"count":5,"href":"https:\/\/cerrajeriacercasa.com\/de\/wp-json\/wp\/v2\/pages\/3870\/revisions"}],"predecessor-version":[{"id":3982,"href":"https:\/\/cerrajeriacercasa.com\/de\/wp-json\/wp\/v2\/pages\/3870\/revisions\/3982"}],"wp:featuredmedia":[{"embeddable":true,"href":"https:\/\/cerrajeriacercasa.com\/de\/wp-json\/wp\/v2\/media\/5686"}],"wp:attachment":[{"href":"https:\/\/cerrajeriacercasa.com\/de\/wp-json\/wp\/v2\/media?parent=3870"}],"curies":[{"name":"wp","href":"https:\/\/api.w.org\/{rel}","templated":true}]}}