{"id":3886,"date":"2018-03-02T17:06:20","date_gmt":"2018-03-02T17:06:20","guid":{"rendered":"http:\/\/cerrajeriacercasa.com\/cerrajero-24-horas\/"},"modified":"2023-10-17T11:22:31","modified_gmt":"2023-10-17T11:22:31","slug":"schlosser-24-stunden","status":"publish","type":"page","link":"https:\/\/cerrajeriacercasa.com\/de\/schlosser-24-stunden\/","title":{"rendered":"Schlosser 24 Stunden"},"content":{"rendered":"<div class=\"section-full-width section-light2\" style=\"background-color:#fcfcfc;\" id=\"schlosser24stunden\"><div class=\"section-boxed\" style=\"color:#777777;\"><h2 class=\"section-title\" style=\"color:#252525;\">Schlosser 24 Stunden<\/h2><h4 style=\"color:#252525;\" class=\"sub-title\">\u00f6ffnen von T\u00fcren, Verlust von Schl\u00fcsseln...<\/h4><\/p>\n<h3 style=\"text-align: center;\">\u00a0Cercasa bietet ein 24 Stunden Service vor Ort um Ihnen T\u00fcren und Tore zu \u00f6ffnen, wir \u00f6ffnen Saves, reparieren und installieren Zylinder und Schl\u00f6sser von Ihrem Haus\/ Gesch\u00e4ft oder Auto.<\/h3>\n<h3 style=\"text-align: center;\">Wir \u00f6ffnen alle T\u00fcren, auch die Ihres Autos wenn sie den Schl\u00fcssel verloren haben.<\/h3>\n<h3 style=\"text-align: center;\">Bei Cercasa bauen wir unser Service immer weiter auf um den W\u00fcnschen unserer Kunden immer besser gerecht zu werden.<\/h3>\n<p>&nbsp;<\/p>\n<p><img loading=\"lazy\" decoding=\"async\" class=\"img-frame aligncenter\" src=\"https:\/\/cerrajeriacercasa.com\/wp-content\/uploads\/2023\/10\/Diseno-24-horas-Cercasa.jpg\" width=\"699\" height=\"524\" \/><\/p>\n<p>\n<\/div><\/div>\n<div class=\"section-full-width section-dark parallax-fixed\" style=\"background-color:#252525;\" id=\"leistungen\"><div style=\"background-image:url(http:\/\/cerrajeriacercasa.com\/wp-content\/uploads\/2014\/05\/soldadura-slider.jpg); opacity:0.3; filter: alpha(opacity=30);\" class=\"full-bg-image\" ><\/div><div class=\"section-boxed\" style=\"color:#ffffff;\"><h2 class=\"section-title\" style=\"color:#ffffff;\">Leistungen<\/h2><h4 style=\"color:#ffffff;\" class=\"sub-title\">Ruf an unter +34 660 684 917<\/h4><div class=\"services-wrapper services-icon cols-wrapper cols-4 pexeto-parallax\"><div class=\"services-box col\"><div class=\"img-container\"><img decoding=\"async\" src=\"http:\/\/cerrajeriacercasa.com\/wp-content\/uploads\/2018\/03\/servicio-cerrajero-24-horas-tenerife-130x130.png\" alt=\"\u00d6ffnen von T\u00fcren\"\/><\/div><div class=\"services-content\"><div class=\"sc-wraper\"><h3>\u00d6ffnen von T\u00fcren<\/h3><p>Wenn sie den Schl\u00fcssel verloren haben oder die T\u00fcr ins Schloss gefallen ist, \u00f6ffnen wir die T\u00fcr ohne das Schloss zu besch\u00e4digen\r\n<\/p><\/div><\/div><\/div><div class=\"services-box col\"><div class=\"img-container\"><img decoding=\"async\" src=\"http:\/\/cerrajeriacercasa.com\/wp-content\/uploads\/2018\/03\/servicio-cerrajero-24-horas-tenerife-130x130.png\" alt=\"Wechseln von Schl\u00f6ssern\"\/><\/div><div class=\"services-content\"><div class=\"sc-wraper\"><h3>Wechseln von Schl\u00f6ssern<\/h3><p>Installation und\/oder Reparatur von allen denkbaren Schl\u00f6ssern und Beratung bzgl der besten L\u00f6sung\r\n<\/p><\/div><\/div><\/div><div class=\"services-box col\"><div class=\"img-container\"><img decoding=\"async\" src=\"http:\/\/cerrajeriacercasa.com\/wp-content\/uploads\/2018\/03\/servicio-cerrajero-24-horas-tenerife-130x130.png\" alt=\"\u00d6ffnen von Saves\"\/><\/div><div class=\"services-content\"><div class=\"sc-wraper\"><h3>\u00d6ffnen von Saves<\/h3><p>Im Falle von Schl\u00fcsselverlust oder Probleme im Mechanismus von Ihrem Safe, \u00f6ffnen wir ihn<\/p><\/div><\/div><\/div><div class=\"services-box col nomargin\"><div class=\"img-container\"><img decoding=\"async\" src=\"http:\/\/cerrajeriacercasa.com\/wp-content\/uploads\/2018\/03\/servicio-cerrajero-24-horas-tenerife-130x130.png\" alt=\"Wechsel der Zylinder\"\/><\/div><div class=\"services-content\"><div class=\"sc-wraper\"><h3>Wechsel der Zylinder<\/h3><p>Austausch von Zylindern oder Innenleben aller Arten von Schl\u00f6ssern, auch bei Sicherheitsschl\u00f6ssern<\/p><\/div><\/div><\/div><div class=\"services-box col\"><div class=\"img-container\"><img decoding=\"async\" src=\"http:\/\/cerrajeriacercasa.com\/wp-content\/uploads\/2018\/03\/servicio-cerrajero-24-horas-tenerife-130x130.png\" alt=\"Schulungen\"\/><\/div><div class=\"services-content\"><div class=\"sc-wraper\"><h3>Schulungen<\/h3><p>Wir passen alle Ihre Schl\u00fcssel und Systeme so an das sie einen Generalschl\u00fcssel f\u00fcr alle Schl\u00f6sser haben k\u00f6nnen<\/p><\/div><\/div><\/div><div class=\"services-box col\"><div class=\"img-container\"><img decoding=\"async\" src=\"http:\/\/cerrajeriacercasa.com\/wp-content\/uploads\/2018\/03\/servicio-cerrajero-24-horas-tenerife-130x130.png\" alt=\"\u00dcbereinstimmungen\"\/><\/div><div class=\"services-content\"><div class=\"sc-wraper\"><h3>\u00dcbereinstimmungen<\/h3><p>Auch wenn es zwei oder mehr Zylinder gibt, sorgen wir daf\u00fcr, das sie mit einem einzigen Schl\u00fcssel Zugang haben<\/p><\/div><\/div><\/div><div class=\"services-box col\"><div class=\"img-container\"><img decoding=\"async\" src=\"http:\/\/cerrajeriacercasa.com\/wp-content\/uploads\/2018\/03\/servicio-cerrajero-24-horas-tenerife-130x130.png\" alt=\"\u00d6ffnen von Fahrzeugen\"\/><\/div><div class=\"services-content\"><div class=\"sc-wraper\"><h3>\u00d6ffnen von Fahrzeugen<\/h3><p>Falls sie den Autoschl\u00fcssel verloren haben, \u00f6ffnen und starten wir jedes Auto ohne Sch\u00e4den am Auto zu verrichten<\/p><\/div><\/div><\/div><div class=\"services-box col nomargin\"><div class=\"img-container\"><img decoding=\"async\" src=\"http:\/\/cerrajeriacercasa.com\/wp-content\/uploads\/2018\/03\/servicio-cerrajero-24-horas-tenerife-130x130.png\" alt=\"Kopie der Fahrzeugsteuerung\"\/><\/div><div class=\"services-content\"><div class=\"sc-wraper\"><h3>Kopie der Fahrzeugsteuerung<\/h3><p>Wir Stellen Kopien von allen Schl\u00fcsseln und Fernbedienungen aus (Auto, Garage, \u2026)<\/p><\/div><\/div><\/div><div class=\"clear\"><\/div><\/div>\n<\/div><\/div>\n","protected":false},"excerpt":{"rendered":"","protected":false},"author":1,"featured_media":0,"parent":0,"menu_order":0,"comment_status":"closed","ping_status":"closed","template":"template-full-custom.php","meta":{"_monsterinsights_skip_tracking":false,"_monsterinsights_sitenote_active":false,"_monsterinsights_sitenote_note":"","_monsterinsights_sitenote_category":0,"footnotes":""},"class_list":["post-3886","page","type-page","status-publish","hentry"],"yoast_head":"<!-- This site is optimized with the Yoast SEO plugin v27.3 - https:\/\/yoast.com\/product\/yoast-seo-wordpress\/ -->\n<title>Schlosser 24 Stunden<\/title>\n<meta name=\"description\" content=\"Cercasa bietet ein 24 Stunden Service vor Ort um Ihnen T\u00fcren und Tore zu \u00f6ffnen, wir \u00f6ffnen Saves, reparieren und installieren Zylinder und Schl\u00f6sser von Ihrem Haus\/ Gesch\u00e4ft oder Auto, Notfallnummer +34 922 25 82 49\" \/>\n<meta name=\"robots\" content=\"index, follow, max-snippet:-1, max-image-preview:large, max-video-preview:-1\" \/>\n<link rel=\"canonical\" href=\"https:\/\/cerrajeriacercasa.com\/de\/schlosser-24-stunden\/\" \/>\n<meta property=\"og:locale\" content=\"de_DE\" \/>\n<meta property=\"og:type\" content=\"article\" \/>\n<meta property=\"og:title\" content=\"Schlosser 24 Stunden\" \/>\n<meta property=\"og:description\" content=\"Cercasa bietet ein 24 Stunden Service vor Ort um Ihnen T\u00fcren und Tore zu \u00f6ffnen, wir \u00f6ffnen Saves, reparieren und installieren Zylinder und Schl\u00f6sser von Ihrem Haus\/ Gesch\u00e4ft oder Auto, Notfallnummer +34 922 25 82 49\" \/>\n<meta property=\"og:url\" content=\"https:\/\/cerrajeriacercasa.com\/de\/schlosser-24-stunden\/\" \/>\n<meta property=\"og:site_name\" content=\"Construcciones Met\u00e1licas Cercasa\" \/>\n<meta property=\"article:publisher\" content=\"https:\/\/www.facebook.com\/CercasaCerrajeria\/\" \/>\n<meta property=\"article:modified_time\" content=\"2023-10-17T11:22:31+00:00\" \/>\n<meta property=\"og:image\" content=\"https:\/\/cerrajeriacercasa.com\/wp-content\/uploads\/2023\/10\/Diseno-24-horas-Cercasa.jpg\" \/>\n<meta name=\"twitter:card\" content=\"summary_large_image\" \/>\n<meta name=\"twitter:label1\" content=\"Gesch\u00e4tzte Lesezeit\" \/>\n\t<meta name=\"twitter:data1\" content=\"1\u00a0Minute\" \/>\n<script type=\"application\/ld+json\" class=\"yoast-schema-graph\">{\"@context\":\"https:\\\/\\\/schema.org\",\"@graph\":[{\"@type\":\"WebPage\",\"@id\":\"https:\\\/\\\/cerrajeriacercasa.com\\\/de\\\/schlosser-24-stunden\\\/\",\"url\":\"https:\\\/\\\/cerrajeriacercasa.com\\\/de\\\/schlosser-24-stunden\\\/\",\"name\":\"Schlosser 24 Stunden\",\"isPartOf\":{\"@id\":\"https:\\\/\\\/cerrajeriacercasa.com\\\/#website\"},\"primaryImageOfPage\":{\"@id\":\"https:\\\/\\\/cerrajeriacercasa.com\\\/de\\\/schlosser-24-stunden\\\/#primaryimage\"},\"image\":{\"@id\":\"https:\\\/\\\/cerrajeriacercasa.com\\\/de\\\/schlosser-24-stunden\\\/#primaryimage\"},\"thumbnailUrl\":\"https:\\\/\\\/cerrajeriacercasa.com\\\/wp-content\\\/uploads\\\/2023\\\/10\\\/Diseno-24-horas-Cercasa.jpg\",\"datePublished\":\"2018-03-02T17:06:20+00:00\",\"dateModified\":\"2023-10-17T11:22:31+00:00\",\"description\":\"Cercasa bietet ein 24 Stunden Service vor Ort um Ihnen T\u00fcren und Tore zu \u00f6ffnen, wir \u00f6ffnen Saves, reparieren und installieren Zylinder und Schl\u00f6sser von Ihrem Haus\\\/ Gesch\u00e4ft oder Auto, Notfallnummer +34 922 25 82 49\",\"breadcrumb\":{\"@id\":\"https:\\\/\\\/cerrajeriacercasa.com\\\/de\\\/schlosser-24-stunden\\\/#breadcrumb\"},\"inLanguage\":\"de\",\"potentialAction\":[{\"@type\":\"ReadAction\",\"target\":[\"https:\\\/\\\/cerrajeriacercasa.com\\\/de\\\/schlosser-24-stunden\\\/\"]}]},{\"@type\":\"ImageObject\",\"inLanguage\":\"de\",\"@id\":\"https:\\\/\\\/cerrajeriacercasa.com\\\/de\\\/schlosser-24-stunden\\\/#primaryimage\",\"url\":\"https:\\\/\\\/cerrajeriacercasa.com\\\/wp-content\\\/uploads\\\/2023\\\/10\\\/Diseno-24-horas-Cercasa.jpg\",\"contentUrl\":\"https:\\\/\\\/cerrajeriacercasa.com\\\/wp-content\\\/uploads\\\/2023\\\/10\\\/Diseno-24-horas-Cercasa.jpg\"},{\"@type\":\"BreadcrumbList\",\"@id\":\"https:\\\/\\\/cerrajeriacercasa.com\\\/de\\\/schlosser-24-stunden\\\/#breadcrumb\",\"itemListElement\":[{\"@type\":\"ListItem\",\"position\":1,\"name\":\"Portada\",\"item\":\"https:\\\/\\\/cerrajeriacercasa.com\\\/de\\\/\"},{\"@type\":\"ListItem\",\"position\":2,\"name\":\"Schlosser 24 Stunden\"}]},{\"@type\":\"WebSite\",\"@id\":\"https:\\\/\\\/cerrajeriacercasa.com\\\/#website\",\"url\":\"https:\\\/\\\/cerrajeriacercasa.com\\\/\",\"name\":\"Construcciones Met\u00e1licas Cercasa\",\"description\":\"Construcciones Met\u00e1licas Tenerife, Acero inoxidable Tenerife, Puertas, Barandas, Escaleras, Rejas, Estructuras met\u00e1licas, Automatismos, Mobiliario\",\"publisher\":{\"@id\":\"https:\\\/\\\/cerrajeriacercasa.com\\\/#organization\"},\"potentialAction\":[{\"@type\":\"SearchAction\",\"target\":{\"@type\":\"EntryPoint\",\"urlTemplate\":\"https:\\\/\\\/cerrajeriacercasa.com\\\/?s={search_term_string}\"},\"query-input\":{\"@type\":\"PropertyValueSpecification\",\"valueRequired\":true,\"valueName\":\"search_term_string\"}}],\"inLanguage\":\"de\"},{\"@type\":\"Organization\",\"@id\":\"https:\\\/\\\/cerrajeriacercasa.com\\\/#organization\",\"name\":\"Cercasa Construcciones Met\u00e1licas en Tenerife\",\"url\":\"https:\\\/\\\/cerrajeriacercasa.com\\\/\",\"logo\":{\"@type\":\"ImageObject\",\"inLanguage\":\"de\",\"@id\":\"https:\\\/\\\/cerrajeriacercasa.com\\\/#\\\/schema\\\/logo\\\/image\\\/\",\"url\":\"https:\\\/\\\/cerrajeriacercasa.com\\\/wp-content\\\/uploads\\\/2017\\\/10\\\/LOGO-DE-CERCASA.jpg\",\"contentUrl\":\"https:\\\/\\\/cerrajeriacercasa.com\\\/wp-content\\\/uploads\\\/2017\\\/10\\\/LOGO-DE-CERCASA.jpg\",\"width\":1600,\"height\":670,\"caption\":\"Cercasa Construcciones Met\u00e1licas en Tenerife\"},\"image\":{\"@id\":\"https:\\\/\\\/cerrajeriacercasa.com\\\/#\\\/schema\\\/logo\\\/image\\\/\"},\"sameAs\":[\"https:\\\/\\\/www.facebook.com\\\/CercasaCerrajeria\\\/\",\"https:\\\/\\\/www.instagram.com\\\/construccionesmetalicascercasa\\\/\",\"https:\\\/\\\/www.youtube.com\\\/channel\\\/UCqzrGX0qFS7v2iwZjMT-dag\\\/featured\"]}]}<\/script>\n<!-- \/ Yoast SEO plugin. -->","yoast_head_json":{"title":"Schlosser 24 Stunden","description":"Cercasa bietet ein 24 Stunden Service vor Ort um Ihnen T\u00fcren und Tore zu \u00f6ffnen, wir \u00f6ffnen Saves, reparieren und installieren Zylinder und Schl\u00f6sser von Ihrem Haus\/ Gesch\u00e4ft oder Auto, Notfallnummer +34 922 25 82 49","robots":{"index":"index","follow":"follow","max-snippet":"max-snippet:-1","max-image-preview":"max-image-preview:large","max-video-preview":"max-video-preview:-1"},"canonical":"https:\/\/cerrajeriacercasa.com\/de\/schlosser-24-stunden\/","og_locale":"de_DE","og_type":"article","og_title":"Schlosser 24 Stunden","og_description":"Cercasa bietet ein 24 Stunden Service vor Ort um Ihnen T\u00fcren und Tore zu \u00f6ffnen, wir \u00f6ffnen Saves, reparieren und installieren Zylinder und Schl\u00f6sser von Ihrem Haus\/ Gesch\u00e4ft oder Auto, Notfallnummer +34 922 25 82 49","og_url":"https:\/\/cerrajeriacercasa.com\/de\/schlosser-24-stunden\/","og_site_name":"Construcciones Met\u00e1licas Cercasa","article_publisher":"https:\/\/www.facebook.com\/CercasaCerrajeria\/","article_modified_time":"2023-10-17T11:22:31+00:00","og_image":[{"url":"https:\/\/cerrajeriacercasa.com\/wp-content\/uploads\/2023\/10\/Diseno-24-horas-Cercasa.jpg","type":"","width":"","height":""}],"twitter_card":"summary_large_image","twitter_misc":{"Gesch\u00e4tzte Lesezeit":"1\u00a0Minute"},"schema":{"@context":"https:\/\/schema.org","@graph":[{"@type":"WebPage","@id":"https:\/\/cerrajeriacercasa.com\/de\/schlosser-24-stunden\/","url":"https:\/\/cerrajeriacercasa.com\/de\/schlosser-24-stunden\/","name":"Schlosser 24 Stunden","isPartOf":{"@id":"https:\/\/cerrajeriacercasa.com\/#website"},"primaryImageOfPage":{"@id":"https:\/\/cerrajeriacercasa.com\/de\/schlosser-24-stunden\/#primaryimage"},"image":{"@id":"https:\/\/cerrajeriacercasa.com\/de\/schlosser-24-stunden\/#primaryimage"},"thumbnailUrl":"https:\/\/cerrajeriacercasa.com\/wp-content\/uploads\/2023\/10\/Diseno-24-horas-Cercasa.jpg","datePublished":"2018-03-02T17:06:20+00:00","dateModified":"2023-10-17T11:22:31+00:00","description":"Cercasa bietet ein 24 Stunden Service vor Ort um Ihnen T\u00fcren und Tore zu \u00f6ffnen, wir \u00f6ffnen Saves, reparieren und installieren Zylinder und Schl\u00f6sser von Ihrem Haus\/ Gesch\u00e4ft oder Auto, Notfallnummer +34 922 25 82 49","breadcrumb":{"@id":"https:\/\/cerrajeriacercasa.com\/de\/schlosser-24-stunden\/#breadcrumb"},"inLanguage":"de","potentialAction":[{"@type":"ReadAction","target":["https:\/\/cerrajeriacercasa.com\/de\/schlosser-24-stunden\/"]}]},{"@type":"ImageObject","inLanguage":"de","@id":"https:\/\/cerrajeriacercasa.com\/de\/schlosser-24-stunden\/#primaryimage","url":"https:\/\/cerrajeriacercasa.com\/wp-content\/uploads\/2023\/10\/Diseno-24-horas-Cercasa.jpg","contentUrl":"https:\/\/cerrajeriacercasa.com\/wp-content\/uploads\/2023\/10\/Diseno-24-horas-Cercasa.jpg"},{"@type":"BreadcrumbList","@id":"https:\/\/cerrajeriacercasa.com\/de\/schlosser-24-stunden\/#breadcrumb","itemListElement":[{"@type":"ListItem","position":1,"name":"Portada","item":"https:\/\/cerrajeriacercasa.com\/de\/"},{"@type":"ListItem","position":2,"name":"Schlosser 24 Stunden"}]},{"@type":"WebSite","@id":"https:\/\/cerrajeriacercasa.com\/#website","url":"https:\/\/cerrajeriacercasa.com\/","name":"Construcciones Met\u00e1licas Cercasa","description":"Construcciones Met\u00e1licas Tenerife, Acero inoxidable Tenerife, Puertas, Barandas, Escaleras, Rejas, Estructuras met\u00e1licas, Automatismos, Mobiliario","publisher":{"@id":"https:\/\/cerrajeriacercasa.com\/#organization"},"potentialAction":[{"@type":"SearchAction","target":{"@type":"EntryPoint","urlTemplate":"https:\/\/cerrajeriacercasa.com\/?s={search_term_string}"},"query-input":{"@type":"PropertyValueSpecification","valueRequired":true,"valueName":"search_term_string"}}],"inLanguage":"de"},{"@type":"Organization","@id":"https:\/\/cerrajeriacercasa.com\/#organization","name":"Cercasa Construcciones Met\u00e1licas en Tenerife","url":"https:\/\/cerrajeriacercasa.com\/","logo":{"@type":"ImageObject","inLanguage":"de","@id":"https:\/\/cerrajeriacercasa.com\/#\/schema\/logo\/image\/","url":"https:\/\/cerrajeriacercasa.com\/wp-content\/uploads\/2017\/10\/LOGO-DE-CERCASA.jpg","contentUrl":"https:\/\/cerrajeriacercasa.com\/wp-content\/uploads\/2017\/10\/LOGO-DE-CERCASA.jpg","width":1600,"height":670,"caption":"Cercasa Construcciones Met\u00e1licas en Tenerife"},"image":{"@id":"https:\/\/cerrajeriacercasa.com\/#\/schema\/logo\/image\/"},"sameAs":["https:\/\/www.facebook.com\/CercasaCerrajeria\/","https:\/\/www.instagram.com\/construccionesmetalicascercasa\/","https:\/\/www.youtube.com\/channel\/UCqzrGX0qFS7v2iwZjMT-dag\/featured"]}]}},"_links":{"self":[{"href":"https:\/\/cerrajeriacercasa.com\/de\/wp-json\/wp\/v2\/pages\/3886","targetHints":{"allow":["GET"]}}],"collection":[{"href":"https:\/\/cerrajeriacercasa.com\/de\/wp-json\/wp\/v2\/pages"}],"about":[{"href":"https:\/\/cerrajeriacercasa.com\/de\/wp-json\/wp\/v2\/types\/page"}],"author":[{"embeddable":true,"href":"https:\/\/cerrajeriacercasa.com\/de\/wp-json\/wp\/v2\/users\/1"}],"replies":[{"embeddable":true,"href":"https:\/\/cerrajeriacercasa.com\/de\/wp-json\/wp\/v2\/comments?post=3886"}],"version-history":[{"count":4,"href":"https:\/\/cerrajeriacercasa.com\/de\/wp-json\/wp\/v2\/pages\/3886\/revisions"}],"predecessor-version":[{"id":8056,"href":"https:\/\/cerrajeriacercasa.com\/de\/wp-json\/wp\/v2\/pages\/3886\/revisions\/8056"}],"wp:attachment":[{"href":"https:\/\/cerrajeriacercasa.com\/de\/wp-json\/wp\/v2\/media?parent=3886"}],"curies":[{"name":"wp","href":"https:\/\/api.w.org\/{rel}","templated":true}]}}