{"id":3898,"date":"2017-10-18T17:18:12","date_gmt":"2017-10-18T17:18:12","guid":{"rendered":"http:\/\/cerrajeriacercasa.com\/escaleras-metalicas-tenerife\/"},"modified":"2019-06-24T10:12:07","modified_gmt":"2019-06-24T10:12:07","slug":"metalltreppen-teneriffa","status":"publish","type":"page","link":"https:\/\/cerrajeriacercasa.com\/de\/metalltreppen-teneriffa\/","title":{"rendered":"Metalltreppen Teneriffa"},"content":{"rendered":"<div class=\"section-full-width section-light2\" style=\"background-color:#f7f7f7;\" id=\"metalltreppen\"><div class=\"section-boxed\" style=\"color:#777777;\"><h2 class=\"section-title\" style=\"color:#252525;\">Metalltreppen <\/h2><h4 style=\"color:#252525;\" class=\"sub-title\">Alle Metallarbeiten, die du dir vorstellen kannst \u2026<\/h4><\/p>\n<p class=\"Cuerpo\" style=\"text-align: center;\"><span lang=\"ES-TRAD\">Bei Metallkonstruktionen Cercasa arbeiten wir professionell in der Herstellung jeder Art von Metalltreppen<\/span><\/p>\n<p class=\"Cuerpo\" style=\"text-align: center;\"><span lang=\"ES-TRAD\">Komm und besuche uns in unserem Showroom und frag unsere Techniker nach einem Kostenvoranschlag und nach Beratung, damit wir gemeinsam aus deinen Ideen und unseren M\u00f6glichkeiten und Produkten (Eisen, Stahl, Schmiedeeisen,\u2026) und anderen wie Glas, Holz, Stein \u2026 das Projekt in Wirklichkeit umsetzen k\u00f6nnen.<\/span><\/p>\n<p class=\"Cuerpo\" style=\"text-align: center;\"><span lang=\"ES-TRAD\">Wir machen allen Arte von Treppen (Innentreppen, Aussentreppen, Nottreppen, Wendeltreppen, Katzentreppen mit Schutz, Bewegliche Treppen, tragbare Treppen, Faltbare Treppen, Handl\u00e4ufe, Gel\u00e4nder).<\/span><\/p>\n<h2 class=\"Cuerpo\" style=\"text-align: center;\"><span lang=\"ES-TRAD\">N\u00ba 1 in Metalltreppen auf Teneriffa <\/span><\/h2>\n<p>\n<\/div><\/div>\n<div class=\"section-full-width section-dark parallax-fixed\" style=\"background-color:#252525;\" id=\"treppenarten\"><div style=\"background-image:url(http:\/\/cerrajeriacercasa.com\/wp-content\/uploads\/2017\/10\/irmasolda23.jpg); opacity:0.3; filter: alpha(opacity=30);\" class=\"full-bg-image\" ><\/div><div class=\"section-boxed\" style=\"color:#ffffff;\"><h2 class=\"section-title\" style=\"color:#ffffff;\">Treppenarten<\/h2><h4 style=\"color:#ffffff;\" class=\"sub-title\">Marktf\u00fchrer in Metallkonstruktion <\/h4><div class=\"services-wrapper services-icon cols-wrapper cols-4 pexeto-parallax\"><div class=\"services-box col services-no-image\"><div class=\"services-content\"><div class=\"sc-wraper\"><h3>Treppen f\u00fcr den Innenraum<\/h3><\/div><\/div><\/div><div class=\"services-box col services-no-image\"><div class=\"services-content\"><div class=\"sc-wraper\"><h3>Au\u00dfentreppen<\/h3><\/div><\/div><\/div><div class=\"services-box col services-no-image\"><div class=\"services-content\"><div class=\"sc-wraper\"><h3>Nottreppen<\/h3><\/div><\/div><\/div><div class=\"services-box col nomargin services-no-image\"><div class=\"services-content\"><div class=\"sc-wraper\"><h3>Wendeltreppen<\/h3><\/div><\/div><\/div><div class=\"services-box col services-no-image\"><div class=\"services-content\"><div class=\"sc-wraper\"><h3>Rolltreppen<\/h3><\/div><\/div><\/div><div class=\"services-box col services-no-image\"><div class=\"services-content\"><div class=\"sc-wraper\"><h3>Industrielle Treppen<\/h3><\/div><\/div><\/div><div class=\"services-box col services-no-image\"><div class=\"services-content\"><div class=\"sc-wraper\"><h3>Tragbare Treppen<\/h3><\/div><\/div><\/div><div class=\"services-box col nomargin services-no-image\"><div class=\"services-content\"><div class=\"sc-wraper\"><h3>Rolltreppe<\/h3><\/div><\/div><\/div><div class=\"services-box col services-no-image\"><div class=\"services-content\"><div class=\"sc-wraper\"><h3>Katzentreppe mit Schutz<\/h3><\/div><\/div><\/div><div class=\"services-box col services-no-image\"><div class=\"services-content\"><div class=\"sc-wraper\"><h3>Gel\u00e4nder f\u00fcr Treppen<\/h3><\/div><\/div><\/div><div class=\"services-box col nomargin services-no-image\"><div class=\"services-content\"><div class=\"sc-wraper\"><h3>Treppe von Treppen<\/h3><\/div><\/div><\/div><div class=\"clear\"><\/div><\/div>\n<\/div><\/div>\n<div class=\"section-full-width section-light2\" style=\"background-color:#f7f7f7;\" id=\"section-1\"><div class=\"section-boxed\" style=\"color:#777777;\"><div class=\"cta-element\"><h4 class=\"cta-small-title\">Hast du irgendeine Idee und weisst nicht, wie du sie verwirklichen kannst?<\/h4><h2 class=\"cta-title\">Gemeinsam machen wir aus dieser Idee Realit\u00e4t<\/h2><a class=\"button\" href=\"http:\/\/cerrajeriacercasa.com\/de\/filiale-guimar\/\" target=\"_blank\">Beantrage einen Kostenvoranschlag<\/a><\/div>\n<\/div><\/div>\n<div class=\"nivo-content\"><div class=\"nivo-wrapper\"><div class=\"nivo-slider\" id=\"nivo-slider-38981\" style=\"max-height:1200px;\"><img decoding=\"async\" src=\"http:\/\/cerrajeriacercasa.com\/wp-content\/uploads\/2017\/10\/fce74937-16be-41d3-9609-54974b892582-1170x1200.jpg\" title=\"\" \/><img decoding=\"async\" src=\"http:\/\/cerrajeriacercasa.com\/wp-content\/uploads\/2017\/10\/f42401fc-16ff-4eae-a64a-9c21ec037502-1170x1200.jpg\" title=\"\" \/><img decoding=\"async\" src=\"http:\/\/cerrajeriacercasa.com\/wp-content\/uploads\/2017\/10\/f85be481-eb8d-4d70-8ccd-1e6c1098a004-1170x1200.jpg\" title=\"\" \/><img decoding=\"async\" src=\"http:\/\/cerrajeriacercasa.com\/wp-content\/uploads\/2017\/10\/e51df167-8278-4822-836b-ba6003f2c602-1170x1200.jpg\" title=\"\" \/><img decoding=\"async\" src=\"http:\/\/cerrajeriacercasa.com\/wp-content\/uploads\/2017\/10\/dac82360-3c0a-4acc-971e-98f30d6c9305-1170x1200.jpg\" title=\"\" \/><img decoding=\"async\" src=\"http:\/\/cerrajeriacercasa.com\/wp-content\/uploads\/2017\/10\/bc58ba1e-0c7c-44f1-83a4-a4dc6dd638bb-1170x1200.jpg\" title=\"\" \/><img decoding=\"async\" src=\"http:\/\/cerrajeriacercasa.com\/wp-content\/uploads\/2017\/10\/ad914ccb-801d-4f8e-9b81-0c10dc819263-1170x1200.jpg\" title=\"\" \/><img decoding=\"async\" src=\"http:\/\/cerrajeriacercasa.com\/wp-content\/uploads\/2017\/10\/98178490-c9e2-4a1b-8716-94e444e56102-1170x1200.jpg\" title=\"\" \/><img decoding=\"async\" src=\"http:\/\/cerrajeriacercasa.com\/wp-content\/uploads\/2017\/10\/4900b077-4ba2-432f-843f-83798cc2167b-1170x1200.jpg\" title=\"\" \/><img decoding=\"async\" src=\"http:\/\/cerrajeriacercasa.com\/wp-content\/uploads\/2017\/10\/2608b336-a694-44f7-9980-78e792b6512d-1170x1200.jpg\" title=\"\" \/><img decoding=\"async\" src=\"http:\/\/cerrajeriacercasa.com\/wp-content\/uploads\/2017\/10\/954fc33d-af8f-4163-a0a4-0226c862b43e-1170x1200.jpg\" title=\"\" \/><img decoding=\"async\" src=\"http:\/\/cerrajeriacercasa.com\/wp-content\/uploads\/2017\/10\/738bdd47-d43c-4a81-8616-183ddab0f332-1170x1200.jpg\" title=\"\" \/><img decoding=\"async\" src=\"http:\/\/cerrajeriacercasa.com\/wp-content\/uploads\/2017\/10\/294934ee-75f3-4396-87a5-a4d633d142fd-1170x1200.jpg\" title=\"\" \/><img decoding=\"async\" src=\"http:\/\/cerrajeriacercasa.com\/wp-content\/uploads\/2017\/10\/5de7a87d-e26c-40b7-a183-fd43e82ea4e7-1170x1200.jpg\" title=\"\" \/><img decoding=\"async\" src=\"http:\/\/cerrajeriacercasa.com\/wp-content\/uploads\/2017\/10\/46b47fab-327c-4467-8e6c-0b18bba0809c-1170x1200.jpg\" title=\"\" \/><\/div><\/div><\/div>\n<p>&nbsp;<\/p>\n","protected":false},"excerpt":{"rendered":"<p>&nbsp;<\/p>\n","protected":false},"author":1,"featured_media":5686,"parent":0,"menu_order":0,"comment_status":"closed","ping_status":"closed","template":"template-full-custom.php","meta":{"_monsterinsights_skip_tracking":false,"_monsterinsights_sitenote_active":false,"_monsterinsights_sitenote_note":"","_monsterinsights_sitenote_category":0,"footnotes":""},"class_list":["post-3898","page","type-page","status-publish","has-post-thumbnail","hentry"],"yoast_head":"<!-- This site is optimized with the Yoast SEO plugin v27.3 - https:\/\/yoast.com\/product\/yoast-seo-wordpress\/ -->\n<title>Metalltreppen Teneriffa, Metallkonstruktion Cercasa<\/title>\n<meta name=\"description\" content=\"Bei Metallkonstruktionen Cercasa arbeiten wir professionell in der Herstellung jeder Art von Metalltreppen wie Innentreppen, Aussentreppen, Nottreppen, Wendeltreppen, Katzentreppen mit Schutz, Bewegliche Treppen, tragbare Treppen, Faltbare Treppen, Handl\u00e4ufe, Gel\u00e4nder,\" \/>\n<meta name=\"robots\" content=\"index, follow, max-snippet:-1, max-image-preview:large, max-video-preview:-1\" \/>\n<link rel=\"canonical\" href=\"https:\/\/cerrajeriacercasa.com\/de\/metalltreppen-teneriffa\/\" \/>\n<meta property=\"og:locale\" content=\"de_DE\" \/>\n<meta property=\"og:type\" content=\"article\" \/>\n<meta property=\"og:title\" content=\"Metalltreppen Teneriffa, Metallkonstruktion Cercasa\" \/>\n<meta property=\"og:description\" content=\"Bei Metallkonstruktionen Cercasa arbeiten wir professionell in der Herstellung jeder Art von Metalltreppen wie Innentreppen, Aussentreppen, Nottreppen, Wendeltreppen, Katzentreppen mit Schutz, Bewegliche Treppen, tragbare Treppen, Faltbare Treppen, Handl\u00e4ufe, Gel\u00e4nder,\" \/>\n<meta property=\"og:url\" content=\"https:\/\/cerrajeriacercasa.com\/de\/metalltreppen-teneriffa\/\" \/>\n<meta property=\"og:site_name\" content=\"Construcciones Met\u00e1licas Cercasa\" \/>\n<meta property=\"article:publisher\" content=\"https:\/\/www.facebook.com\/CercasaCerrajeria\/\" \/>\n<meta property=\"article:modified_time\" content=\"2019-06-24T10:12:07+00:00\" \/>\n<meta property=\"og:image\" content=\"https:\/\/cerrajeriacercasa.com\/wp-content\/uploads\/2017\/10\/irmasolda23.jpg\" \/>\n\t<meta property=\"og:image:width\" content=\"1920\" \/>\n\t<meta property=\"og:image:height\" content=\"1440\" \/>\n\t<meta property=\"og:image:type\" content=\"image\/jpeg\" \/>\n<meta name=\"twitter:card\" content=\"summary_large_image\" \/>\n<meta name=\"twitter:label1\" content=\"Gesch\u00e4tzte Lesezeit\" \/>\n\t<meta name=\"twitter:data1\" content=\"2\u00a0Minuten\" \/>\n<script type=\"application\/ld+json\" class=\"yoast-schema-graph\">{\"@context\":\"https:\\\/\\\/schema.org\",\"@graph\":[{\"@type\":\"WebPage\",\"@id\":\"https:\\\/\\\/cerrajeriacercasa.com\\\/de\\\/metalltreppen-teneriffa\\\/\",\"url\":\"https:\\\/\\\/cerrajeriacercasa.com\\\/de\\\/metalltreppen-teneriffa\\\/\",\"name\":\"Metalltreppen Teneriffa, Metallkonstruktion Cercasa\",\"isPartOf\":{\"@id\":\"https:\\\/\\\/cerrajeriacercasa.com\\\/#website\"},\"primaryImageOfPage\":{\"@id\":\"https:\\\/\\\/cerrajeriacercasa.com\\\/de\\\/metalltreppen-teneriffa\\\/#primaryimage\"},\"image\":{\"@id\":\"https:\\\/\\\/cerrajeriacercasa.com\\\/de\\\/metalltreppen-teneriffa\\\/#primaryimage\"},\"thumbnailUrl\":\"https:\\\/\\\/cerrajeriacercasa.com\\\/wp-content\\\/uploads\\\/2017\\\/10\\\/irmasolda23.jpg\",\"datePublished\":\"2017-10-18T17:18:12+00:00\",\"dateModified\":\"2019-06-24T10:12:07+00:00\",\"description\":\"Bei Metallkonstruktionen Cercasa arbeiten wir professionell in der Herstellung jeder Art von Metalltreppen wie Innentreppen, Aussentreppen, Nottreppen, Wendeltreppen, Katzentreppen mit Schutz, Bewegliche Treppen, tragbare Treppen, Faltbare Treppen, Handl\u00e4ufe, Gel\u00e4nder,\",\"breadcrumb\":{\"@id\":\"https:\\\/\\\/cerrajeriacercasa.com\\\/de\\\/metalltreppen-teneriffa\\\/#breadcrumb\"},\"inLanguage\":\"de\",\"potentialAction\":[{\"@type\":\"ReadAction\",\"target\":[\"https:\\\/\\\/cerrajeriacercasa.com\\\/de\\\/metalltreppen-teneriffa\\\/\"]}]},{\"@type\":\"ImageObject\",\"inLanguage\":\"de\",\"@id\":\"https:\\\/\\\/cerrajeriacercasa.com\\\/de\\\/metalltreppen-teneriffa\\\/#primaryimage\",\"url\":\"https:\\\/\\\/cerrajeriacercasa.com\\\/wp-content\\\/uploads\\\/2017\\\/10\\\/irmasolda23.jpg\",\"contentUrl\":\"https:\\\/\\\/cerrajeriacercasa.com\\\/wp-content\\\/uploads\\\/2017\\\/10\\\/irmasolda23.jpg\",\"width\":1920,\"height\":1440},{\"@type\":\"BreadcrumbList\",\"@id\":\"https:\\\/\\\/cerrajeriacercasa.com\\\/de\\\/metalltreppen-teneriffa\\\/#breadcrumb\",\"itemListElement\":[{\"@type\":\"ListItem\",\"position\":1,\"name\":\"Portada\",\"item\":\"https:\\\/\\\/cerrajeriacercasa.com\\\/de\\\/\"},{\"@type\":\"ListItem\",\"position\":2,\"name\":\"Metalltreppen Teneriffa\"}]},{\"@type\":\"WebSite\",\"@id\":\"https:\\\/\\\/cerrajeriacercasa.com\\\/#website\",\"url\":\"https:\\\/\\\/cerrajeriacercasa.com\\\/\",\"name\":\"Construcciones Met\u00e1licas Cercasa\",\"description\":\"Construcciones Met\u00e1licas Tenerife, Acero inoxidable Tenerife, Puertas, Barandas, Escaleras, Rejas, Estructuras met\u00e1licas, Automatismos, Mobiliario\",\"publisher\":{\"@id\":\"https:\\\/\\\/cerrajeriacercasa.com\\\/#organization\"},\"potentialAction\":[{\"@type\":\"SearchAction\",\"target\":{\"@type\":\"EntryPoint\",\"urlTemplate\":\"https:\\\/\\\/cerrajeriacercasa.com\\\/?s={search_term_string}\"},\"query-input\":{\"@type\":\"PropertyValueSpecification\",\"valueRequired\":true,\"valueName\":\"search_term_string\"}}],\"inLanguage\":\"de\"},{\"@type\":\"Organization\",\"@id\":\"https:\\\/\\\/cerrajeriacercasa.com\\\/#organization\",\"name\":\"Cercasa Construcciones Met\u00e1licas en Tenerife\",\"url\":\"https:\\\/\\\/cerrajeriacercasa.com\\\/\",\"logo\":{\"@type\":\"ImageObject\",\"inLanguage\":\"de\",\"@id\":\"https:\\\/\\\/cerrajeriacercasa.com\\\/#\\\/schema\\\/logo\\\/image\\\/\",\"url\":\"https:\\\/\\\/cerrajeriacercasa.com\\\/wp-content\\\/uploads\\\/2017\\\/10\\\/LOGO-DE-CERCASA.jpg\",\"contentUrl\":\"https:\\\/\\\/cerrajeriacercasa.com\\\/wp-content\\\/uploads\\\/2017\\\/10\\\/LOGO-DE-CERCASA.jpg\",\"width\":1600,\"height\":670,\"caption\":\"Cercasa Construcciones Met\u00e1licas en Tenerife\"},\"image\":{\"@id\":\"https:\\\/\\\/cerrajeriacercasa.com\\\/#\\\/schema\\\/logo\\\/image\\\/\"},\"sameAs\":[\"https:\\\/\\\/www.facebook.com\\\/CercasaCerrajeria\\\/\",\"https:\\\/\\\/www.instagram.com\\\/construccionesmetalicascercasa\\\/\",\"https:\\\/\\\/www.youtube.com\\\/channel\\\/UCqzrGX0qFS7v2iwZjMT-dag\\\/featured\"]}]}<\/script>\n<!-- \/ Yoast SEO plugin. -->","yoast_head_json":{"title":"Metalltreppen Teneriffa, Metallkonstruktion Cercasa","description":"Bei Metallkonstruktionen Cercasa arbeiten wir professionell in der Herstellung jeder Art von Metalltreppen wie Innentreppen, Aussentreppen, Nottreppen, Wendeltreppen, Katzentreppen mit Schutz, Bewegliche Treppen, tragbare Treppen, Faltbare Treppen, Handl\u00e4ufe, Gel\u00e4nder,","robots":{"index":"index","follow":"follow","max-snippet":"max-snippet:-1","max-image-preview":"max-image-preview:large","max-video-preview":"max-video-preview:-1"},"canonical":"https:\/\/cerrajeriacercasa.com\/de\/metalltreppen-teneriffa\/","og_locale":"de_DE","og_type":"article","og_title":"Metalltreppen Teneriffa, Metallkonstruktion Cercasa","og_description":"Bei Metallkonstruktionen Cercasa arbeiten wir professionell in der Herstellung jeder Art von Metalltreppen wie Innentreppen, Aussentreppen, Nottreppen, Wendeltreppen, Katzentreppen mit Schutz, Bewegliche Treppen, tragbare Treppen, Faltbare Treppen, Handl\u00e4ufe, Gel\u00e4nder,","og_url":"https:\/\/cerrajeriacercasa.com\/de\/metalltreppen-teneriffa\/","og_site_name":"Construcciones Met\u00e1licas Cercasa","article_publisher":"https:\/\/www.facebook.com\/CercasaCerrajeria\/","article_modified_time":"2019-06-24T10:12:07+00:00","og_image":[{"width":1920,"height":1440,"url":"https:\/\/cerrajeriacercasa.com\/wp-content\/uploads\/2017\/10\/irmasolda23.jpg","type":"image\/jpeg"}],"twitter_card":"summary_large_image","twitter_misc":{"Gesch\u00e4tzte Lesezeit":"2\u00a0Minuten"},"schema":{"@context":"https:\/\/schema.org","@graph":[{"@type":"WebPage","@id":"https:\/\/cerrajeriacercasa.com\/de\/metalltreppen-teneriffa\/","url":"https:\/\/cerrajeriacercasa.com\/de\/metalltreppen-teneriffa\/","name":"Metalltreppen Teneriffa, Metallkonstruktion Cercasa","isPartOf":{"@id":"https:\/\/cerrajeriacercasa.com\/#website"},"primaryImageOfPage":{"@id":"https:\/\/cerrajeriacercasa.com\/de\/metalltreppen-teneriffa\/#primaryimage"},"image":{"@id":"https:\/\/cerrajeriacercasa.com\/de\/metalltreppen-teneriffa\/#primaryimage"},"thumbnailUrl":"https:\/\/cerrajeriacercasa.com\/wp-content\/uploads\/2017\/10\/irmasolda23.jpg","datePublished":"2017-10-18T17:18:12+00:00","dateModified":"2019-06-24T10:12:07+00:00","description":"Bei Metallkonstruktionen Cercasa arbeiten wir professionell in der Herstellung jeder Art von Metalltreppen wie Innentreppen, Aussentreppen, Nottreppen, Wendeltreppen, Katzentreppen mit Schutz, Bewegliche Treppen, tragbare Treppen, Faltbare Treppen, Handl\u00e4ufe, Gel\u00e4nder,","breadcrumb":{"@id":"https:\/\/cerrajeriacercasa.com\/de\/metalltreppen-teneriffa\/#breadcrumb"},"inLanguage":"de","potentialAction":[{"@type":"ReadAction","target":["https:\/\/cerrajeriacercasa.com\/de\/metalltreppen-teneriffa\/"]}]},{"@type":"ImageObject","inLanguage":"de","@id":"https:\/\/cerrajeriacercasa.com\/de\/metalltreppen-teneriffa\/#primaryimage","url":"https:\/\/cerrajeriacercasa.com\/wp-content\/uploads\/2017\/10\/irmasolda23.jpg","contentUrl":"https:\/\/cerrajeriacercasa.com\/wp-content\/uploads\/2017\/10\/irmasolda23.jpg","width":1920,"height":1440},{"@type":"BreadcrumbList","@id":"https:\/\/cerrajeriacercasa.com\/de\/metalltreppen-teneriffa\/#breadcrumb","itemListElement":[{"@type":"ListItem","position":1,"name":"Portada","item":"https:\/\/cerrajeriacercasa.com\/de\/"},{"@type":"ListItem","position":2,"name":"Metalltreppen Teneriffa"}]},{"@type":"WebSite","@id":"https:\/\/cerrajeriacercasa.com\/#website","url":"https:\/\/cerrajeriacercasa.com\/","name":"Construcciones Met\u00e1licas Cercasa","description":"Construcciones Met\u00e1licas Tenerife, Acero inoxidable Tenerife, Puertas, Barandas, Escaleras, Rejas, Estructuras met\u00e1licas, Automatismos, Mobiliario","publisher":{"@id":"https:\/\/cerrajeriacercasa.com\/#organization"},"potentialAction":[{"@type":"SearchAction","target":{"@type":"EntryPoint","urlTemplate":"https:\/\/cerrajeriacercasa.com\/?s={search_term_string}"},"query-input":{"@type":"PropertyValueSpecification","valueRequired":true,"valueName":"search_term_string"}}],"inLanguage":"de"},{"@type":"Organization","@id":"https:\/\/cerrajeriacercasa.com\/#organization","name":"Cercasa Construcciones Met\u00e1licas en Tenerife","url":"https:\/\/cerrajeriacercasa.com\/","logo":{"@type":"ImageObject","inLanguage":"de","@id":"https:\/\/cerrajeriacercasa.com\/#\/schema\/logo\/image\/","url":"https:\/\/cerrajeriacercasa.com\/wp-content\/uploads\/2017\/10\/LOGO-DE-CERCASA.jpg","contentUrl":"https:\/\/cerrajeriacercasa.com\/wp-content\/uploads\/2017\/10\/LOGO-DE-CERCASA.jpg","width":1600,"height":670,"caption":"Cercasa Construcciones Met\u00e1licas en Tenerife"},"image":{"@id":"https:\/\/cerrajeriacercasa.com\/#\/schema\/logo\/image\/"},"sameAs":["https:\/\/www.facebook.com\/CercasaCerrajeria\/","https:\/\/www.instagram.com\/construccionesmetalicascercasa\/","https:\/\/www.youtube.com\/channel\/UCqzrGX0qFS7v2iwZjMT-dag\/featured"]}]}},"_links":{"self":[{"href":"https:\/\/cerrajeriacercasa.com\/de\/wp-json\/wp\/v2\/pages\/3898","targetHints":{"allow":["GET"]}}],"collection":[{"href":"https:\/\/cerrajeriacercasa.com\/de\/wp-json\/wp\/v2\/pages"}],"about":[{"href":"https:\/\/cerrajeriacercasa.com\/de\/wp-json\/wp\/v2\/types\/page"}],"author":[{"embeddable":true,"href":"https:\/\/cerrajeriacercasa.com\/de\/wp-json\/wp\/v2\/users\/1"}],"replies":[{"embeddable":true,"href":"https:\/\/cerrajeriacercasa.com\/de\/wp-json\/wp\/v2\/comments?post=3898"}],"version-history":[{"count":4,"href":"https:\/\/cerrajeriacercasa.com\/de\/wp-json\/wp\/v2\/pages\/3898\/revisions"}],"predecessor-version":[{"id":4025,"href":"https:\/\/cerrajeriacercasa.com\/de\/wp-json\/wp\/v2\/pages\/3898\/revisions\/4025"}],"wp:featuredmedia":[{"embeddable":true,"href":"https:\/\/cerrajeriacercasa.com\/de\/wp-json\/wp\/v2\/media\/5686"}],"wp:attachment":[{"href":"https:\/\/cerrajeriacercasa.com\/de\/wp-json\/wp\/v2\/media?parent=3898"}],"curies":[{"name":"wp","href":"https:\/\/api.w.org\/{rel}","templated":true}]}}