{"id":3902,"date":"2017-10-18T11:28:48","date_gmt":"2017-10-18T11:28:48","guid":{"rendered":"http:\/\/cerrajeriacercasa.com\/estructuras-metalicas-tenerife\/"},"modified":"2019-06-24T10:12:03","modified_gmt":"2019-06-24T10:12:03","slug":"metallkonstruktion-teneriffa","status":"publish","type":"page","link":"https:\/\/cerrajeriacercasa.com\/de\/metallkonstruktion-teneriffa\/","title":{"rendered":"Metallkonstruktion Teneriffa"},"content":{"rendered":"<div class=\"section-full-width section-light2\" style=\"background-color:#f7f7f7;\" id=\"metallkonstruktion\"><div class=\"section-boxed\" style=\"color:#777777;\"><h2 class=\"section-title\" style=\"color:#252525;\">Metallkonstruktion <\/h2><h4 style=\"color:#252525;\" class=\"sub-title\">Alle Metallarbeiten, die du dir vorstellen kannst \u2026<\/h4><\/p>\n<p class=\"Cuerpo\" style=\"text-align: center;\"><span lang=\"ES-TRAD\">Bei Metallkonstruktionen Cercasa arbeiten wir professionell in der Herstellung jeder Art von Metallstrukturen aus Eisen, rostfreiem Stahl, feste oder angeschraubte Strukturen, Technische oder abbaubare;<\/span><\/p>\n<p class=\"Cuerpo\" style=\"text-align: center;\"><span lang=\"ES-TRAD\">Strukturen von allen m\u00f6glichen Hallen, \u00dcberdachungen, Strukturen von H\u00e4usern, Handl\u00e4ufe und Gel\u00e4nder, Zufahrtsrampen, Rolll\u00e4den, Aufz\u00fcge, Fassaden.<\/span><\/p>\n<h2 style=\"text-align: center;\">N\u00ba 1 in Metallstrukturen auf Teneriffa<\/h2>\n<p>\n<\/div><\/div>\n<div class=\"section-full-width section-dark parallax-fixed\" style=\"background-color:#252525;\" id=\"strukturenarten\"><div style=\"background-image:url(http:\/\/cerrajeriacercasa.com\/wp-content\/uploads\/2017\/10\/irmasolda23.jpg); opacity:0.3; filter: alpha(opacity=30);\" class=\"full-bg-image\" ><\/div><div class=\"section-boxed\" style=\"color:#ffffff;\"><h2 class=\"section-title\" style=\"color:#ffffff;\">Strukturenarten<\/h2><h4 style=\"color:#ffffff;\" class=\"sub-title\">Marktf\u00fchrer in Metallkonstruktion auf Teneriffa<\/h4><div class=\"services-wrapper services-icon cols-wrapper cols-3 pexeto-parallax\"><div class=\"services-box col services-no-image\"><div class=\"services-content\"><div class=\"sc-wraper\"><h3>Schiffe<\/h3><\/div><\/div><\/div><div class=\"services-box col services-no-image\"><div class=\"services-content\"><div class=\"sc-wraper\"><h3>Abdeckungen<\/h3><\/div><\/div><\/div><div class=\"services-box col nomargin services-no-image\"><div class=\"services-content\"><div class=\"sc-wraper\"><h3>Gehwege<\/h3><\/div><\/div><\/div><div class=\"services-box col services-no-image\"><div class=\"services-content\"><div class=\"sc-wraper\"><h3>\u00dcberdachungen<\/h3><\/div><\/div><\/div><div class=\"services-box col services-no-image\"><div class=\"services-content\"><div class=\"sc-wraper\"><h3>Zugangsrampen<\/h3><\/div><\/div><\/div><div class=\"services-box col nomargin services-no-image\"><div class=\"services-content\"><div class=\"sc-wraper\"><h3>Aufz\u00fcge<\/h3><\/div><\/div><\/div><div class=\"services-box col services-no-image\"><div class=\"services-content\"><div class=\"sc-wraper\"><h3>Fassaden<\/h3><\/div><\/div><\/div><div class=\"services-box col services-no-image\"><div class=\"services-content\"><div class=\"sc-wraper\"><h3>Tronjas<\/h3><\/div><\/div><\/div><div class=\"services-box col nomargin services-no-image\"><div class=\"services-content\"><div class=\"sc-wraper\"><h3>Sanierung von H\u00e4usern und Bauwerken<\/h3><\/div><\/div><\/div><div class=\"clear\"><\/div><\/div>\n<\/div><\/div>\n<div class=\"section-full-width section-light2\" style=\"background-color:#f7f7f7;\" id=\"section-1\"><div class=\"section-boxed\" style=\"color:#777777;\"><div class=\"cta-element\"><h4 class=\"cta-small-title\">Hast du irgendeine Idee und weisst nicht, wie du sie verwirklichen kannst?<\/h4><h2 class=\"cta-title\">Gemeinsam machen wir aus dieser Idee Realit\u00e4t<\/h2><a class=\"button\" href=\"http:\/\/cerrajeriacercasa.com\/sede-guimar\/\" target=\"_blank\">Beantrage einen Kostenvoranschlag<\/a><\/div>\n<\/div><\/div>\n<div class=\"nivo-content\"><div class=\"nivo-wrapper\"><div class=\"nivo-slider\" id=\"nivo-slider-39021\" style=\"max-height:1200px;\"><img decoding=\"async\" src=\"http:\/\/cerrajeriacercasa.com\/wp-content\/uploads\/2017\/10\/ee808b76-fa4f-48b9-8e82-48fdc0669971-1170x1200.jpg\" title=\"\" \/><img decoding=\"async\" src=\"http:\/\/cerrajeriacercasa.com\/wp-content\/uploads\/2017\/10\/021035d0-ea37-470d-b857-75d727207894-1170x1200.jpg\" title=\"\" \/><img decoding=\"async\" src=\"http:\/\/cerrajeriacercasa.com\/wp-content\/uploads\/2017\/10\/328a360b-d556-49f6-b7eb-7b0f93f75661-1170x1200.jpg\" title=\"\" \/><img decoding=\"async\" src=\"http:\/\/cerrajeriacercasa.com\/wp-content\/uploads\/2017\/10\/715ab8d5-973b-42c1-8de5-124ea8aeea16-1170x1200.jpg\" title=\"\" \/><img decoding=\"async\" src=\"http:\/\/cerrajeriacercasa.com\/wp-content\/uploads\/2017\/10\/936ab58b-6b18-4d6d-a5a6-a8d6af446796-1170x1200.jpg\" title=\"\" \/><img decoding=\"async\" src=\"http:\/\/cerrajeriacercasa.com\/wp-content\/uploads\/2017\/10\/Carpeta-Desplegable-Cercasa-31-1170x1200.jpg\" title=\"\" \/><img decoding=\"async\" src=\"http:\/\/cerrajeriacercasa.com\/wp-content\/uploads\/2017\/10\/5f0107bc-cfdc-4b3f-87c8-44fd27ab836a-1170x1200.jpg\" title=\"\" \/><\/div><\/div><\/div>\n<p>&nbsp;<\/p>\n","protected":false},"excerpt":{"rendered":"<p>&nbsp;<\/p>\n","protected":false},"author":1,"featured_media":5695,"parent":0,"menu_order":0,"comment_status":"closed","ping_status":"closed","template":"template-full-custom.php","meta":{"_monsterinsights_skip_tracking":false,"_monsterinsights_sitenote_active":false,"_monsterinsights_sitenote_note":"","_monsterinsights_sitenote_category":0,"footnotes":""},"class_list":["post-3902","page","type-page","status-publish","has-post-thumbnail","hentry"],"yoast_head":"<!-- This site is optimized with the Yoast SEO plugin v27.3 - https:\/\/yoast.com\/product\/yoast-seo-wordpress\/ -->\n<title>Metallkonstruktion Teneriffa, Metallkonstruktion Cercasa<\/title>\n<meta name=\"description\" content=\"Bei Metallkonstruktionen Cercasa arbeiten wir professionell in der Herstellung jeder Art von Metallstrukturen aus Eisen, rostfreiem Stahl, feste oder angeschraubte Strukturen, Technische oder abbaubare...\" \/>\n<meta name=\"robots\" content=\"index, follow, max-snippet:-1, max-image-preview:large, max-video-preview:-1\" \/>\n<link rel=\"canonical\" href=\"https:\/\/cerrajeriacercasa.com\/de\/metallkonstruktion-teneriffa\/\" \/>\n<meta property=\"og:locale\" content=\"de_DE\" \/>\n<meta property=\"og:type\" content=\"article\" \/>\n<meta property=\"og:title\" content=\"Metallkonstruktion Teneriffa, Metallkonstruktion Cercasa\" \/>\n<meta property=\"og:description\" content=\"Bei Metallkonstruktionen Cercasa arbeiten wir professionell in der Herstellung jeder Art von Metallstrukturen aus Eisen, rostfreiem Stahl, feste oder angeschraubte Strukturen, Technische oder abbaubare...\" \/>\n<meta property=\"og:url\" content=\"https:\/\/cerrajeriacercasa.com\/de\/metallkonstruktion-teneriffa\/\" \/>\n<meta property=\"og:site_name\" content=\"Construcciones Met\u00e1licas Cercasa\" \/>\n<meta property=\"article:publisher\" content=\"https:\/\/www.facebook.com\/CercasaCerrajeria\/\" \/>\n<meta property=\"article:modified_time\" content=\"2019-06-24T10:12:03+00:00\" \/>\n<meta property=\"og:image\" content=\"https:\/\/cerrajeriacercasa.com\/wp-content\/uploads\/2014\/05\/soldadura-slider.jpg\" \/>\n\t<meta property=\"og:image:width\" content=\"960\" \/>\n\t<meta property=\"og:image:height\" content=\"644\" \/>\n\t<meta property=\"og:image:type\" content=\"image\/jpeg\" \/>\n<meta name=\"twitter:card\" content=\"summary_large_image\" \/>\n<meta name=\"twitter:label1\" content=\"Gesch\u00e4tzte Lesezeit\" \/>\n\t<meta name=\"twitter:data1\" content=\"2\u00a0Minuten\" \/>\n<script type=\"application\/ld+json\" class=\"yoast-schema-graph\">{\"@context\":\"https:\\\/\\\/schema.org\",\"@graph\":[{\"@type\":\"WebPage\",\"@id\":\"https:\\\/\\\/cerrajeriacercasa.com\\\/de\\\/metallkonstruktion-teneriffa\\\/\",\"url\":\"https:\\\/\\\/cerrajeriacercasa.com\\\/de\\\/metallkonstruktion-teneriffa\\\/\",\"name\":\"Metallkonstruktion Teneriffa, Metallkonstruktion Cercasa\",\"isPartOf\":{\"@id\":\"https:\\\/\\\/cerrajeriacercasa.com\\\/#website\"},\"primaryImageOfPage\":{\"@id\":\"https:\\\/\\\/cerrajeriacercasa.com\\\/de\\\/metallkonstruktion-teneriffa\\\/#primaryimage\"},\"image\":{\"@id\":\"https:\\\/\\\/cerrajeriacercasa.com\\\/de\\\/metallkonstruktion-teneriffa\\\/#primaryimage\"},\"thumbnailUrl\":\"https:\\\/\\\/cerrajeriacercasa.com\\\/wp-content\\\/uploads\\\/2014\\\/05\\\/soldadura-slider.jpg\",\"datePublished\":\"2017-10-18T11:28:48+00:00\",\"dateModified\":\"2019-06-24T10:12:03+00:00\",\"description\":\"Bei Metallkonstruktionen Cercasa arbeiten wir professionell in der Herstellung jeder Art von Metallstrukturen aus Eisen, rostfreiem Stahl, feste oder angeschraubte Strukturen, Technische oder abbaubare...\",\"breadcrumb\":{\"@id\":\"https:\\\/\\\/cerrajeriacercasa.com\\\/de\\\/metallkonstruktion-teneriffa\\\/#breadcrumb\"},\"inLanguage\":\"de\",\"potentialAction\":[{\"@type\":\"ReadAction\",\"target\":[\"https:\\\/\\\/cerrajeriacercasa.com\\\/de\\\/metallkonstruktion-teneriffa\\\/\"]}]},{\"@type\":\"ImageObject\",\"inLanguage\":\"de\",\"@id\":\"https:\\\/\\\/cerrajeriacercasa.com\\\/de\\\/metallkonstruktion-teneriffa\\\/#primaryimage\",\"url\":\"https:\\\/\\\/cerrajeriacercasa.com\\\/wp-content\\\/uploads\\\/2014\\\/05\\\/soldadura-slider.jpg\",\"contentUrl\":\"https:\\\/\\\/cerrajeriacercasa.com\\\/wp-content\\\/uploads\\\/2014\\\/05\\\/soldadura-slider.jpg\",\"width\":960,\"height\":644},{\"@type\":\"BreadcrumbList\",\"@id\":\"https:\\\/\\\/cerrajeriacercasa.com\\\/de\\\/metallkonstruktion-teneriffa\\\/#breadcrumb\",\"itemListElement\":[{\"@type\":\"ListItem\",\"position\":1,\"name\":\"Portada\",\"item\":\"https:\\\/\\\/cerrajeriacercasa.com\\\/de\\\/\"},{\"@type\":\"ListItem\",\"position\":2,\"name\":\"Metallkonstruktion Teneriffa\"}]},{\"@type\":\"WebSite\",\"@id\":\"https:\\\/\\\/cerrajeriacercasa.com\\\/#website\",\"url\":\"https:\\\/\\\/cerrajeriacercasa.com\\\/\",\"name\":\"Construcciones Met\u00e1licas Cercasa\",\"description\":\"Construcciones Met\u00e1licas Tenerife, Acero inoxidable Tenerife, Puertas, Barandas, Escaleras, Rejas, Estructuras met\u00e1licas, Automatismos, Mobiliario\",\"publisher\":{\"@id\":\"https:\\\/\\\/cerrajeriacercasa.com\\\/#organization\"},\"potentialAction\":[{\"@type\":\"SearchAction\",\"target\":{\"@type\":\"EntryPoint\",\"urlTemplate\":\"https:\\\/\\\/cerrajeriacercasa.com\\\/?s={search_term_string}\"},\"query-input\":{\"@type\":\"PropertyValueSpecification\",\"valueRequired\":true,\"valueName\":\"search_term_string\"}}],\"inLanguage\":\"de\"},{\"@type\":\"Organization\",\"@id\":\"https:\\\/\\\/cerrajeriacercasa.com\\\/#organization\",\"name\":\"Cercasa Construcciones Met\u00e1licas en Tenerife\",\"url\":\"https:\\\/\\\/cerrajeriacercasa.com\\\/\",\"logo\":{\"@type\":\"ImageObject\",\"inLanguage\":\"de\",\"@id\":\"https:\\\/\\\/cerrajeriacercasa.com\\\/#\\\/schema\\\/logo\\\/image\\\/\",\"url\":\"https:\\\/\\\/cerrajeriacercasa.com\\\/wp-content\\\/uploads\\\/2017\\\/10\\\/LOGO-DE-CERCASA.jpg\",\"contentUrl\":\"https:\\\/\\\/cerrajeriacercasa.com\\\/wp-content\\\/uploads\\\/2017\\\/10\\\/LOGO-DE-CERCASA.jpg\",\"width\":1600,\"height\":670,\"caption\":\"Cercasa Construcciones Met\u00e1licas en Tenerife\"},\"image\":{\"@id\":\"https:\\\/\\\/cerrajeriacercasa.com\\\/#\\\/schema\\\/logo\\\/image\\\/\"},\"sameAs\":[\"https:\\\/\\\/www.facebook.com\\\/CercasaCerrajeria\\\/\",\"https:\\\/\\\/www.instagram.com\\\/construccionesmetalicascercasa\\\/\",\"https:\\\/\\\/www.youtube.com\\\/channel\\\/UCqzrGX0qFS7v2iwZjMT-dag\\\/featured\"]}]}<\/script>\n<!-- \/ Yoast SEO plugin. -->","yoast_head_json":{"title":"Metallkonstruktion Teneriffa, Metallkonstruktion Cercasa","description":"Bei Metallkonstruktionen Cercasa arbeiten wir professionell in der Herstellung jeder Art von Metallstrukturen aus Eisen, rostfreiem Stahl, feste oder angeschraubte Strukturen, Technische oder abbaubare...","robots":{"index":"index","follow":"follow","max-snippet":"max-snippet:-1","max-image-preview":"max-image-preview:large","max-video-preview":"max-video-preview:-1"},"canonical":"https:\/\/cerrajeriacercasa.com\/de\/metallkonstruktion-teneriffa\/","og_locale":"de_DE","og_type":"article","og_title":"Metallkonstruktion Teneriffa, Metallkonstruktion Cercasa","og_description":"Bei Metallkonstruktionen Cercasa arbeiten wir professionell in der Herstellung jeder Art von Metallstrukturen aus Eisen, rostfreiem Stahl, feste oder angeschraubte Strukturen, Technische oder abbaubare...","og_url":"https:\/\/cerrajeriacercasa.com\/de\/metallkonstruktion-teneriffa\/","og_site_name":"Construcciones Met\u00e1licas Cercasa","article_publisher":"https:\/\/www.facebook.com\/CercasaCerrajeria\/","article_modified_time":"2019-06-24T10:12:03+00:00","og_image":[{"width":960,"height":644,"url":"https:\/\/cerrajeriacercasa.com\/wp-content\/uploads\/2014\/05\/soldadura-slider.jpg","type":"image\/jpeg"}],"twitter_card":"summary_large_image","twitter_misc":{"Gesch\u00e4tzte Lesezeit":"2\u00a0Minuten"},"schema":{"@context":"https:\/\/schema.org","@graph":[{"@type":"WebPage","@id":"https:\/\/cerrajeriacercasa.com\/de\/metallkonstruktion-teneriffa\/","url":"https:\/\/cerrajeriacercasa.com\/de\/metallkonstruktion-teneriffa\/","name":"Metallkonstruktion Teneriffa, Metallkonstruktion Cercasa","isPartOf":{"@id":"https:\/\/cerrajeriacercasa.com\/#website"},"primaryImageOfPage":{"@id":"https:\/\/cerrajeriacercasa.com\/de\/metallkonstruktion-teneriffa\/#primaryimage"},"image":{"@id":"https:\/\/cerrajeriacercasa.com\/de\/metallkonstruktion-teneriffa\/#primaryimage"},"thumbnailUrl":"https:\/\/cerrajeriacercasa.com\/wp-content\/uploads\/2014\/05\/soldadura-slider.jpg","datePublished":"2017-10-18T11:28:48+00:00","dateModified":"2019-06-24T10:12:03+00:00","description":"Bei Metallkonstruktionen Cercasa arbeiten wir professionell in der Herstellung jeder Art von Metallstrukturen aus Eisen, rostfreiem Stahl, feste oder angeschraubte Strukturen, Technische oder abbaubare...","breadcrumb":{"@id":"https:\/\/cerrajeriacercasa.com\/de\/metallkonstruktion-teneriffa\/#breadcrumb"},"inLanguage":"de","potentialAction":[{"@type":"ReadAction","target":["https:\/\/cerrajeriacercasa.com\/de\/metallkonstruktion-teneriffa\/"]}]},{"@type":"ImageObject","inLanguage":"de","@id":"https:\/\/cerrajeriacercasa.com\/de\/metallkonstruktion-teneriffa\/#primaryimage","url":"https:\/\/cerrajeriacercasa.com\/wp-content\/uploads\/2014\/05\/soldadura-slider.jpg","contentUrl":"https:\/\/cerrajeriacercasa.com\/wp-content\/uploads\/2014\/05\/soldadura-slider.jpg","width":960,"height":644},{"@type":"BreadcrumbList","@id":"https:\/\/cerrajeriacercasa.com\/de\/metallkonstruktion-teneriffa\/#breadcrumb","itemListElement":[{"@type":"ListItem","position":1,"name":"Portada","item":"https:\/\/cerrajeriacercasa.com\/de\/"},{"@type":"ListItem","position":2,"name":"Metallkonstruktion Teneriffa"}]},{"@type":"WebSite","@id":"https:\/\/cerrajeriacercasa.com\/#website","url":"https:\/\/cerrajeriacercasa.com\/","name":"Construcciones Met\u00e1licas Cercasa","description":"Construcciones Met\u00e1licas Tenerife, Acero inoxidable Tenerife, Puertas, Barandas, Escaleras, Rejas, Estructuras met\u00e1licas, Automatismos, Mobiliario","publisher":{"@id":"https:\/\/cerrajeriacercasa.com\/#organization"},"potentialAction":[{"@type":"SearchAction","target":{"@type":"EntryPoint","urlTemplate":"https:\/\/cerrajeriacercasa.com\/?s={search_term_string}"},"query-input":{"@type":"PropertyValueSpecification","valueRequired":true,"valueName":"search_term_string"}}],"inLanguage":"de"},{"@type":"Organization","@id":"https:\/\/cerrajeriacercasa.com\/#organization","name":"Cercasa Construcciones Met\u00e1licas en Tenerife","url":"https:\/\/cerrajeriacercasa.com\/","logo":{"@type":"ImageObject","inLanguage":"de","@id":"https:\/\/cerrajeriacercasa.com\/#\/schema\/logo\/image\/","url":"https:\/\/cerrajeriacercasa.com\/wp-content\/uploads\/2017\/10\/LOGO-DE-CERCASA.jpg","contentUrl":"https:\/\/cerrajeriacercasa.com\/wp-content\/uploads\/2017\/10\/LOGO-DE-CERCASA.jpg","width":1600,"height":670,"caption":"Cercasa Construcciones Met\u00e1licas en Tenerife"},"image":{"@id":"https:\/\/cerrajeriacercasa.com\/#\/schema\/logo\/image\/"},"sameAs":["https:\/\/www.facebook.com\/CercasaCerrajeria\/","https:\/\/www.instagram.com\/construccionesmetalicascercasa\/","https:\/\/www.youtube.com\/channel\/UCqzrGX0qFS7v2iwZjMT-dag\/featured"]}]}},"_links":{"self":[{"href":"https:\/\/cerrajeriacercasa.com\/de\/wp-json\/wp\/v2\/pages\/3902","targetHints":{"allow":["GET"]}}],"collection":[{"href":"https:\/\/cerrajeriacercasa.com\/de\/wp-json\/wp\/v2\/pages"}],"about":[{"href":"https:\/\/cerrajeriacercasa.com\/de\/wp-json\/wp\/v2\/types\/page"}],"author":[{"embeddable":true,"href":"https:\/\/cerrajeriacercasa.com\/de\/wp-json\/wp\/v2\/users\/1"}],"replies":[{"embeddable":true,"href":"https:\/\/cerrajeriacercasa.com\/de\/wp-json\/wp\/v2\/comments?post=3902"}],"version-history":[{"count":4,"href":"https:\/\/cerrajeriacercasa.com\/de\/wp-json\/wp\/v2\/pages\/3902\/revisions"}],"predecessor-version":[{"id":4121,"href":"https:\/\/cerrajeriacercasa.com\/de\/wp-json\/wp\/v2\/pages\/3902\/revisions\/4121"}],"wp:featuredmedia":[{"embeddable":true,"href":"https:\/\/cerrajeriacercasa.com\/de\/wp-json\/wp\/v2\/media\/5695"}],"wp:attachment":[{"href":"https:\/\/cerrajeriacercasa.com\/de\/wp-json\/wp\/v2\/media?parent=3902"}],"curies":[{"name":"wp","href":"https:\/\/api.w.org\/{rel}","templated":true}]}}