{"id":3910,"date":"2014-05-21T02:57:47","date_gmt":"2014-05-21T02:57:47","guid":{"rendered":"http:\/\/cerrajeriacercasa.com\/nosotros\/"},"modified":"2020-05-12T13:16:04","modified_gmt":"2020-05-12T13:16:04","slug":"ueber-uns","status":"publish","type":"page","link":"https:\/\/cerrajeriacercasa.com\/de\/ueber-uns\/","title":{"rendered":"\u00dcber uns"},"content":{"rendered":"<h2 class=\"page-heading\" style=\"text-align: center;\">Metallkonstruktionen Cercasa<\/h2>\n<p>&nbsp;<\/p>\n<h5 style=\"text-align: center;\">Cercasa wurde 1969 von Manuel Sanfiel Le\u00f3n als kleine Schlosserei in der Avenida La Candelaria, 18 en San Benito, La Laguna gegr\u00fcndet.<\/h5>\n<h5 style=\"text-align: center;\">Von da an und bis ins Jahr 2000 f\u00fchrte die Firma seinen Namen. Im Jahr 2000 hat er beschlossen die Firma in CONSTRUCCIONES MET\u00c1LICAS CERCASA S.L. umzunennen.<\/h5>\n<h5 style=\"text-align: center;\">Bis zum heutigen Zeitpunkt ist viel Zeit vergangen, wir haben gelernt und uns vergr\u00f6ssert und lernen immer weiter dazu.<\/h5>\n<h5 style=\"text-align: center;\">Die Arbeiten die in dieser Firma durchgef\u00fchrt werden sind seit jeher Qualitativ hochwertig und wir garantieren mit unserem 50 J\u00e4hrigem Bestehen die Qualit\u00e4t unserer Leistungen und unseres Personals.<\/h5>\n<h5 style=\"text-align: center;\">Im August 2010 ist der Firmengr\u00fcnder Manuel Sanfiel Le\u00f3n in Ruhestand gegangen und hat die Firma an die n\u00e4chste Gerenation (seine Kinder) Olga Mar\u00eda Sanfiel Hern\u00e1ndez und Manuel Angel Sanfiel Hern\u00e1ndez weitergegeben. Die beiden haben die grosse Verantwortung und Herausforderung angenommen und versuchen den hervorragenden Werdegang der Firma so gut wie der Vater weiterzuf\u00fchren.<\/h5>\n<h5 style=\"text-align: center;\">Weiters wollen wir hervorheben, das wir ein grossartiges Team haben, welches in die Fusstapfen unseres Vaters treten will und die Firma mindestens genauso lange und mit der gleichen Illusion wie unser Vater weiterf\u00fchren werden. Unser gr\u00f6sster Stolz ist es weiterhin mit dem Vertrauen unserer Kunden z\u00e4hlen zu k\u00f6nnen und sie weiterhin wie gehabt beraten und bedienen zu k\u00f6nnen.<\/h5>\n\r\n<div class=\"content-slider-wrapper\" >\r\n<div class=\"content-slider cols-wrapper cols-2\" id=\"content-slider-3910\" >\r\n\t<div class=\"section-boxed\">\r\n\t<ul id=\"cs-slider-ul\" style=\"min-height:550px;\">\r\n\t\t\r\n\t\t\t <li data-bg_image_url=\"http:\/\/cerrajeriacercasa.com\/wp-content\/uploads\/2019\/01\/20180625_130635-3.jpg\" data-bg_image_opacity=\"1\" data-layout=\"centered\" data-animation=\"random\" data-bg_color=\"\" data-thumbnail=\"http:\/\/cerrajeriacercasa.com\/wp-content\/uploads\/2019\/01\/20180625_130635-3-150x150.jpg\" class=\"cs-layout-centered\" style=\"color:#;\">\r\n\r\n\t\t\t\t<!-- first slider box -->\r\n\t\t\t\t<div class=\"cs-content-centered col cs-content\">\r\n\t\t\t\t\t\t\t\t\t<\/div>\r\n\t\t\t\t<!-- second slider box -->\r\n\r\n\t\t\t\t\t\t\t<\/li>\r\n\t\t\t <li data-bg_image_url=\"http:\/\/cerrajeriacercasa.com\/wp-content\/uploads\/2019\/01\/20180625_130725.jpg\" data-bg_image_opacity=\"1\" data-layout=\"centered\" data-animation=\"random\" data-bg_color=\"\" data-thumbnail=\"http:\/\/cerrajeriacercasa.com\/wp-content\/uploads\/2019\/01\/20180625_130725-150x150.jpg\" class=\"cs-layout-centered\" style=\"color:#;\">\r\n\r\n\t\t\t\t<!-- first slider box -->\r\n\t\t\t\t<div class=\"cs-content-centered col cs-content\">\r\n\t\t\t\t\t\t\t\t\t<\/div>\r\n\t\t\t\t<!-- second slider box -->\r\n\r\n\t\t\t\t\t\t\t<\/li>\t<\/ul>\r\n<\/div>\r\n<\/div>\r\n<\/div><div class=\"clear\"><\/div>\n<p>&nbsp;<\/p>\n<div><a class=\"lightbox-image\" title=\"\" href=\"http:\/\/cerrajeriacercasa.com\/wp-content\/uploads\/2014\/05\/cercasa-chicos-slider-Copy.jpg\" data-rel=\"lightbox\"><img loading=\"lazy\" decoding=\"async\" class=\"img-frame aligncenter\" src=\"http:\/\/cerrajeriacercasa.com\/wp-content\/uploads\/2014\/05\/cercasa-chicos-slider-Copy.jpg\" alt=\"Wir, Cercasa, Metallkonstruktionen Cercasa, Metallkonstruktionen Teneriffa \" width=\"2500\" height=\"1668\" \/><\/a><\/div>\n<div><\/div>\n<div style=\"text-align: center;\">\n<div><\/div>\n<div><\/div>\n<\/div>\n<div class=\"section-full-width section-light2\" style=\"background-color:#f7f7f7;\" id=\"leistungen\"><div class=\"section-boxed\" style=\"color:#777777;\"><h2 class=\"section-title\" style=\"color:#252525;\">Leistungen<\/h2><h4 style=\"color:#252525;\" class=\"sub-title\">Marktf\u00fchrer in Metallarbeiten auf Teneriffa<\/h4><p>&nbsp;<\/p>\n<p>&nbsp;<\/p>\n<div class=\"services-wrapper services-icon cols-wrapper cols-4 pexeto-parallax\"><div class=\"services-box col\"><a href=\"http:\/\/cerrajeriacercasa.com\/de\/metallkonstruktion-teneriffa\/\"><div class=\"img-container\"><img decoding=\"async\" src=\"http:\/\/cerrajeriacercasa.com\/wp-content\/uploads\/2017\/10\/icons5-130x130.png\" alt=\"Metallkonstruktion\"\/><\/div><\/a><div class=\"services-content\"><div class=\"sc-wraper\"><h3><a href=\"http:\/\/cerrajeriacercasa.com\/de\/metallkonstruktion-teneriffa\/\">Metallkonstruktion<\/a><\/h3><p>Metallstrukturen f\u00fcr Abdeckungen jeder Art von Oberfl\u00e4chen<\/p><\/div><\/div><\/div><div class=\"services-box col\"><a href=\"http:\/\/cerrajeriacercasa.com\/de\/metalltreppen-teneriffa\/\"><div class=\"img-container\"><img decoding=\"async\" src=\"http:\/\/cerrajeriacercasa.com\/wp-content\/uploads\/2017\/10\/icons5-130x130.png\" alt=\"Metalltreppen\"\/><\/div><\/a><div class=\"services-content\"><div class=\"sc-wraper\"><h3><a href=\"http:\/\/cerrajeriacercasa.com\/de\/metalltreppen-teneriffa\/\">Metalltreppen<\/a><\/h3><p>Zugang Leitern, gerade, Notfall, Handl\u00e4ufe, Schnecke ...<\/p><\/div><\/div><\/div><div class=\"services-box col\"><a href=\"http:\/\/cerrajeriacercasa.com\/de\/zaeune-teneriffa\/\"><div class=\"img-container\"><img decoding=\"async\" src=\"http:\/\/cerrajeriacercasa.com\/wp-content\/uploads\/2017\/10\/icons5-130x130.png\" alt=\"Z\u00e4une\"\/><\/div><\/a><div class=\"services-content\"><div class=\"sc-wraper\"><h3><a href=\"http:\/\/cerrajeriacercasa.com\/de\/zaeune-teneriffa\/\">Z\u00e4une<\/a><\/h3><p>Metalll\u00f6sungen von bester Qualit\u00e4t und immer griffbereit, um Ihr Zuhause oder Gesch\u00e4ft zu sch\u00fctzen<\/p><\/div><\/div><\/div><div class=\"services-box col nomargin\"><a href=\"http:\/\/cerrajeriacercasa.com\/de\/metalltueren-teneriffa\/\"><div class=\"img-container\"><img decoding=\"async\" src=\"http:\/\/cerrajeriacercasa.com\/wp-content\/uploads\/2017\/10\/icons5-130x130.png\" alt=\"Metallt\u00fcren\"\/><\/div><\/a><div class=\"services-content\"><div class=\"sc-wraper\"><h3><a href=\"http:\/\/cerrajeriacercasa.com\/de\/metalltueren-teneriffa\/\">Metallt\u00fcren<\/a><\/h3><p>Spezialisten f\u00fcr die Schaffung von T\u00fcren, die Ihr Leben einfacher und sicherer machen<\/p><\/div><\/div><\/div><div class=\"services-box col\"><a href=\"http:\/\/cerrajeriacercasa.com\/de\/metallverschluesse-teneriffa\/\"><div class=\"img-container\"><img decoding=\"async\" src=\"http:\/\/cerrajeriacercasa.com\/wp-content\/uploads\/2017\/10\/icons5-130x130.png\" alt=\"Metallverschl\u00fcsse\"\/><\/div><\/a><div class=\"services-content\"><div class=\"sc-wraper\"><h3><a href=\"http:\/\/cerrajeriacercasa.com\/de\/metallverschluesse-teneriffa\/\">Metallverschl\u00fcsse<\/a><\/h3><p>Geh\u00e4use in Eisen, Schmiede, Edelstahl, Stahl Corten und alle Arten von Maschen<\/p><\/div><\/div><\/div><div class=\"services-box col\"><a href=\"http:\/\/cerrajeriacercasa.com\/de\/gelaender-teneriffa\/\"><div class=\"img-container\"><img decoding=\"async\" src=\"http:\/\/cerrajeriacercasa.com\/wp-content\/uploads\/2017\/10\/icons5-130x130.png\" alt=\"Gel\u00e4nder und Handl\u00e4ufe\"\/><\/div><\/a><div class=\"services-content\"><div class=\"sc-wraper\"><h3><a href=\"http:\/\/cerrajeriacercasa.com\/de\/gelaender-teneriffa\/\">Gel\u00e4nder und Handl\u00e4ufe<\/a><\/h3><p>Sicherheitsl\u00f6sungen f\u00fcr Au\u00dfenkorridore, Balkone, Treppen, Handl\u00e4ufe ...<\/p><\/div><\/div><\/div><div class=\"services-box col\"><a href=\"http:\/\/cerrajeriacercasa.com\/de\/automatisierungen-und-motorisierungen-teneriffa\/\"><div class=\"img-container\"><img decoding=\"async\" src=\"http:\/\/cerrajeriacercasa.com\/wp-content\/uploads\/2017\/10\/icons5-130x130.png\" alt=\"Automatisierungen und Motorisierungen \"\/><\/div><\/a><div class=\"services-content\"><div class=\"sc-wraper\"><h3><a href=\"http:\/\/cerrajeriacercasa.com\/de\/automatisierungen-und-motorisierungen-teneriffa\/\">Automatisierungen und Motorisierungen <\/a><\/h3><p>Wir haben automatische und motorisierte L\u00f6sungen, die Ihnen Komfort im Handling bieten<\/p><\/div><\/div><\/div><div class=\"services-box col nomargin\"><a href=\"http:\/\/cerrajeriacercasa.com\/de\/metallmoebel-teneriffa\/\"><div class=\"img-container\"><img decoding=\"async\" src=\"http:\/\/cerrajeriacercasa.com\/wp-content\/uploads\/2017\/10\/icons5-130x130.png\" alt=\"Metallm\u00f6bel\"\/><\/div><\/a><div class=\"services-content\"><div class=\"sc-wraper\"><h3><a href=\"http:\/\/cerrajeriacercasa.com\/de\/metallmoebel-teneriffa\/\">Metallm\u00f6bel<\/a><\/h3><p>Eine originelle und einzigartige Note in Ihrem Garten, in Ihrem Esszimmer, in Ihrem Wohnzimmer, in Ihrem Esszimmer, in Ihrer K\u00fcche ...<\/p><\/div><\/div><\/div><div class=\"clear\"><\/div><\/div>\n<p>\n<\/div><\/div>\n<div class=\"services-wrapper services-boxed-photo cols-wrapper cols-2\"><div class=\"services-box col\"><a href=\"http:\/\/cerrajeriacercasa.com\/de\/filiale-guimar\/\"><div class=\"img-container\"><img decoding=\"async\" src=\"https:\/\/cerrajeriacercasa.com\/wp-content\/uploads\/2025\/04\/Fachada-Cercasa-Canarias-569x379.jpg\" alt=\"Filiale Pol\u00edgono Industrial de G\u00fc\u00edmar\"\/><\/div><\/a><div class=\"services-content\"><div class=\"sc-wraper\"><h3><a href=\"http:\/\/cerrajeriacercasa.com\/de\/filiale-guimar\/\">Filiale Pol\u00edgono Industrial de G\u00fc\u00edmar<\/a><\/h3><\/div><\/div><\/div><div class=\"services-box col nomargin\"><a href=\"https:\/\/cerrajeriacercasa.com\/de\/filiale-guimar\/\"><div class=\"img-container\"><img decoding=\"async\" src=\"https:\/\/cerrajeriacercasa.com\/wp-content\/uploads\/2023\/10\/Cercasa-Canarias-fonde-acero-569x379.jpg\" alt=\"F\u00fchrend in der Eisen- und Stahlbranche\"\/><\/div><\/a><div class=\"services-content\"><div class=\"sc-wraper\"><h3><a href=\"https:\/\/cerrajeriacercasa.com\/de\/filiale-guimar\/\">F\u00fchrend in der Eisen- und Stahlbranche<\/a><\/h3><\/div><\/div><\/div><div class=\"clear\"><\/div><\/div>\n","protected":false},"excerpt":{"rendered":"<p>Metallkonstruktionen Cercasa &nbsp; Cercasa wurde 1969 von Manuel Sanfiel Le\u00f3n als kleine Schlosserei in der Avenida La Candelaria, 18 en [&hellip;]<\/p>\n","protected":false},"author":1,"featured_media":0,"parent":0,"menu_order":0,"comment_status":"closed","ping_status":"closed","template":"template-full-custom.php","meta":{"_monsterinsights_skip_tracking":false,"_monsterinsights_sitenote_active":false,"_monsterinsights_sitenote_note":"","_monsterinsights_sitenote_category":0,"footnotes":""},"class_list":["post-3910","page","type-page","status-publish","hentry"],"yoast_head":"<!-- This site is optimized with the Yoast SEO plugin v27.3 - https:\/\/yoast.com\/product\/yoast-seo-wordpress\/ -->\n<title>\u00dcber uns - Construcciones Met\u00e1licas Cercasa<\/title>\n<meta name=\"description\" content=\"Bei Cercasa bilden wir ein grossartiges Multifunktionsteam bei dem wir alle zusammen st\u00e4ndig versuchen dem Kunden die beste Information, Qualit\u00e4t und Ausf\u00fchrung bieten zu k\u00f6nnen.\" \/>\n<meta name=\"robots\" content=\"index, follow, max-snippet:-1, max-image-preview:large, max-video-preview:-1\" \/>\n<link rel=\"canonical\" href=\"https:\/\/cerrajeriacercasa.com\/de\/ueber-uns\/\" \/>\n<meta property=\"og:locale\" content=\"de_DE\" \/>\n<meta property=\"og:type\" content=\"article\" \/>\n<meta property=\"og:title\" content=\"\u00dcber uns - Construcciones Met\u00e1licas Cercasa\" \/>\n<meta property=\"og:description\" content=\"Bei Cercasa bilden wir ein grossartiges Multifunktionsteam bei dem wir alle zusammen st\u00e4ndig versuchen dem Kunden die beste Information, Qualit\u00e4t und Ausf\u00fchrung bieten zu k\u00f6nnen.\" \/>\n<meta property=\"og:url\" content=\"https:\/\/cerrajeriacercasa.com\/de\/ueber-uns\/\" \/>\n<meta property=\"og:site_name\" content=\"Construcciones Met\u00e1licas Cercasa\" \/>\n<meta property=\"article:publisher\" content=\"https:\/\/www.facebook.com\/CercasaCerrajeria\/\" \/>\n<meta property=\"article:modified_time\" content=\"2020-05-12T13:16:04+00:00\" \/>\n<meta property=\"og:image\" content=\"http:\/\/cerrajeriacercasa.com\/wp-content\/uploads\/2014\/05\/cercasa-chicos-slider-Copy.jpg\" \/>\n<meta name=\"twitter:card\" content=\"summary_large_image\" \/>\n<meta name=\"twitter:label1\" content=\"Gesch\u00e4tzte Lesezeit\" \/>\n\t<meta name=\"twitter:data1\" content=\"2\u00a0Minuten\" \/>\n<script type=\"application\/ld+json\" class=\"yoast-schema-graph\">{\"@context\":\"https:\\\/\\\/schema.org\",\"@graph\":[{\"@type\":\"WebPage\",\"@id\":\"https:\\\/\\\/cerrajeriacercasa.com\\\/de\\\/ueber-uns\\\/\",\"url\":\"https:\\\/\\\/cerrajeriacercasa.com\\\/de\\\/ueber-uns\\\/\",\"name\":\"\u00dcber uns - Construcciones Met\u00e1licas Cercasa\",\"isPartOf\":{\"@id\":\"https:\\\/\\\/cerrajeriacercasa.com\\\/#website\"},\"primaryImageOfPage\":{\"@id\":\"https:\\\/\\\/cerrajeriacercasa.com\\\/de\\\/ueber-uns\\\/#primaryimage\"},\"image\":{\"@id\":\"https:\\\/\\\/cerrajeriacercasa.com\\\/de\\\/ueber-uns\\\/#primaryimage\"},\"thumbnailUrl\":\"http:\\\/\\\/cerrajeriacercasa.com\\\/wp-content\\\/uploads\\\/2014\\\/05\\\/cercasa-chicos-slider-Copy.jpg\",\"datePublished\":\"2014-05-21T02:57:47+00:00\",\"dateModified\":\"2020-05-12T13:16:04+00:00\",\"description\":\"Bei Cercasa bilden wir ein grossartiges Multifunktionsteam bei dem wir alle zusammen st\u00e4ndig versuchen dem Kunden die beste Information, Qualit\u00e4t und Ausf\u00fchrung bieten zu k\u00f6nnen.\",\"breadcrumb\":{\"@id\":\"https:\\\/\\\/cerrajeriacercasa.com\\\/de\\\/ueber-uns\\\/#breadcrumb\"},\"inLanguage\":\"de\",\"potentialAction\":[{\"@type\":\"ReadAction\",\"target\":[\"https:\\\/\\\/cerrajeriacercasa.com\\\/de\\\/ueber-uns\\\/\"]}]},{\"@type\":\"ImageObject\",\"inLanguage\":\"de\",\"@id\":\"https:\\\/\\\/cerrajeriacercasa.com\\\/de\\\/ueber-uns\\\/#primaryimage\",\"url\":\"http:\\\/\\\/cerrajeriacercasa.com\\\/wp-content\\\/uploads\\\/2014\\\/05\\\/cercasa-chicos-slider-Copy.jpg\",\"contentUrl\":\"http:\\\/\\\/cerrajeriacercasa.com\\\/wp-content\\\/uploads\\\/2014\\\/05\\\/cercasa-chicos-slider-Copy.jpg\"},{\"@type\":\"BreadcrumbList\",\"@id\":\"https:\\\/\\\/cerrajeriacercasa.com\\\/de\\\/ueber-uns\\\/#breadcrumb\",\"itemListElement\":[{\"@type\":\"ListItem\",\"position\":1,\"name\":\"Portada\",\"item\":\"https:\\\/\\\/cerrajeriacercasa.com\\\/de\\\/\"},{\"@type\":\"ListItem\",\"position\":2,\"name\":\"\u00dcber uns\"}]},{\"@type\":\"WebSite\",\"@id\":\"https:\\\/\\\/cerrajeriacercasa.com\\\/#website\",\"url\":\"https:\\\/\\\/cerrajeriacercasa.com\\\/\",\"name\":\"Construcciones Met\u00e1licas Cercasa\",\"description\":\"Construcciones Met\u00e1licas Tenerife, Acero inoxidable Tenerife, Puertas, Barandas, Escaleras, Rejas, Estructuras met\u00e1licas, Automatismos, Mobiliario\",\"publisher\":{\"@id\":\"https:\\\/\\\/cerrajeriacercasa.com\\\/#organization\"},\"potentialAction\":[{\"@type\":\"SearchAction\",\"target\":{\"@type\":\"EntryPoint\",\"urlTemplate\":\"https:\\\/\\\/cerrajeriacercasa.com\\\/?s={search_term_string}\"},\"query-input\":{\"@type\":\"PropertyValueSpecification\",\"valueRequired\":true,\"valueName\":\"search_term_string\"}}],\"inLanguage\":\"de\"},{\"@type\":\"Organization\",\"@id\":\"https:\\\/\\\/cerrajeriacercasa.com\\\/#organization\",\"name\":\"Cercasa Construcciones Met\u00e1licas en Tenerife\",\"url\":\"https:\\\/\\\/cerrajeriacercasa.com\\\/\",\"logo\":{\"@type\":\"ImageObject\",\"inLanguage\":\"de\",\"@id\":\"https:\\\/\\\/cerrajeriacercasa.com\\\/#\\\/schema\\\/logo\\\/image\\\/\",\"url\":\"https:\\\/\\\/cerrajeriacercasa.com\\\/wp-content\\\/uploads\\\/2017\\\/10\\\/LOGO-DE-CERCASA.jpg\",\"contentUrl\":\"https:\\\/\\\/cerrajeriacercasa.com\\\/wp-content\\\/uploads\\\/2017\\\/10\\\/LOGO-DE-CERCASA.jpg\",\"width\":1600,\"height\":670,\"caption\":\"Cercasa Construcciones Met\u00e1licas en Tenerife\"},\"image\":{\"@id\":\"https:\\\/\\\/cerrajeriacercasa.com\\\/#\\\/schema\\\/logo\\\/image\\\/\"},\"sameAs\":[\"https:\\\/\\\/www.facebook.com\\\/CercasaCerrajeria\\\/\",\"https:\\\/\\\/www.instagram.com\\\/construccionesmetalicascercasa\\\/\",\"https:\\\/\\\/www.youtube.com\\\/channel\\\/UCqzrGX0qFS7v2iwZjMT-dag\\\/featured\"]}]}<\/script>\n<!-- \/ Yoast SEO plugin. -->","yoast_head_json":{"title":"\u00dcber uns - Construcciones Met\u00e1licas Cercasa","description":"Bei Cercasa bilden wir ein grossartiges Multifunktionsteam bei dem wir alle zusammen st\u00e4ndig versuchen dem Kunden die beste Information, Qualit\u00e4t und Ausf\u00fchrung bieten zu k\u00f6nnen.","robots":{"index":"index","follow":"follow","max-snippet":"max-snippet:-1","max-image-preview":"max-image-preview:large","max-video-preview":"max-video-preview:-1"},"canonical":"https:\/\/cerrajeriacercasa.com\/de\/ueber-uns\/","og_locale":"de_DE","og_type":"article","og_title":"\u00dcber uns - Construcciones Met\u00e1licas Cercasa","og_description":"Bei Cercasa bilden wir ein grossartiges Multifunktionsteam bei dem wir alle zusammen st\u00e4ndig versuchen dem Kunden die beste Information, Qualit\u00e4t und Ausf\u00fchrung bieten zu k\u00f6nnen.","og_url":"https:\/\/cerrajeriacercasa.com\/de\/ueber-uns\/","og_site_name":"Construcciones Met\u00e1licas Cercasa","article_publisher":"https:\/\/www.facebook.com\/CercasaCerrajeria\/","article_modified_time":"2020-05-12T13:16:04+00:00","og_image":[{"url":"http:\/\/cerrajeriacercasa.com\/wp-content\/uploads\/2014\/05\/cercasa-chicos-slider-Copy.jpg","type":"","width":"","height":""}],"twitter_card":"summary_large_image","twitter_misc":{"Gesch\u00e4tzte Lesezeit":"2\u00a0Minuten"},"schema":{"@context":"https:\/\/schema.org","@graph":[{"@type":"WebPage","@id":"https:\/\/cerrajeriacercasa.com\/de\/ueber-uns\/","url":"https:\/\/cerrajeriacercasa.com\/de\/ueber-uns\/","name":"\u00dcber uns - Construcciones Met\u00e1licas Cercasa","isPartOf":{"@id":"https:\/\/cerrajeriacercasa.com\/#website"},"primaryImageOfPage":{"@id":"https:\/\/cerrajeriacercasa.com\/de\/ueber-uns\/#primaryimage"},"image":{"@id":"https:\/\/cerrajeriacercasa.com\/de\/ueber-uns\/#primaryimage"},"thumbnailUrl":"http:\/\/cerrajeriacercasa.com\/wp-content\/uploads\/2014\/05\/cercasa-chicos-slider-Copy.jpg","datePublished":"2014-05-21T02:57:47+00:00","dateModified":"2020-05-12T13:16:04+00:00","description":"Bei Cercasa bilden wir ein grossartiges Multifunktionsteam bei dem wir alle zusammen st\u00e4ndig versuchen dem Kunden die beste Information, Qualit\u00e4t und Ausf\u00fchrung bieten zu k\u00f6nnen.","breadcrumb":{"@id":"https:\/\/cerrajeriacercasa.com\/de\/ueber-uns\/#breadcrumb"},"inLanguage":"de","potentialAction":[{"@type":"ReadAction","target":["https:\/\/cerrajeriacercasa.com\/de\/ueber-uns\/"]}]},{"@type":"ImageObject","inLanguage":"de","@id":"https:\/\/cerrajeriacercasa.com\/de\/ueber-uns\/#primaryimage","url":"http:\/\/cerrajeriacercasa.com\/wp-content\/uploads\/2014\/05\/cercasa-chicos-slider-Copy.jpg","contentUrl":"http:\/\/cerrajeriacercasa.com\/wp-content\/uploads\/2014\/05\/cercasa-chicos-slider-Copy.jpg"},{"@type":"BreadcrumbList","@id":"https:\/\/cerrajeriacercasa.com\/de\/ueber-uns\/#breadcrumb","itemListElement":[{"@type":"ListItem","position":1,"name":"Portada","item":"https:\/\/cerrajeriacercasa.com\/de\/"},{"@type":"ListItem","position":2,"name":"\u00dcber uns"}]},{"@type":"WebSite","@id":"https:\/\/cerrajeriacercasa.com\/#website","url":"https:\/\/cerrajeriacercasa.com\/","name":"Construcciones Met\u00e1licas Cercasa","description":"Construcciones Met\u00e1licas Tenerife, Acero inoxidable Tenerife, Puertas, Barandas, Escaleras, Rejas, Estructuras met\u00e1licas, Automatismos, Mobiliario","publisher":{"@id":"https:\/\/cerrajeriacercasa.com\/#organization"},"potentialAction":[{"@type":"SearchAction","target":{"@type":"EntryPoint","urlTemplate":"https:\/\/cerrajeriacercasa.com\/?s={search_term_string}"},"query-input":{"@type":"PropertyValueSpecification","valueRequired":true,"valueName":"search_term_string"}}],"inLanguage":"de"},{"@type":"Organization","@id":"https:\/\/cerrajeriacercasa.com\/#organization","name":"Cercasa Construcciones Met\u00e1licas en Tenerife","url":"https:\/\/cerrajeriacercasa.com\/","logo":{"@type":"ImageObject","inLanguage":"de","@id":"https:\/\/cerrajeriacercasa.com\/#\/schema\/logo\/image\/","url":"https:\/\/cerrajeriacercasa.com\/wp-content\/uploads\/2017\/10\/LOGO-DE-CERCASA.jpg","contentUrl":"https:\/\/cerrajeriacercasa.com\/wp-content\/uploads\/2017\/10\/LOGO-DE-CERCASA.jpg","width":1600,"height":670,"caption":"Cercasa Construcciones Met\u00e1licas en Tenerife"},"image":{"@id":"https:\/\/cerrajeriacercasa.com\/#\/schema\/logo\/image\/"},"sameAs":["https:\/\/www.facebook.com\/CercasaCerrajeria\/","https:\/\/www.instagram.com\/construccionesmetalicascercasa\/","https:\/\/www.youtube.com\/channel\/UCqzrGX0qFS7v2iwZjMT-dag\/featured"]}]}},"_links":{"self":[{"href":"https:\/\/cerrajeriacercasa.com\/de\/wp-json\/wp\/v2\/pages\/3910","targetHints":{"allow":["GET"]}}],"collection":[{"href":"https:\/\/cerrajeriacercasa.com\/de\/wp-json\/wp\/v2\/pages"}],"about":[{"href":"https:\/\/cerrajeriacercasa.com\/de\/wp-json\/wp\/v2\/types\/page"}],"author":[{"embeddable":true,"href":"https:\/\/cerrajeriacercasa.com\/de\/wp-json\/wp\/v2\/users\/1"}],"replies":[{"embeddable":true,"href":"https:\/\/cerrajeriacercasa.com\/de\/wp-json\/wp\/v2\/comments?post=3910"}],"version-history":[{"count":6,"href":"https:\/\/cerrajeriacercasa.com\/de\/wp-json\/wp\/v2\/pages\/3910\/revisions"}],"predecessor-version":[{"id":6343,"href":"https:\/\/cerrajeriacercasa.com\/de\/wp-json\/wp\/v2\/pages\/3910\/revisions\/6343"}],"wp:attachment":[{"href":"https:\/\/cerrajeriacercasa.com\/de\/wp-json\/wp\/v2\/media?parent=3910"}],"curies":[{"name":"wp","href":"https:\/\/api.w.org\/{rel}","templated":true}]}}