{"id":3931,"date":"2017-10-04T13:05:05","date_gmt":"2017-10-04T13:05:05","guid":{"rendered":"http:\/\/cerrajeriacercasa.com\/sede-guimar\/"},"modified":"2025-09-24T11:59:37","modified_gmt":"2025-09-24T11:59:37","slug":"filiale-guimar-2","status":"publish","type":"page","link":"https:\/\/cerrajeriacercasa.com\/de\/filiale-guimar-2\/","title":{"rendered":"Filiale G\u00fc\u00edmar"},"content":{"rendered":"<div class=\"section-full-width section-light2\" style=\"background-color:#f7f7f7;\" id=\"kontakt\"><div class=\"section-boxed\" style=\"color:#777777;\"><h2 class=\"section-title\" style=\"color:#252525;\">KONTAKT<\/h2><h4 style=\"color:#252525;\" class=\"sub-title\">Cercasa G\u00fa\u00edmar<\/h4><\/p>\n<p style=\"text-align: center;\">Mit diesem Kontaktformular k\u00f6nnen sie einen Termin vereinbaren. Oder sie rufen uns an oder senden ein email:<\/p>\n<h2 style=\"text-align: center;\" align=\"justify\">+34 922 25 82 49<\/h2>\n<h3 style=\"text-align: center;\" align=\"justify\">info@cercasacanarias.es<\/h3>\n<h3 style=\"text-align: center;\" align=\"justify\">Ge\u00f6ffnet Montag bis Freitag 8 bis 16 Uhr<\/h3>\n<h3 style=\"text-align: center;\" align=\"justify\">Pol. Ind. G\u00fc\u00edmar, Manzana 5, Parcela 22, Nave 1 &#8211; 38550 Arafo &#8211; Teneriffa<\/h3>\n<p>\n<\/div><\/div>\n<h3 align=\"justify\"><\/h3>\n<h3 style=\"text-align: center;\" align=\"justify\"><\/h3>\n<p><iframe loading=\"lazy\" style=\"border: 0;\" src=\"https:\/\/www.google.com\/maps\/embed?pb=!1m18!1m12!1m3!1d7229.496781247474!2d-16.374596073115566!3d28.33334926387088!2m3!1f0!2f0!3f0!3m2!1i1024!2i768!4f13.1!3m3!1m2!1s0xc402ddd3f710acf%3A0xd38cb5f538195e6f!2sConstrucciones+Met%C3%A1licas+Cercasa+G%C3%BC%C3%ADmar!5e0!3m2!1ses!2ses!4v1507118471371\" width=\"100%\" height=\"450\" frameborder=\"0\" allowfullscreen=\"allowfullscreen\"><\/iframe><\/p>\n<p>&nbsp;<\/p>\n<h2 class=\"page-heading\" style=\"text-align: center;\">Virtuelle Tour 360\u00ba<\/h2>\n<p style=\"text-align: center;\">Besuche uns virtuell und spaziere durch unsere Gesch\u00e4ftsr\u00e4ume der Filiale Cercasa in G\u00fc\u00edmar<\/p>\n<p>&nbsp;<\/p>\n<p><iframe loading=\"lazy\" style=\"border: 0;\" src=\"https:\/\/www.google.com\/maps\/embed?pb=!1m0!4v1507118378521!6m8!1m7!1s45lYw9wEXwcAAAQvvaky5w!2m2!1d28.33388609138455!2d-16.37155318561986!3f68.26640991824374!4f4.314694649057444!5f0.7125640816947985\" width=\"100%\" height=\"450\" frameborder=\"0\" allowfullscreen=\"allowfullscreen\"><\/iframe><br \/>\n&nbsp;<\/p>\n","protected":false},"excerpt":{"rendered":"<p>&nbsp; Virtuelle Tour 360\u00ba Besuche uns virtuell und spaziere durch unsere Gesch\u00e4ftsr\u00e4ume der Filiale Cercasa in G\u00fc\u00edmar &nbsp; &nbsp;<\/p>\n","protected":false},"author":1,"featured_media":0,"parent":0,"menu_order":0,"comment_status":"closed","ping_status":"closed","template":"template-full-custom.php","meta":{"_monsterinsights_skip_tracking":false,"_monsterinsights_sitenote_active":false,"_monsterinsights_sitenote_note":"","_monsterinsights_sitenote_category":0,"footnotes":""},"class_list":["post-3931","page","type-page","status-publish","hentry"],"yoast_head":"<!-- This site is optimized with the Yoast SEO plugin v27.3 - https:\/\/yoast.com\/product\/yoast-seo-wordpress\/ -->\n<title>Filiale G\u00fc\u00edmar - Construcciones Met\u00e1licas Cercasa<\/title>\n<meta name=\"description\" content=\"Kontakt filiale G\u00fc\u00edmar de Metallkonstruktionen Cercasa en Pol. Ind. \u00fc\u00edmar, mz. 5, parc. 2, nave 1, Arafo. Tel. 922 25 82 49 - 679 16 59 52\" \/>\n<meta name=\"robots\" content=\"index, follow, max-snippet:-1, max-image-preview:large, max-video-preview:-1\" \/>\n<link rel=\"canonical\" href=\"https:\/\/cerrajeriacercasa.com\/de\/filiale-guimar-2\/\" \/>\n<meta property=\"og:locale\" content=\"de_DE\" \/>\n<meta property=\"og:type\" content=\"article\" \/>\n<meta property=\"og:title\" content=\"Filiale G\u00fc\u00edmar - Construcciones Met\u00e1licas Cercasa\" \/>\n<meta property=\"og:description\" content=\"Kontakt filiale G\u00fc\u00edmar de Metallkonstruktionen Cercasa en Pol. Ind. \u00fc\u00edmar, mz. 5, parc. 2, nave 1, Arafo. Tel. 922 25 82 49 - 679 16 59 52\" \/>\n<meta property=\"og:url\" content=\"https:\/\/cerrajeriacercasa.com\/de\/filiale-guimar-2\/\" \/>\n<meta property=\"og:site_name\" content=\"Construcciones Met\u00e1licas Cercasa\" \/>\n<meta property=\"article:publisher\" content=\"https:\/\/www.facebook.com\/CercasaCerrajeria\/\" \/>\n<meta property=\"article:modified_time\" content=\"2025-09-24T11:59:37+00:00\" \/>\n<meta name=\"twitter:card\" content=\"summary_large_image\" \/>\n<meta name=\"twitter:label1\" content=\"Gesch\u00e4tzte Lesezeit\" \/>\n\t<meta name=\"twitter:data1\" content=\"1\u00a0Minute\" \/>\n<script type=\"application\/ld+json\" class=\"yoast-schema-graph\">{\"@context\":\"https:\\\/\\\/schema.org\",\"@graph\":[{\"@type\":\"WebPage\",\"@id\":\"https:\\\/\\\/cerrajeriacercasa.com\\\/de\\\/filiale-guimar-2\\\/\",\"url\":\"https:\\\/\\\/cerrajeriacercasa.com\\\/de\\\/filiale-guimar-2\\\/\",\"name\":\"Filiale G\u00fc\u00edmar - Construcciones Met\u00e1licas Cercasa\",\"isPartOf\":{\"@id\":\"https:\\\/\\\/cerrajeriacercasa.com\\\/#website\"},\"datePublished\":\"2017-10-04T13:05:05+00:00\",\"dateModified\":\"2025-09-24T11:59:37+00:00\",\"description\":\"Kontakt filiale G\u00fc\u00edmar de Metallkonstruktionen Cercasa en Pol. Ind. \u00fc\u00edmar, mz. 5, parc. 2, nave 1, Arafo. Tel. 922 25 82 49 - 679 16 59 52\",\"breadcrumb\":{\"@id\":\"https:\\\/\\\/cerrajeriacercasa.com\\\/de\\\/filiale-guimar-2\\\/#breadcrumb\"},\"inLanguage\":\"de\",\"potentialAction\":[{\"@type\":\"ReadAction\",\"target\":[\"https:\\\/\\\/cerrajeriacercasa.com\\\/de\\\/filiale-guimar-2\\\/\"]}]},{\"@type\":\"BreadcrumbList\",\"@id\":\"https:\\\/\\\/cerrajeriacercasa.com\\\/de\\\/filiale-guimar-2\\\/#breadcrumb\",\"itemListElement\":[{\"@type\":\"ListItem\",\"position\":1,\"name\":\"Portada\",\"item\":\"https:\\\/\\\/cerrajeriacercasa.com\\\/de\\\/\"},{\"@type\":\"ListItem\",\"position\":2,\"name\":\"Filiale G\u00fc\u00edmar\"}]},{\"@type\":\"WebSite\",\"@id\":\"https:\\\/\\\/cerrajeriacercasa.com\\\/#website\",\"url\":\"https:\\\/\\\/cerrajeriacercasa.com\\\/\",\"name\":\"Construcciones Met\u00e1licas Cercasa\",\"description\":\"Construcciones Met\u00e1licas Tenerife, Acero inoxidable Tenerife, Puertas, Barandas, Escaleras, Rejas, Estructuras met\u00e1licas, Automatismos, Mobiliario\",\"publisher\":{\"@id\":\"https:\\\/\\\/cerrajeriacercasa.com\\\/#organization\"},\"potentialAction\":[{\"@type\":\"SearchAction\",\"target\":{\"@type\":\"EntryPoint\",\"urlTemplate\":\"https:\\\/\\\/cerrajeriacercasa.com\\\/?s={search_term_string}\"},\"query-input\":{\"@type\":\"PropertyValueSpecification\",\"valueRequired\":true,\"valueName\":\"search_term_string\"}}],\"inLanguage\":\"de\"},{\"@type\":\"Organization\",\"@id\":\"https:\\\/\\\/cerrajeriacercasa.com\\\/#organization\",\"name\":\"Cercasa Construcciones Met\u00e1licas en Tenerife\",\"url\":\"https:\\\/\\\/cerrajeriacercasa.com\\\/\",\"logo\":{\"@type\":\"ImageObject\",\"inLanguage\":\"de\",\"@id\":\"https:\\\/\\\/cerrajeriacercasa.com\\\/#\\\/schema\\\/logo\\\/image\\\/\",\"url\":\"https:\\\/\\\/cerrajeriacercasa.com\\\/wp-content\\\/uploads\\\/2017\\\/10\\\/LOGO-DE-CERCASA.jpg\",\"contentUrl\":\"https:\\\/\\\/cerrajeriacercasa.com\\\/wp-content\\\/uploads\\\/2017\\\/10\\\/LOGO-DE-CERCASA.jpg\",\"width\":1600,\"height\":670,\"caption\":\"Cercasa Construcciones Met\u00e1licas en Tenerife\"},\"image\":{\"@id\":\"https:\\\/\\\/cerrajeriacercasa.com\\\/#\\\/schema\\\/logo\\\/image\\\/\"},\"sameAs\":[\"https:\\\/\\\/www.facebook.com\\\/CercasaCerrajeria\\\/\",\"https:\\\/\\\/www.instagram.com\\\/construccionesmetalicascercasa\\\/\",\"https:\\\/\\\/www.youtube.com\\\/channel\\\/UCqzrGX0qFS7v2iwZjMT-dag\\\/featured\"]}]}<\/script>\n<!-- \/ Yoast SEO plugin. -->","yoast_head_json":{"title":"Filiale G\u00fc\u00edmar - Construcciones Met\u00e1licas Cercasa","description":"Kontakt filiale G\u00fc\u00edmar de Metallkonstruktionen Cercasa en Pol. Ind. \u00fc\u00edmar, mz. 5, parc. 2, nave 1, Arafo. Tel. 922 25 82 49 - 679 16 59 52","robots":{"index":"index","follow":"follow","max-snippet":"max-snippet:-1","max-image-preview":"max-image-preview:large","max-video-preview":"max-video-preview:-1"},"canonical":"https:\/\/cerrajeriacercasa.com\/de\/filiale-guimar-2\/","og_locale":"de_DE","og_type":"article","og_title":"Filiale G\u00fc\u00edmar - Construcciones Met\u00e1licas Cercasa","og_description":"Kontakt filiale G\u00fc\u00edmar de Metallkonstruktionen Cercasa en Pol. Ind. \u00fc\u00edmar, mz. 5, parc. 2, nave 1, Arafo. Tel. 922 25 82 49 - 679 16 59 52","og_url":"https:\/\/cerrajeriacercasa.com\/de\/filiale-guimar-2\/","og_site_name":"Construcciones Met\u00e1licas Cercasa","article_publisher":"https:\/\/www.facebook.com\/CercasaCerrajeria\/","article_modified_time":"2025-09-24T11:59:37+00:00","twitter_card":"summary_large_image","twitter_misc":{"Gesch\u00e4tzte Lesezeit":"1\u00a0Minute"},"schema":{"@context":"https:\/\/schema.org","@graph":[{"@type":"WebPage","@id":"https:\/\/cerrajeriacercasa.com\/de\/filiale-guimar-2\/","url":"https:\/\/cerrajeriacercasa.com\/de\/filiale-guimar-2\/","name":"Filiale G\u00fc\u00edmar - Construcciones Met\u00e1licas Cercasa","isPartOf":{"@id":"https:\/\/cerrajeriacercasa.com\/#website"},"datePublished":"2017-10-04T13:05:05+00:00","dateModified":"2025-09-24T11:59:37+00:00","description":"Kontakt filiale G\u00fc\u00edmar de Metallkonstruktionen Cercasa en Pol. Ind. \u00fc\u00edmar, mz. 5, parc. 2, nave 1, Arafo. Tel. 922 25 82 49 - 679 16 59 52","breadcrumb":{"@id":"https:\/\/cerrajeriacercasa.com\/de\/filiale-guimar-2\/#breadcrumb"},"inLanguage":"de","potentialAction":[{"@type":"ReadAction","target":["https:\/\/cerrajeriacercasa.com\/de\/filiale-guimar-2\/"]}]},{"@type":"BreadcrumbList","@id":"https:\/\/cerrajeriacercasa.com\/de\/filiale-guimar-2\/#breadcrumb","itemListElement":[{"@type":"ListItem","position":1,"name":"Portada","item":"https:\/\/cerrajeriacercasa.com\/de\/"},{"@type":"ListItem","position":2,"name":"Filiale G\u00fc\u00edmar"}]},{"@type":"WebSite","@id":"https:\/\/cerrajeriacercasa.com\/#website","url":"https:\/\/cerrajeriacercasa.com\/","name":"Construcciones Met\u00e1licas Cercasa","description":"Construcciones Met\u00e1licas Tenerife, Acero inoxidable Tenerife, Puertas, Barandas, Escaleras, Rejas, Estructuras met\u00e1licas, Automatismos, Mobiliario","publisher":{"@id":"https:\/\/cerrajeriacercasa.com\/#organization"},"potentialAction":[{"@type":"SearchAction","target":{"@type":"EntryPoint","urlTemplate":"https:\/\/cerrajeriacercasa.com\/?s={search_term_string}"},"query-input":{"@type":"PropertyValueSpecification","valueRequired":true,"valueName":"search_term_string"}}],"inLanguage":"de"},{"@type":"Organization","@id":"https:\/\/cerrajeriacercasa.com\/#organization","name":"Cercasa Construcciones Met\u00e1licas en Tenerife","url":"https:\/\/cerrajeriacercasa.com\/","logo":{"@type":"ImageObject","inLanguage":"de","@id":"https:\/\/cerrajeriacercasa.com\/#\/schema\/logo\/image\/","url":"https:\/\/cerrajeriacercasa.com\/wp-content\/uploads\/2017\/10\/LOGO-DE-CERCASA.jpg","contentUrl":"https:\/\/cerrajeriacercasa.com\/wp-content\/uploads\/2017\/10\/LOGO-DE-CERCASA.jpg","width":1600,"height":670,"caption":"Cercasa Construcciones Met\u00e1licas en Tenerife"},"image":{"@id":"https:\/\/cerrajeriacercasa.com\/#\/schema\/logo\/image\/"},"sameAs":["https:\/\/www.facebook.com\/CercasaCerrajeria\/","https:\/\/www.instagram.com\/construccionesmetalicascercasa\/","https:\/\/www.youtube.com\/channel\/UCqzrGX0qFS7v2iwZjMT-dag\/featured"]}]}},"_links":{"self":[{"href":"https:\/\/cerrajeriacercasa.com\/de\/wp-json\/wp\/v2\/pages\/3931","targetHints":{"allow":["GET"]}}],"collection":[{"href":"https:\/\/cerrajeriacercasa.com\/de\/wp-json\/wp\/v2\/pages"}],"about":[{"href":"https:\/\/cerrajeriacercasa.com\/de\/wp-json\/wp\/v2\/types\/page"}],"author":[{"embeddable":true,"href":"https:\/\/cerrajeriacercasa.com\/de\/wp-json\/wp\/v2\/users\/1"}],"replies":[{"embeddable":true,"href":"https:\/\/cerrajeriacercasa.com\/de\/wp-json\/wp\/v2\/comments?post=3931"}],"version-history":[{"count":11,"href":"https:\/\/cerrajeriacercasa.com\/de\/wp-json\/wp\/v2\/pages\/3931\/revisions"}],"predecessor-version":[{"id":8431,"href":"https:\/\/cerrajeriacercasa.com\/de\/wp-json\/wp\/v2\/pages\/3931\/revisions\/8431"}],"wp:attachment":[{"href":"https:\/\/cerrajeriacercasa.com\/de\/wp-json\/wp\/v2\/media?parent=3931"}],"curies":[{"name":"wp","href":"https:\/\/api.w.org\/{rel}","templated":true}]}}