{"id":3972,"date":"2014-05-21T04:05:45","date_gmt":"2014-05-21T04:05:45","guid":{"rendered":"http:\/\/cerrajeriacercasa.com\/servicios\/"},"modified":"2019-06-24T10:12:02","modified_gmt":"2019-06-24T10:12:02","slug":"leistungen","status":"publish","type":"page","link":"https:\/\/cerrajeriacercasa.com\/de\/leistungen\/","title":{"rendered":"Leistungen"},"content":{"rendered":"<div class=\"section-full-width section-light2\" style=\"background-color:#f7f7f7;\" id=\"leistungen\"><div class=\"section-boxed\" style=\"color:#777777;\"><h2 class=\"section-title\" style=\"color:#252525;\">Leistungen<\/h2><h4 style=\"color:#252525;\" class=\"sub-title\">Wir bauen alles, was du dir vorstellen kannst...<\/h4><\/p>\n<h4 style=\"text-align: center;\">Unsere Firma\u00a0<a href=\"\/?page_id=3910\"><span lang=\"ES-TRAD\">Metallstrukturen\u00a0<\/span>Cercasa<\/a> ist Marktf\u00fchrer im Metallbaubereich. Mit spezieller Maschinerie und qualifiziertem Personal k\u00f6nnen wir beste Qualit\u00e4t bieten.<\/h4>\n<h4 style=\"text-align: center;\">Wir machen verschiedenste Arbeiten aus Eisen und rostfreiem Stahl;<\/h4>\n<h4 style=\"text-align: center;\">Rostfreier Stahl, Automatismen, Glasverschalungen, Gel\u00e4nder, Treppengel\u00e4nder, Stahlstrukturen, Fertigh\u00e4user, Schliessmechanismen, T\u00fcrschl\u00f6sser, Metallkonstruktionen, leichte Metallverdeckungen, Elektrische Aufz\u00fcge, Behindertenaufz\u00fcge, Falttreppen, Rampen, Zugangstreppen, Wendeltreppen, Katzentreppen, Treppen f\u00fcr den Aussen- oder Innenbereich, Abbaubare Treppen, versteckte Treppen, Metalltreppen, Stellagen, Metallstellagen, bedachte Metallstrukturen, runde Metallstrukturen, Strukturen aus rostfreiem Stahl, Eisent\u00fcren, Geb\u00e4udeverdeckung f\u00fcr Fabrikshallen, Aufzugsservice, Serviceleistungen f\u00fcr Metallstrukturen, Hebeb\u00fchnen, T\u00fcrmotoren, Metallpergolas, Automatikt\u00fcren, Garagentore, Gitter, Eisengitter, Sicherheitsgitter, T\u00fcrgitter, Fenstergitter, L\u00f6sungen f\u00fcr Aufbewahrungssysteme, Verkauf von Metallstrukturen, Metallmobiliar, Mobiliar aus rostfreiem Stahl, Z\u00e4une,<\/h4>\n<h4 style=\"text-align: center;\">Weiters die Herstellung aller Arten von Schl\u00fcsselkopien, auch Autoschl\u00fcssel und Fernbedienungen, auch andere \u00d6ffnungsmethoden mit oder ohne Fernbedienung.<\/h4>\n<h4><\/h4>\n<p>\n<\/div><\/div>\n<div class=\"section-full-width section-dark parallax-fixed\" style=\"background-color:#252525;\" id=\"leistungen\"><div style=\"background-image:url(http:\/\/cerrajeriacercasa.com\/wp-content\/uploads\/2014\/05\/soldadura-slider.jpg); opacity:0.3; filter: alpha(opacity=30);\" class=\"full-bg-image\" ><\/div><div class=\"section-boxed\" style=\"color:#ffffff;\"><h2 class=\"section-title\" style=\"color:#ffffff;\">Leistungen<\/h2><h4 style=\"color:#ffffff;\" class=\"sub-title\">Marktf\u00fchrer im Bereich Metallurgie<\/h4><div class=\"services-wrapper services-icon cols-wrapper cols-4 pexeto-parallax\"><div class=\"services-box col\"><a href=\"http:\/\/cerrajeriacercasa.com\/de\/metallkonstruktion-teneriffa\/\"><div class=\"img-container\"><img decoding=\"async\" src=\"http:\/\/cerrajeriacercasa.com\/wp-content\/uploads\/2017\/10\/icons5-130x130.png\" alt=\"Metallkonstruktion\"\/><\/div><\/a><div class=\"services-content\"><div class=\"sc-wraper\"><h3><a href=\"http:\/\/cerrajeriacercasa.com\/de\/metallkonstruktion-teneriffa\/\">Metallkonstruktion<\/a><\/h3><p>Metallstrukturen f\u00fcr Abdeckungen jeder Art von Oberfl\u00e4chen<\/p><\/div><\/div><\/div><div class=\"services-box col\"><a href=\"http:\/\/cerrajeriacercasa.com\/de\/metalltreppen-teneriffa\/\"><div class=\"img-container\"><img decoding=\"async\" src=\"http:\/\/cerrajeriacercasa.com\/wp-content\/uploads\/2017\/10\/icons5-130x130.png\" alt=\"Metalltreppen\"\/><\/div><\/a><div class=\"services-content\"><div class=\"sc-wraper\"><h3><a href=\"http:\/\/cerrajeriacercasa.com\/de\/metalltreppen-teneriffa\/\">Metalltreppen<\/a><\/h3><p>Zugang Leitern, gerade, Notfall, Handl\u00e4ufe, Schnecke ...<\/p><\/div><\/div><\/div><div class=\"services-box col\"><a href=\"http:\/\/cerrajeriacercasa.com\/de\/zaeune-teneriffa\/\"><div class=\"img-container\"><img decoding=\"async\" src=\"http:\/\/cerrajeriacercasa.com\/wp-content\/uploads\/2017\/10\/icons5-130x130.png\" alt=\"Z\u00e4une\"\/><\/div><\/a><div class=\"services-content\"><div class=\"sc-wraper\"><h3><a href=\"http:\/\/cerrajeriacercasa.com\/de\/zaeune-teneriffa\/\">Z\u00e4une<\/a><\/h3><p>Metalll\u00f6sungen von bester Qualit\u00e4t und immer griffbereit, um Ihr Zuhause oder Gesch\u00e4ft zu sch\u00fctzen<\/p><\/div><\/div><\/div><div class=\"services-box col nomargin\"><a href=\"http:\/\/cerrajeriacercasa.com\/de\/metalltueren-teneriffa\/\"><div class=\"img-container\"><img decoding=\"async\" src=\"http:\/\/cerrajeriacercasa.com\/wp-content\/uploads\/2017\/10\/icons5-130x130.png\" alt=\"Metallt\u00fcren\"\/><\/div><\/a><div class=\"services-content\"><div class=\"sc-wraper\"><h3><a href=\"http:\/\/cerrajeriacercasa.com\/de\/metalltueren-teneriffa\/\">Metallt\u00fcren<\/a><\/h3><p>Spezialisten f\u00fcr die Schaffung von T\u00fcren, die Ihr Leben einfacher und sicherer machen<\/p><\/div><\/div><\/div><div class=\"services-box col\"><a href=\"http:\/\/cerrajeriacercasa.com\/de\/metallverschluesse-teneriffa\/\"><div class=\"img-container\"><img decoding=\"async\" src=\"http:\/\/cerrajeriacercasa.com\/wp-content\/uploads\/2017\/10\/icons5-130x130.png\" alt=\"Metallverschl\u00fcsse\"\/><\/div><\/a><div class=\"services-content\"><div class=\"sc-wraper\"><h3><a href=\"http:\/\/cerrajeriacercasa.com\/de\/metallverschluesse-teneriffa\/\">Metallverschl\u00fcsse<\/a><\/h3><p>Geh\u00e4use in Eisen, Schmiede, Edelstahl, Stahl Corten und alle Arten von Maschen<\/p><\/div><\/div><\/div><div class=\"services-box col\"><a href=\"http:\/\/cerrajeriacercasa.com\/de\/gelaender-teneriffa\/\"><div class=\"img-container\"><img decoding=\"async\" src=\"http:\/\/cerrajeriacercasa.com\/wp-content\/uploads\/2017\/10\/icons5-130x130.png\" alt=\"Gel\u00e4nder und Handl\u00e4ufe\"\/><\/div><\/a><div class=\"services-content\"><div class=\"sc-wraper\"><h3><a href=\"http:\/\/cerrajeriacercasa.com\/de\/gelaender-teneriffa\/\">Gel\u00e4nder und Handl\u00e4ufe<\/a><\/h3><p>Sicherheitsl\u00f6sungen f\u00fcr Au\u00dfenkorridore, Balkone, Treppen, Handl\u00e4ufe ...<\/p><\/div><\/div><\/div><div class=\"services-box col\"><a href=\"http:\/\/cerrajeriacercasa.com\/de\/automatisierungen-und-motorisierungen-teneriffa\/\"><div class=\"img-container\"><img decoding=\"async\" src=\"http:\/\/cerrajeriacercasa.com\/wp-content\/uploads\/2017\/10\/icons5-130x130.png\" alt=\"Automatisierungen und Motorisierungen \"\/><\/div><\/a><div class=\"services-content\"><div class=\"sc-wraper\"><h3><a href=\"http:\/\/cerrajeriacercasa.com\/de\/automatisierungen-und-motorisierungen-teneriffa\/\">Automatisierungen und Motorisierungen <\/a><\/h3><p>Wir haben automatische und motorisierte L\u00f6sungen, die Ihnen Komfort im Handling bieten<\/p><\/div><\/div><\/div><div class=\"services-box col nomargin\"><a href=\"http:\/\/cerrajeriacercasa.com\/de\/metallmoebel-teneriffa\/\"><div class=\"img-container\"><img decoding=\"async\" src=\"http:\/\/cerrajeriacercasa.com\/wp-content\/uploads\/2017\/10\/icons5-130x130.png\" alt=\"Metallm\u00f6bel\"\/><\/div><\/a><div class=\"services-content\"><div class=\"sc-wraper\"><h3><a href=\"http:\/\/cerrajeriacercasa.com\/de\/metallmoebel-teneriffa\/\">Metallm\u00f6bel<\/a><\/h3><p>Eine originelle und einzigartige Note in Ihrem Garten, in Ihrem Esszimmer, in Ihrem Wohnzimmer, in Ihrem Esszimmer, in Ihrer K\u00fcche ...<\/p><\/div><\/div><\/div><div class=\"clear\"><\/div><\/div>\n<\/div><\/div>\n<div class=\"section-full-width section-light2\" style=\"background-color:#fcfcfc;\" id=\"neuestemaschinerie\"><div class=\"section-boxed\" style=\"color:#777777;\"><h2 class=\"section-title\" style=\"color:#252525;\">Neueste Maschinerie<\/h2><h4 style=\"color:#252525;\" class=\"sub-title\">Alle Metallarbeiten, die Sie sich vorstellen k\u00f6nnen<\/h4><div class=\"services-wrapper services-default cols-wrapper cols-4\"><div class=\"services-box col\"><div class=\"img-container\"><img decoding=\"async\" src=\"http:\/\/cerrajeriacercasa.com\/wp-content\/uploads\/2017\/10\/16-3095-Diptico-Maquinaria-Cercasa-9-268x179.jpg\" alt=\"Faltmaschine, die bis zu 10mm dick und 4m lang faltet\"\/><\/div><div class=\"services-content\"><div class=\"sc-wraper\"><h3>Faltmaschine, die bis zu 10mm dick und 4m lang faltet<\/h3><p>Faltmaschine, Durma Cnc HAP 40160. Maximall\u00e4nge der Faltung: 4 m, Faltkraft: 160 Tonnen, Kontrol CNC an den 4 Ecken. Polivalent f\u00fcr verschiedenste Materialien, Kohlenstoffstahl, Rostfreier Stahl, Aluminium,\u2026<\/p><\/div><\/div><\/div><div class=\"services-box col\"><div class=\"img-container\"><img decoding=\"async\" src=\"http:\/\/cerrajeriacercasa.com\/wp-content\/uploads\/2017\/10\/16-3095-Diptico-Maquinaria-Cercasa-10-268x179.jpg\" alt=\"Schnittmaschine, schneidet bis zu 20 mm dicke und 3m L\u00e4nge\"\/><\/div><div class=\"services-content\"><div class=\"sc-wraper\"><h3>Schnittmaschine, schneidet bis zu 20 mm dicke und 3m L\u00e4nge<\/h3><p>Schnittmaschine: Diurma CNC HGM 3020. Maximall\u00e4nge des Schnittes: 3 m, Dicke: von 3-20mm bei Kohlenstoffstahl; bei anderen Materialien nach Nachfrage. Kontrol CNC f\u00fcr Serienproduktion<\/p><\/div><\/div><\/div><div class=\"services-box col\"><div class=\"img-container\"><img decoding=\"async\" src=\"http:\/\/cerrajeriacercasa.com\/wp-content\/uploads\/2017\/10\/16-3095-Maquinaria-Cercasa-A5-3-268x179.jpg\" alt=\"Durchstanzschere f\u00fcr 40x20 Lochung und Schnitte von maximal 600x15\"\/><\/div><div class=\"services-content\"><div class=\"sc-wraper\"><h3>Durchstanzschere f\u00fcr 40x20 Lochung und Schnitte von maximal 600x15<\/h3><p>Bearbeitungsstation Geka Hydra 110 SD. Multifunktionstation: Stanze (Durchmesser 40 mm - St\u00e4rke 20 mm max) \/\/ Schnitt f\u00fcr Platten (600*15mm - 400*20mm max_) \/\/ Rechteckiger Zuschnitt f\u00fcr sp\u00e4tere Faltung<\/p><\/div><\/div><\/div><div class=\"services-box col nomargin\"><div class=\"img-container\"><img decoding=\"async\" src=\"http:\/\/cerrajeriacercasa.com\/wp-content\/uploads\/2017\/10\/16-3095-Maquinaria-Cercasa-A5-4-268x179.jpg\" alt=\"Perfilkurvung n grossen Dimensionen\"\/><\/div><div class=\"services-content\"><div class=\"sc-wraper\"><h3>Perfilkurvung n grossen Dimensionen<\/h3><p>Kurven\/Biegestation Roundo R-5. Maschine mit grosser Kapazit\u00e4t. Gr\u00f6ssenbeispiele: -IPE und UPN 200mm max. -Hohlprofil: Quadrat 100*100*6 \/\/ Rund 140*6mm -kommerzielles Profil: Winkel 120 - 100 max \/\/Einfach T 120 - 100 max \/\/ Platte 250*30 - 100*30 (Masse je nach Biegung)<\/p><\/div><\/div><\/div><div class=\"clear\"><\/div><\/div>\n<\/div><\/div>\n<div class=\"section-full-width section-light2\" style=\"background-color:#f7f7f7;\" id=\"section-1\"><div class=\"section-boxed\" style=\"color:#777777;\"><div class=\"cta-element\"><h4 class=\"cta-small-title\">Hast du eine idee, weisst aber nicht wie du sie umsetzten kannst?<\/h4><h2 class=\"cta-title\">Zusammen finden wir den Weg<\/h2><a class=\"button\" href=\"http:\/\/cerrajeriacercasa.com\/de\/filiale-guimar\/\" target=\"_blank\"> Kostenforanschlag Beantragen<\/a><\/div>\n<\/div><\/div>\n<div class=\"services-wrapper services-boxed-photo cols-wrapper cols-2 pexeto-parallax\"><div class=\"services-box col\"><a href=\"http:\/\/cerrajeriacercasa.com\/de\/filiale-guimar\/\"><div class=\"img-container\"><img decoding=\"async\" src=\"https:\/\/cerrajeriacercasa.com\/wp-content\/uploads\/2025\/04\/Fachada-Cercasa-Canarias-569x379.jpg\" alt=\"Filiale Pol\u00edgono Industrial de G\u00fc\u00edmar\"\/><\/div><\/a><div class=\"services-content\"><div class=\"sc-wraper\"><h3><a href=\"http:\/\/cerrajeriacercasa.com\/de\/filiale-guimar\/\">Filiale Pol\u00edgono Industrial de G\u00fc\u00edmar<\/a><\/h3><\/div><\/div><\/div><div class=\"services-box col nomargin\"><a href=\"https:\/\/cerrajeriacercasa.com\/de\/filiale-guimar\/\"><div class=\"img-container\"><img decoding=\"async\" src=\"https:\/\/cerrajeriacercasa.com\/wp-content\/uploads\/2023\/10\/Cercasa-Canarias-fonde-acero-569x379.jpg\" alt=\"F\u00fchrend in der Eisen- und Stahlbranche\"\/><\/div><\/a><div class=\"services-content\"><div class=\"sc-wraper\"><h3><a href=\"https:\/\/cerrajeriacercasa.com\/de\/filiale-guimar\/\">F\u00fchrend in der Eisen- und Stahlbranche<\/a><\/h3><\/div><\/div><\/div><div class=\"clear\"><\/div><\/div>\n<p>&nbsp;<\/p>\n","protected":false},"excerpt":{"rendered":"<p>&nbsp;<\/p>\n","protected":false},"author":1,"featured_media":0,"parent":0,"menu_order":0,"comment_status":"closed","ping_status":"closed","template":"template-full-custom.php","meta":{"_monsterinsights_skip_tracking":false,"_monsterinsights_sitenote_active":false,"_monsterinsights_sitenote_note":"","_monsterinsights_sitenote_category":0,"footnotes":""},"class_list":["post-3972","page","type-page","status-publish","hentry"],"yoast_head":"<!-- This site is optimized with the Yoast SEO plugin v27.3 - https:\/\/yoast.com\/product\/yoast-seo-wordpress\/ -->\n<title>leistungen<\/title>\n<meta name=\"description\" content=\"Leistungen, Bei Metallkonstruktionen Cercasa sind wir f\u00fchrend in der Eisen- und Stahlindustrie.\" \/>\n<meta name=\"robots\" content=\"index, follow, max-snippet:-1, max-image-preview:large, max-video-preview:-1\" \/>\n<link rel=\"canonical\" href=\"https:\/\/cerrajeriacercasa.com\/de\/leistungen\/\" \/>\n<meta property=\"og:locale\" content=\"de_DE\" \/>\n<meta property=\"og:type\" content=\"article\" \/>\n<meta property=\"og:title\" content=\"leistungen\" \/>\n<meta property=\"og:description\" content=\"Leistungen, Bei Metallkonstruktionen Cercasa sind wir f\u00fchrend in der Eisen- und Stahlindustrie.\" \/>\n<meta property=\"og:url\" content=\"https:\/\/cerrajeriacercasa.com\/de\/leistungen\/\" \/>\n<meta property=\"og:site_name\" content=\"Construcciones Met\u00e1licas Cercasa\" \/>\n<meta property=\"article:publisher\" content=\"https:\/\/www.facebook.com\/CercasaCerrajeria\/\" \/>\n<meta property=\"article:modified_time\" content=\"2019-06-24T10:12:02+00:00\" \/>\n<meta name=\"twitter:card\" content=\"summary_large_image\" \/>\n<meta name=\"twitter:label1\" content=\"Gesch\u00e4tzte Lesezeit\" \/>\n\t<meta name=\"twitter:data1\" content=\"3\u00a0Minuten\" \/>\n<script type=\"application\/ld+json\" class=\"yoast-schema-graph\">{\"@context\":\"https:\\\/\\\/schema.org\",\"@graph\":[{\"@type\":\"WebPage\",\"@id\":\"https:\\\/\\\/cerrajeriacercasa.com\\\/de\\\/leistungen\\\/\",\"url\":\"https:\\\/\\\/cerrajeriacercasa.com\\\/de\\\/leistungen\\\/\",\"name\":\"leistungen\",\"isPartOf\":{\"@id\":\"https:\\\/\\\/cerrajeriacercasa.com\\\/#website\"},\"datePublished\":\"2014-05-21T04:05:45+00:00\",\"dateModified\":\"2019-06-24T10:12:02+00:00\",\"description\":\"Leistungen, Bei Metallkonstruktionen Cercasa sind wir f\u00fchrend in der Eisen- und Stahlindustrie.\",\"breadcrumb\":{\"@id\":\"https:\\\/\\\/cerrajeriacercasa.com\\\/de\\\/leistungen\\\/#breadcrumb\"},\"inLanguage\":\"de\",\"potentialAction\":[{\"@type\":\"ReadAction\",\"target\":[\"https:\\\/\\\/cerrajeriacercasa.com\\\/de\\\/leistungen\\\/\"]}]},{\"@type\":\"BreadcrumbList\",\"@id\":\"https:\\\/\\\/cerrajeriacercasa.com\\\/de\\\/leistungen\\\/#breadcrumb\",\"itemListElement\":[{\"@type\":\"ListItem\",\"position\":1,\"name\":\"Portada\",\"item\":\"https:\\\/\\\/cerrajeriacercasa.com\\\/de\\\/\"},{\"@type\":\"ListItem\",\"position\":2,\"name\":\"Leistungen\"}]},{\"@type\":\"WebSite\",\"@id\":\"https:\\\/\\\/cerrajeriacercasa.com\\\/#website\",\"url\":\"https:\\\/\\\/cerrajeriacercasa.com\\\/\",\"name\":\"Construcciones Met\u00e1licas Cercasa\",\"description\":\"Construcciones Met\u00e1licas Tenerife, Acero inoxidable Tenerife, Puertas, Barandas, Escaleras, Rejas, Estructuras met\u00e1licas, Automatismos, Mobiliario\",\"publisher\":{\"@id\":\"https:\\\/\\\/cerrajeriacercasa.com\\\/#organization\"},\"potentialAction\":[{\"@type\":\"SearchAction\",\"target\":{\"@type\":\"EntryPoint\",\"urlTemplate\":\"https:\\\/\\\/cerrajeriacercasa.com\\\/?s={search_term_string}\"},\"query-input\":{\"@type\":\"PropertyValueSpecification\",\"valueRequired\":true,\"valueName\":\"search_term_string\"}}],\"inLanguage\":\"de\"},{\"@type\":\"Organization\",\"@id\":\"https:\\\/\\\/cerrajeriacercasa.com\\\/#organization\",\"name\":\"Cercasa Construcciones Met\u00e1licas en Tenerife\",\"url\":\"https:\\\/\\\/cerrajeriacercasa.com\\\/\",\"logo\":{\"@type\":\"ImageObject\",\"inLanguage\":\"de\",\"@id\":\"https:\\\/\\\/cerrajeriacercasa.com\\\/#\\\/schema\\\/logo\\\/image\\\/\",\"url\":\"https:\\\/\\\/cerrajeriacercasa.com\\\/wp-content\\\/uploads\\\/2017\\\/10\\\/LOGO-DE-CERCASA.jpg\",\"contentUrl\":\"https:\\\/\\\/cerrajeriacercasa.com\\\/wp-content\\\/uploads\\\/2017\\\/10\\\/LOGO-DE-CERCASA.jpg\",\"width\":1600,\"height\":670,\"caption\":\"Cercasa Construcciones Met\u00e1licas en Tenerife\"},\"image\":{\"@id\":\"https:\\\/\\\/cerrajeriacercasa.com\\\/#\\\/schema\\\/logo\\\/image\\\/\"},\"sameAs\":[\"https:\\\/\\\/www.facebook.com\\\/CercasaCerrajeria\\\/\",\"https:\\\/\\\/www.instagram.com\\\/construccionesmetalicascercasa\\\/\",\"https:\\\/\\\/www.youtube.com\\\/channel\\\/UCqzrGX0qFS7v2iwZjMT-dag\\\/featured\"]}]}<\/script>\n<!-- \/ Yoast SEO plugin. -->","yoast_head_json":{"title":"leistungen","description":"Leistungen, Bei Metallkonstruktionen Cercasa sind wir f\u00fchrend in der Eisen- und Stahlindustrie.","robots":{"index":"index","follow":"follow","max-snippet":"max-snippet:-1","max-image-preview":"max-image-preview:large","max-video-preview":"max-video-preview:-1"},"canonical":"https:\/\/cerrajeriacercasa.com\/de\/leistungen\/","og_locale":"de_DE","og_type":"article","og_title":"leistungen","og_description":"Leistungen, Bei Metallkonstruktionen Cercasa sind wir f\u00fchrend in der Eisen- und Stahlindustrie.","og_url":"https:\/\/cerrajeriacercasa.com\/de\/leistungen\/","og_site_name":"Construcciones Met\u00e1licas Cercasa","article_publisher":"https:\/\/www.facebook.com\/CercasaCerrajeria\/","article_modified_time":"2019-06-24T10:12:02+00:00","twitter_card":"summary_large_image","twitter_misc":{"Gesch\u00e4tzte Lesezeit":"3\u00a0Minuten"},"schema":{"@context":"https:\/\/schema.org","@graph":[{"@type":"WebPage","@id":"https:\/\/cerrajeriacercasa.com\/de\/leistungen\/","url":"https:\/\/cerrajeriacercasa.com\/de\/leistungen\/","name":"leistungen","isPartOf":{"@id":"https:\/\/cerrajeriacercasa.com\/#website"},"datePublished":"2014-05-21T04:05:45+00:00","dateModified":"2019-06-24T10:12:02+00:00","description":"Leistungen, Bei Metallkonstruktionen Cercasa sind wir f\u00fchrend in der Eisen- und Stahlindustrie.","breadcrumb":{"@id":"https:\/\/cerrajeriacercasa.com\/de\/leistungen\/#breadcrumb"},"inLanguage":"de","potentialAction":[{"@type":"ReadAction","target":["https:\/\/cerrajeriacercasa.com\/de\/leistungen\/"]}]},{"@type":"BreadcrumbList","@id":"https:\/\/cerrajeriacercasa.com\/de\/leistungen\/#breadcrumb","itemListElement":[{"@type":"ListItem","position":1,"name":"Portada","item":"https:\/\/cerrajeriacercasa.com\/de\/"},{"@type":"ListItem","position":2,"name":"Leistungen"}]},{"@type":"WebSite","@id":"https:\/\/cerrajeriacercasa.com\/#website","url":"https:\/\/cerrajeriacercasa.com\/","name":"Construcciones Met\u00e1licas Cercasa","description":"Construcciones Met\u00e1licas Tenerife, Acero inoxidable Tenerife, Puertas, Barandas, Escaleras, Rejas, Estructuras met\u00e1licas, Automatismos, Mobiliario","publisher":{"@id":"https:\/\/cerrajeriacercasa.com\/#organization"},"potentialAction":[{"@type":"SearchAction","target":{"@type":"EntryPoint","urlTemplate":"https:\/\/cerrajeriacercasa.com\/?s={search_term_string}"},"query-input":{"@type":"PropertyValueSpecification","valueRequired":true,"valueName":"search_term_string"}}],"inLanguage":"de"},{"@type":"Organization","@id":"https:\/\/cerrajeriacercasa.com\/#organization","name":"Cercasa Construcciones Met\u00e1licas en Tenerife","url":"https:\/\/cerrajeriacercasa.com\/","logo":{"@type":"ImageObject","inLanguage":"de","@id":"https:\/\/cerrajeriacercasa.com\/#\/schema\/logo\/image\/","url":"https:\/\/cerrajeriacercasa.com\/wp-content\/uploads\/2017\/10\/LOGO-DE-CERCASA.jpg","contentUrl":"https:\/\/cerrajeriacercasa.com\/wp-content\/uploads\/2017\/10\/LOGO-DE-CERCASA.jpg","width":1600,"height":670,"caption":"Cercasa Construcciones Met\u00e1licas en Tenerife"},"image":{"@id":"https:\/\/cerrajeriacercasa.com\/#\/schema\/logo\/image\/"},"sameAs":["https:\/\/www.facebook.com\/CercasaCerrajeria\/","https:\/\/www.instagram.com\/construccionesmetalicascercasa\/","https:\/\/www.youtube.com\/channel\/UCqzrGX0qFS7v2iwZjMT-dag\/featured"]}]}},"_links":{"self":[{"href":"https:\/\/cerrajeriacercasa.com\/de\/wp-json\/wp\/v2\/pages\/3972","targetHints":{"allow":["GET"]}}],"collection":[{"href":"https:\/\/cerrajeriacercasa.com\/de\/wp-json\/wp\/v2\/pages"}],"about":[{"href":"https:\/\/cerrajeriacercasa.com\/de\/wp-json\/wp\/v2\/types\/page"}],"author":[{"embeddable":true,"href":"https:\/\/cerrajeriacercasa.com\/de\/wp-json\/wp\/v2\/users\/1"}],"replies":[{"embeddable":true,"href":"https:\/\/cerrajeriacercasa.com\/de\/wp-json\/wp\/v2\/comments?post=3972"}],"version-history":[{"count":10,"href":"https:\/\/cerrajeriacercasa.com\/de\/wp-json\/wp\/v2\/pages\/3972\/revisions"}],"predecessor-version":[{"id":5431,"href":"https:\/\/cerrajeriacercasa.com\/de\/wp-json\/wp\/v2\/pages\/3972\/revisions\/5431"}],"wp:attachment":[{"href":"https:\/\/cerrajeriacercasa.com\/de\/wp-json\/wp\/v2\/media?parent=3972"}],"curies":[{"name":"wp","href":"https:\/\/api.w.org\/{rel}","templated":true}]}}