{"id":3416,"date":"2014-05-21T04:05:45","date_gmt":"2014-05-21T04:05:45","guid":{"rendered":"http:\/\/cerrajeriacercasa.com\/servicios\/"},"modified":"2019-06-24T10:11:01","modified_gmt":"2019-06-24T10:11:01","slug":"services","status":"publish","type":"page","link":"https:\/\/cerrajeriacercasa.com\/en\/services\/","title":{"rendered":"Services"},"content":{"rendered":"<div class=\"section-full-width section-light2\" style=\"background-color:#f7f7f7;\" id=\"services\"><div class=\"section-boxed\" style=\"color:#777777;\"><h2 class=\"section-title\" style=\"color:#252525;\">Services<\/h2><h4 style=\"color:#252525;\" class=\"sub-title\">Every metal work you can imagine...<\/h4><\/p>\n<h4 style=\"text-align: center;\">In\u00a0<a href=\"http:\/\/cerrajeriacercasa.com\/en\/\">Cercasa Metallic Constructions<\/a>, we are leaders in the steel and metallurgy sectors. We have specialised equipment and qualified staff, which allow us to have the highest quality in our works.<\/h4>\n<h4 style=\"text-align: center;\">We make all kind of works in iron and stainless steel.<\/h4>\n<h4 style=\"text-align: center;\">Stainless steel, automatisms, glass and stainless steel handrails, railings for stairs, banisters<strong>,<\/strong> steel structures, prefabricated houses, locks, door locks, metal constructions,\u00a0light metal covers, electrical hoists, lifts for disable persons, folding ladders, metallic access stairs<strong>,<\/strong> metallic spiral stairs, metallic shaft ladders, indoor metallic stairs, wooden ladders, metal retractable stairs, metallic stairs and shelving, cover metallic structures, circular metallic structures, stainless steel structures, iron gates, industrial warehouses facades, lifts maintenance, metallic structures maintenance, service lifts, engines for doors, metallic pergolas, automatic gates, garage doors, iron grills, security grills, metal bars, grilles for doors and windows, gutters, solutions for storage, ceiling storage, sale of metal structures, metal and stainless steel furniture, fences.<\/h4>\n<h4 style=\"text-align: center;\">In addition, we make copies of all kind of keys, including vehicles and remote controls and automatisms and motorizations.<\/h4>\n<p>&nbsp;<\/p>\n<p>\n<\/div><\/div>\n<div class=\"section-full-width section-dark parallax-fixed\" style=\"background-color:#252525;\" id=\"services\"><div style=\"background-image:url(http:\/\/cerrajeriacercasa.com\/wp-content\/uploads\/2014\/05\/soldadura-slider.jpg); opacity:0.3; filter: alpha(opacity=30);\" class=\"full-bg-image\" ><\/div><div class=\"section-boxed\" style=\"color:#ffffff;\"><h2 class=\"section-title\" style=\"color:#ffffff;\">Services<\/h2><h4 style=\"color:#ffffff;\" class=\"sub-title\">Leaders in the metallurgy sector<\/h4><div class=\"services-wrapper services-icon cols-wrapper cols-4 pexeto-parallax\"><div class=\"services-box col\"><a href=\"http:\/\/cerrajeriacercasa.com\/en\/tenerife-metallic-structures\/\"><div class=\"img-container\"><img decoding=\"async\" src=\"http:\/\/cerrajeriacercasa.com\/wp-content\/uploads\/2017\/10\/icons5-130x130.png\" alt=\"Metallic Structures\"\/><\/div><\/a><div class=\"services-content\"><div class=\"sc-wraper\"><h3><a href=\"http:\/\/cerrajeriacercasa.com\/en\/tenerife-metallic-structures\/\">Metallic Structures<\/a><\/h3><p>Metallic Structures for covers of any kind of surface<\/p><\/div><\/div><\/div><div class=\"services-box col\"><a href=\"http:\/\/cerrajeriacercasa.com\/en\/tenerife-metal-stairs\/\"><div class=\"img-container\"><img decoding=\"async\" src=\"http:\/\/cerrajeriacercasa.com\/wp-content\/uploads\/2017\/10\/icons5-130x130.png\" alt=\"Metal Stairs\"\/><\/div><\/a><div class=\"services-content\"><div class=\"sc-wraper\"><h3><a href=\"http:\/\/cerrajeriacercasa.com\/en\/tenerife-metal-stairs\/\">Metal Stairs<\/a><\/h3><p>Access stairs, emergency ramps, railings, spiral...<\/p><\/div><\/div><\/div><div class=\"services-box col\"><a href=\"http:\/\/cerrajeriacercasa.com\/en\/tenerife-grilles\/\"><div class=\"img-container\"><img decoding=\"async\" src=\"http:\/\/cerrajeriacercasa.com\/wp-content\/uploads\/2017\/10\/icons5-130x130.png\" alt=\"Grilles\"\/><\/div><\/a><div class=\"services-content\"><div class=\"sc-wraper\"><h3><a href=\"http:\/\/cerrajeriacercasa.com\/en\/tenerife-grilles\/\">Grilles<\/a><\/h3><p>Metal solutions of the highest quality within your grasp to protect your home or business<\/p><\/div><\/div><\/div><div class=\"services-box col nomargin\"><a href=\"http:\/\/cerrajeriacercasa.com\/en\/tenerife-metal-doors\/\"><div class=\"img-container\"><img decoding=\"async\" src=\"http:\/\/cerrajeriacercasa.com\/wp-content\/uploads\/2017\/10\/icons5-130x130.png\" alt=\"Metal doors\"\/><\/div><\/a><div class=\"services-content\"><div class=\"sc-wraper\"><h3><a href=\"http:\/\/cerrajeriacercasa.com\/en\/tenerife-metal-doors\/\">Metal doors<\/a><\/h3><p>Specialists in the creation of doors to make your life easier and safer<\/p><\/div><\/div><\/div><div class=\"services-box col\"><a href=\"http:\/\/cerrajeriacercasa.com\/en\/tenerife-metal-enclosures\/\"><div class=\"img-container\"><img decoding=\"async\" src=\"http:\/\/cerrajeriacercasa.com\/wp-content\/uploads\/2017\/10\/icons5-130x130.png\" alt=\"Metallic Enclosures\"\/><\/div><\/a><div class=\"services-content\"><div class=\"sc-wraper\"><h3><a href=\"http:\/\/cerrajeriacercasa.com\/en\/tenerife-metal-enclosures\/\">Metallic Enclosures<\/a><\/h3><p>Enclosures in iron, wrought iron, stainless steel, weathering steel (COR-TEN) and mashes of every type<\/p><\/div><\/div><\/div><div class=\"services-box col\"><a href=\"http:\/\/cerrajeriacercasa.com\/en\/tenerife-railings\/\"><div class=\"img-container\"><img decoding=\"async\" src=\"http:\/\/cerrajeriacercasa.com\/wp-content\/uploads\/2017\/10\/icons5-130x130.png\" alt=\"Railings and Banisters\"\/><\/div><\/a><div class=\"services-content\"><div class=\"sc-wraper\"><h3><a href=\"http:\/\/cerrajeriacercasa.com\/en\/tenerife-railings\/\">Railings and Banisters<\/a><\/h3><p>Security Solutions for outdoor corridors, balconies, stairs, handrails...<\/p><\/div><\/div><\/div><div class=\"services-box col\"><a href=\"http:\/\/cerrajeriacercasa.com\/en\/tenerife-automatisms-motorisations\/\"><div class=\"img-container\"><img decoding=\"async\" src=\"http:\/\/cerrajeriacercasa.com\/wp-content\/uploads\/2017\/10\/icons5-130x130.png\" alt=\"Automatisms and Motorizations\"\/><\/div><\/a><div class=\"services-content\"><div class=\"sc-wraper\"><h3><a href=\"http:\/\/cerrajeriacercasa.com\/en\/tenerife-automatisms-motorisations\/\">Automatisms and Motorizations<\/a><\/h3><p>We have automatic and motorized solutions that give you comfort in their managing<\/p><\/div><\/div><\/div><div class=\"services-box col nomargin\"><a href=\"http:\/\/cerrajeriacercasa.com\/en\/tenerife-metallic-furniture\/\"><div class=\"img-container\"><img decoding=\"async\" src=\"http:\/\/cerrajeriacercasa.com\/wp-content\/uploads\/2017\/10\/icons5-130x130.png\" alt=\"Metallic Furniture\"\/><\/div><\/a><div class=\"services-content\"><div class=\"sc-wraper\"><h3><a href=\"http:\/\/cerrajeriacercasa.com\/en\/tenerife-metallic-furniture\/\">Metallic Furniture<\/a><\/h3><p>An original and unique touch in your garden, in your dining room, in your living room, in your kitchen...<\/p><\/div><\/div><\/div><div class=\"clear\"><\/div><\/div>\n<\/div><\/div>\n<div class=\"section-full-width section-light2\" style=\"background-color:#fcfcfc;\" id=\"latestgenerationmachinery\"><div class=\"section-boxed\" style=\"color:#777777;\"><h2 class=\"section-title\" style=\"color:#252525;\">Latest generation machinery<\/h2><h4 style=\"color:#252525;\" class=\"sub-title\">Every metal works you can imagine<\/h4><div class=\"services-wrapper services-default cols-wrapper cols-4\"><div class=\"services-box col\"><div class=\"img-container\"><img decoding=\"async\" src=\"http:\/\/cerrajeriacercasa.com\/wp-content\/uploads\/2017\/10\/16-3095-Diptico-Maquinaria-Cercasa-9-268x179.jpg\" alt=\"Folding machine that folds up to 10 mm thick and 4 meters length\"\/><\/div><div class=\"services-content\"><div class=\"sc-wraper\"><h3>Folding machine that folds up to 10 mm thick and 4 meters length<\/h3><p>Folding Station,  DurmaCnc HAP 40160. Folding capacity 4 meters length, folding force 160 tons, CNC control in 4 axis. Versatile for all sorts of materials, carbon steel, stainless steel, aluminium...<\/p><\/div><\/div><\/div><div class=\"services-box col\"><div class=\"img-container\"><img decoding=\"async\" src=\"http:\/\/cerrajeriacercasa.com\/wp-content\/uploads\/2017\/10\/16-3095-Diptico-Maquinaria-Cercasa-10-268x179.jpg\" alt=\"Shear that cuts up to 20 mm thick and 3 meters length\"\/><\/div><div class=\"services-content\"><div class=\"sc-wraper\"><h3>Shear that cuts up to 20 mm thick and 3 meters length<\/h3><p>Shearing Station, Diurma CNC HGM 3020. Shearing capacity 3 meters length, thicknesses of 3 to 20 mm in carbon steel (for other materials consult thickness). CNC control for mass jobs<\/p><\/div><\/div><\/div><div class=\"services-box col\"><div class=\"img-container\"><img decoding=\"async\" src=\"http:\/\/cerrajeriacercasa.com\/wp-content\/uploads\/2017\/10\/16-3095-Maquinaria-Cercasa-A5-3-268x179.jpg\" alt=\"Punching shear that performs perforations 40x20 and cuts tyres 600x15 maximum\"\/><\/div><div class=\"services-content\"><div class=\"sc-wraper\"><h3>Punching shear that performs perforations 40x20 and cuts tyres 600x15 maximum<\/h3><p>Mechanizing station, GekaHydra 110 SD. Multifunctional space: Punching Diameter 40 mm - Thickness 20 mm max) \/\/ Cutting gussets for plates (600*400*15mm - 20mm max) \/\/ rectangular cuts  for later folding<\/p><\/div><\/div><\/div><div class=\"services-box col nomargin\"><div class=\"img-container\"><img decoding=\"async\" src=\"http:\/\/cerrajeriacercasa.com\/wp-content\/uploads\/2017\/10\/16-3095-Maquinaria-Cercasa-A5-4-268x179.jpg\" alt=\"Bending of large dimensions profiles\"\/><\/div><div class=\"services-content\"><div class=\"sc-wraper\"><h3>Bending of large dimensions profiles<\/h3><p>Bending station, Roundo R-5. High capacity machinery. Example dimensions: -IPE and UPN 200mm max. Hollow Profile: Square 100*100*6 \/\/ Round 140*6mm - Business Profile: Angle 120 - 100 max \/\/Simple T 120 - 100 max \/\/ Gussets 250*30-100*30 (according to the curvature needs)<\/p><\/div><\/div><\/div><div class=\"clear\"><\/div><\/div>\n<\/div><\/div>\n<div class=\"section-full-width section-light2\" style=\"background-color:#f7f7f7;\" id=\"section-1\"><div class=\"section-boxed\" style=\"color:#777777;\"><div class=\"cta-element\"><h4 class=\"cta-small-title\">Do you have an idea and you don&#39;t know how to carry it out? <\/h4><h2 class=\"cta-title\">Together we will make it real<\/h2><a class=\"button\" href=\"http:\/\/cerrajeriacercasa.com\/sede-guimar\/\" target=\"_blank\">Request a Budget<\/a><\/div>\n<\/div><\/div>\n<div class=\"services-wrapper services-boxed-photo cols-wrapper cols-2 pexeto-parallax\"><div class=\"services-box col\"><a href=\"http:\/\/cerrajeriacercasa.com\/en\/guimar-office\/\"><div class=\"img-container\"><img decoding=\"async\" src=\"https:\/\/cerrajeriacercasa.com\/wp-content\/uploads\/2025\/04\/Fachada-Cercasa-Canarias-569x379.jpg\" alt=\"Headquarters in Pol\u00edgono Industrial de G\u00fc\u00edmar\"\/><\/div><\/a><div class=\"services-content\"><div class=\"sc-wraper\"><h3><a href=\"http:\/\/cerrajeriacercasa.com\/en\/guimar-office\/\">Headquarters in Pol\u00edgono Industrial de G\u00fc\u00edmar<\/a><\/h3><\/div><\/div><\/div><div class=\"services-box col nomargin\"><a href=\"https:\/\/cerrajeriacercasa.com\/en\/guimar-office\/\"><div class=\"img-container\"><img decoding=\"async\" src=\"https:\/\/cerrajeriacercasa.com\/wp-content\/uploads\/2023\/10\/Cercasa-Canarias-fonde-acero-569x379.jpg\" alt=\"Leader in the iron &amp; steel sector\"\/><\/div><\/a><div class=\"services-content\"><div class=\"sc-wraper\"><h3><a href=\"https:\/\/cerrajeriacercasa.com\/en\/guimar-office\/\">Leader in the iron & steel sector<\/a><\/h3><\/div><\/div><\/div><div class=\"clear\"><\/div><\/div>\n<p>&nbsp;<\/p>\n","protected":false},"excerpt":{"rendered":"<p>&nbsp;<\/p>\n","protected":false},"author":1,"featured_media":0,"parent":0,"menu_order":0,"comment_status":"closed","ping_status":"closed","template":"template-full-custom.php","meta":{"_monsterinsights_skip_tracking":false,"_monsterinsights_sitenote_active":false,"_monsterinsights_sitenote_note":"","_monsterinsights_sitenote_category":0,"footnotes":""},"class_list":["post-3416","page","type-page","status-publish","hentry"],"yoast_head":"<!-- This site is optimized with the Yoast SEO plugin v27.4 - https:\/\/yoast.com\/product\/yoast-seo-wordpress\/ -->\n<title>Services - Construcciones Met\u00e1licas Cercasa<\/title>\n<meta name=\"description\" content=\"In Construcciones Met\u00e1licas Cercasa, we are leaders in the iron and steel industry.\" \/>\n<meta name=\"robots\" content=\"index, follow, max-snippet:-1, max-image-preview:large, max-video-preview:-1\" \/>\n<link rel=\"canonical\" href=\"https:\/\/cerrajeriacercasa.com\/en\/services\/\" \/>\n<meta property=\"og:locale\" content=\"en_US\" \/>\n<meta property=\"og:type\" content=\"article\" \/>\n<meta property=\"og:title\" content=\"Services - Construcciones Met\u00e1licas Cercasa\" \/>\n<meta property=\"og:description\" content=\"In Construcciones Met\u00e1licas Cercasa, we are leaders in the iron and steel industry.\" \/>\n<meta property=\"og:url\" content=\"https:\/\/cerrajeriacercasa.com\/en\/services\/\" \/>\n<meta property=\"og:site_name\" content=\"Construcciones Met\u00e1licas Cercasa\" \/>\n<meta property=\"article:publisher\" content=\"https:\/\/www.facebook.com\/CercasaCerrajeria\/\" \/>\n<meta property=\"article:modified_time\" content=\"2019-06-24T10:11:01+00:00\" \/>\n<meta name=\"twitter:card\" content=\"summary_large_image\" \/>\n<meta name=\"twitter:label1\" content=\"Est. reading time\" \/>\n\t<meta name=\"twitter:data1\" content=\"3 minutes\" \/>\n<script type=\"application\/ld+json\" class=\"yoast-schema-graph\">{\"@context\":\"https:\\\/\\\/schema.org\",\"@graph\":[{\"@type\":\"WebPage\",\"@id\":\"https:\\\/\\\/cerrajeriacercasa.com\\\/en\\\/services\\\/\",\"url\":\"https:\\\/\\\/cerrajeriacercasa.com\\\/en\\\/services\\\/\",\"name\":\"Services - Construcciones Met\u00e1licas Cercasa\",\"isPartOf\":{\"@id\":\"https:\\\/\\\/cerrajeriacercasa.com\\\/#website\"},\"datePublished\":\"2014-05-21T04:05:45+00:00\",\"dateModified\":\"2019-06-24T10:11:01+00:00\",\"description\":\"In Construcciones Met\u00e1licas Cercasa, we are leaders in the iron and steel industry.\",\"breadcrumb\":{\"@id\":\"https:\\\/\\\/cerrajeriacercasa.com\\\/en\\\/services\\\/#breadcrumb\"},\"inLanguage\":\"en-US\",\"potentialAction\":[{\"@type\":\"ReadAction\",\"target\":[\"https:\\\/\\\/cerrajeriacercasa.com\\\/en\\\/services\\\/\"]}]},{\"@type\":\"BreadcrumbList\",\"@id\":\"https:\\\/\\\/cerrajeriacercasa.com\\\/en\\\/services\\\/#breadcrumb\",\"itemListElement\":[{\"@type\":\"ListItem\",\"position\":1,\"name\":\"Portada\",\"item\":\"https:\\\/\\\/cerrajeriacercasa.com\\\/en\\\/\"},{\"@type\":\"ListItem\",\"position\":2,\"name\":\"Services\"}]},{\"@type\":\"WebSite\",\"@id\":\"https:\\\/\\\/cerrajeriacercasa.com\\\/#website\",\"url\":\"https:\\\/\\\/cerrajeriacercasa.com\\\/\",\"name\":\"Construcciones Met\u00e1licas Cercasa\",\"description\":\"Construcciones Met\u00e1licas Tenerife, Acero inoxidable Tenerife, Puertas, Barandas, Escaleras, Rejas, Estructuras met\u00e1licas, Automatismos, Mobiliario\",\"publisher\":{\"@id\":\"https:\\\/\\\/cerrajeriacercasa.com\\\/#organization\"},\"potentialAction\":[{\"@type\":\"SearchAction\",\"target\":{\"@type\":\"EntryPoint\",\"urlTemplate\":\"https:\\\/\\\/cerrajeriacercasa.com\\\/?s={search_term_string}\"},\"query-input\":{\"@type\":\"PropertyValueSpecification\",\"valueRequired\":true,\"valueName\":\"search_term_string\"}}],\"inLanguage\":\"en-US\"},{\"@type\":\"Organization\",\"@id\":\"https:\\\/\\\/cerrajeriacercasa.com\\\/#organization\",\"name\":\"Cercasa Construcciones Met\u00e1licas en Tenerife\",\"url\":\"https:\\\/\\\/cerrajeriacercasa.com\\\/\",\"logo\":{\"@type\":\"ImageObject\",\"inLanguage\":\"en-US\",\"@id\":\"https:\\\/\\\/cerrajeriacercasa.com\\\/#\\\/schema\\\/logo\\\/image\\\/\",\"url\":\"https:\\\/\\\/cerrajeriacercasa.com\\\/wp-content\\\/uploads\\\/2017\\\/10\\\/LOGO-DE-CERCASA.jpg\",\"contentUrl\":\"https:\\\/\\\/cerrajeriacercasa.com\\\/wp-content\\\/uploads\\\/2017\\\/10\\\/LOGO-DE-CERCASA.jpg\",\"width\":1600,\"height\":670,\"caption\":\"Cercasa Construcciones Met\u00e1licas en Tenerife\"},\"image\":{\"@id\":\"https:\\\/\\\/cerrajeriacercasa.com\\\/#\\\/schema\\\/logo\\\/image\\\/\"},\"sameAs\":[\"https:\\\/\\\/www.facebook.com\\\/CercasaCerrajeria\\\/\",\"https:\\\/\\\/www.instagram.com\\\/construccionesmetalicascercasa\\\/\",\"https:\\\/\\\/www.youtube.com\\\/channel\\\/UCqzrGX0qFS7v2iwZjMT-dag\\\/featured\"]}]}<\/script>\n<!-- \/ Yoast SEO plugin. -->","yoast_head_json":{"title":"Services - Construcciones Met\u00e1licas Cercasa","description":"In Construcciones Met\u00e1licas Cercasa, we are leaders in the iron and steel industry.","robots":{"index":"index","follow":"follow","max-snippet":"max-snippet:-1","max-image-preview":"max-image-preview:large","max-video-preview":"max-video-preview:-1"},"canonical":"https:\/\/cerrajeriacercasa.com\/en\/services\/","og_locale":"en_US","og_type":"article","og_title":"Services - Construcciones Met\u00e1licas Cercasa","og_description":"In Construcciones Met\u00e1licas Cercasa, we are leaders in the iron and steel industry.","og_url":"https:\/\/cerrajeriacercasa.com\/en\/services\/","og_site_name":"Construcciones Met\u00e1licas Cercasa","article_publisher":"https:\/\/www.facebook.com\/CercasaCerrajeria\/","article_modified_time":"2019-06-24T10:11:01+00:00","twitter_card":"summary_large_image","twitter_misc":{"Est. reading time":"3 minutes"},"schema":{"@context":"https:\/\/schema.org","@graph":[{"@type":"WebPage","@id":"https:\/\/cerrajeriacercasa.com\/en\/services\/","url":"https:\/\/cerrajeriacercasa.com\/en\/services\/","name":"Services - Construcciones Met\u00e1licas Cercasa","isPartOf":{"@id":"https:\/\/cerrajeriacercasa.com\/#website"},"datePublished":"2014-05-21T04:05:45+00:00","dateModified":"2019-06-24T10:11:01+00:00","description":"In Construcciones Met\u00e1licas Cercasa, we are leaders in the iron and steel industry.","breadcrumb":{"@id":"https:\/\/cerrajeriacercasa.com\/en\/services\/#breadcrumb"},"inLanguage":"en-US","potentialAction":[{"@type":"ReadAction","target":["https:\/\/cerrajeriacercasa.com\/en\/services\/"]}]},{"@type":"BreadcrumbList","@id":"https:\/\/cerrajeriacercasa.com\/en\/services\/#breadcrumb","itemListElement":[{"@type":"ListItem","position":1,"name":"Portada","item":"https:\/\/cerrajeriacercasa.com\/en\/"},{"@type":"ListItem","position":2,"name":"Services"}]},{"@type":"WebSite","@id":"https:\/\/cerrajeriacercasa.com\/#website","url":"https:\/\/cerrajeriacercasa.com\/","name":"Construcciones Met\u00e1licas Cercasa","description":"Construcciones Met\u00e1licas Tenerife, Acero inoxidable Tenerife, Puertas, Barandas, Escaleras, Rejas, Estructuras met\u00e1licas, Automatismos, Mobiliario","publisher":{"@id":"https:\/\/cerrajeriacercasa.com\/#organization"},"potentialAction":[{"@type":"SearchAction","target":{"@type":"EntryPoint","urlTemplate":"https:\/\/cerrajeriacercasa.com\/?s={search_term_string}"},"query-input":{"@type":"PropertyValueSpecification","valueRequired":true,"valueName":"search_term_string"}}],"inLanguage":"en-US"},{"@type":"Organization","@id":"https:\/\/cerrajeriacercasa.com\/#organization","name":"Cercasa Construcciones Met\u00e1licas en Tenerife","url":"https:\/\/cerrajeriacercasa.com\/","logo":{"@type":"ImageObject","inLanguage":"en-US","@id":"https:\/\/cerrajeriacercasa.com\/#\/schema\/logo\/image\/","url":"https:\/\/cerrajeriacercasa.com\/wp-content\/uploads\/2017\/10\/LOGO-DE-CERCASA.jpg","contentUrl":"https:\/\/cerrajeriacercasa.com\/wp-content\/uploads\/2017\/10\/LOGO-DE-CERCASA.jpg","width":1600,"height":670,"caption":"Cercasa Construcciones Met\u00e1licas en Tenerife"},"image":{"@id":"https:\/\/cerrajeriacercasa.com\/#\/schema\/logo\/image\/"},"sameAs":["https:\/\/www.facebook.com\/CercasaCerrajeria\/","https:\/\/www.instagram.com\/construccionesmetalicascercasa\/","https:\/\/www.youtube.com\/channel\/UCqzrGX0qFS7v2iwZjMT-dag\/featured"]}]}},"_links":{"self":[{"href":"https:\/\/cerrajeriacercasa.com\/en\/wp-json\/wp\/v2\/pages\/3416","targetHints":{"allow":["GET"]}}],"collection":[{"href":"https:\/\/cerrajeriacercasa.com\/en\/wp-json\/wp\/v2\/pages"}],"about":[{"href":"https:\/\/cerrajeriacercasa.com\/en\/wp-json\/wp\/v2\/types\/page"}],"author":[{"embeddable":true,"href":"https:\/\/cerrajeriacercasa.com\/en\/wp-json\/wp\/v2\/users\/1"}],"replies":[{"embeddable":true,"href":"https:\/\/cerrajeriacercasa.com\/en\/wp-json\/wp\/v2\/comments?post=3416"}],"version-history":[{"count":7,"href":"https:\/\/cerrajeriacercasa.com\/en\/wp-json\/wp\/v2\/pages\/3416\/revisions"}],"predecessor-version":[{"id":5427,"href":"https:\/\/cerrajeriacercasa.com\/en\/wp-json\/wp\/v2\/pages\/3416\/revisions\/5427"}],"wp:attachment":[{"href":"https:\/\/cerrajeriacercasa.com\/en\/wp-json\/wp\/v2\/media?parent=3416"}],"curies":[{"name":"wp","href":"https:\/\/api.w.org\/{rel}","templated":true}]}}