{"id":3460,"date":"2017-10-18T11:28:48","date_gmt":"2017-10-18T11:28:48","guid":{"rendered":"http:\/\/cerrajeriacercasa.com\/estructuras-metalicas-tenerife\/"},"modified":"2019-06-24T10:11:06","modified_gmt":"2019-06-24T10:11:06","slug":"tenerife-metallic-structures","status":"publish","type":"page","link":"https:\/\/cerrajeriacercasa.com\/en\/tenerife-metallic-structures\/","title":{"rendered":"Tenerife Metallic Structures"},"content":{"rendered":"<div class=\"section-full-width section-light2\" style=\"background-color:#f7f7f7;\" id=\"metallicstructures\"><div class=\"section-boxed\" style=\"color:#777777;\"><h2 class=\"section-title\" style=\"color:#252525;\">Metallic Structures <\/h2><h4 style=\"color:#252525;\" class=\"sub-title\">All metal jobs you can imagine...<\/h4><\/p>\n<p style=\"text-align: center;\">In\u00a0Cercasa Metallic Constructions\u00a0we manufacture and install all types of metal structures in iron and stainless steel, both fixed and screwed, mechanized, removable, etc\u2026<\/p>\n<p style=\"text-align: center;\">Structures of all kinds, such as warehouses, covers, restoration of houses and buildings structures, walkways, canopies, access ramps, elevators, facades and shelves.<\/p>\n<h2 style=\"text-align: center;\">N\u00ba 1 in Metallic Structures in Tenerife<\/h2>\n<p>\n<\/div><\/div>\n<div class=\"section-full-width section-dark parallax-fixed\" style=\"background-color:#252525;\" id=\"typesofstructures\"><div style=\"background-image:url(http:\/\/cerrajeriacercasa.com\/wp-content\/uploads\/2017\/10\/irmasolda23.jpg); opacity:0.3; filter: alpha(opacity=30);\" class=\"full-bg-image\" ><\/div><div class=\"section-boxed\" style=\"color:#ffffff;\"><h2 class=\"section-title\" style=\"color:#ffffff;\">Types of Structures <\/h2><h4 style=\"color:#ffffff;\" class=\"sub-title\">Leaders in the metallurgy sector<\/h4><div class=\"services-wrapper services-icon cols-wrapper cols-3 pexeto-parallax\"><div class=\"services-box col services-no-image\"><div class=\"services-content\"><div class=\"sc-wraper\"><h3>Industrial ships<\/h3><\/div><\/div><\/div><div class=\"services-box col services-no-image\"><div class=\"services-content\"><div class=\"sc-wraper\"><h3>Canopies<\/h3><\/div><\/div><\/div><div class=\"services-box col nomargin services-no-image\"><div class=\"services-content\"><div class=\"sc-wraper\"><h3>Facades<\/h3><\/div><\/div><\/div><div class=\"services-box col services-no-image\"><div class=\"services-content\"><div class=\"sc-wraper\"><h3>Covers<\/h3><\/div><\/div><\/div><div class=\"services-box col services-no-image\"><div class=\"services-content\"><div class=\"sc-wraper\"><h3>Access ramps<\/h3><\/div><\/div><\/div><div class=\"services-box col nomargin services-no-image\"><div class=\"services-content\"><div class=\"sc-wraper\"><h3>Tronjas<\/h3><\/div><\/div><\/div><div class=\"services-box col services-no-image\"><div class=\"services-content\"><div class=\"sc-wraper\"><h3>Walkways<\/h3><\/div><\/div><\/div><div class=\"services-box col services-no-image\"><div class=\"services-content\"><div class=\"sc-wraper\"><h3>Elevators<\/h3><\/div><\/div><\/div><div class=\"services-box col nomargin services-no-image\"><div class=\"services-content\"><div class=\"sc-wraper\"><h3>Rehabilitation of houses & structures of buildings<\/h3><\/div><\/div><\/div><div class=\"clear\"><\/div><\/div>\n<\/div><\/div>\n<div class=\"section-full-width section-light2\" style=\"background-color:#f7f7f7;\" id=\"section-1\"><div class=\"section-boxed\" style=\"color:#777777;\"><div class=\"cta-element\"><h4 class=\"cta-small-title\">Do you have an idea and you don&#39;t know how to carry it out? <\/h4><h2 class=\"cta-title\">Together we will make it real<\/h2><a class=\"button\" href=\"http:\/\/cerrajeriacercasa.com\/sede-guimar\/\" target=\"_blank\">Request a Budget<\/a><\/div>\n<\/div><\/div>\n<div class=\"nivo-content\"><div class=\"nivo-wrapper\"><div class=\"nivo-slider\" id=\"nivo-slider-34601\" style=\"max-height:1200px;\"><\/div><\/div><\/div>\n<p>&nbsp;<\/p>\n","protected":false},"excerpt":{"rendered":"<p>&nbsp;<\/p>\n","protected":false},"author":1,"featured_media":5676,"parent":0,"menu_order":0,"comment_status":"closed","ping_status":"closed","template":"template-full-custom.php","meta":{"_monsterinsights_skip_tracking":false,"_monsterinsights_sitenote_active":false,"_monsterinsights_sitenote_note":"","_monsterinsights_sitenote_category":0,"footnotes":""},"class_list":["post-3460","page","type-page","status-publish","has-post-thumbnail","hentry"],"yoast_head":"<!-- This site is optimized with the Yoast SEO plugin v27.3 - https:\/\/yoast.com\/product\/yoast-seo-wordpress\/ -->\n<title>Tenerife Metallic Structures, Cercasa Metallic Constructions<\/title>\n<meta name=\"description\" content=\"Cercasa Tenerife manufactures and installs metal structures in iron and stainless steel. Warehouses, covers, walkways, facades, elevators, ramps, shelves...\" \/>\n<meta name=\"robots\" content=\"index, follow, max-snippet:-1, max-image-preview:large, max-video-preview:-1\" \/>\n<link rel=\"canonical\" href=\"https:\/\/cerrajeriacercasa.com\/en\/tenerife-metallic-structures\/\" \/>\n<meta property=\"og:locale\" content=\"en_US\" \/>\n<meta property=\"og:type\" content=\"article\" \/>\n<meta property=\"og:title\" content=\"Tenerife Metallic Structures, Cercasa Metallic Constructions\" \/>\n<meta property=\"og:description\" content=\"Cercasa Tenerife manufactures and installs metal structures in iron and stainless steel. Warehouses, covers, walkways, facades, elevators, ramps, shelves...\" \/>\n<meta property=\"og:url\" content=\"https:\/\/cerrajeriacercasa.com\/en\/tenerife-metallic-structures\/\" \/>\n<meta property=\"og:site_name\" content=\"Construcciones Met\u00e1licas Cercasa\" \/>\n<meta property=\"article:publisher\" content=\"https:\/\/www.facebook.com\/CercasaCerrajeria\/\" \/>\n<meta property=\"article:modified_time\" content=\"2019-06-24T10:11:06+00:00\" \/>\n<meta property=\"og:image\" content=\"https:\/\/cerrajeriacercasa.com\/wp-content\/uploads\/2014\/05\/soldadura-slider.jpg\" \/>\n\t<meta property=\"og:image:width\" content=\"960\" \/>\n\t<meta property=\"og:image:height\" content=\"644\" \/>\n\t<meta property=\"og:image:type\" content=\"image\/jpeg\" \/>\n<meta name=\"twitter:card\" content=\"summary_large_image\" \/>\n<meta name=\"twitter:label1\" content=\"Est. reading time\" \/>\n\t<meta name=\"twitter:data1\" content=\"2 minutes\" \/>\n<script type=\"application\/ld+json\" class=\"yoast-schema-graph\">{\"@context\":\"https:\\\/\\\/schema.org\",\"@graph\":[{\"@type\":\"WebPage\",\"@id\":\"https:\\\/\\\/cerrajeriacercasa.com\\\/en\\\/tenerife-metallic-structures\\\/\",\"url\":\"https:\\\/\\\/cerrajeriacercasa.com\\\/en\\\/tenerife-metallic-structures\\\/\",\"name\":\"Tenerife Metallic Structures, Cercasa Metallic Constructions\",\"isPartOf\":{\"@id\":\"https:\\\/\\\/cerrajeriacercasa.com\\\/#website\"},\"primaryImageOfPage\":{\"@id\":\"https:\\\/\\\/cerrajeriacercasa.com\\\/en\\\/tenerife-metallic-structures\\\/#primaryimage\"},\"image\":{\"@id\":\"https:\\\/\\\/cerrajeriacercasa.com\\\/en\\\/tenerife-metallic-structures\\\/#primaryimage\"},\"thumbnailUrl\":\"https:\\\/\\\/cerrajeriacercasa.com\\\/wp-content\\\/uploads\\\/2014\\\/05\\\/soldadura-slider.jpg\",\"datePublished\":\"2017-10-18T11:28:48+00:00\",\"dateModified\":\"2019-06-24T10:11:06+00:00\",\"description\":\"Cercasa Tenerife manufactures and installs metal structures in iron and stainless steel. Warehouses, covers, walkways, facades, elevators, ramps, shelves...\",\"breadcrumb\":{\"@id\":\"https:\\\/\\\/cerrajeriacercasa.com\\\/en\\\/tenerife-metallic-structures\\\/#breadcrumb\"},\"inLanguage\":\"en-US\",\"potentialAction\":[{\"@type\":\"ReadAction\",\"target\":[\"https:\\\/\\\/cerrajeriacercasa.com\\\/en\\\/tenerife-metallic-structures\\\/\"]}]},{\"@type\":\"ImageObject\",\"inLanguage\":\"en-US\",\"@id\":\"https:\\\/\\\/cerrajeriacercasa.com\\\/en\\\/tenerife-metallic-structures\\\/#primaryimage\",\"url\":\"https:\\\/\\\/cerrajeriacercasa.com\\\/wp-content\\\/uploads\\\/2014\\\/05\\\/soldadura-slider.jpg\",\"contentUrl\":\"https:\\\/\\\/cerrajeriacercasa.com\\\/wp-content\\\/uploads\\\/2014\\\/05\\\/soldadura-slider.jpg\",\"width\":960,\"height\":644},{\"@type\":\"BreadcrumbList\",\"@id\":\"https:\\\/\\\/cerrajeriacercasa.com\\\/en\\\/tenerife-metallic-structures\\\/#breadcrumb\",\"itemListElement\":[{\"@type\":\"ListItem\",\"position\":1,\"name\":\"Portada\",\"item\":\"https:\\\/\\\/cerrajeriacercasa.com\\\/en\\\/\"},{\"@type\":\"ListItem\",\"position\":2,\"name\":\"Tenerife Metallic Structures\"}]},{\"@type\":\"WebSite\",\"@id\":\"https:\\\/\\\/cerrajeriacercasa.com\\\/#website\",\"url\":\"https:\\\/\\\/cerrajeriacercasa.com\\\/\",\"name\":\"Construcciones Met\u00e1licas Cercasa\",\"description\":\"Construcciones Met\u00e1licas Tenerife, Acero inoxidable Tenerife, Puertas, Barandas, Escaleras, Rejas, Estructuras met\u00e1licas, Automatismos, Mobiliario\",\"publisher\":{\"@id\":\"https:\\\/\\\/cerrajeriacercasa.com\\\/#organization\"},\"potentialAction\":[{\"@type\":\"SearchAction\",\"target\":{\"@type\":\"EntryPoint\",\"urlTemplate\":\"https:\\\/\\\/cerrajeriacercasa.com\\\/?s={search_term_string}\"},\"query-input\":{\"@type\":\"PropertyValueSpecification\",\"valueRequired\":true,\"valueName\":\"search_term_string\"}}],\"inLanguage\":\"en-US\"},{\"@type\":\"Organization\",\"@id\":\"https:\\\/\\\/cerrajeriacercasa.com\\\/#organization\",\"name\":\"Cercasa Construcciones Met\u00e1licas en Tenerife\",\"url\":\"https:\\\/\\\/cerrajeriacercasa.com\\\/\",\"logo\":{\"@type\":\"ImageObject\",\"inLanguage\":\"en-US\",\"@id\":\"https:\\\/\\\/cerrajeriacercasa.com\\\/#\\\/schema\\\/logo\\\/image\\\/\",\"url\":\"https:\\\/\\\/cerrajeriacercasa.com\\\/wp-content\\\/uploads\\\/2017\\\/10\\\/LOGO-DE-CERCASA.jpg\",\"contentUrl\":\"https:\\\/\\\/cerrajeriacercasa.com\\\/wp-content\\\/uploads\\\/2017\\\/10\\\/LOGO-DE-CERCASA.jpg\",\"width\":1600,\"height\":670,\"caption\":\"Cercasa Construcciones Met\u00e1licas en Tenerife\"},\"image\":{\"@id\":\"https:\\\/\\\/cerrajeriacercasa.com\\\/#\\\/schema\\\/logo\\\/image\\\/\"},\"sameAs\":[\"https:\\\/\\\/www.facebook.com\\\/CercasaCerrajeria\\\/\",\"https:\\\/\\\/www.instagram.com\\\/construccionesmetalicascercasa\\\/\",\"https:\\\/\\\/www.youtube.com\\\/channel\\\/UCqzrGX0qFS7v2iwZjMT-dag\\\/featured\"]}]}<\/script>\n<!-- \/ Yoast SEO plugin. -->","yoast_head_json":{"title":"Tenerife Metallic Structures, Cercasa Metallic Constructions","description":"Cercasa Tenerife manufactures and installs metal structures in iron and stainless steel. Warehouses, covers, walkways, facades, elevators, ramps, shelves...","robots":{"index":"index","follow":"follow","max-snippet":"max-snippet:-1","max-image-preview":"max-image-preview:large","max-video-preview":"max-video-preview:-1"},"canonical":"https:\/\/cerrajeriacercasa.com\/en\/tenerife-metallic-structures\/","og_locale":"en_US","og_type":"article","og_title":"Tenerife Metallic Structures, Cercasa Metallic Constructions","og_description":"Cercasa Tenerife manufactures and installs metal structures in iron and stainless steel. Warehouses, covers, walkways, facades, elevators, ramps, shelves...","og_url":"https:\/\/cerrajeriacercasa.com\/en\/tenerife-metallic-structures\/","og_site_name":"Construcciones Met\u00e1licas Cercasa","article_publisher":"https:\/\/www.facebook.com\/CercasaCerrajeria\/","article_modified_time":"2019-06-24T10:11:06+00:00","og_image":[{"width":960,"height":644,"url":"https:\/\/cerrajeriacercasa.com\/wp-content\/uploads\/2014\/05\/soldadura-slider.jpg","type":"image\/jpeg"}],"twitter_card":"summary_large_image","twitter_misc":{"Est. reading time":"2 minutes"},"schema":{"@context":"https:\/\/schema.org","@graph":[{"@type":"WebPage","@id":"https:\/\/cerrajeriacercasa.com\/en\/tenerife-metallic-structures\/","url":"https:\/\/cerrajeriacercasa.com\/en\/tenerife-metallic-structures\/","name":"Tenerife Metallic Structures, Cercasa Metallic Constructions","isPartOf":{"@id":"https:\/\/cerrajeriacercasa.com\/#website"},"primaryImageOfPage":{"@id":"https:\/\/cerrajeriacercasa.com\/en\/tenerife-metallic-structures\/#primaryimage"},"image":{"@id":"https:\/\/cerrajeriacercasa.com\/en\/tenerife-metallic-structures\/#primaryimage"},"thumbnailUrl":"https:\/\/cerrajeriacercasa.com\/wp-content\/uploads\/2014\/05\/soldadura-slider.jpg","datePublished":"2017-10-18T11:28:48+00:00","dateModified":"2019-06-24T10:11:06+00:00","description":"Cercasa Tenerife manufactures and installs metal structures in iron and stainless steel. Warehouses, covers, walkways, facades, elevators, ramps, shelves...","breadcrumb":{"@id":"https:\/\/cerrajeriacercasa.com\/en\/tenerife-metallic-structures\/#breadcrumb"},"inLanguage":"en-US","potentialAction":[{"@type":"ReadAction","target":["https:\/\/cerrajeriacercasa.com\/en\/tenerife-metallic-structures\/"]}]},{"@type":"ImageObject","inLanguage":"en-US","@id":"https:\/\/cerrajeriacercasa.com\/en\/tenerife-metallic-structures\/#primaryimage","url":"https:\/\/cerrajeriacercasa.com\/wp-content\/uploads\/2014\/05\/soldadura-slider.jpg","contentUrl":"https:\/\/cerrajeriacercasa.com\/wp-content\/uploads\/2014\/05\/soldadura-slider.jpg","width":960,"height":644},{"@type":"BreadcrumbList","@id":"https:\/\/cerrajeriacercasa.com\/en\/tenerife-metallic-structures\/#breadcrumb","itemListElement":[{"@type":"ListItem","position":1,"name":"Portada","item":"https:\/\/cerrajeriacercasa.com\/en\/"},{"@type":"ListItem","position":2,"name":"Tenerife Metallic Structures"}]},{"@type":"WebSite","@id":"https:\/\/cerrajeriacercasa.com\/#website","url":"https:\/\/cerrajeriacercasa.com\/","name":"Construcciones Met\u00e1licas Cercasa","description":"Construcciones Met\u00e1licas Tenerife, Acero inoxidable Tenerife, Puertas, Barandas, Escaleras, Rejas, Estructuras met\u00e1licas, Automatismos, Mobiliario","publisher":{"@id":"https:\/\/cerrajeriacercasa.com\/#organization"},"potentialAction":[{"@type":"SearchAction","target":{"@type":"EntryPoint","urlTemplate":"https:\/\/cerrajeriacercasa.com\/?s={search_term_string}"},"query-input":{"@type":"PropertyValueSpecification","valueRequired":true,"valueName":"search_term_string"}}],"inLanguage":"en-US"},{"@type":"Organization","@id":"https:\/\/cerrajeriacercasa.com\/#organization","name":"Cercasa Construcciones Met\u00e1licas en Tenerife","url":"https:\/\/cerrajeriacercasa.com\/","logo":{"@type":"ImageObject","inLanguage":"en-US","@id":"https:\/\/cerrajeriacercasa.com\/#\/schema\/logo\/image\/","url":"https:\/\/cerrajeriacercasa.com\/wp-content\/uploads\/2017\/10\/LOGO-DE-CERCASA.jpg","contentUrl":"https:\/\/cerrajeriacercasa.com\/wp-content\/uploads\/2017\/10\/LOGO-DE-CERCASA.jpg","width":1600,"height":670,"caption":"Cercasa Construcciones Met\u00e1licas en Tenerife"},"image":{"@id":"https:\/\/cerrajeriacercasa.com\/#\/schema\/logo\/image\/"},"sameAs":["https:\/\/www.facebook.com\/CercasaCerrajeria\/","https:\/\/www.instagram.com\/construccionesmetalicascercasa\/","https:\/\/www.youtube.com\/channel\/UCqzrGX0qFS7v2iwZjMT-dag\/featured"]}]}},"_links":{"self":[{"href":"https:\/\/cerrajeriacercasa.com\/en\/wp-json\/wp\/v2\/pages\/3460","targetHints":{"allow":["GET"]}}],"collection":[{"href":"https:\/\/cerrajeriacercasa.com\/en\/wp-json\/wp\/v2\/pages"}],"about":[{"href":"https:\/\/cerrajeriacercasa.com\/en\/wp-json\/wp\/v2\/types\/page"}],"author":[{"embeddable":true,"href":"https:\/\/cerrajeriacercasa.com\/en\/wp-json\/wp\/v2\/users\/1"}],"replies":[{"embeddable":true,"href":"https:\/\/cerrajeriacercasa.com\/en\/wp-json\/wp\/v2\/comments?post=3460"}],"version-history":[{"count":3,"href":"https:\/\/cerrajeriacercasa.com\/en\/wp-json\/wp\/v2\/pages\/3460\/revisions"}],"predecessor-version":[{"id":3732,"href":"https:\/\/cerrajeriacercasa.com\/en\/wp-json\/wp\/v2\/pages\/3460\/revisions\/3732"}],"wp:featuredmedia":[{"embeddable":true,"href":"https:\/\/cerrajeriacercasa.com\/en\/wp-json\/wp\/v2\/media\/5676"}],"wp:attachment":[{"href":"https:\/\/cerrajeriacercasa.com\/en\/wp-json\/wp\/v2\/media?parent=3460"}],"curies":[{"name":"wp","href":"https:\/\/api.w.org\/{rel}","templated":true}]}}