{"id":3468,"date":"2014-05-21T02:57:47","date_gmt":"2014-05-21T02:57:47","guid":{"rendered":"http:\/\/cerrajeriacercasa.com\/nosotros\/"},"modified":"2020-05-12T12:09:28","modified_gmt":"2020-05-12T12:09:28","slug":"about-us","status":"publish","type":"page","link":"https:\/\/cerrajeriacercasa.com\/en\/about-us\/","title":{"rendered":"About us"},"content":{"rendered":"<h2 style=\"text-align: center;\">Cercasa Metallic Constructions<\/h2>\n<p>&nbsp;<\/p>\n<h5 style=\"text-align: center;\">Cercasa\u00a0is founded in 1969 by Manuel\u00a0Sanfiel\u00a0Leon, who opened a locksmith business located in Avenida La Candelaria, 18 in San Benito, La Laguna. In this shop, he does works connected to this activity.<\/h5>\n<h5 style=\"text-align: center;\">From this date and until the year 2000, this company carries this name, and it\u2019s not until the end of that same year, when he take the decision of changing his business name, calling it CERCASA METALLIC CONSTRUCTIONS (CONSTRUCCIONES METALICAS CERCASA S.L.)<\/h5>\n<h5 style=\"text-align: center;\">Many years have passed since that moment, many people and difficulties, but keeping at all times an untarnished trajectory.<\/h5>\n<h5 style=\"text-align: center;\">The work carried out by this commercial entity since its creation to this day are guaranteed by the company, as it\u2019s guaranteed by 50 years of experience and qualified staff.<\/h5>\n<h5 style=\"text-align: center;\">In August 2010 the founder, Manuel\u00a0Sanfiel\u00a0Leon retired from the business and passes it on to his children, Olga Mar\u00eda\u00a0Sanfiel\u00a0Hernandez and Manuel \u00c1ngel\u00a0Sanfiel Hernandez, who assume the responsibility to continue with their father\u2019s record.<\/h5>\n<h5 style=\"text-align: center;\">Finally, it should be pointed out that, at the present, we are a team of people and we intend to continue in this professional activity, at least, as long as we have been until now, with the same enthusiasm as always. To conclude, we would like to express that our greatest pride is the knowledge that we can count and keep counting with our customers trust.<\/h5>\n\r\n<div class=\"content-slider-wrapper\" >\r\n<div class=\"content-slider cols-wrapper cols-2\" id=\"content-slider-3468\" >\r\n\t<div class=\"section-boxed\">\r\n\t<ul id=\"cs-slider-ul\" style=\"min-height:550px;\">\r\n\t\t\r\n\t\t\t <li data-bg_image_url=\"http:\/\/cerrajeriacercasa.com\/wp-content\/uploads\/2019\/01\/20180625_130635-3.jpg\" data-bg_image_opacity=\"1\" data-layout=\"centered\" data-animation=\"random\" data-bg_color=\"\" data-thumbnail=\"http:\/\/cerrajeriacercasa.com\/wp-content\/uploads\/2019\/01\/20180625_130635-3-150x150.jpg\" class=\"cs-layout-centered\" style=\"color:#;\">\r\n\r\n\t\t\t\t<!-- first slider box -->\r\n\t\t\t\t<div class=\"cs-content-centered col cs-content\">\r\n\t\t\t\t\t\t\t\t\t<\/div>\r\n\t\t\t\t<!-- second slider box -->\r\n\r\n\t\t\t\t\t\t\t<\/li>\r\n\t\t\t <li data-bg_image_url=\"http:\/\/cerrajeriacercasa.com\/wp-content\/uploads\/2019\/01\/20180625_130725.jpg\" data-bg_image_opacity=\"1\" data-layout=\"centered\" data-animation=\"random\" data-bg_color=\"\" data-thumbnail=\"http:\/\/cerrajeriacercasa.com\/wp-content\/uploads\/2019\/01\/20180625_130725-150x150.jpg\" class=\"cs-layout-centered\" style=\"color:#;\">\r\n\r\n\t\t\t\t<!-- first slider box -->\r\n\t\t\t\t<div class=\"cs-content-centered col cs-content\">\r\n\t\t\t\t\t\t\t\t\t<\/div>\r\n\t\t\t\t<!-- second slider box -->\r\n\r\n\t\t\t\t\t\t\t<\/li>\t<\/ul>\r\n<\/div>\r\n<\/div>\r\n<\/div><div class=\"clear\"><\/div>\n<p>&nbsp;<\/p>\n<p>&nbsp;<\/p>\n<div><a class=\"lightbox-image\" title=\"\" href=\"http:\/\/cerrajeriacercasa.com\/wp-content\/uploads\/2014\/05\/cercasa-chicos-slider-Copy.jpg\" data-rel=\"lightbox\"><img loading=\"lazy\" decoding=\"async\" class=\"img-frame aligncenter\" src=\"http:\/\/cerrajeriacercasa.com\/wp-content\/uploads\/2014\/05\/cercasa-chicos-slider-Copy.jpg\" alt=\"nosotros, cercasa, construcciones met\u00e1licas cercasa, construcciones met\u00e1licas tenerife\" width=\"2500\" height=\"1668\" \/><\/a><\/div>\n<div><\/div>\n<div style=\"text-align: center;\">\n<div><\/div>\n<div><\/div>\n<\/div>\n<div class=\"section-full-width section-light2\" style=\"background-color:#f7f7f7;\" id=\"services\"><div class=\"section-boxed\" style=\"color:#777777;\"><h2 class=\"section-title\" style=\"color:#252525;\">Services<\/h2><h4 style=\"color:#252525;\" class=\"sub-title\">Leaders in the metallurgy sector<\/h4><p>&nbsp;<\/p>\n<p>&nbsp;<\/p>\n<div class=\"services-wrapper services-icon cols-wrapper cols-4 pexeto-parallax\"><div class=\"services-box col\"><a href=\"http:\/\/cerrajeriacercasa.com\/en\/tenerife-metallic-structures\/\"><div class=\"img-container\"><img decoding=\"async\" src=\"http:\/\/cerrajeriacercasa.com\/wp-content\/uploads\/2017\/10\/icons5-130x130.png\" alt=\"Metallic Structures\"\/><\/div><\/a><div class=\"services-content\"><div class=\"sc-wraper\"><h3><a href=\"http:\/\/cerrajeriacercasa.com\/en\/tenerife-metallic-structures\/\">Metallic Structures<\/a><\/h3><p>Metallic Structures for covers of any kind of surface<\/p><\/div><\/div><\/div><div class=\"services-box col\"><a href=\"http:\/\/cerrajeriacercasa.com\/en\/tenerife-metal-stairs\/\"><div class=\"img-container\"><img decoding=\"async\" src=\"http:\/\/cerrajeriacercasa.com\/wp-content\/uploads\/2017\/10\/icons5-130x130.png\" alt=\"Metal Stairs\"\/><\/div><\/a><div class=\"services-content\"><div class=\"sc-wraper\"><h3><a href=\"http:\/\/cerrajeriacercasa.com\/en\/tenerife-metal-stairs\/\">Metal Stairs<\/a><\/h3><p>Access stairs, emergency ramps, railings, spiral...<\/p><\/div><\/div><\/div><div class=\"services-box col\"><a href=\"http:\/\/cerrajeriacercasa.com\/en\/tenerife-grilles\/\"><div class=\"img-container\"><img decoding=\"async\" src=\"http:\/\/cerrajeriacercasa.com\/wp-content\/uploads\/2017\/10\/icons5-130x130.png\" alt=\"Grilles\"\/><\/div><\/a><div class=\"services-content\"><div class=\"sc-wraper\"><h3><a href=\"http:\/\/cerrajeriacercasa.com\/en\/tenerife-grilles\/\">Grilles<\/a><\/h3><p>Metal solutions of the highest quality within your grasp to protect your home or business<\/p><\/div><\/div><\/div><div class=\"services-box col nomargin\"><a href=\"http:\/\/cerrajeriacercasa.com\/en\/tenerife-metal-doors\/\"><div class=\"img-container\"><img decoding=\"async\" src=\"http:\/\/cerrajeriacercasa.com\/wp-content\/uploads\/2017\/10\/icons5-130x130.png\" alt=\"Metal doors\"\/><\/div><\/a><div class=\"services-content\"><div class=\"sc-wraper\"><h3><a href=\"http:\/\/cerrajeriacercasa.com\/en\/tenerife-metal-doors\/\">Metal doors<\/a><\/h3><p>Specialists in the creation of doors to make your life easier and safer<\/p><\/div><\/div><\/div><div class=\"services-box col\"><a href=\"http:\/\/cerrajeriacercasa.com\/en\/tenerife-metal-enclosures\/\"><div class=\"img-container\"><img decoding=\"async\" src=\"http:\/\/cerrajeriacercasa.com\/wp-content\/uploads\/2017\/10\/icons5-130x130.png\" alt=\"Metallic Enclosures\"\/><\/div><\/a><div class=\"services-content\"><div class=\"sc-wraper\"><h3><a href=\"http:\/\/cerrajeriacercasa.com\/en\/tenerife-metal-enclosures\/\">Metallic Enclosures<\/a><\/h3><p>Enclosures in iron, wrought iron, stainless steel, weathering steel (COR-TEN) and mashes of every type<\/p><\/div><\/div><\/div><div class=\"services-box col\"><a href=\"http:\/\/cerrajeriacercasa.com\/en\/tenerife-railings\/\"><div class=\"img-container\"><img decoding=\"async\" src=\"http:\/\/cerrajeriacercasa.com\/wp-content\/uploads\/2017\/10\/icons5-130x130.png\" alt=\"Railings and Banisters\"\/><\/div><\/a><div class=\"services-content\"><div class=\"sc-wraper\"><h3><a href=\"http:\/\/cerrajeriacercasa.com\/en\/tenerife-railings\/\">Railings and Banisters<\/a><\/h3><p>Security Solutions for outdoor corridors, balconies, stairs, handrails...<\/p><\/div><\/div><\/div><div class=\"services-box col\"><a href=\"http:\/\/cerrajeriacercasa.com\/en\/tenerife-automatisms-motorisations\/\"><div class=\"img-container\"><img decoding=\"async\" src=\"http:\/\/cerrajeriacercasa.com\/wp-content\/uploads\/2017\/10\/icons5-130x130.png\" alt=\"Automatisms and Motorizations\"\/><\/div><\/a><div class=\"services-content\"><div class=\"sc-wraper\"><h3><a href=\"http:\/\/cerrajeriacercasa.com\/en\/tenerife-automatisms-motorisations\/\">Automatisms and Motorizations<\/a><\/h3><p>We have automatic and motorized solutions that give you comfort in their managing<\/p><\/div><\/div><\/div><div class=\"services-box col nomargin\"><a href=\"http:\/\/cerrajeriacercasa.com\/en\/tenerife-metallic-furniture\/\"><div class=\"img-container\"><img decoding=\"async\" src=\"http:\/\/cerrajeriacercasa.com\/wp-content\/uploads\/2017\/10\/icons5-130x130.png\" alt=\"Metallic Furniture\"\/><\/div><\/a><div class=\"services-content\"><div class=\"sc-wraper\"><h3><a href=\"http:\/\/cerrajeriacercasa.com\/en\/tenerife-metallic-furniture\/\">Metallic Furniture<\/a><\/h3><p>An original and unique touch in your garden, in your dining room, in your living room, in your kitchen...<\/p><\/div><\/div><\/div><div class=\"clear\"><\/div><\/div>\n<p>\n<\/div><\/div>\n<div class=\"services-wrapper services-boxed-photo cols-wrapper cols-2\"><div class=\"services-box col\"><a href=\"http:\/\/cerrajeriacercasa.com\/en\/guimar-office\/\"><div class=\"img-container\"><img decoding=\"async\" src=\"https:\/\/cerrajeriacercasa.com\/wp-content\/uploads\/2025\/04\/Fachada-Cercasa-Canarias-569x379.jpg\" alt=\"Headquarters in Pol\u00edgono Industrial de G\u00fc\u00edmar\"\/><\/div><\/a><div class=\"services-content\"><div class=\"sc-wraper\"><h3><a href=\"http:\/\/cerrajeriacercasa.com\/en\/guimar-office\/\">Headquarters in Pol\u00edgono Industrial de G\u00fc\u00edmar<\/a><\/h3><\/div><\/div><\/div><div class=\"services-box col nomargin\"><a href=\"https:\/\/cerrajeriacercasa.com\/en\/guimar-office\/\"><div class=\"img-container\"><img decoding=\"async\" src=\"https:\/\/cerrajeriacercasa.com\/wp-content\/uploads\/2023\/10\/Cercasa-Canarias-fonde-acero-569x379.jpg\" alt=\"Leader in the iron &amp; steel sector\"\/><\/div><\/a><div class=\"services-content\"><div class=\"sc-wraper\"><h3><a href=\"https:\/\/cerrajeriacercasa.com\/en\/guimar-office\/\">Leader in the iron & steel sector<\/a><\/h3><\/div><\/div><\/div><div class=\"clear\"><\/div><\/div>\n","protected":false},"excerpt":{"rendered":"<p>Cercasa Metallic Constructions &nbsp; Cercasa\u00a0is founded in 1969 by Manuel\u00a0Sanfiel\u00a0Leon, who opened a locksmith business located in Avenida La Candelaria, [&hellip;]<\/p>\n","protected":false},"author":1,"featured_media":0,"parent":0,"menu_order":0,"comment_status":"closed","ping_status":"closed","template":"template-full-custom.php","meta":{"_monsterinsights_skip_tracking":false,"_monsterinsights_sitenote_active":false,"_monsterinsights_sitenote_note":"","_monsterinsights_sitenote_category":0,"footnotes":""},"class_list":["post-3468","page","type-page","status-publish","hentry"],"yoast_head":"<!-- This site is optimized with the Yoast SEO plugin v27.4 - https:\/\/yoast.com\/product\/yoast-seo-wordpress\/ -->\n<title>About us - Metallic Constructions Tenerife<\/title>\n<meta name=\"description\" content=\"Metallic Construction Tenerife. In Cercasa we form a great professional team with the intention of offering to our customers a high quality product and service.\" \/>\n<meta name=\"robots\" content=\"index, follow, max-snippet:-1, max-image-preview:large, max-video-preview:-1\" \/>\n<link rel=\"canonical\" href=\"https:\/\/cerrajeriacercasa.com\/en\/about-us\/\" \/>\n<meta property=\"og:locale\" content=\"en_US\" \/>\n<meta property=\"og:type\" content=\"article\" \/>\n<meta property=\"og:title\" content=\"About us - Metallic Constructions Tenerife\" \/>\n<meta property=\"og:description\" content=\"Metallic Construction Tenerife. In Cercasa we form a great professional team with the intention of offering to our customers a high quality product and service.\" \/>\n<meta property=\"og:url\" content=\"https:\/\/cerrajeriacercasa.com\/en\/about-us\/\" \/>\n<meta property=\"og:site_name\" content=\"Construcciones Met\u00e1licas Cercasa\" \/>\n<meta property=\"article:publisher\" content=\"https:\/\/www.facebook.com\/CercasaCerrajeria\/\" \/>\n<meta property=\"article:modified_time\" content=\"2020-05-12T12:09:28+00:00\" \/>\n<meta property=\"og:image\" content=\"http:\/\/cerrajeriacercasa.com\/wp-content\/uploads\/2014\/05\/cercasa-chicos-slider-Copy.jpg\" \/>\n<meta name=\"twitter:card\" content=\"summary_large_image\" \/>\n<meta name=\"twitter:label1\" content=\"Est. reading time\" \/>\n\t<meta name=\"twitter:data1\" content=\"2 minutes\" \/>\n<script type=\"application\/ld+json\" class=\"yoast-schema-graph\">{\"@context\":\"https:\\\/\\\/schema.org\",\"@graph\":[{\"@type\":\"WebPage\",\"@id\":\"https:\\\/\\\/cerrajeriacercasa.com\\\/en\\\/about-us\\\/\",\"url\":\"https:\\\/\\\/cerrajeriacercasa.com\\\/en\\\/about-us\\\/\",\"name\":\"About us - Metallic Constructions Tenerife\",\"isPartOf\":{\"@id\":\"https:\\\/\\\/cerrajeriacercasa.com\\\/#website\"},\"primaryImageOfPage\":{\"@id\":\"https:\\\/\\\/cerrajeriacercasa.com\\\/en\\\/about-us\\\/#primaryimage\"},\"image\":{\"@id\":\"https:\\\/\\\/cerrajeriacercasa.com\\\/en\\\/about-us\\\/#primaryimage\"},\"thumbnailUrl\":\"http:\\\/\\\/cerrajeriacercasa.com\\\/wp-content\\\/uploads\\\/2014\\\/05\\\/cercasa-chicos-slider-Copy.jpg\",\"datePublished\":\"2014-05-21T02:57:47+00:00\",\"dateModified\":\"2020-05-12T12:09:28+00:00\",\"description\":\"Metallic Construction Tenerife. In Cercasa we form a great professional team with the intention of offering to our customers a high quality product and service.\",\"breadcrumb\":{\"@id\":\"https:\\\/\\\/cerrajeriacercasa.com\\\/en\\\/about-us\\\/#breadcrumb\"},\"inLanguage\":\"en-US\",\"potentialAction\":[{\"@type\":\"ReadAction\",\"target\":[\"https:\\\/\\\/cerrajeriacercasa.com\\\/en\\\/about-us\\\/\"]}]},{\"@type\":\"ImageObject\",\"inLanguage\":\"en-US\",\"@id\":\"https:\\\/\\\/cerrajeriacercasa.com\\\/en\\\/about-us\\\/#primaryimage\",\"url\":\"http:\\\/\\\/cerrajeriacercasa.com\\\/wp-content\\\/uploads\\\/2014\\\/05\\\/cercasa-chicos-slider-Copy.jpg\",\"contentUrl\":\"http:\\\/\\\/cerrajeriacercasa.com\\\/wp-content\\\/uploads\\\/2014\\\/05\\\/cercasa-chicos-slider-Copy.jpg\"},{\"@type\":\"BreadcrumbList\",\"@id\":\"https:\\\/\\\/cerrajeriacercasa.com\\\/en\\\/about-us\\\/#breadcrumb\",\"itemListElement\":[{\"@type\":\"ListItem\",\"position\":1,\"name\":\"Portada\",\"item\":\"https:\\\/\\\/cerrajeriacercasa.com\\\/en\\\/\"},{\"@type\":\"ListItem\",\"position\":2,\"name\":\"About us\"}]},{\"@type\":\"WebSite\",\"@id\":\"https:\\\/\\\/cerrajeriacercasa.com\\\/#website\",\"url\":\"https:\\\/\\\/cerrajeriacercasa.com\\\/\",\"name\":\"Construcciones Met\u00e1licas Cercasa\",\"description\":\"Construcciones Met\u00e1licas Tenerife, Acero inoxidable Tenerife, Puertas, Barandas, Escaleras, Rejas, Estructuras met\u00e1licas, Automatismos, Mobiliario\",\"publisher\":{\"@id\":\"https:\\\/\\\/cerrajeriacercasa.com\\\/#organization\"},\"potentialAction\":[{\"@type\":\"SearchAction\",\"target\":{\"@type\":\"EntryPoint\",\"urlTemplate\":\"https:\\\/\\\/cerrajeriacercasa.com\\\/?s={search_term_string}\"},\"query-input\":{\"@type\":\"PropertyValueSpecification\",\"valueRequired\":true,\"valueName\":\"search_term_string\"}}],\"inLanguage\":\"en-US\"},{\"@type\":\"Organization\",\"@id\":\"https:\\\/\\\/cerrajeriacercasa.com\\\/#organization\",\"name\":\"Cercasa Construcciones Met\u00e1licas en Tenerife\",\"url\":\"https:\\\/\\\/cerrajeriacercasa.com\\\/\",\"logo\":{\"@type\":\"ImageObject\",\"inLanguage\":\"en-US\",\"@id\":\"https:\\\/\\\/cerrajeriacercasa.com\\\/#\\\/schema\\\/logo\\\/image\\\/\",\"url\":\"https:\\\/\\\/cerrajeriacercasa.com\\\/wp-content\\\/uploads\\\/2017\\\/10\\\/LOGO-DE-CERCASA.jpg\",\"contentUrl\":\"https:\\\/\\\/cerrajeriacercasa.com\\\/wp-content\\\/uploads\\\/2017\\\/10\\\/LOGO-DE-CERCASA.jpg\",\"width\":1600,\"height\":670,\"caption\":\"Cercasa Construcciones Met\u00e1licas en Tenerife\"},\"image\":{\"@id\":\"https:\\\/\\\/cerrajeriacercasa.com\\\/#\\\/schema\\\/logo\\\/image\\\/\"},\"sameAs\":[\"https:\\\/\\\/www.facebook.com\\\/CercasaCerrajeria\\\/\",\"https:\\\/\\\/www.instagram.com\\\/construccionesmetalicascercasa\\\/\",\"https:\\\/\\\/www.youtube.com\\\/channel\\\/UCqzrGX0qFS7v2iwZjMT-dag\\\/featured\"]}]}<\/script>\n<!-- \/ Yoast SEO plugin. -->","yoast_head_json":{"title":"About us - Metallic Constructions Tenerife","description":"Metallic Construction Tenerife. In Cercasa we form a great professional team with the intention of offering to our customers a high quality product and service.","robots":{"index":"index","follow":"follow","max-snippet":"max-snippet:-1","max-image-preview":"max-image-preview:large","max-video-preview":"max-video-preview:-1"},"canonical":"https:\/\/cerrajeriacercasa.com\/en\/about-us\/","og_locale":"en_US","og_type":"article","og_title":"About us - Metallic Constructions Tenerife","og_description":"Metallic Construction Tenerife. In Cercasa we form a great professional team with the intention of offering to our customers a high quality product and service.","og_url":"https:\/\/cerrajeriacercasa.com\/en\/about-us\/","og_site_name":"Construcciones Met\u00e1licas Cercasa","article_publisher":"https:\/\/www.facebook.com\/CercasaCerrajeria\/","article_modified_time":"2020-05-12T12:09:28+00:00","og_image":[{"url":"http:\/\/cerrajeriacercasa.com\/wp-content\/uploads\/2014\/05\/cercasa-chicos-slider-Copy.jpg","type":"","width":"","height":""}],"twitter_card":"summary_large_image","twitter_misc":{"Est. reading time":"2 minutes"},"schema":{"@context":"https:\/\/schema.org","@graph":[{"@type":"WebPage","@id":"https:\/\/cerrajeriacercasa.com\/en\/about-us\/","url":"https:\/\/cerrajeriacercasa.com\/en\/about-us\/","name":"About us - Metallic Constructions Tenerife","isPartOf":{"@id":"https:\/\/cerrajeriacercasa.com\/#website"},"primaryImageOfPage":{"@id":"https:\/\/cerrajeriacercasa.com\/en\/about-us\/#primaryimage"},"image":{"@id":"https:\/\/cerrajeriacercasa.com\/en\/about-us\/#primaryimage"},"thumbnailUrl":"http:\/\/cerrajeriacercasa.com\/wp-content\/uploads\/2014\/05\/cercasa-chicos-slider-Copy.jpg","datePublished":"2014-05-21T02:57:47+00:00","dateModified":"2020-05-12T12:09:28+00:00","description":"Metallic Construction Tenerife. In Cercasa we form a great professional team with the intention of offering to our customers a high quality product and service.","breadcrumb":{"@id":"https:\/\/cerrajeriacercasa.com\/en\/about-us\/#breadcrumb"},"inLanguage":"en-US","potentialAction":[{"@type":"ReadAction","target":["https:\/\/cerrajeriacercasa.com\/en\/about-us\/"]}]},{"@type":"ImageObject","inLanguage":"en-US","@id":"https:\/\/cerrajeriacercasa.com\/en\/about-us\/#primaryimage","url":"http:\/\/cerrajeriacercasa.com\/wp-content\/uploads\/2014\/05\/cercasa-chicos-slider-Copy.jpg","contentUrl":"http:\/\/cerrajeriacercasa.com\/wp-content\/uploads\/2014\/05\/cercasa-chicos-slider-Copy.jpg"},{"@type":"BreadcrumbList","@id":"https:\/\/cerrajeriacercasa.com\/en\/about-us\/#breadcrumb","itemListElement":[{"@type":"ListItem","position":1,"name":"Portada","item":"https:\/\/cerrajeriacercasa.com\/en\/"},{"@type":"ListItem","position":2,"name":"About us"}]},{"@type":"WebSite","@id":"https:\/\/cerrajeriacercasa.com\/#website","url":"https:\/\/cerrajeriacercasa.com\/","name":"Construcciones Met\u00e1licas Cercasa","description":"Construcciones Met\u00e1licas Tenerife, Acero inoxidable Tenerife, Puertas, Barandas, Escaleras, Rejas, Estructuras met\u00e1licas, Automatismos, Mobiliario","publisher":{"@id":"https:\/\/cerrajeriacercasa.com\/#organization"},"potentialAction":[{"@type":"SearchAction","target":{"@type":"EntryPoint","urlTemplate":"https:\/\/cerrajeriacercasa.com\/?s={search_term_string}"},"query-input":{"@type":"PropertyValueSpecification","valueRequired":true,"valueName":"search_term_string"}}],"inLanguage":"en-US"},{"@type":"Organization","@id":"https:\/\/cerrajeriacercasa.com\/#organization","name":"Cercasa Construcciones Met\u00e1licas en Tenerife","url":"https:\/\/cerrajeriacercasa.com\/","logo":{"@type":"ImageObject","inLanguage":"en-US","@id":"https:\/\/cerrajeriacercasa.com\/#\/schema\/logo\/image\/","url":"https:\/\/cerrajeriacercasa.com\/wp-content\/uploads\/2017\/10\/LOGO-DE-CERCASA.jpg","contentUrl":"https:\/\/cerrajeriacercasa.com\/wp-content\/uploads\/2017\/10\/LOGO-DE-CERCASA.jpg","width":1600,"height":670,"caption":"Cercasa Construcciones Met\u00e1licas en Tenerife"},"image":{"@id":"https:\/\/cerrajeriacercasa.com\/#\/schema\/logo\/image\/"},"sameAs":["https:\/\/www.facebook.com\/CercasaCerrajeria\/","https:\/\/www.instagram.com\/construccionesmetalicascercasa\/","https:\/\/www.youtube.com\/channel\/UCqzrGX0qFS7v2iwZjMT-dag\/featured"]}]}},"_links":{"self":[{"href":"https:\/\/cerrajeriacercasa.com\/en\/wp-json\/wp\/v2\/pages\/3468","targetHints":{"allow":["GET"]}}],"collection":[{"href":"https:\/\/cerrajeriacercasa.com\/en\/wp-json\/wp\/v2\/pages"}],"about":[{"href":"https:\/\/cerrajeriacercasa.com\/en\/wp-json\/wp\/v2\/types\/page"}],"author":[{"embeddable":true,"href":"https:\/\/cerrajeriacercasa.com\/en\/wp-json\/wp\/v2\/users\/1"}],"replies":[{"embeddable":true,"href":"https:\/\/cerrajeriacercasa.com\/en\/wp-json\/wp\/v2\/comments?post=3468"}],"version-history":[{"count":10,"href":"https:\/\/cerrajeriacercasa.com\/en\/wp-json\/wp\/v2\/pages\/3468\/revisions"}],"predecessor-version":[{"id":6341,"href":"https:\/\/cerrajeriacercasa.com\/en\/wp-json\/wp\/v2\/pages\/3468\/revisions\/6341"}],"wp:attachment":[{"href":"https:\/\/cerrajeriacercasa.com\/en\/wp-json\/wp\/v2\/media?parent=3468"}],"curies":[{"name":"wp","href":"https:\/\/api.w.org\/{rel}","templated":true}]}}