{"id":3480,"date":"2017-10-18T17:55:18","date_gmt":"2017-10-18T17:55:18","guid":{"rendered":"http:\/\/cerrajeriacercasa.com\/rejas-tenerife\/"},"modified":"2019-06-24T10:11:03","modified_gmt":"2019-06-24T10:11:03","slug":"tenerife-grilles","status":"publish","type":"page","link":"https:\/\/cerrajeriacercasa.com\/en\/tenerife-grilles\/","title":{"rendered":"Tenerife Grilles"},"content":{"rendered":"<div class=\"section-full-width section-light2\" style=\"background-color:#f7f7f7;\" id=\"grilles\"><div class=\"section-boxed\" style=\"color:#777777;\"><h2 class=\"section-title\" style=\"color:#252525;\">Grilles<\/h2><h4 style=\"color:#252525;\" class=\"sub-title\">Every metal work you can imagine...<\/h4><\/p>\n<p style=\"text-align: center;\">In Cercasa Metallic Constructions we manufacture and install, for the protection of your home or business, all kinds of grilles, adapting to your needs and measures, always thinking about the safety and quality of our products, using materials such as iron, wrought iron, stainless steel and COR-TEN steel<\/p>\n<p style=\"text-align: center;\">All kinds of grilles for windows, doors, rainwater collection, gutters. In addition, everything you can imagine we can make it real. Ask for information from our technical department and you\u2019ll receive the best counsel.<\/p>\n<h2 style=\"text-align: center;\">N\u00ba 1 in Grilles\u00a0in Tenerife<\/h2>\n<p>\n<\/div><\/div>\n<div class=\"section-full-width section-dark parallax-fixed\" style=\"background-color:#252525;\" id=\"typesofgrilles\"><div style=\"background-image:url(http:\/\/cerrajeriacercasa.com\/wp-content\/uploads\/2017\/10\/irmasolda23.jpg); opacity:0.3; filter: alpha(opacity=30);\" class=\"full-bg-image\" ><\/div><div class=\"section-boxed\" style=\"color:#ffffff;\"><h2 class=\"section-title\" style=\"color:#ffffff;\">Types of Grilles<\/h2><h4 style=\"color:#ffffff;\" class=\"sub-title\">Leaders in the metallurgy sector<\/h4><div class=\"services-wrapper services-icon cols-wrapper cols-2 pexeto-parallax\"><div class=\"services-box col services-no-image\"><div class=\"services-content\"><div class=\"sc-wraper\"><h3>Window gratings<\/h3><\/div><\/div><\/div><div class=\"services-box col nomargin services-no-image\"><div class=\"services-content\"><div class=\"sc-wraper\"><h3>Bars for doors<\/h3><\/div><\/div><\/div><div class=\"services-box col services-no-image\"><div class=\"services-content\"><div class=\"sc-wraper\"><h3>Grates for rainwater collection<\/h3><\/div><\/div><\/div><div class=\"services-box col nomargin services-no-image\"><div class=\"services-content\"><div class=\"sc-wraper\"><h3>Gutters<\/h3><\/div><\/div><\/div><div class=\"clear\"><\/div><\/div>\n<\/div><\/div>\n<div class=\"section-full-width section-light2\" style=\"background-color:#f7f7f7;\" id=\"section-1\"><div class=\"section-boxed\" style=\"color:#777777;\"><div class=\"cta-element\"><h4 class=\"cta-small-title\">Do you have an idea and you don&#39;t know how to carry it out? <\/h4><h2 class=\"cta-title\">Together we will make it real<\/h2><a class=\"button\" href=\"http:\/\/cerrajeriacercasa.com\/sede-guimar\/\" target=\"_blank\">Request a Budget<\/a><\/div>\n<\/div><\/div>\n<div class=\"nivo-content\"><div class=\"nivo-wrapper\"><div class=\"nivo-slider\" id=\"nivo-slider-34801\" style=\"max-height:1200px;\"><\/div><\/div><\/div>\n<p>&nbsp;<\/p>\n","protected":false},"excerpt":{"rendered":"<p>&nbsp;<\/p>\n","protected":false},"author":1,"featured_media":5668,"parent":0,"menu_order":0,"comment_status":"closed","ping_status":"closed","template":"template-full-custom.php","meta":{"_monsterinsights_skip_tracking":false,"_monsterinsights_sitenote_active":false,"_monsterinsights_sitenote_note":"","_monsterinsights_sitenote_category":0,"footnotes":""},"class_list":["post-3480","page","type-page","status-publish","has-post-thumbnail","hentry"],"yoast_head":"<!-- This site is optimized with the Yoast SEO plugin v27.4 - https:\/\/yoast.com\/product\/yoast-seo-wordpress\/ -->\n<title>Tenerife Grilles, Cercasa Metallic Constructions<\/title>\n<meta name=\"description\" content=\"Cercasa Tenerife manufactures and installs, for the protection of your home or business, all kinds of grilles for windows, doors, rainwater collection\" \/>\n<meta name=\"robots\" content=\"index, follow, max-snippet:-1, max-image-preview:large, max-video-preview:-1\" \/>\n<link rel=\"canonical\" href=\"https:\/\/cerrajeriacercasa.com\/en\/tenerife-grilles\/\" \/>\n<meta property=\"og:locale\" content=\"en_US\" \/>\n<meta property=\"og:type\" content=\"article\" \/>\n<meta property=\"og:title\" content=\"Tenerife Grilles, Cercasa Metallic Constructions\" \/>\n<meta property=\"og:description\" content=\"Cercasa Tenerife manufactures and installs, for the protection of your home or business, all kinds of grilles for windows, doors, rainwater collection\" \/>\n<meta property=\"og:url\" content=\"https:\/\/cerrajeriacercasa.com\/en\/tenerife-grilles\/\" \/>\n<meta property=\"og:site_name\" content=\"Construcciones Met\u00e1licas Cercasa\" \/>\n<meta property=\"article:publisher\" content=\"https:\/\/www.facebook.com\/CercasaCerrajeria\/\" \/>\n<meta property=\"article:modified_time\" content=\"2019-06-24T10:11:03+00:00\" \/>\n<meta property=\"og:image\" content=\"https:\/\/cerrajeriacercasa.com\/wp-content\/uploads\/2017\/10\/irmasolda23.jpg\" \/>\n\t<meta property=\"og:image:width\" content=\"1920\" \/>\n\t<meta property=\"og:image:height\" content=\"1440\" \/>\n\t<meta property=\"og:image:type\" content=\"image\/jpeg\" \/>\n<meta name=\"twitter:card\" content=\"summary_large_image\" \/>\n<meta name=\"twitter:label1\" content=\"Est. reading time\" \/>\n\t<meta name=\"twitter:data1\" content=\"2 minutes\" \/>\n<script type=\"application\/ld+json\" class=\"yoast-schema-graph\">{\"@context\":\"https:\\\/\\\/schema.org\",\"@graph\":[{\"@type\":\"WebPage\",\"@id\":\"https:\\\/\\\/cerrajeriacercasa.com\\\/en\\\/tenerife-grilles\\\/\",\"url\":\"https:\\\/\\\/cerrajeriacercasa.com\\\/en\\\/tenerife-grilles\\\/\",\"name\":\"Tenerife Grilles, Cercasa Metallic Constructions\",\"isPartOf\":{\"@id\":\"https:\\\/\\\/cerrajeriacercasa.com\\\/#website\"},\"primaryImageOfPage\":{\"@id\":\"https:\\\/\\\/cerrajeriacercasa.com\\\/en\\\/tenerife-grilles\\\/#primaryimage\"},\"image\":{\"@id\":\"https:\\\/\\\/cerrajeriacercasa.com\\\/en\\\/tenerife-grilles\\\/#primaryimage\"},\"thumbnailUrl\":\"https:\\\/\\\/cerrajeriacercasa.com\\\/wp-content\\\/uploads\\\/2017\\\/10\\\/irmasolda23.jpg\",\"datePublished\":\"2017-10-18T17:55:18+00:00\",\"dateModified\":\"2019-06-24T10:11:03+00:00\",\"description\":\"Cercasa Tenerife manufactures and installs, for the protection of your home or business, all kinds of grilles for windows, doors, rainwater collection\",\"breadcrumb\":{\"@id\":\"https:\\\/\\\/cerrajeriacercasa.com\\\/en\\\/tenerife-grilles\\\/#breadcrumb\"},\"inLanguage\":\"en-US\",\"potentialAction\":[{\"@type\":\"ReadAction\",\"target\":[\"https:\\\/\\\/cerrajeriacercasa.com\\\/en\\\/tenerife-grilles\\\/\"]}]},{\"@type\":\"ImageObject\",\"inLanguage\":\"en-US\",\"@id\":\"https:\\\/\\\/cerrajeriacercasa.com\\\/en\\\/tenerife-grilles\\\/#primaryimage\",\"url\":\"https:\\\/\\\/cerrajeriacercasa.com\\\/wp-content\\\/uploads\\\/2017\\\/10\\\/irmasolda23.jpg\",\"contentUrl\":\"https:\\\/\\\/cerrajeriacercasa.com\\\/wp-content\\\/uploads\\\/2017\\\/10\\\/irmasolda23.jpg\",\"width\":1920,\"height\":1440},{\"@type\":\"BreadcrumbList\",\"@id\":\"https:\\\/\\\/cerrajeriacercasa.com\\\/en\\\/tenerife-grilles\\\/#breadcrumb\",\"itemListElement\":[{\"@type\":\"ListItem\",\"position\":1,\"name\":\"Portada\",\"item\":\"https:\\\/\\\/cerrajeriacercasa.com\\\/en\\\/\"},{\"@type\":\"ListItem\",\"position\":2,\"name\":\"Tenerife Grilles\"}]},{\"@type\":\"WebSite\",\"@id\":\"https:\\\/\\\/cerrajeriacercasa.com\\\/#website\",\"url\":\"https:\\\/\\\/cerrajeriacercasa.com\\\/\",\"name\":\"Construcciones Met\u00e1licas Cercasa\",\"description\":\"Construcciones Met\u00e1licas Tenerife, Acero inoxidable Tenerife, Puertas, Barandas, Escaleras, Rejas, Estructuras met\u00e1licas, Automatismos, Mobiliario\",\"publisher\":{\"@id\":\"https:\\\/\\\/cerrajeriacercasa.com\\\/#organization\"},\"potentialAction\":[{\"@type\":\"SearchAction\",\"target\":{\"@type\":\"EntryPoint\",\"urlTemplate\":\"https:\\\/\\\/cerrajeriacercasa.com\\\/?s={search_term_string}\"},\"query-input\":{\"@type\":\"PropertyValueSpecification\",\"valueRequired\":true,\"valueName\":\"search_term_string\"}}],\"inLanguage\":\"en-US\"},{\"@type\":\"Organization\",\"@id\":\"https:\\\/\\\/cerrajeriacercasa.com\\\/#organization\",\"name\":\"Cercasa Construcciones Met\u00e1licas en Tenerife\",\"url\":\"https:\\\/\\\/cerrajeriacercasa.com\\\/\",\"logo\":{\"@type\":\"ImageObject\",\"inLanguage\":\"en-US\",\"@id\":\"https:\\\/\\\/cerrajeriacercasa.com\\\/#\\\/schema\\\/logo\\\/image\\\/\",\"url\":\"https:\\\/\\\/cerrajeriacercasa.com\\\/wp-content\\\/uploads\\\/2017\\\/10\\\/LOGO-DE-CERCASA.jpg\",\"contentUrl\":\"https:\\\/\\\/cerrajeriacercasa.com\\\/wp-content\\\/uploads\\\/2017\\\/10\\\/LOGO-DE-CERCASA.jpg\",\"width\":1600,\"height\":670,\"caption\":\"Cercasa Construcciones Met\u00e1licas en Tenerife\"},\"image\":{\"@id\":\"https:\\\/\\\/cerrajeriacercasa.com\\\/#\\\/schema\\\/logo\\\/image\\\/\"},\"sameAs\":[\"https:\\\/\\\/www.facebook.com\\\/CercasaCerrajeria\\\/\",\"https:\\\/\\\/www.instagram.com\\\/construccionesmetalicascercasa\\\/\",\"https:\\\/\\\/www.youtube.com\\\/channel\\\/UCqzrGX0qFS7v2iwZjMT-dag\\\/featured\"]}]}<\/script>\n<!-- \/ Yoast SEO plugin. -->","yoast_head_json":{"title":"Tenerife Grilles, Cercasa Metallic Constructions","description":"Cercasa Tenerife manufactures and installs, for the protection of your home or business, all kinds of grilles for windows, doors, rainwater collection","robots":{"index":"index","follow":"follow","max-snippet":"max-snippet:-1","max-image-preview":"max-image-preview:large","max-video-preview":"max-video-preview:-1"},"canonical":"https:\/\/cerrajeriacercasa.com\/en\/tenerife-grilles\/","og_locale":"en_US","og_type":"article","og_title":"Tenerife Grilles, Cercasa Metallic Constructions","og_description":"Cercasa Tenerife manufactures and installs, for the protection of your home or business, all kinds of grilles for windows, doors, rainwater collection","og_url":"https:\/\/cerrajeriacercasa.com\/en\/tenerife-grilles\/","og_site_name":"Construcciones Met\u00e1licas Cercasa","article_publisher":"https:\/\/www.facebook.com\/CercasaCerrajeria\/","article_modified_time":"2019-06-24T10:11:03+00:00","og_image":[{"width":1920,"height":1440,"url":"https:\/\/cerrajeriacercasa.com\/wp-content\/uploads\/2017\/10\/irmasolda23.jpg","type":"image\/jpeg"}],"twitter_card":"summary_large_image","twitter_misc":{"Est. reading time":"2 minutes"},"schema":{"@context":"https:\/\/schema.org","@graph":[{"@type":"WebPage","@id":"https:\/\/cerrajeriacercasa.com\/en\/tenerife-grilles\/","url":"https:\/\/cerrajeriacercasa.com\/en\/tenerife-grilles\/","name":"Tenerife Grilles, Cercasa Metallic Constructions","isPartOf":{"@id":"https:\/\/cerrajeriacercasa.com\/#website"},"primaryImageOfPage":{"@id":"https:\/\/cerrajeriacercasa.com\/en\/tenerife-grilles\/#primaryimage"},"image":{"@id":"https:\/\/cerrajeriacercasa.com\/en\/tenerife-grilles\/#primaryimage"},"thumbnailUrl":"https:\/\/cerrajeriacercasa.com\/wp-content\/uploads\/2017\/10\/irmasolda23.jpg","datePublished":"2017-10-18T17:55:18+00:00","dateModified":"2019-06-24T10:11:03+00:00","description":"Cercasa Tenerife manufactures and installs, for the protection of your home or business, all kinds of grilles for windows, doors, rainwater collection","breadcrumb":{"@id":"https:\/\/cerrajeriacercasa.com\/en\/tenerife-grilles\/#breadcrumb"},"inLanguage":"en-US","potentialAction":[{"@type":"ReadAction","target":["https:\/\/cerrajeriacercasa.com\/en\/tenerife-grilles\/"]}]},{"@type":"ImageObject","inLanguage":"en-US","@id":"https:\/\/cerrajeriacercasa.com\/en\/tenerife-grilles\/#primaryimage","url":"https:\/\/cerrajeriacercasa.com\/wp-content\/uploads\/2017\/10\/irmasolda23.jpg","contentUrl":"https:\/\/cerrajeriacercasa.com\/wp-content\/uploads\/2017\/10\/irmasolda23.jpg","width":1920,"height":1440},{"@type":"BreadcrumbList","@id":"https:\/\/cerrajeriacercasa.com\/en\/tenerife-grilles\/#breadcrumb","itemListElement":[{"@type":"ListItem","position":1,"name":"Portada","item":"https:\/\/cerrajeriacercasa.com\/en\/"},{"@type":"ListItem","position":2,"name":"Tenerife Grilles"}]},{"@type":"WebSite","@id":"https:\/\/cerrajeriacercasa.com\/#website","url":"https:\/\/cerrajeriacercasa.com\/","name":"Construcciones Met\u00e1licas Cercasa","description":"Construcciones Met\u00e1licas Tenerife, Acero inoxidable Tenerife, Puertas, Barandas, Escaleras, Rejas, Estructuras met\u00e1licas, Automatismos, Mobiliario","publisher":{"@id":"https:\/\/cerrajeriacercasa.com\/#organization"},"potentialAction":[{"@type":"SearchAction","target":{"@type":"EntryPoint","urlTemplate":"https:\/\/cerrajeriacercasa.com\/?s={search_term_string}"},"query-input":{"@type":"PropertyValueSpecification","valueRequired":true,"valueName":"search_term_string"}}],"inLanguage":"en-US"},{"@type":"Organization","@id":"https:\/\/cerrajeriacercasa.com\/#organization","name":"Cercasa Construcciones Met\u00e1licas en Tenerife","url":"https:\/\/cerrajeriacercasa.com\/","logo":{"@type":"ImageObject","inLanguage":"en-US","@id":"https:\/\/cerrajeriacercasa.com\/#\/schema\/logo\/image\/","url":"https:\/\/cerrajeriacercasa.com\/wp-content\/uploads\/2017\/10\/LOGO-DE-CERCASA.jpg","contentUrl":"https:\/\/cerrajeriacercasa.com\/wp-content\/uploads\/2017\/10\/LOGO-DE-CERCASA.jpg","width":1600,"height":670,"caption":"Cercasa Construcciones Met\u00e1licas en Tenerife"},"image":{"@id":"https:\/\/cerrajeriacercasa.com\/#\/schema\/logo\/image\/"},"sameAs":["https:\/\/www.facebook.com\/CercasaCerrajeria\/","https:\/\/www.instagram.com\/construccionesmetalicascercasa\/","https:\/\/www.youtube.com\/channel\/UCqzrGX0qFS7v2iwZjMT-dag\/featured"]}]}},"_links":{"self":[{"href":"https:\/\/cerrajeriacercasa.com\/en\/wp-json\/wp\/v2\/pages\/3480","targetHints":{"allow":["GET"]}}],"collection":[{"href":"https:\/\/cerrajeriacercasa.com\/en\/wp-json\/wp\/v2\/pages"}],"about":[{"href":"https:\/\/cerrajeriacercasa.com\/en\/wp-json\/wp\/v2\/types\/page"}],"author":[{"embeddable":true,"href":"https:\/\/cerrajeriacercasa.com\/en\/wp-json\/wp\/v2\/users\/1"}],"replies":[{"embeddable":true,"href":"https:\/\/cerrajeriacercasa.com\/en\/wp-json\/wp\/v2\/comments?post=3480"}],"version-history":[{"count":2,"href":"https:\/\/cerrajeriacercasa.com\/en\/wp-json\/wp\/v2\/pages\/3480\/revisions"}],"predecessor-version":[{"id":3482,"href":"https:\/\/cerrajeriacercasa.com\/en\/wp-json\/wp\/v2\/pages\/3480\/revisions\/3482"}],"wp:featuredmedia":[{"embeddable":true,"href":"https:\/\/cerrajeriacercasa.com\/en\/wp-json\/wp\/v2\/media\/5668"}],"wp:attachment":[{"href":"https:\/\/cerrajeriacercasa.com\/en\/wp-json\/wp\/v2\/media?parent=3480"}],"curies":[{"name":"wp","href":"https:\/\/api.w.org\/{rel}","templated":true}]}}