{"id":4223,"date":"2017-10-18T19:30:14","date_gmt":"2017-10-18T19:30:14","guid":{"rendered":"http:\/\/cerrajeriacercasa.com\/barandas-tenerife\/"},"modified":"2019-06-24T10:11:31","modified_gmt":"2019-06-24T10:11:31","slug":"des-rampes-le-tenerife","status":"publish","type":"page","link":"https:\/\/cerrajeriacercasa.com\/fr\/des-rampes-le-tenerife\/","title":{"rendered":"Des Rampes le Tenerife"},"content":{"rendered":"<div class=\"section-full-width section-light2\" style=\"background-color:#f7f7f7;\" id=\"rampesetlestreillages\"><div class=\"section-boxed\" style=\"color:#777777;\"><h2 class=\"section-title\" style=\"color:#252525;\">Rampes et les Treillages<\/h2><h4 style=\"color:#252525;\" class=\"sub-title\">Tous les travaux dans le m\u00e9tal que tu peux imaginer ... <\/h4><\/p>\n<p style=\"text-align: center;\">Les rampes d\u00e9corent l&rsquo;int\u00e9rieur ou l&rsquo;ext\u00e9rieur d\u2019une demeure ou d&rsquo;une entreprise, dans les Constructions M\u00e9talliques Cercasa nous t&rsquo;aidons \u00e0 cr\u00e9er le mod\u00e8le qui s&rsquo;adapte mieux \u00e0 ses n\u00e9cessit\u00e9s, en utilisant des mat\u00e9riels comme le fer, la forge, l&rsquo;acier inoxydable, de l&rsquo;acier coup\u00e9, un cristal, etc. \u2026 pour que vous puissiez le combiner avec diff\u00e9rents produits qui existent sur le march\u00e9, comme le bois, le cristal, une pierre etc. \u2026<\/p>\n<p style=\"text-align: center;\">En donnant vie \u00e0 des designs pour un mod\u00e8le exclusif. Consultez-nous sans engagement.<\/p>\n<h2 style=\"text-align: center;\">N \u00ba 1 dans les Rampes le Tenerife<\/h2>\n<p>\n<\/div><\/div>\n<div class=\"section-full-width section-dark parallax-fixed\" style=\"background-color:#252525;\" id=\"destypesderampesetdetreillages\"><div style=\"background-image:url(http:\/\/cerrajeriacercasa.com\/wp-content\/uploads\/2017\/10\/irmasolda23.jpg); opacity:0.3; filter: alpha(opacity=30);\" class=\"full-bg-image\" ><\/div><div class=\"section-boxed\" style=\"color:#ffffff;\"><h2 class=\"section-title\" style=\"color:#ffffff;\">Des types de Rampes et de Treillages <\/h2><h4 style=\"color:#ffffff;\" class=\"sub-title\">Les Leaders dans le secteur de la m\u00e9tallurgie <\/h4><div class=\"services-wrapper services-icon cols-wrapper cols-2 pexeto-parallax\"><div class=\"services-box col services-no-image\"><div class=\"services-content\"><div class=\"sc-wraper\"><h3>Les treillages pour les int\u00e9rieurs<\/h3><\/div><\/div><\/div><div class=\"services-box col nomargin services-no-image\"><div class=\"services-content\"><div class=\"sc-wraper\"><h3>Les treillages pour l'ext\u00e9rieur<\/h3><\/div><\/div><\/div><div class=\"services-box col services-no-image\"><div class=\"services-content\"><div class=\"sc-wraper\"><h3>Les treillages pour les escaliers<\/h3><\/div><\/div><\/div><div class=\"services-box col nomargin services-no-image\"><div class=\"services-content\"><div class=\"sc-wraper\"><h3>Les treillages pour les greniers<\/h3><\/div><\/div><\/div><div class=\"clear\"><\/div><\/div>\n<\/div><\/div>\n<div class=\"section-full-width section-light2\" style=\"background-color:#f7f7f7;\" id=\"section-1\"><div class=\"section-boxed\" style=\"color:#777777;\"><div class=\"cta-element\"><h4 class=\"cta-small-title\">As-tu une id\u00e9e et ne sais-tu pas comment la r\u00e9aliser?<\/h4><h2 class=\"cta-title\">Ensemble Nous ferons une r\u00e9alit\u00e9<\/h2><a class=\"button\" href=\"http:\/\/cerrajeriacercasa.com\/fr\/siege-guimar\/\" target=\"_blank\">Solliciter le Budget<\/a><\/div>\n<\/div><\/div>\n<div class=\"nivo-content\"><div class=\"nivo-wrapper\"><div class=\"nivo-slider\" id=\"nivo-slider-42231\" style=\"max-height:1200px;\"><img decoding=\"async\" src=\"\" title=\"\" \/><img decoding=\"async\" src=\"http:\/\/cerrajeriacercasa.com\/wp-content\/uploads\/2017\/10\/0b40c62d-d65e-4486-9c36-942989a01d1d-1170x1200.jpg\" title=\"\" \/><img decoding=\"async\" src=\"http:\/\/cerrajeriacercasa.com\/wp-content\/uploads\/2017\/10\/2ffe90e5-5d63-4924-b198-6ca0182d87d9-1170x1200.jpg\" title=\"\" \/><img decoding=\"async\" src=\"http:\/\/cerrajeriacercasa.com\/wp-content\/uploads\/2017\/10\/3acc38d5-ba7f-40bd-bc9a-a4c9134e3139-1170x1200.jpg\" title=\"\" \/><img decoding=\"async\" src=\"http:\/\/cerrajeriacercasa.com\/wp-content\/uploads\/2017\/10\/4f77a1b0-d3cd-45a5-9f2e-e6efb6b89edb-1170x1200.jpg\" title=\"\" \/><img decoding=\"async\" src=\"http:\/\/cerrajeriacercasa.com\/wp-content\/uploads\/2017\/10\/5de7a87d-e26c-40b7-a183-fd43e82ea4e7-1-1170x1200.jpg\" title=\"\" \/><img decoding=\"async\" src=\"http:\/\/cerrajeriacercasa.com\/wp-content\/uploads\/2017\/10\/09b50827-3cd2-4287-9e20-c0e6cd21b22f-1170x1200.jpg\" title=\"\" \/><img decoding=\"async\" src=\"http:\/\/cerrajeriacercasa.com\/wp-content\/uploads\/2017\/10\/220edfeb-3cdc-45c4-965e-51e84d91a164-1170x1200.jpg\" title=\"\" \/><img decoding=\"async\" src=\"http:\/\/cerrajeriacercasa.com\/wp-content\/uploads\/2017\/10\/07841f03-bef9-44b4-b6df-51e55473dc7b-1170x1200.jpg\" title=\"\" \/><img decoding=\"async\" src=\"http:\/\/cerrajeriacercasa.com\/wp-content\/uploads\/2017\/10\/a4dc5592-335a-4b4e-bdd5-77841088d08e-1170x1200.jpg\" title=\"\" \/><img decoding=\"async\" src=\"http:\/\/cerrajeriacercasa.com\/wp-content\/uploads\/2017\/10\/d8788765-5c35-4171-9f88-a5f46152365f-1170x1200.jpg\" title=\"\" \/><img decoding=\"async\" src=\"http:\/\/cerrajeriacercasa.com\/wp-content\/uploads\/2017\/10\/e9e70dfd-6261-4883-8fd0-a6d40e783419-1170x1200.jpg\" title=\"\" \/><img decoding=\"async\" src=\"http:\/\/cerrajeriacercasa.com\/wp-content\/uploads\/2017\/10\/dc177c56-1c74-4e4f-bbf5-9d434c940e3c-1170x1200.jpg\" title=\"\" \/><img decoding=\"async\" src=\"http:\/\/cerrajeriacercasa.com\/wp-content\/uploads\/2017\/10\/e2205aef-3a3e-4ea4-88ee-4213b91b82d8-1170x1200.jpg\" title=\"\" \/><img decoding=\"async\" src=\"http:\/\/cerrajeriacercasa.com\/wp-content\/uploads\/2017\/10\/f64af7b7-f29b-433d-8e56-8f9813f216f4-1170x1200.jpg\" title=\"\" \/><img decoding=\"async\" src=\"http:\/\/cerrajeriacercasa.com\/wp-content\/uploads\/2017\/10\/f867f9b4-11e9-40f9-b480-3cf3f68b6373-1170x1200.jpg\" title=\"\" \/><img decoding=\"async\" src=\"http:\/\/cerrajeriacercasa.com\/wp-content\/uploads\/2017\/10\/fc75c3e5-1183-40ba-89ac-f2595f7da907-1170x1200.jpg\" title=\"\" \/><\/div><\/div><\/div>\n<p>&nbsp;<\/p>\n","protected":false},"excerpt":{"rendered":"<p>&nbsp;<\/p>\n","protected":false},"author":1,"featured_media":5684,"parent":0,"menu_order":0,"comment_status":"closed","ping_status":"closed","template":"template-full-custom.php","meta":{"_monsterinsights_skip_tracking":false,"_monsterinsights_sitenote_active":false,"_monsterinsights_sitenote_note":"","_monsterinsights_sitenote_category":0,"footnotes":""},"class_list":["post-4223","page","type-page","status-publish","has-post-thumbnail","hentry"],"yoast_head":"<!-- This site is optimized with the Yoast SEO plugin v27.4 - https:\/\/yoast.com\/product\/yoast-seo-wordpress\/ -->\n<title>Des rampes le Tenerife, les Treillages, Constructions Metalliques Cercasa<\/title>\n<meta name=\"description\" content=\"Cercasa fabrique et dessine des Rampes le Tenerife, les Treillages le Tenerife en fer inoxydable, forge, acier, acier coup\u00e9, ou cristal pour habitations ou entreprises.\" \/>\n<meta name=\"robots\" content=\"index, follow, max-snippet:-1, max-image-preview:large, max-video-preview:-1\" \/>\n<link rel=\"canonical\" href=\"https:\/\/cerrajeriacercasa.com\/fr\/des-rampes-le-tenerife\/\" \/>\n<meta property=\"og:locale\" content=\"fr_FR\" \/>\n<meta property=\"og:type\" content=\"article\" \/>\n<meta property=\"og:title\" content=\"Des rampes le Tenerife, les Treillages, Constructions Metalliques Cercasa\" \/>\n<meta property=\"og:description\" content=\"Cercasa fabrique et dessine des Rampes le Tenerife, les Treillages le Tenerife en fer inoxydable, forge, acier, acier coup\u00e9, ou cristal pour habitations ou entreprises.\" \/>\n<meta property=\"og:url\" content=\"https:\/\/cerrajeriacercasa.com\/fr\/des-rampes-le-tenerife\/\" \/>\n<meta property=\"og:site_name\" content=\"Construcciones Met\u00e1licas Cercasa\" \/>\n<meta property=\"article:publisher\" content=\"https:\/\/www.facebook.com\/CercasaCerrajeria\/\" \/>\n<meta property=\"article:modified_time\" content=\"2019-06-24T10:11:31+00:00\" \/>\n<meta property=\"og:image\" content=\"https:\/\/cerrajeriacercasa.com\/wp-content\/uploads\/2017\/10\/irmasolda23.jpg\" \/>\n\t<meta property=\"og:image:width\" content=\"1920\" \/>\n\t<meta property=\"og:image:height\" content=\"1440\" \/>\n\t<meta property=\"og:image:type\" content=\"image\/jpeg\" \/>\n<meta name=\"twitter:card\" content=\"summary_large_image\" \/>\n<meta name=\"twitter:label1\" content=\"Dur\u00e9e de lecture estim\u00e9e\" \/>\n\t<meta name=\"twitter:data1\" content=\"2 minutes\" \/>\n<script type=\"application\/ld+json\" class=\"yoast-schema-graph\">{\"@context\":\"https:\\\/\\\/schema.org\",\"@graph\":[{\"@type\":\"WebPage\",\"@id\":\"https:\\\/\\\/cerrajeriacercasa.com\\\/fr\\\/des-rampes-le-tenerife\\\/\",\"url\":\"https:\\\/\\\/cerrajeriacercasa.com\\\/fr\\\/des-rampes-le-tenerife\\\/\",\"name\":\"Des rampes le Tenerife, les Treillages, Constructions Metalliques Cercasa\",\"isPartOf\":{\"@id\":\"https:\\\/\\\/cerrajeriacercasa.com\\\/#website\"},\"primaryImageOfPage\":{\"@id\":\"https:\\\/\\\/cerrajeriacercasa.com\\\/fr\\\/des-rampes-le-tenerife\\\/#primaryimage\"},\"image\":{\"@id\":\"https:\\\/\\\/cerrajeriacercasa.com\\\/fr\\\/des-rampes-le-tenerife\\\/#primaryimage\"},\"thumbnailUrl\":\"https:\\\/\\\/cerrajeriacercasa.com\\\/wp-content\\\/uploads\\\/2017\\\/10\\\/irmasolda23.jpg\",\"datePublished\":\"2017-10-18T19:30:14+00:00\",\"dateModified\":\"2019-06-24T10:11:31+00:00\",\"description\":\"Cercasa fabrique et dessine des Rampes le Tenerife, les Treillages le Tenerife en fer inoxydable, forge, acier, acier coup\u00e9, ou cristal pour habitations ou entreprises.\",\"breadcrumb\":{\"@id\":\"https:\\\/\\\/cerrajeriacercasa.com\\\/fr\\\/des-rampes-le-tenerife\\\/#breadcrumb\"},\"inLanguage\":\"fr-FR\",\"potentialAction\":[{\"@type\":\"ReadAction\",\"target\":[\"https:\\\/\\\/cerrajeriacercasa.com\\\/fr\\\/des-rampes-le-tenerife\\\/\"]}]},{\"@type\":\"ImageObject\",\"inLanguage\":\"fr-FR\",\"@id\":\"https:\\\/\\\/cerrajeriacercasa.com\\\/fr\\\/des-rampes-le-tenerife\\\/#primaryimage\",\"url\":\"https:\\\/\\\/cerrajeriacercasa.com\\\/wp-content\\\/uploads\\\/2017\\\/10\\\/irmasolda23.jpg\",\"contentUrl\":\"https:\\\/\\\/cerrajeriacercasa.com\\\/wp-content\\\/uploads\\\/2017\\\/10\\\/irmasolda23.jpg\",\"width\":1920,\"height\":1440},{\"@type\":\"BreadcrumbList\",\"@id\":\"https:\\\/\\\/cerrajeriacercasa.com\\\/fr\\\/des-rampes-le-tenerife\\\/#breadcrumb\",\"itemListElement\":[{\"@type\":\"ListItem\",\"position\":1,\"name\":\"Portada\",\"item\":\"https:\\\/\\\/cerrajeriacercasa.com\\\/fr\\\/\"},{\"@type\":\"ListItem\",\"position\":2,\"name\":\"Des Rampes le Tenerife\"}]},{\"@type\":\"WebSite\",\"@id\":\"https:\\\/\\\/cerrajeriacercasa.com\\\/#website\",\"url\":\"https:\\\/\\\/cerrajeriacercasa.com\\\/\",\"name\":\"Construcciones Met\u00e1licas Cercasa\",\"description\":\"Construcciones Met\u00e1licas Tenerife, Acero inoxidable Tenerife, Puertas, Barandas, Escaleras, Rejas, Estructuras met\u00e1licas, Automatismos, Mobiliario\",\"publisher\":{\"@id\":\"https:\\\/\\\/cerrajeriacercasa.com\\\/#organization\"},\"potentialAction\":[{\"@type\":\"SearchAction\",\"target\":{\"@type\":\"EntryPoint\",\"urlTemplate\":\"https:\\\/\\\/cerrajeriacercasa.com\\\/?s={search_term_string}\"},\"query-input\":{\"@type\":\"PropertyValueSpecification\",\"valueRequired\":true,\"valueName\":\"search_term_string\"}}],\"inLanguage\":\"fr-FR\"},{\"@type\":\"Organization\",\"@id\":\"https:\\\/\\\/cerrajeriacercasa.com\\\/#organization\",\"name\":\"Cercasa Construcciones Met\u00e1licas en Tenerife\",\"url\":\"https:\\\/\\\/cerrajeriacercasa.com\\\/\",\"logo\":{\"@type\":\"ImageObject\",\"inLanguage\":\"fr-FR\",\"@id\":\"https:\\\/\\\/cerrajeriacercasa.com\\\/#\\\/schema\\\/logo\\\/image\\\/\",\"url\":\"https:\\\/\\\/cerrajeriacercasa.com\\\/wp-content\\\/uploads\\\/2017\\\/10\\\/LOGO-DE-CERCASA.jpg\",\"contentUrl\":\"https:\\\/\\\/cerrajeriacercasa.com\\\/wp-content\\\/uploads\\\/2017\\\/10\\\/LOGO-DE-CERCASA.jpg\",\"width\":1600,\"height\":670,\"caption\":\"Cercasa Construcciones Met\u00e1licas en Tenerife\"},\"image\":{\"@id\":\"https:\\\/\\\/cerrajeriacercasa.com\\\/#\\\/schema\\\/logo\\\/image\\\/\"},\"sameAs\":[\"https:\\\/\\\/www.facebook.com\\\/CercasaCerrajeria\\\/\",\"https:\\\/\\\/www.instagram.com\\\/construccionesmetalicascercasa\\\/\",\"https:\\\/\\\/www.youtube.com\\\/channel\\\/UCqzrGX0qFS7v2iwZjMT-dag\\\/featured\"]}]}<\/script>\n<!-- \/ Yoast SEO plugin. -->","yoast_head_json":{"title":"Des rampes le Tenerife, les Treillages, Constructions Metalliques Cercasa","description":"Cercasa fabrique et dessine des Rampes le Tenerife, les Treillages le Tenerife en fer inoxydable, forge, acier, acier coup\u00e9, ou cristal pour habitations ou entreprises.","robots":{"index":"index","follow":"follow","max-snippet":"max-snippet:-1","max-image-preview":"max-image-preview:large","max-video-preview":"max-video-preview:-1"},"canonical":"https:\/\/cerrajeriacercasa.com\/fr\/des-rampes-le-tenerife\/","og_locale":"fr_FR","og_type":"article","og_title":"Des rampes le Tenerife, les Treillages, Constructions Metalliques Cercasa","og_description":"Cercasa fabrique et dessine des Rampes le Tenerife, les Treillages le Tenerife en fer inoxydable, forge, acier, acier coup\u00e9, ou cristal pour habitations ou entreprises.","og_url":"https:\/\/cerrajeriacercasa.com\/fr\/des-rampes-le-tenerife\/","og_site_name":"Construcciones Met\u00e1licas Cercasa","article_publisher":"https:\/\/www.facebook.com\/CercasaCerrajeria\/","article_modified_time":"2019-06-24T10:11:31+00:00","og_image":[{"width":1920,"height":1440,"url":"https:\/\/cerrajeriacercasa.com\/wp-content\/uploads\/2017\/10\/irmasolda23.jpg","type":"image\/jpeg"}],"twitter_card":"summary_large_image","twitter_misc":{"Dur\u00e9e de lecture estim\u00e9e":"2 minutes"},"schema":{"@context":"https:\/\/schema.org","@graph":[{"@type":"WebPage","@id":"https:\/\/cerrajeriacercasa.com\/fr\/des-rampes-le-tenerife\/","url":"https:\/\/cerrajeriacercasa.com\/fr\/des-rampes-le-tenerife\/","name":"Des rampes le Tenerife, les Treillages, Constructions Metalliques Cercasa","isPartOf":{"@id":"https:\/\/cerrajeriacercasa.com\/#website"},"primaryImageOfPage":{"@id":"https:\/\/cerrajeriacercasa.com\/fr\/des-rampes-le-tenerife\/#primaryimage"},"image":{"@id":"https:\/\/cerrajeriacercasa.com\/fr\/des-rampes-le-tenerife\/#primaryimage"},"thumbnailUrl":"https:\/\/cerrajeriacercasa.com\/wp-content\/uploads\/2017\/10\/irmasolda23.jpg","datePublished":"2017-10-18T19:30:14+00:00","dateModified":"2019-06-24T10:11:31+00:00","description":"Cercasa fabrique et dessine des Rampes le Tenerife, les Treillages le Tenerife en fer inoxydable, forge, acier, acier coup\u00e9, ou cristal pour habitations ou entreprises.","breadcrumb":{"@id":"https:\/\/cerrajeriacercasa.com\/fr\/des-rampes-le-tenerife\/#breadcrumb"},"inLanguage":"fr-FR","potentialAction":[{"@type":"ReadAction","target":["https:\/\/cerrajeriacercasa.com\/fr\/des-rampes-le-tenerife\/"]}]},{"@type":"ImageObject","inLanguage":"fr-FR","@id":"https:\/\/cerrajeriacercasa.com\/fr\/des-rampes-le-tenerife\/#primaryimage","url":"https:\/\/cerrajeriacercasa.com\/wp-content\/uploads\/2017\/10\/irmasolda23.jpg","contentUrl":"https:\/\/cerrajeriacercasa.com\/wp-content\/uploads\/2017\/10\/irmasolda23.jpg","width":1920,"height":1440},{"@type":"BreadcrumbList","@id":"https:\/\/cerrajeriacercasa.com\/fr\/des-rampes-le-tenerife\/#breadcrumb","itemListElement":[{"@type":"ListItem","position":1,"name":"Portada","item":"https:\/\/cerrajeriacercasa.com\/fr\/"},{"@type":"ListItem","position":2,"name":"Des Rampes le Tenerife"}]},{"@type":"WebSite","@id":"https:\/\/cerrajeriacercasa.com\/#website","url":"https:\/\/cerrajeriacercasa.com\/","name":"Construcciones Met\u00e1licas Cercasa","description":"Construcciones Met\u00e1licas Tenerife, Acero inoxidable Tenerife, Puertas, Barandas, Escaleras, Rejas, Estructuras met\u00e1licas, Automatismos, Mobiliario","publisher":{"@id":"https:\/\/cerrajeriacercasa.com\/#organization"},"potentialAction":[{"@type":"SearchAction","target":{"@type":"EntryPoint","urlTemplate":"https:\/\/cerrajeriacercasa.com\/?s={search_term_string}"},"query-input":{"@type":"PropertyValueSpecification","valueRequired":true,"valueName":"search_term_string"}}],"inLanguage":"fr-FR"},{"@type":"Organization","@id":"https:\/\/cerrajeriacercasa.com\/#organization","name":"Cercasa Construcciones Met\u00e1licas en Tenerife","url":"https:\/\/cerrajeriacercasa.com\/","logo":{"@type":"ImageObject","inLanguage":"fr-FR","@id":"https:\/\/cerrajeriacercasa.com\/#\/schema\/logo\/image\/","url":"https:\/\/cerrajeriacercasa.com\/wp-content\/uploads\/2017\/10\/LOGO-DE-CERCASA.jpg","contentUrl":"https:\/\/cerrajeriacercasa.com\/wp-content\/uploads\/2017\/10\/LOGO-DE-CERCASA.jpg","width":1600,"height":670,"caption":"Cercasa Construcciones Met\u00e1licas en Tenerife"},"image":{"@id":"https:\/\/cerrajeriacercasa.com\/#\/schema\/logo\/image\/"},"sameAs":["https:\/\/www.facebook.com\/CercasaCerrajeria\/","https:\/\/www.instagram.com\/construccionesmetalicascercasa\/","https:\/\/www.youtube.com\/channel\/UCqzrGX0qFS7v2iwZjMT-dag\/featured"]}]}},"_links":{"self":[{"href":"https:\/\/cerrajeriacercasa.com\/fr\/wp-json\/wp\/v2\/pages\/4223","targetHints":{"allow":["GET"]}}],"collection":[{"href":"https:\/\/cerrajeriacercasa.com\/fr\/wp-json\/wp\/v2\/pages"}],"about":[{"href":"https:\/\/cerrajeriacercasa.com\/fr\/wp-json\/wp\/v2\/types\/page"}],"author":[{"embeddable":true,"href":"https:\/\/cerrajeriacercasa.com\/fr\/wp-json\/wp\/v2\/users\/1"}],"replies":[{"embeddable":true,"href":"https:\/\/cerrajeriacercasa.com\/fr\/wp-json\/wp\/v2\/comments?post=4223"}],"version-history":[{"count":3,"href":"https:\/\/cerrajeriacercasa.com\/fr\/wp-json\/wp\/v2\/pages\/4223\/revisions"}],"predecessor-version":[{"id":4299,"href":"https:\/\/cerrajeriacercasa.com\/fr\/wp-json\/wp\/v2\/pages\/4223\/revisions\/4299"}],"wp:featuredmedia":[{"embeddable":true,"href":"https:\/\/cerrajeriacercasa.com\/fr\/wp-json\/wp\/v2\/media\/5684"}],"wp:attachment":[{"href":"https:\/\/cerrajeriacercasa.com\/fr\/wp-json\/wp\/v2\/media?parent=4223"}],"curies":[{"name":"wp","href":"https:\/\/api.w.org\/{rel}","templated":true}]}}