{"id":4235,"date":"2017-10-18T18:54:57","date_gmt":"2017-10-18T18:54:57","guid":{"rendered":"http:\/\/cerrajeriacercasa.com\/cerramientos-metalicos-tenerife\/"},"modified":"2019-06-24T10:11:29","modified_gmt":"2019-06-24T10:11:29","slug":"boitiers-metalliques-tenerife","status":"publish","type":"page","link":"https:\/\/cerrajeriacercasa.com\/fr\/boitiers-metalliques-tenerife\/","title":{"rendered":"Bo\u00eetiers m\u00e9talliques Tenerife"},"content":{"rendered":"<div class=\"section-full-width section-light2\" style=\"background-color:#f7f7f7;\" id=\"bo\u00eetiersm\u00e9talliques\"><div class=\"section-boxed\" style=\"color:#777777;\"><h2 class=\"section-title\" style=\"color:#252525;\">Bo\u00eetiers m\u00e9talliques <\/h2><h4 style=\"color:#252525;\" class=\"sub-title\">Tous les travaux dans le m\u00e9tal que tu peux imaginer...<\/h4><\/p>\n<p style=\"text-align: center;\">A Constructions M\u00e9talliques Cercasa nous fabriquons tout types de clotures pour des demeures, des chalets, des propri\u00e9t\u00e9s, des communaut\u00e9s, des entreprises, des parcelles, etc. \u2026<\/p>\n<p style=\"text-align: center;\">Tant en fer, forge, acier inoxydable, acier coupez et toute esp\u00e8ce de mailles. Nous nous adaptons aux n\u00e9cessit\u00e9s de chaque client, avec la plus grande qualit\u00e9 et l&rsquo;efficacit\u00e9.<\/p>\n<h2 style=\"text-align: center;\">N \u00ba 1 dans Bo\u00eetiers m\u00e9talliques le Tenerife<\/h2>\n<p>\n<\/div><\/div>\n<div class=\"section-full-width section-dark parallax-fixed\" style=\"background-color:#252525;\" id=\"destypesdebo\u00eetiersm\u00e9talliques\"><div style=\"background-image:url(http:\/\/cerrajeriacercasa.com\/wp-content\/uploads\/2017\/10\/irmasolda23.jpg); opacity:0.3; filter: alpha(opacity=30);\" class=\"full-bg-image\" ><\/div><div class=\"section-boxed\" style=\"color:#ffffff;\"><h2 class=\"section-title\" style=\"color:#ffffff;\">Des types de Bo\u00eetiers m\u00e9talliques<\/h2><h4 style=\"color:#ffffff;\" class=\"sub-title\">Les Leaders dans le secteur de la m\u00e9tallurgie <\/h4><div class=\"services-wrapper services-icon cols-wrapper cols-3 pexeto-parallax\"><div class=\"services-box col services-no-image\"><div class=\"services-content\"><div class=\"sc-wraper\"><h3>Boitiers de maisons<\/h3><\/div><\/div><\/div><div class=\"services-box col services-no-image\"><div class=\"services-content\"><div class=\"sc-wraper\"><h3>Bo\u00eetiers de balcon<\/h3><\/div><\/div><\/div><div class=\"services-box col nomargin services-no-image\"><div class=\"services-content\"><div class=\"sc-wraper\"><h3>Boitiers de toits<\/h3><\/div><\/div><\/div><div class=\"services-box col services-no-image\"><div class=\"services-content\"><div class=\"sc-wraper\"><h3>Boitiers des murs<\/h3><\/div><\/div><\/div><div class=\"services-box col services-no-image\"><div class=\"services-content\"><div class=\"sc-wraper\"><h3>Boitiers de terrasse<\/h3><\/div><\/div><\/div><div class=\"services-box col nomargin services-no-image\"><div class=\"services-content\"><div class=\"sc-wraper\"><h3>Bo\u00eetiers ext\u00e9rieurs<\/h3><\/div><\/div><\/div><div class=\"services-box col nomargin services-no-image\"><div class=\"services-content\"><div class=\"sc-wraper\"><h3>Boitiers des fermes<\/h3><\/div><\/div><\/div><div class=\"clear\"><\/div><\/div>\n<\/div><\/div>\n<div class=\"section-full-width section-light2\" style=\"background-color:#f7f7f7;\" id=\"section-1\"><div class=\"section-boxed\" style=\"color:#777777;\"><div class=\"cta-element\"><h4 class=\"cta-small-title\">As-tu une id\u00e9e et ne sais-tu pas comment la r\u00e9aliser?<\/h4><h2 class=\"cta-title\">Ensemble Nous ferons une r\u00e9alit\u00e9 <\/h2><a class=\"button\" href=\"http:\/\/cerrajeriacercasa.com\/fr\/siege-guimar\/\" target=\"_blank\">Solliciter le Budget <\/a><\/div>\n<\/div><\/div>\n<div class=\"nivo-content\"><div class=\"nivo-wrapper\"><div class=\"nivo-slider\" id=\"nivo-slider-42351\" style=\"max-height:1200px;\"><img decoding=\"async\" src=\"http:\/\/cerrajeriacercasa.com\/wp-content\/uploads\/2017\/10\/cerramientos-tenerife-1-1170x1200.jpg\" title=\"\" \/><img decoding=\"async\" src=\"http:\/\/cerrajeriacercasa.com\/wp-content\/uploads\/2017\/10\/cerramientos-metalicos01-1-1170x1200.jpg\" title=\"\" \/><\/div><\/div><\/div>\n<p>&nbsp;<\/p>\n","protected":false},"excerpt":{"rendered":"<p>&nbsp;<\/p>\n","protected":false},"author":1,"featured_media":5684,"parent":0,"menu_order":0,"comment_status":"closed","ping_status":"closed","template":"template-full-custom.php","meta":{"_monsterinsights_skip_tracking":false,"_monsterinsights_sitenote_active":false,"_monsterinsights_sitenote_note":"","_monsterinsights_sitenote_category":0,"footnotes":""},"class_list":["post-4235","page","type-page","status-publish","has-post-thumbnail","hentry"],"yoast_head":"<!-- This site is optimized with the Yoast SEO plugin v27.4 - https:\/\/yoast.com\/product\/yoast-seo-wordpress\/ -->\n<title>Bo\u00eetiers m\u00e9talliques Tenerife, Constructions M\u00e9talliques Cercasa<\/title>\n<meta name=\"description\" content=\"Cercasa fabrique des Bo\u00eetiers m\u00e9talliques Tenerife pour les maisons, villas, fermes, collectivit\u00e9s, entreprises, terrains en fer, acier inoxydable et acier corten\" \/>\n<meta name=\"robots\" content=\"index, follow, max-snippet:-1, max-image-preview:large, max-video-preview:-1\" \/>\n<link rel=\"canonical\" href=\"https:\/\/cerrajeriacercasa.com\/fr\/boitiers-metalliques-tenerife\/\" \/>\n<meta property=\"og:locale\" content=\"fr_FR\" \/>\n<meta property=\"og:type\" content=\"article\" \/>\n<meta property=\"og:title\" content=\"Bo\u00eetiers m\u00e9talliques Tenerife, Constructions M\u00e9talliques Cercasa\" \/>\n<meta property=\"og:description\" content=\"Cercasa fabrique des Bo\u00eetiers m\u00e9talliques Tenerife pour les maisons, villas, fermes, collectivit\u00e9s, entreprises, terrains en fer, acier inoxydable et acier corten\" \/>\n<meta property=\"og:url\" content=\"https:\/\/cerrajeriacercasa.com\/fr\/boitiers-metalliques-tenerife\/\" \/>\n<meta property=\"og:site_name\" content=\"Construcciones Met\u00e1licas Cercasa\" \/>\n<meta property=\"article:publisher\" content=\"https:\/\/www.facebook.com\/CercasaCerrajeria\/\" \/>\n<meta property=\"article:modified_time\" content=\"2019-06-24T10:11:29+00:00\" \/>\n<meta property=\"og:image\" content=\"https:\/\/cerrajeriacercasa.com\/wp-content\/uploads\/2017\/10\/irmasolda23.jpg\" \/>\n\t<meta property=\"og:image:width\" content=\"1920\" \/>\n\t<meta property=\"og:image:height\" content=\"1440\" \/>\n\t<meta property=\"og:image:type\" content=\"image\/jpeg\" \/>\n<meta name=\"twitter:card\" content=\"summary_large_image\" \/>\n<meta name=\"twitter:label1\" content=\"Dur\u00e9e de lecture estim\u00e9e\" \/>\n\t<meta name=\"twitter:data1\" content=\"2 minutes\" \/>\n<script type=\"application\/ld+json\" class=\"yoast-schema-graph\">{\"@context\":\"https:\\\/\\\/schema.org\",\"@graph\":[{\"@type\":\"WebPage\",\"@id\":\"https:\\\/\\\/cerrajeriacercasa.com\\\/fr\\\/boitiers-metalliques-tenerife\\\/\",\"url\":\"https:\\\/\\\/cerrajeriacercasa.com\\\/fr\\\/boitiers-metalliques-tenerife\\\/\",\"name\":\"Bo\u00eetiers m\u00e9talliques Tenerife, Constructions M\u00e9talliques Cercasa\",\"isPartOf\":{\"@id\":\"https:\\\/\\\/cerrajeriacercasa.com\\\/#website\"},\"primaryImageOfPage\":{\"@id\":\"https:\\\/\\\/cerrajeriacercasa.com\\\/fr\\\/boitiers-metalliques-tenerife\\\/#primaryimage\"},\"image\":{\"@id\":\"https:\\\/\\\/cerrajeriacercasa.com\\\/fr\\\/boitiers-metalliques-tenerife\\\/#primaryimage\"},\"thumbnailUrl\":\"https:\\\/\\\/cerrajeriacercasa.com\\\/wp-content\\\/uploads\\\/2017\\\/10\\\/irmasolda23.jpg\",\"datePublished\":\"2017-10-18T18:54:57+00:00\",\"dateModified\":\"2019-06-24T10:11:29+00:00\",\"description\":\"Cercasa fabrique des Bo\u00eetiers m\u00e9talliques Tenerife pour les maisons, villas, fermes, collectivit\u00e9s, entreprises, terrains en fer, acier inoxydable et acier corten\",\"breadcrumb\":{\"@id\":\"https:\\\/\\\/cerrajeriacercasa.com\\\/fr\\\/boitiers-metalliques-tenerife\\\/#breadcrumb\"},\"inLanguage\":\"fr-FR\",\"potentialAction\":[{\"@type\":\"ReadAction\",\"target\":[\"https:\\\/\\\/cerrajeriacercasa.com\\\/fr\\\/boitiers-metalliques-tenerife\\\/\"]}]},{\"@type\":\"ImageObject\",\"inLanguage\":\"fr-FR\",\"@id\":\"https:\\\/\\\/cerrajeriacercasa.com\\\/fr\\\/boitiers-metalliques-tenerife\\\/#primaryimage\",\"url\":\"https:\\\/\\\/cerrajeriacercasa.com\\\/wp-content\\\/uploads\\\/2017\\\/10\\\/irmasolda23.jpg\",\"contentUrl\":\"https:\\\/\\\/cerrajeriacercasa.com\\\/wp-content\\\/uploads\\\/2017\\\/10\\\/irmasolda23.jpg\",\"width\":1920,\"height\":1440},{\"@type\":\"BreadcrumbList\",\"@id\":\"https:\\\/\\\/cerrajeriacercasa.com\\\/fr\\\/boitiers-metalliques-tenerife\\\/#breadcrumb\",\"itemListElement\":[{\"@type\":\"ListItem\",\"position\":1,\"name\":\"Portada\",\"item\":\"https:\\\/\\\/cerrajeriacercasa.com\\\/fr\\\/\"},{\"@type\":\"ListItem\",\"position\":2,\"name\":\"Bo\u00eetiers m\u00e9talliques Tenerife\"}]},{\"@type\":\"WebSite\",\"@id\":\"https:\\\/\\\/cerrajeriacercasa.com\\\/#website\",\"url\":\"https:\\\/\\\/cerrajeriacercasa.com\\\/\",\"name\":\"Construcciones Met\u00e1licas Cercasa\",\"description\":\"Construcciones Met\u00e1licas Tenerife, Acero inoxidable Tenerife, Puertas, Barandas, Escaleras, Rejas, Estructuras met\u00e1licas, Automatismos, Mobiliario\",\"publisher\":{\"@id\":\"https:\\\/\\\/cerrajeriacercasa.com\\\/#organization\"},\"potentialAction\":[{\"@type\":\"SearchAction\",\"target\":{\"@type\":\"EntryPoint\",\"urlTemplate\":\"https:\\\/\\\/cerrajeriacercasa.com\\\/?s={search_term_string}\"},\"query-input\":{\"@type\":\"PropertyValueSpecification\",\"valueRequired\":true,\"valueName\":\"search_term_string\"}}],\"inLanguage\":\"fr-FR\"},{\"@type\":\"Organization\",\"@id\":\"https:\\\/\\\/cerrajeriacercasa.com\\\/#organization\",\"name\":\"Cercasa Construcciones Met\u00e1licas en Tenerife\",\"url\":\"https:\\\/\\\/cerrajeriacercasa.com\\\/\",\"logo\":{\"@type\":\"ImageObject\",\"inLanguage\":\"fr-FR\",\"@id\":\"https:\\\/\\\/cerrajeriacercasa.com\\\/#\\\/schema\\\/logo\\\/image\\\/\",\"url\":\"https:\\\/\\\/cerrajeriacercasa.com\\\/wp-content\\\/uploads\\\/2017\\\/10\\\/LOGO-DE-CERCASA.jpg\",\"contentUrl\":\"https:\\\/\\\/cerrajeriacercasa.com\\\/wp-content\\\/uploads\\\/2017\\\/10\\\/LOGO-DE-CERCASA.jpg\",\"width\":1600,\"height\":670,\"caption\":\"Cercasa Construcciones Met\u00e1licas en Tenerife\"},\"image\":{\"@id\":\"https:\\\/\\\/cerrajeriacercasa.com\\\/#\\\/schema\\\/logo\\\/image\\\/\"},\"sameAs\":[\"https:\\\/\\\/www.facebook.com\\\/CercasaCerrajeria\\\/\",\"https:\\\/\\\/www.instagram.com\\\/construccionesmetalicascercasa\\\/\",\"https:\\\/\\\/www.youtube.com\\\/channel\\\/UCqzrGX0qFS7v2iwZjMT-dag\\\/featured\"]}]}<\/script>\n<!-- \/ Yoast SEO plugin. -->","yoast_head_json":{"title":"Bo\u00eetiers m\u00e9talliques Tenerife, Constructions M\u00e9talliques Cercasa","description":"Cercasa fabrique des Bo\u00eetiers m\u00e9talliques Tenerife pour les maisons, villas, fermes, collectivit\u00e9s, entreprises, terrains en fer, acier inoxydable et acier corten","robots":{"index":"index","follow":"follow","max-snippet":"max-snippet:-1","max-image-preview":"max-image-preview:large","max-video-preview":"max-video-preview:-1"},"canonical":"https:\/\/cerrajeriacercasa.com\/fr\/boitiers-metalliques-tenerife\/","og_locale":"fr_FR","og_type":"article","og_title":"Bo\u00eetiers m\u00e9talliques Tenerife, Constructions M\u00e9talliques Cercasa","og_description":"Cercasa fabrique des Bo\u00eetiers m\u00e9talliques Tenerife pour les maisons, villas, fermes, collectivit\u00e9s, entreprises, terrains en fer, acier inoxydable et acier corten","og_url":"https:\/\/cerrajeriacercasa.com\/fr\/boitiers-metalliques-tenerife\/","og_site_name":"Construcciones Met\u00e1licas Cercasa","article_publisher":"https:\/\/www.facebook.com\/CercasaCerrajeria\/","article_modified_time":"2019-06-24T10:11:29+00:00","og_image":[{"width":1920,"height":1440,"url":"https:\/\/cerrajeriacercasa.com\/wp-content\/uploads\/2017\/10\/irmasolda23.jpg","type":"image\/jpeg"}],"twitter_card":"summary_large_image","twitter_misc":{"Dur\u00e9e de lecture estim\u00e9e":"2 minutes"},"schema":{"@context":"https:\/\/schema.org","@graph":[{"@type":"WebPage","@id":"https:\/\/cerrajeriacercasa.com\/fr\/boitiers-metalliques-tenerife\/","url":"https:\/\/cerrajeriacercasa.com\/fr\/boitiers-metalliques-tenerife\/","name":"Bo\u00eetiers m\u00e9talliques Tenerife, Constructions M\u00e9talliques Cercasa","isPartOf":{"@id":"https:\/\/cerrajeriacercasa.com\/#website"},"primaryImageOfPage":{"@id":"https:\/\/cerrajeriacercasa.com\/fr\/boitiers-metalliques-tenerife\/#primaryimage"},"image":{"@id":"https:\/\/cerrajeriacercasa.com\/fr\/boitiers-metalliques-tenerife\/#primaryimage"},"thumbnailUrl":"https:\/\/cerrajeriacercasa.com\/wp-content\/uploads\/2017\/10\/irmasolda23.jpg","datePublished":"2017-10-18T18:54:57+00:00","dateModified":"2019-06-24T10:11:29+00:00","description":"Cercasa fabrique des Bo\u00eetiers m\u00e9talliques Tenerife pour les maisons, villas, fermes, collectivit\u00e9s, entreprises, terrains en fer, acier inoxydable et acier corten","breadcrumb":{"@id":"https:\/\/cerrajeriacercasa.com\/fr\/boitiers-metalliques-tenerife\/#breadcrumb"},"inLanguage":"fr-FR","potentialAction":[{"@type":"ReadAction","target":["https:\/\/cerrajeriacercasa.com\/fr\/boitiers-metalliques-tenerife\/"]}]},{"@type":"ImageObject","inLanguage":"fr-FR","@id":"https:\/\/cerrajeriacercasa.com\/fr\/boitiers-metalliques-tenerife\/#primaryimage","url":"https:\/\/cerrajeriacercasa.com\/wp-content\/uploads\/2017\/10\/irmasolda23.jpg","contentUrl":"https:\/\/cerrajeriacercasa.com\/wp-content\/uploads\/2017\/10\/irmasolda23.jpg","width":1920,"height":1440},{"@type":"BreadcrumbList","@id":"https:\/\/cerrajeriacercasa.com\/fr\/boitiers-metalliques-tenerife\/#breadcrumb","itemListElement":[{"@type":"ListItem","position":1,"name":"Portada","item":"https:\/\/cerrajeriacercasa.com\/fr\/"},{"@type":"ListItem","position":2,"name":"Bo\u00eetiers m\u00e9talliques Tenerife"}]},{"@type":"WebSite","@id":"https:\/\/cerrajeriacercasa.com\/#website","url":"https:\/\/cerrajeriacercasa.com\/","name":"Construcciones Met\u00e1licas Cercasa","description":"Construcciones Met\u00e1licas Tenerife, Acero inoxidable Tenerife, Puertas, Barandas, Escaleras, Rejas, Estructuras met\u00e1licas, Automatismos, Mobiliario","publisher":{"@id":"https:\/\/cerrajeriacercasa.com\/#organization"},"potentialAction":[{"@type":"SearchAction","target":{"@type":"EntryPoint","urlTemplate":"https:\/\/cerrajeriacercasa.com\/?s={search_term_string}"},"query-input":{"@type":"PropertyValueSpecification","valueRequired":true,"valueName":"search_term_string"}}],"inLanguage":"fr-FR"},{"@type":"Organization","@id":"https:\/\/cerrajeriacercasa.com\/#organization","name":"Cercasa Construcciones Met\u00e1licas en Tenerife","url":"https:\/\/cerrajeriacercasa.com\/","logo":{"@type":"ImageObject","inLanguage":"fr-FR","@id":"https:\/\/cerrajeriacercasa.com\/#\/schema\/logo\/image\/","url":"https:\/\/cerrajeriacercasa.com\/wp-content\/uploads\/2017\/10\/LOGO-DE-CERCASA.jpg","contentUrl":"https:\/\/cerrajeriacercasa.com\/wp-content\/uploads\/2017\/10\/LOGO-DE-CERCASA.jpg","width":1600,"height":670,"caption":"Cercasa Construcciones Met\u00e1licas en Tenerife"},"image":{"@id":"https:\/\/cerrajeriacercasa.com\/#\/schema\/logo\/image\/"},"sameAs":["https:\/\/www.facebook.com\/CercasaCerrajeria\/","https:\/\/www.instagram.com\/construccionesmetalicascercasa\/","https:\/\/www.youtube.com\/channel\/UCqzrGX0qFS7v2iwZjMT-dag\/featured"]}]}},"_links":{"self":[{"href":"https:\/\/cerrajeriacercasa.com\/fr\/wp-json\/wp\/v2\/pages\/4235","targetHints":{"allow":["GET"]}}],"collection":[{"href":"https:\/\/cerrajeriacercasa.com\/fr\/wp-json\/wp\/v2\/pages"}],"about":[{"href":"https:\/\/cerrajeriacercasa.com\/fr\/wp-json\/wp\/v2\/types\/page"}],"author":[{"embeddable":true,"href":"https:\/\/cerrajeriacercasa.com\/fr\/wp-json\/wp\/v2\/users\/1"}],"replies":[{"embeddable":true,"href":"https:\/\/cerrajeriacercasa.com\/fr\/wp-json\/wp\/v2\/comments?post=4235"}],"version-history":[{"count":4,"href":"https:\/\/cerrajeriacercasa.com\/fr\/wp-json\/wp\/v2\/pages\/4235\/revisions"}],"predecessor-version":[{"id":4667,"href":"https:\/\/cerrajeriacercasa.com\/fr\/wp-json\/wp\/v2\/pages\/4235\/revisions\/4667"}],"wp:featuredmedia":[{"embeddable":true,"href":"https:\/\/cerrajeriacercasa.com\/fr\/wp-json\/wp\/v2\/media\/5684"}],"wp:attachment":[{"href":"https:\/\/cerrajeriacercasa.com\/fr\/wp-json\/wp\/v2\/media?parent=4235"}],"curies":[{"name":"wp","href":"https:\/\/api.w.org\/{rel}","templated":true}]}}