{"id":4256,"date":"2017-10-18T17:18:12","date_gmt":"2017-10-18T17:18:12","guid":{"rendered":"http:\/\/cerrajeriacercasa.com\/escaleras-metalicas-tenerife\/"},"modified":"2019-06-24T10:11:30","modified_gmt":"2019-06-24T10:11:30","slug":"des-escaliers-metalliques-le-tenerife","status":"publish","type":"page","link":"https:\/\/cerrajeriacercasa.com\/fr\/des-escaliers-metalliques-le-tenerife\/","title":{"rendered":"Des escaliers M\u00e9talliques le Tenerife"},"content":{"rendered":"<div class=\"section-full-width section-light2\" style=\"background-color:#f7f7f7;\" id=\"desescaliersm\u00e9talliques\"><div class=\"section-boxed\" style=\"color:#777777;\"><h2 class=\"section-title\" style=\"color:#252525;\">Des escaliers M\u00e9talliques<\/h2><h4 style=\"color:#252525;\" class=\"sub-title\">Tous les travaux dans le m\u00e9tal que tu peux imaginer\u2026<\/h4><\/p>\n<p style=\"text-align: center;\">Chez Constructions M\u00e9talliques Cercasa nous sommes professionnels dans la fabrication et l&rsquo;installation de toute esp\u00e8ce d&rsquo;Escaliers M\u00e9talliques.<\/p>\n<p style=\"text-align: center;\">Viens visiter nos sites et demande un rendez-vous avec notre d\u00e9partement technique qui te conseillera pour cr\u00e9er le meilleur design en combinant nos produits ( fer, forge, acier inoxydable ou coupe d\u2019acier) ainsi que les autres qui existent sur le march\u00e9 ( cristal, bois,\u00a0 pierre \u2026)<\/p>\n<p style=\"text-align: center;\">Nous r\u00e9alisons tous types d&rsquo;escaliers, comme escaliers d\u2019int\u00e9rieur, escaliers pour l\u2019ext\u00e9rieur, escaliers de secours, escaliers en colima\u00e7on, escaliers droit avec protection, escaliers mobiles, escaliers portatifs, des escaliers m\u00e9caniques, rampes pour des escaliers,&#8230;<\/p>\n<h2 style=\"text-align: center;\">N \u00ba 1 dans les Escaliers M\u00e9talliques le Tenerife<\/h2>\n<p>\n<\/div><\/div>\n<div class=\"section-full-width section-dark parallax-fixed\" style=\"background-color:#252525;\" id=\"destypesd39escaliers\"><div style=\"background-image:url(http:\/\/cerrajeriacercasa.com\/wp-content\/uploads\/2017\/10\/irmasolda23.jpg); opacity:0.3; filter: alpha(opacity=30);\" class=\"full-bg-image\" ><\/div><div class=\"section-boxed\" style=\"color:#ffffff;\"><h2 class=\"section-title\" style=\"color:#ffffff;\">Des types d&#39;Escaliers <\/h2><h4 style=\"color:#ffffff;\" class=\"sub-title\">Les Leaders dans le secteur de la m\u00e9tallurgie <\/h4><div class=\"services-wrapper services-icon cols-wrapper cols-4 pexeto-parallax\"><div class=\"services-box col services-no-image\"><div class=\"services-content\"><div class=\"sc-wraper\"><h3>Escaliers pour l'int\u00e9rieur<\/h3><\/div><\/div><\/div><div class=\"services-box col services-no-image\"><div class=\"services-content\"><div class=\"sc-wraper\"><h3>Escaliers ext\u00e9rieurs<\/h3><\/div><\/div><\/div><div class=\"services-box col services-no-image\"><div class=\"services-content\"><div class=\"sc-wraper\"><h3>Escaliers de secours<\/h3><\/div><\/div><\/div><div class=\"services-box col nomargin services-no-image\"><div class=\"services-content\"><div class=\"sc-wraper\"><h3>Escaliers en colima\u00e7on<\/h3><\/div><\/div><\/div><div class=\"services-box col services-no-image\"><div class=\"services-content\"><div class=\"sc-wraper\"><h3>Escalators<\/h3><\/div><\/div><\/div><div class=\"services-box col services-no-image\"><div class=\"services-content\"><div class=\"sc-wraper\"><h3>Escaliers industriels<\/h3><\/div><\/div><\/div><div class=\"services-box col services-no-image\"><div class=\"services-content\"><div class=\"sc-wraper\"><h3>Escaliers mobiles<\/h3><\/div><\/div><\/div><div class=\"services-box col nomargin services-no-image\"><div class=\"services-content\"><div class=\"sc-wraper\"><h3>Escaliers m\u00e9caniques<\/h3><\/div><\/div><\/div><div class=\"services-box col services-no-image\"><div class=\"services-content\"><div class=\"sc-wraper\"><h3>Escalier de chat avec protection<\/h3><\/div><\/div><\/div><div class=\"services-box col services-no-image\"><div class=\"services-content\"><div class=\"sc-wraper\"><h3>Rampes pour les escaliers<\/h3><\/div><\/div><\/div><div class=\"services-box col nomargin services-no-image\"><div class=\"services-content\"><div class=\"sc-wraper\"><h3>Conteras pour les escaliers<\/h3><\/div><\/div><\/div><div class=\"clear\"><\/div><\/div>\n<\/div><\/div>\n<div class=\"section-full-width section-light2\" style=\"background-color:#f7f7f7;\" id=\"section-1\"><div class=\"section-boxed\" style=\"color:#777777;\"><div class=\"cta-element\"><h4 class=\"cta-small-title\">as-tu une id\u00e9e et ne sais-tu pas comment la r\u00e9aliser?<\/h4><h2 class=\"cta-title\">Ensemble Nous en ferons une r\u00e9alit\u00e9<\/h2><a class=\"button\" href=\"http:\/\/cerrajeriacercasa.com\/fr\/siege-guimar\/\" target=\"_blank\">Solliciter le Budget<\/a><\/div>\n<\/div><\/div>\n<div class=\"nivo-content\"><div class=\"nivo-wrapper\"><div class=\"nivo-slider\" id=\"nivo-slider-42561\" style=\"max-height:1200px;\"><img decoding=\"async\" src=\"http:\/\/cerrajeriacercasa.com\/wp-content\/uploads\/2017\/10\/fce74937-16be-41d3-9609-54974b892582-1170x1200.jpg\" title=\"\" \/><img decoding=\"async\" src=\"http:\/\/cerrajeriacercasa.com\/wp-content\/uploads\/2017\/10\/f42401fc-16ff-4eae-a64a-9c21ec037502-1170x1200.jpg\" title=\"\" \/><img decoding=\"async\" src=\"http:\/\/cerrajeriacercasa.com\/wp-content\/uploads\/2017\/10\/f85be481-eb8d-4d70-8ccd-1e6c1098a004-1170x1200.jpg\" title=\"\" \/><img decoding=\"async\" src=\"http:\/\/cerrajeriacercasa.com\/wp-content\/uploads\/2017\/10\/e51df167-8278-4822-836b-ba6003f2c602-1170x1200.jpg\" title=\"\" \/><img decoding=\"async\" src=\"http:\/\/cerrajeriacercasa.com\/wp-content\/uploads\/2017\/10\/dac82360-3c0a-4acc-971e-98f30d6c9305-1170x1200.jpg\" title=\"\" \/><img decoding=\"async\" src=\"http:\/\/cerrajeriacercasa.com\/wp-content\/uploads\/2017\/10\/bc58ba1e-0c7c-44f1-83a4-a4dc6dd638bb-1170x1200.jpg\" title=\"\" \/><img decoding=\"async\" src=\"http:\/\/cerrajeriacercasa.com\/wp-content\/uploads\/2017\/10\/ad914ccb-801d-4f8e-9b81-0c10dc819263-1170x1200.jpg\" title=\"\" \/><img decoding=\"async\" src=\"http:\/\/cerrajeriacercasa.com\/wp-content\/uploads\/2017\/10\/98178490-c9e2-4a1b-8716-94e444e56102-1170x1200.jpg\" title=\"\" \/><img decoding=\"async\" src=\"http:\/\/cerrajeriacercasa.com\/wp-content\/uploads\/2017\/10\/4900b077-4ba2-432f-843f-83798cc2167b-1170x1200.jpg\" title=\"\" \/><img decoding=\"async\" src=\"http:\/\/cerrajeriacercasa.com\/wp-content\/uploads\/2017\/10\/2608b336-a694-44f7-9980-78e792b6512d-1170x1200.jpg\" title=\"\" \/><img decoding=\"async\" src=\"http:\/\/cerrajeriacercasa.com\/wp-content\/uploads\/2017\/10\/954fc33d-af8f-4163-a0a4-0226c862b43e-1170x1200.jpg\" title=\"\" \/><img decoding=\"async\" src=\"http:\/\/cerrajeriacercasa.com\/wp-content\/uploads\/2017\/10\/738bdd47-d43c-4a81-8616-183ddab0f332-1170x1200.jpg\" title=\"\" \/><img decoding=\"async\" src=\"http:\/\/cerrajeriacercasa.com\/wp-content\/uploads\/2017\/10\/f8c63127-6b5e-44d7-bcca-a6a5302aefe2-1170x1200.jpg\" title=\"\" \/><img decoding=\"async\" src=\"http:\/\/cerrajeriacercasa.com\/wp-content\/uploads\/2017\/10\/48e5752d-3fb4-463d-b262-f50423146f7f-1170x1200.jpg\" title=\"\" \/><img decoding=\"async\" src=\"http:\/\/cerrajeriacercasa.com\/wp-content\/uploads\/2017\/10\/46b47fab-327c-4467-8e6c-0b18bba0809c-1170x1200.jpg\" title=\"\" \/><img decoding=\"async\" src=\"http:\/\/cerrajeriacercasa.com\/wp-content\/uploads\/2017\/10\/9cfb958f-71b1-495e-8408-b351f3de6259-1170x1200.jpg\" title=\"\" \/><img decoding=\"async\" src=\"http:\/\/cerrajeriacercasa.com\/wp-content\/uploads\/2017\/10\/27a89edf-627f-47b3-9cc4-52b710635baa-1170x1200.jpg\" title=\"\" \/><img decoding=\"async\" src=\"http:\/\/cerrajeriacercasa.com\/wp-content\/uploads\/2017\/10\/19ecc0ad-a635-49a0-a89a-5546c223b989-1170x1200.jpg\" title=\"\" \/><img decoding=\"async\" src=\"http:\/\/cerrajeriacercasa.com\/wp-content\/uploads\/2017\/10\/7f0d896b-024f-4935-86ba-d0f26d9e8661-1170x1200.jpg\" title=\"\" \/><img decoding=\"async\" src=\"http:\/\/cerrajeriacercasa.com\/wp-content\/uploads\/2017\/10\/0faa4b24-36a9-43d4-9afc-7a1664818a9a-1170x1200.jpg\" title=\"\" \/><\/div><\/div><\/div>\n<p>&nbsp;<\/p>\n","protected":false},"excerpt":{"rendered":"<p>&nbsp;<\/p>\n","protected":false},"author":1,"featured_media":2626,"parent":0,"menu_order":0,"comment_status":"closed","ping_status":"closed","template":"template-full-custom.php","meta":{"_monsterinsights_skip_tracking":false,"_monsterinsights_sitenote_active":false,"_monsterinsights_sitenote_note":"","_monsterinsights_sitenote_category":0,"footnotes":""},"class_list":["post-4256","page","type-page","status-publish","has-post-thumbnail","hentry"],"yoast_head":"<!-- This site is optimized with the Yoast SEO plugin v27.4 - https:\/\/yoast.com\/product\/yoast-seo-wordpress\/ -->\n<title>Des escaliers M\u00e9talliques le Tenerife, Constructions M\u00e9talliques Cercasa<\/title>\n<meta name=\"description\" content=\"Cercasa fabrique et installe Des escaliers M\u00e9talliques le Tenerife de toutes sortes, escaliers pour int\u00e9rieur, ext\u00e9rieur, d&#039;urgence, industriel, mobile, portable, rampes\" \/>\n<meta name=\"robots\" content=\"index, follow, max-snippet:-1, max-image-preview:large, max-video-preview:-1\" \/>\n<link rel=\"canonical\" href=\"https:\/\/cerrajeriacercasa.com\/fr\/des-escaliers-metalliques-le-tenerife\/\" \/>\n<meta property=\"og:locale\" content=\"fr_FR\" \/>\n<meta property=\"og:type\" content=\"article\" \/>\n<meta property=\"og:title\" content=\"Des escaliers M\u00e9talliques le Tenerife, Constructions M\u00e9talliques Cercasa\" \/>\n<meta property=\"og:description\" content=\"Cercasa fabrique et installe Des escaliers M\u00e9talliques le Tenerife de toutes sortes, escaliers pour int\u00e9rieur, ext\u00e9rieur, d&#039;urgence, industriel, mobile, portable, rampes\" \/>\n<meta property=\"og:url\" content=\"https:\/\/cerrajeriacercasa.com\/fr\/des-escaliers-metalliques-le-tenerife\/\" \/>\n<meta property=\"og:site_name\" content=\"Construcciones Met\u00e1licas Cercasa\" \/>\n<meta property=\"article:publisher\" content=\"https:\/\/www.facebook.com\/CercasaCerrajeria\/\" \/>\n<meta property=\"article:modified_time\" content=\"2019-06-24T10:11:30+00:00\" \/>\n<meta property=\"og:image\" content=\"https:\/\/cerrajeriacercasa.com\/wp-content\/uploads\/2017\/10\/spark-600470_1280-100597620-primary.idge_.jpg\" \/>\n\t<meta property=\"og:image:width\" content=\"620\" \/>\n\t<meta property=\"og:image:height\" content=\"413\" \/>\n\t<meta property=\"og:image:type\" content=\"image\/jpeg\" \/>\n<meta name=\"twitter:card\" content=\"summary_large_image\" \/>\n<meta name=\"twitter:label1\" content=\"Dur\u00e9e de lecture estim\u00e9e\" \/>\n\t<meta name=\"twitter:data1\" content=\"2 minutes\" \/>\n<script type=\"application\/ld+json\" class=\"yoast-schema-graph\">{\"@context\":\"https:\\\/\\\/schema.org\",\"@graph\":[{\"@type\":\"WebPage\",\"@id\":\"https:\\\/\\\/cerrajeriacercasa.com\\\/fr\\\/des-escaliers-metalliques-le-tenerife\\\/\",\"url\":\"https:\\\/\\\/cerrajeriacercasa.com\\\/fr\\\/des-escaliers-metalliques-le-tenerife\\\/\",\"name\":\"Des escaliers M\u00e9talliques le Tenerife, Constructions M\u00e9talliques Cercasa\",\"isPartOf\":{\"@id\":\"https:\\\/\\\/cerrajeriacercasa.com\\\/#website\"},\"primaryImageOfPage\":{\"@id\":\"https:\\\/\\\/cerrajeriacercasa.com\\\/fr\\\/des-escaliers-metalliques-le-tenerife\\\/#primaryimage\"},\"image\":{\"@id\":\"https:\\\/\\\/cerrajeriacercasa.com\\\/fr\\\/des-escaliers-metalliques-le-tenerife\\\/#primaryimage\"},\"thumbnailUrl\":\"https:\\\/\\\/cerrajeriacercasa.com\\\/wp-content\\\/uploads\\\/2017\\\/10\\\/spark-600470_1280-100597620-primary.idge_.jpg\",\"datePublished\":\"2017-10-18T17:18:12+00:00\",\"dateModified\":\"2019-06-24T10:11:30+00:00\",\"description\":\"Cercasa fabrique et installe Des escaliers M\u00e9talliques le Tenerife de toutes sortes, escaliers pour int\u00e9rieur, ext\u00e9rieur, d'urgence, industriel, mobile, portable, rampes\",\"breadcrumb\":{\"@id\":\"https:\\\/\\\/cerrajeriacercasa.com\\\/fr\\\/des-escaliers-metalliques-le-tenerife\\\/#breadcrumb\"},\"inLanguage\":\"fr-FR\",\"potentialAction\":[{\"@type\":\"ReadAction\",\"target\":[\"https:\\\/\\\/cerrajeriacercasa.com\\\/fr\\\/des-escaliers-metalliques-le-tenerife\\\/\"]}]},{\"@type\":\"ImageObject\",\"inLanguage\":\"fr-FR\",\"@id\":\"https:\\\/\\\/cerrajeriacercasa.com\\\/fr\\\/des-escaliers-metalliques-le-tenerife\\\/#primaryimage\",\"url\":\"https:\\\/\\\/cerrajeriacercasa.com\\\/wp-content\\\/uploads\\\/2017\\\/10\\\/spark-600470_1280-100597620-primary.idge_.jpg\",\"contentUrl\":\"https:\\\/\\\/cerrajeriacercasa.com\\\/wp-content\\\/uploads\\\/2017\\\/10\\\/spark-600470_1280-100597620-primary.idge_.jpg\",\"width\":620,\"height\":413,\"caption\":\"Des escaliers M\u00e9talliques le Tenerife, blog cercasa, escaleras met\u00e1licas tenerife, escaleras de caracol tenerife, escaleras de acero inoxidable tenerife, escaleras para exterior tenerife, escaleras de emergencia tenerife, escaleras de interior tenerife, escaleras m\u00f3viles tenerife, escaleras port\u00e1tiles tenerife, escaleras mec\u00e1nicas tenerife, barandas para escaleras tenerife, contreras para escaleras tenerife, escaleras industriales tenerife\"},{\"@type\":\"BreadcrumbList\",\"@id\":\"https:\\\/\\\/cerrajeriacercasa.com\\\/fr\\\/des-escaliers-metalliques-le-tenerife\\\/#breadcrumb\",\"itemListElement\":[{\"@type\":\"ListItem\",\"position\":1,\"name\":\"Portada\",\"item\":\"https:\\\/\\\/cerrajeriacercasa.com\\\/fr\\\/\"},{\"@type\":\"ListItem\",\"position\":2,\"name\":\"Des escaliers M\u00e9talliques le Tenerife\"}]},{\"@type\":\"WebSite\",\"@id\":\"https:\\\/\\\/cerrajeriacercasa.com\\\/#website\",\"url\":\"https:\\\/\\\/cerrajeriacercasa.com\\\/\",\"name\":\"Construcciones Met\u00e1licas Cercasa\",\"description\":\"Construcciones Met\u00e1licas Tenerife, Acero inoxidable Tenerife, Puertas, Barandas, Escaleras, Rejas, Estructuras met\u00e1licas, Automatismos, Mobiliario\",\"publisher\":{\"@id\":\"https:\\\/\\\/cerrajeriacercasa.com\\\/#organization\"},\"potentialAction\":[{\"@type\":\"SearchAction\",\"target\":{\"@type\":\"EntryPoint\",\"urlTemplate\":\"https:\\\/\\\/cerrajeriacercasa.com\\\/?s={search_term_string}\"},\"query-input\":{\"@type\":\"PropertyValueSpecification\",\"valueRequired\":true,\"valueName\":\"search_term_string\"}}],\"inLanguage\":\"fr-FR\"},{\"@type\":\"Organization\",\"@id\":\"https:\\\/\\\/cerrajeriacercasa.com\\\/#organization\",\"name\":\"Cercasa Construcciones Met\u00e1licas en Tenerife\",\"url\":\"https:\\\/\\\/cerrajeriacercasa.com\\\/\",\"logo\":{\"@type\":\"ImageObject\",\"inLanguage\":\"fr-FR\",\"@id\":\"https:\\\/\\\/cerrajeriacercasa.com\\\/#\\\/schema\\\/logo\\\/image\\\/\",\"url\":\"https:\\\/\\\/cerrajeriacercasa.com\\\/wp-content\\\/uploads\\\/2017\\\/10\\\/LOGO-DE-CERCASA.jpg\",\"contentUrl\":\"https:\\\/\\\/cerrajeriacercasa.com\\\/wp-content\\\/uploads\\\/2017\\\/10\\\/LOGO-DE-CERCASA.jpg\",\"width\":1600,\"height\":670,\"caption\":\"Cercasa Construcciones Met\u00e1licas en Tenerife\"},\"image\":{\"@id\":\"https:\\\/\\\/cerrajeriacercasa.com\\\/#\\\/schema\\\/logo\\\/image\\\/\"},\"sameAs\":[\"https:\\\/\\\/www.facebook.com\\\/CercasaCerrajeria\\\/\",\"https:\\\/\\\/www.instagram.com\\\/construccionesmetalicascercasa\\\/\",\"https:\\\/\\\/www.youtube.com\\\/channel\\\/UCqzrGX0qFS7v2iwZjMT-dag\\\/featured\"]}]}<\/script>\n<!-- \/ Yoast SEO plugin. -->","yoast_head_json":{"title":"Des escaliers M\u00e9talliques le Tenerife, Constructions M\u00e9talliques Cercasa","description":"Cercasa fabrique et installe Des escaliers M\u00e9talliques le Tenerife de toutes sortes, escaliers pour int\u00e9rieur, ext\u00e9rieur, d'urgence, industriel, mobile, portable, rampes","robots":{"index":"index","follow":"follow","max-snippet":"max-snippet:-1","max-image-preview":"max-image-preview:large","max-video-preview":"max-video-preview:-1"},"canonical":"https:\/\/cerrajeriacercasa.com\/fr\/des-escaliers-metalliques-le-tenerife\/","og_locale":"fr_FR","og_type":"article","og_title":"Des escaliers M\u00e9talliques le Tenerife, Constructions M\u00e9talliques Cercasa","og_description":"Cercasa fabrique et installe Des escaliers M\u00e9talliques le Tenerife de toutes sortes, escaliers pour int\u00e9rieur, ext\u00e9rieur, d'urgence, industriel, mobile, portable, rampes","og_url":"https:\/\/cerrajeriacercasa.com\/fr\/des-escaliers-metalliques-le-tenerife\/","og_site_name":"Construcciones Met\u00e1licas Cercasa","article_publisher":"https:\/\/www.facebook.com\/CercasaCerrajeria\/","article_modified_time":"2019-06-24T10:11:30+00:00","og_image":[{"width":620,"height":413,"url":"https:\/\/cerrajeriacercasa.com\/wp-content\/uploads\/2017\/10\/spark-600470_1280-100597620-primary.idge_.jpg","type":"image\/jpeg"}],"twitter_card":"summary_large_image","twitter_misc":{"Dur\u00e9e de lecture estim\u00e9e":"2 minutes"},"schema":{"@context":"https:\/\/schema.org","@graph":[{"@type":"WebPage","@id":"https:\/\/cerrajeriacercasa.com\/fr\/des-escaliers-metalliques-le-tenerife\/","url":"https:\/\/cerrajeriacercasa.com\/fr\/des-escaliers-metalliques-le-tenerife\/","name":"Des escaliers M\u00e9talliques le Tenerife, Constructions M\u00e9talliques Cercasa","isPartOf":{"@id":"https:\/\/cerrajeriacercasa.com\/#website"},"primaryImageOfPage":{"@id":"https:\/\/cerrajeriacercasa.com\/fr\/des-escaliers-metalliques-le-tenerife\/#primaryimage"},"image":{"@id":"https:\/\/cerrajeriacercasa.com\/fr\/des-escaliers-metalliques-le-tenerife\/#primaryimage"},"thumbnailUrl":"https:\/\/cerrajeriacercasa.com\/wp-content\/uploads\/2017\/10\/spark-600470_1280-100597620-primary.idge_.jpg","datePublished":"2017-10-18T17:18:12+00:00","dateModified":"2019-06-24T10:11:30+00:00","description":"Cercasa fabrique et installe Des escaliers M\u00e9talliques le Tenerife de toutes sortes, escaliers pour int\u00e9rieur, ext\u00e9rieur, d'urgence, industriel, mobile, portable, rampes","breadcrumb":{"@id":"https:\/\/cerrajeriacercasa.com\/fr\/des-escaliers-metalliques-le-tenerife\/#breadcrumb"},"inLanguage":"fr-FR","potentialAction":[{"@type":"ReadAction","target":["https:\/\/cerrajeriacercasa.com\/fr\/des-escaliers-metalliques-le-tenerife\/"]}]},{"@type":"ImageObject","inLanguage":"fr-FR","@id":"https:\/\/cerrajeriacercasa.com\/fr\/des-escaliers-metalliques-le-tenerife\/#primaryimage","url":"https:\/\/cerrajeriacercasa.com\/wp-content\/uploads\/2017\/10\/spark-600470_1280-100597620-primary.idge_.jpg","contentUrl":"https:\/\/cerrajeriacercasa.com\/wp-content\/uploads\/2017\/10\/spark-600470_1280-100597620-primary.idge_.jpg","width":620,"height":413,"caption":"Des escaliers M\u00e9talliques le Tenerife, blog cercasa, escaleras met\u00e1licas tenerife, escaleras de caracol tenerife, escaleras de acero inoxidable tenerife, escaleras para exterior tenerife, escaleras de emergencia tenerife, escaleras de interior tenerife, escaleras m\u00f3viles tenerife, escaleras port\u00e1tiles tenerife, escaleras mec\u00e1nicas tenerife, barandas para escaleras tenerife, contreras para escaleras tenerife, escaleras industriales tenerife"},{"@type":"BreadcrumbList","@id":"https:\/\/cerrajeriacercasa.com\/fr\/des-escaliers-metalliques-le-tenerife\/#breadcrumb","itemListElement":[{"@type":"ListItem","position":1,"name":"Portada","item":"https:\/\/cerrajeriacercasa.com\/fr\/"},{"@type":"ListItem","position":2,"name":"Des escaliers M\u00e9talliques le Tenerife"}]},{"@type":"WebSite","@id":"https:\/\/cerrajeriacercasa.com\/#website","url":"https:\/\/cerrajeriacercasa.com\/","name":"Construcciones Met\u00e1licas Cercasa","description":"Construcciones Met\u00e1licas Tenerife, Acero inoxidable Tenerife, Puertas, Barandas, Escaleras, Rejas, Estructuras met\u00e1licas, Automatismos, Mobiliario","publisher":{"@id":"https:\/\/cerrajeriacercasa.com\/#organization"},"potentialAction":[{"@type":"SearchAction","target":{"@type":"EntryPoint","urlTemplate":"https:\/\/cerrajeriacercasa.com\/?s={search_term_string}"},"query-input":{"@type":"PropertyValueSpecification","valueRequired":true,"valueName":"search_term_string"}}],"inLanguage":"fr-FR"},{"@type":"Organization","@id":"https:\/\/cerrajeriacercasa.com\/#organization","name":"Cercasa Construcciones Met\u00e1licas en Tenerife","url":"https:\/\/cerrajeriacercasa.com\/","logo":{"@type":"ImageObject","inLanguage":"fr-FR","@id":"https:\/\/cerrajeriacercasa.com\/#\/schema\/logo\/image\/","url":"https:\/\/cerrajeriacercasa.com\/wp-content\/uploads\/2017\/10\/LOGO-DE-CERCASA.jpg","contentUrl":"https:\/\/cerrajeriacercasa.com\/wp-content\/uploads\/2017\/10\/LOGO-DE-CERCASA.jpg","width":1600,"height":670,"caption":"Cercasa Construcciones Met\u00e1licas en Tenerife"},"image":{"@id":"https:\/\/cerrajeriacercasa.com\/#\/schema\/logo\/image\/"},"sameAs":["https:\/\/www.facebook.com\/CercasaCerrajeria\/","https:\/\/www.instagram.com\/construccionesmetalicascercasa\/","https:\/\/www.youtube.com\/channel\/UCqzrGX0qFS7v2iwZjMT-dag\/featured"]}]}},"_links":{"self":[{"href":"https:\/\/cerrajeriacercasa.com\/fr\/wp-json\/wp\/v2\/pages\/4256","targetHints":{"allow":["GET"]}}],"collection":[{"href":"https:\/\/cerrajeriacercasa.com\/fr\/wp-json\/wp\/v2\/pages"}],"about":[{"href":"https:\/\/cerrajeriacercasa.com\/fr\/wp-json\/wp\/v2\/types\/page"}],"author":[{"embeddable":true,"href":"https:\/\/cerrajeriacercasa.com\/fr\/wp-json\/wp\/v2\/users\/1"}],"replies":[{"embeddable":true,"href":"https:\/\/cerrajeriacercasa.com\/fr\/wp-json\/wp\/v2\/comments?post=4256"}],"version-history":[{"count":4,"href":"https:\/\/cerrajeriacercasa.com\/fr\/wp-json\/wp\/v2\/pages\/4256\/revisions"}],"predecessor-version":[{"id":4652,"href":"https:\/\/cerrajeriacercasa.com\/fr\/wp-json\/wp\/v2\/pages\/4256\/revisions\/4652"}],"wp:featuredmedia":[{"embeddable":true,"href":"https:\/\/cerrajeriacercasa.com\/fr\/wp-json\/wp\/v2\/media\/2626"}],"wp:attachment":[{"href":"https:\/\/cerrajeriacercasa.com\/fr\/wp-json\/wp\/v2\/media?parent=4256"}],"curies":[{"name":"wp","href":"https:\/\/api.w.org\/{rel}","templated":true}]}}