{"id":4260,"date":"2017-10-18T11:28:48","date_gmt":"2017-10-18T11:28:48","guid":{"rendered":"http:\/\/cerrajeriacercasa.com\/estructuras-metalicas-tenerife\/"},"modified":"2019-06-24T10:11:32","modified_gmt":"2019-06-24T10:11:32","slug":"des-structures-metalliques-le-tenerife","status":"publish","type":"page","link":"https:\/\/cerrajeriacercasa.com\/fr\/des-structures-metalliques-le-tenerife\/","title":{"rendered":"Des structures M\u00e9talliques le Tenerife"},"content":{"rendered":"<div class=\"section-full-width section-light2\" style=\"background-color:#f7f7f7;\" id=\"desstructuresm\u00e9talliques\"><div class=\"section-boxed\" style=\"color:#777777;\"><h2 class=\"section-title\" style=\"color:#252525;\">Des structures M\u00e9talliques <\/h2><h4 style=\"color:#252525;\" class=\"sub-title\">Tous les travaux dans le m\u00e9tal que tu peux imaginer...<\/h4><\/p>\n<p style=\"text-align: center;\">Dans les Constructions M\u00e9talliques Cercasa nous r\u00e9alisons une fabrication et une installation de tout types de Structures M\u00e9talliques en fer et en acier inoxydable, tant \u00e0 fixer comme viss\u00e9es, m\u00e9canis\u00e9es, d\u00e9montables etc. \u2026<\/p>\n<p style=\"text-align: center;\">Des structures de tout types comme des navires, des charpentes, une r\u00e9habilitation de maison et des structures d&rsquo;\u00e9difices, de passerelles, de marquises, des rampes d&rsquo;acc\u00e8s, d&rsquo;ascenseurs, de fa\u00e7ades et tronjas.<\/p>\n<h2 style=\"text-align: center;\">N \u00ba 1 dans les Structures M\u00e9talliques le Tenerife<\/h2>\n<p>\n<\/div><\/div>\n<div class=\"section-full-width section-dark parallax-fixed\" style=\"background-color:#252525;\" id=\"destypesdestructures\"><div style=\"background-image:url(http:\/\/cerrajeriacercasa.com\/wp-content\/uploads\/2017\/10\/irmasolda23.jpg); opacity:0.3; filter: alpha(opacity=30);\" class=\"full-bg-image\" ><\/div><div class=\"section-boxed\" style=\"color:#ffffff;\"><h2 class=\"section-title\" style=\"color:#ffffff;\">Des types de Structures <\/h2><h4 style=\"color:#ffffff;\" class=\"sub-title\">Les Leaders dans le secteur de la m\u00e9tallurgie <\/h4><div class=\"services-wrapper services-icon cols-wrapper cols-3 pexeto-parallax\"><div class=\"services-box col services-no-image\"><div class=\"services-content\"><div class=\"sc-wraper\"><h3>Navires<\/h3><\/div><\/div><\/div><div class=\"services-box col services-no-image\"><div class=\"services-content\"><div class=\"sc-wraper\"><h3>Couvertures<\/h3><\/div><\/div><\/div><div class=\"services-box col nomargin services-no-image\"><div class=\"services-content\"><div class=\"sc-wraper\"><h3>Passerelles<\/h3><\/div><\/div><\/div><div class=\"services-box col services-no-image\"><div class=\"services-content\"><div class=\"sc-wraper\"><h3>Canopies<\/h3><\/div><\/div><\/div><div class=\"services-box col services-no-image\"><div class=\"services-content\"><div class=\"sc-wraper\"><h3>Rampes d'acc\u00e8s<\/h3><\/div><\/div><\/div><div class=\"services-box col nomargin services-no-image\"><div class=\"services-content\"><div class=\"sc-wraper\"><h3>Ascenseurs<\/h3><\/div><\/div><\/div><div class=\"services-box col services-no-image\"><div class=\"services-content\"><div class=\"sc-wraper\"><h3>Fa\u00e7ades<\/h3><\/div><\/div><\/div><div class=\"services-box col services-no-image\"><div class=\"services-content\"><div class=\"sc-wraper\"><h3>Tronjas<\/h3><\/div><\/div><\/div><div class=\"services-box col nomargin services-no-image\"><div class=\"services-content\"><div class=\"sc-wraper\"><h3>R\u00e9habilitation de maisons et de structures de b\u00e2timents<\/h3><\/div><\/div><\/div><div class=\"clear\"><\/div><\/div>\n<\/div><\/div>\n<div class=\"section-full-width section-light2\" style=\"background-color:#f7f7f7;\" id=\"section-1\"><div class=\"section-boxed\" style=\"color:#777777;\"><div class=\"cta-element\"><h4 class=\"cta-small-title\">As-tu une id\u00e9e et ne sais-tu pas comment la r\u00e9aliser?<\/h4><h2 class=\"cta-title\">Ensemble Nous ferons une r\u00e9alit\u00e9 <\/h2><a class=\"button\" href=\"http:\/\/cerrajeriacercasa.com\/fr\/siege-guimar\/\" target=\"_blank\">Solliciter le Budget <\/a><\/div>\n<\/div><\/div>\n<div class=\"nivo-content\"><div class=\"nivo-wrapper\"><div class=\"nivo-slider\" id=\"nivo-slider-42601\" style=\"max-height:1200px;\"><img decoding=\"async\" src=\"http:\/\/cerrajeriacercasa.com\/wp-content\/uploads\/2017\/10\/021035d0-ea37-470d-b857-75d727207894-1170x1200.jpg\" title=\"\" \/><img decoding=\"async\" src=\"http:\/\/cerrajeriacercasa.com\/wp-content\/uploads\/2017\/10\/ee808b76-fa4f-48b9-8e82-48fdc0669971-1170x1200.jpg\" title=\"\" \/><img decoding=\"async\" src=\"http:\/\/cerrajeriacercasa.com\/wp-content\/uploads\/2017\/10\/328a360b-d556-49f6-b7eb-7b0f93f75661-1170x1200.jpg\" title=\"\" \/><img decoding=\"async\" src=\"http:\/\/cerrajeriacercasa.com\/wp-content\/uploads\/2017\/10\/33b88872-3373-42b2-bd32-33c68174929d-1170x1200.jpg\" title=\"\" \/><img decoding=\"async\" src=\"http:\/\/cerrajeriacercasa.com\/wp-content\/uploads\/2017\/10\/936ab58b-6b18-4d6d-a5a6-a8d6af446796-1170x1200.jpg\" title=\"\" \/><img decoding=\"async\" src=\"http:\/\/cerrajeriacercasa.com\/wp-content\/uploads\/2017\/10\/715ab8d5-973b-42c1-8de5-124ea8aeea16-1170x1200.jpg\" title=\"\" \/><img decoding=\"async\" src=\"http:\/\/cerrajeriacercasa.com\/wp-content\/uploads\/2017\/10\/5f0107bc-cfdc-4b3f-87c8-44fd27ab836a-1170x1200.jpg\" title=\"\" \/><\/div><\/div><\/div>\n<p>&nbsp;<\/p>\n","protected":false},"excerpt":{"rendered":"<p>&nbsp;<\/p>\n","protected":false},"author":1,"featured_media":8174,"parent":0,"menu_order":0,"comment_status":"closed","ping_status":"closed","template":"template-full-custom.php","meta":{"_monsterinsights_skip_tracking":false,"_monsterinsights_sitenote_active":false,"_monsterinsights_sitenote_note":"","_monsterinsights_sitenote_category":0,"footnotes":""},"class_list":["post-4260","page","type-page","status-publish","has-post-thumbnail","hentry"],"yoast_head":"<!-- This site is optimized with the Yoast SEO plugin v27.4 - https:\/\/yoast.com\/product\/yoast-seo-wordpress\/ -->\n<title>Des structures M\u00e9talliques le Tenerife, Constructiones M\u00e9talliques Cercasa<\/title>\n<meta name=\"description\" content=\"Cercasa fabrique et installe des structures m\u00e9talliques le Tenerife en fer inoxydable et en acier. Des navires, des charpentes, des Passerelles, des Fa\u00e7ades, des Ascenseurs, une Rampe...\" \/>\n<meta name=\"robots\" content=\"index, follow, max-snippet:-1, max-image-preview:large, max-video-preview:-1\" \/>\n<link rel=\"canonical\" href=\"https:\/\/cerrajeriacercasa.com\/fr\/des-structures-metalliques-le-tenerife\/\" \/>\n<meta property=\"og:locale\" content=\"fr_FR\" \/>\n<meta property=\"og:type\" content=\"article\" \/>\n<meta property=\"og:title\" content=\"Des structures M\u00e9talliques le Tenerife, Constructiones M\u00e9talliques Cercasa\" \/>\n<meta property=\"og:description\" content=\"Cercasa fabrique et installe des structures m\u00e9talliques le Tenerife en fer inoxydable et en acier. Des navires, des charpentes, des Passerelles, des Fa\u00e7ades, des Ascenseurs, une Rampe...\" \/>\n<meta property=\"og:url\" content=\"https:\/\/cerrajeriacercasa.com\/fr\/des-structures-metalliques-le-tenerife\/\" \/>\n<meta property=\"og:site_name\" content=\"Construcciones Met\u00e1licas Cercasa\" \/>\n<meta property=\"article:publisher\" content=\"https:\/\/www.facebook.com\/CercasaCerrajeria\/\" \/>\n<meta property=\"article:modified_time\" content=\"2019-06-24T10:11:32+00:00\" \/>\n<meta property=\"og:image\" content=\"https:\/\/cerrajeriacercasa.com\/wp-content\/uploads\/2014\/05\/soldadura-slider.jpg\" \/>\n\t<meta property=\"og:image:width\" content=\"960\" \/>\n\t<meta property=\"og:image:height\" content=\"644\" \/>\n\t<meta property=\"og:image:type\" content=\"image\/jpeg\" \/>\n<meta name=\"twitter:card\" content=\"summary_large_image\" \/>\n<meta name=\"twitter:label1\" content=\"Dur\u00e9e de lecture estim\u00e9e\" \/>\n\t<meta name=\"twitter:data1\" content=\"2 minutes\" \/>\n<script type=\"application\/ld+json\" class=\"yoast-schema-graph\">{\"@context\":\"https:\\\/\\\/schema.org\",\"@graph\":[{\"@type\":\"WebPage\",\"@id\":\"https:\\\/\\\/cerrajeriacercasa.com\\\/fr\\\/des-structures-metalliques-le-tenerife\\\/\",\"url\":\"https:\\\/\\\/cerrajeriacercasa.com\\\/fr\\\/des-structures-metalliques-le-tenerife\\\/\",\"name\":\"Des structures M\u00e9talliques le Tenerife, Constructiones M\u00e9talliques Cercasa\",\"isPartOf\":{\"@id\":\"https:\\\/\\\/cerrajeriacercasa.com\\\/#website\"},\"primaryImageOfPage\":{\"@id\":\"https:\\\/\\\/cerrajeriacercasa.com\\\/fr\\\/des-structures-metalliques-le-tenerife\\\/#primaryimage\"},\"image\":{\"@id\":\"https:\\\/\\\/cerrajeriacercasa.com\\\/fr\\\/des-structures-metalliques-le-tenerife\\\/#primaryimage\"},\"thumbnailUrl\":\"https:\\\/\\\/cerrajeriacercasa.com\\\/wp-content\\\/uploads\\\/2014\\\/05\\\/soldadura-slider.jpg\",\"datePublished\":\"2017-10-18T11:28:48+00:00\",\"dateModified\":\"2019-06-24T10:11:32+00:00\",\"description\":\"Cercasa fabrique et installe des structures m\u00e9talliques le Tenerife en fer inoxydable et en acier. Des navires, des charpentes, des Passerelles, des Fa\u00e7ades, des Ascenseurs, une Rampe...\",\"breadcrumb\":{\"@id\":\"https:\\\/\\\/cerrajeriacercasa.com\\\/fr\\\/des-structures-metalliques-le-tenerife\\\/#breadcrumb\"},\"inLanguage\":\"fr-FR\",\"potentialAction\":[{\"@type\":\"ReadAction\",\"target\":[\"https:\\\/\\\/cerrajeriacercasa.com\\\/fr\\\/des-structures-metalliques-le-tenerife\\\/\"]}]},{\"@type\":\"ImageObject\",\"inLanguage\":\"fr-FR\",\"@id\":\"https:\\\/\\\/cerrajeriacercasa.com\\\/fr\\\/des-structures-metalliques-le-tenerife\\\/#primaryimage\",\"url\":\"https:\\\/\\\/cerrajeriacercasa.com\\\/wp-content\\\/uploads\\\/2014\\\/05\\\/soldadura-slider.jpg\",\"contentUrl\":\"https:\\\/\\\/cerrajeriacercasa.com\\\/wp-content\\\/uploads\\\/2014\\\/05\\\/soldadura-slider.jpg\",\"width\":960,\"height\":644},{\"@type\":\"BreadcrumbList\",\"@id\":\"https:\\\/\\\/cerrajeriacercasa.com\\\/fr\\\/des-structures-metalliques-le-tenerife\\\/#breadcrumb\",\"itemListElement\":[{\"@type\":\"ListItem\",\"position\":1,\"name\":\"Portada\",\"item\":\"https:\\\/\\\/cerrajeriacercasa.com\\\/fr\\\/\"},{\"@type\":\"ListItem\",\"position\":2,\"name\":\"Des structures M\u00e9talliques le Tenerife\"}]},{\"@type\":\"WebSite\",\"@id\":\"https:\\\/\\\/cerrajeriacercasa.com\\\/#website\",\"url\":\"https:\\\/\\\/cerrajeriacercasa.com\\\/\",\"name\":\"Construcciones Met\u00e1licas Cercasa\",\"description\":\"Construcciones Met\u00e1licas Tenerife, Acero inoxidable Tenerife, Puertas, Barandas, Escaleras, Rejas, Estructuras met\u00e1licas, Automatismos, Mobiliario\",\"publisher\":{\"@id\":\"https:\\\/\\\/cerrajeriacercasa.com\\\/#organization\"},\"potentialAction\":[{\"@type\":\"SearchAction\",\"target\":{\"@type\":\"EntryPoint\",\"urlTemplate\":\"https:\\\/\\\/cerrajeriacercasa.com\\\/?s={search_term_string}\"},\"query-input\":{\"@type\":\"PropertyValueSpecification\",\"valueRequired\":true,\"valueName\":\"search_term_string\"}}],\"inLanguage\":\"fr-FR\"},{\"@type\":\"Organization\",\"@id\":\"https:\\\/\\\/cerrajeriacercasa.com\\\/#organization\",\"name\":\"Cercasa Construcciones Met\u00e1licas en Tenerife\",\"url\":\"https:\\\/\\\/cerrajeriacercasa.com\\\/\",\"logo\":{\"@type\":\"ImageObject\",\"inLanguage\":\"fr-FR\",\"@id\":\"https:\\\/\\\/cerrajeriacercasa.com\\\/#\\\/schema\\\/logo\\\/image\\\/\",\"url\":\"https:\\\/\\\/cerrajeriacercasa.com\\\/wp-content\\\/uploads\\\/2017\\\/10\\\/LOGO-DE-CERCASA.jpg\",\"contentUrl\":\"https:\\\/\\\/cerrajeriacercasa.com\\\/wp-content\\\/uploads\\\/2017\\\/10\\\/LOGO-DE-CERCASA.jpg\",\"width\":1600,\"height\":670,\"caption\":\"Cercasa Construcciones Met\u00e1licas en Tenerife\"},\"image\":{\"@id\":\"https:\\\/\\\/cerrajeriacercasa.com\\\/#\\\/schema\\\/logo\\\/image\\\/\"},\"sameAs\":[\"https:\\\/\\\/www.facebook.com\\\/CercasaCerrajeria\\\/\",\"https:\\\/\\\/www.instagram.com\\\/construccionesmetalicascercasa\\\/\",\"https:\\\/\\\/www.youtube.com\\\/channel\\\/UCqzrGX0qFS7v2iwZjMT-dag\\\/featured\"]}]}<\/script>\n<!-- \/ Yoast SEO plugin. -->","yoast_head_json":{"title":"Des structures M\u00e9talliques le Tenerife, Constructiones M\u00e9talliques Cercasa","description":"Cercasa fabrique et installe des structures m\u00e9talliques le Tenerife en fer inoxydable et en acier. Des navires, des charpentes, des Passerelles, des Fa\u00e7ades, des Ascenseurs, une Rampe...","robots":{"index":"index","follow":"follow","max-snippet":"max-snippet:-1","max-image-preview":"max-image-preview:large","max-video-preview":"max-video-preview:-1"},"canonical":"https:\/\/cerrajeriacercasa.com\/fr\/des-structures-metalliques-le-tenerife\/","og_locale":"fr_FR","og_type":"article","og_title":"Des structures M\u00e9talliques le Tenerife, Constructiones M\u00e9talliques Cercasa","og_description":"Cercasa fabrique et installe des structures m\u00e9talliques le Tenerife en fer inoxydable et en acier. Des navires, des charpentes, des Passerelles, des Fa\u00e7ades, des Ascenseurs, une Rampe...","og_url":"https:\/\/cerrajeriacercasa.com\/fr\/des-structures-metalliques-le-tenerife\/","og_site_name":"Construcciones Met\u00e1licas Cercasa","article_publisher":"https:\/\/www.facebook.com\/CercasaCerrajeria\/","article_modified_time":"2019-06-24T10:11:32+00:00","og_image":[{"width":960,"height":644,"url":"https:\/\/cerrajeriacercasa.com\/wp-content\/uploads\/2014\/05\/soldadura-slider.jpg","type":"image\/jpeg"}],"twitter_card":"summary_large_image","twitter_misc":{"Dur\u00e9e de lecture estim\u00e9e":"2 minutes"},"schema":{"@context":"https:\/\/schema.org","@graph":[{"@type":"WebPage","@id":"https:\/\/cerrajeriacercasa.com\/fr\/des-structures-metalliques-le-tenerife\/","url":"https:\/\/cerrajeriacercasa.com\/fr\/des-structures-metalliques-le-tenerife\/","name":"Des structures M\u00e9talliques le Tenerife, Constructiones M\u00e9talliques Cercasa","isPartOf":{"@id":"https:\/\/cerrajeriacercasa.com\/#website"},"primaryImageOfPage":{"@id":"https:\/\/cerrajeriacercasa.com\/fr\/des-structures-metalliques-le-tenerife\/#primaryimage"},"image":{"@id":"https:\/\/cerrajeriacercasa.com\/fr\/des-structures-metalliques-le-tenerife\/#primaryimage"},"thumbnailUrl":"https:\/\/cerrajeriacercasa.com\/wp-content\/uploads\/2014\/05\/soldadura-slider.jpg","datePublished":"2017-10-18T11:28:48+00:00","dateModified":"2019-06-24T10:11:32+00:00","description":"Cercasa fabrique et installe des structures m\u00e9talliques le Tenerife en fer inoxydable et en acier. Des navires, des charpentes, des Passerelles, des Fa\u00e7ades, des Ascenseurs, une Rampe...","breadcrumb":{"@id":"https:\/\/cerrajeriacercasa.com\/fr\/des-structures-metalliques-le-tenerife\/#breadcrumb"},"inLanguage":"fr-FR","potentialAction":[{"@type":"ReadAction","target":["https:\/\/cerrajeriacercasa.com\/fr\/des-structures-metalliques-le-tenerife\/"]}]},{"@type":"ImageObject","inLanguage":"fr-FR","@id":"https:\/\/cerrajeriacercasa.com\/fr\/des-structures-metalliques-le-tenerife\/#primaryimage","url":"https:\/\/cerrajeriacercasa.com\/wp-content\/uploads\/2014\/05\/soldadura-slider.jpg","contentUrl":"https:\/\/cerrajeriacercasa.com\/wp-content\/uploads\/2014\/05\/soldadura-slider.jpg","width":960,"height":644},{"@type":"BreadcrumbList","@id":"https:\/\/cerrajeriacercasa.com\/fr\/des-structures-metalliques-le-tenerife\/#breadcrumb","itemListElement":[{"@type":"ListItem","position":1,"name":"Portada","item":"https:\/\/cerrajeriacercasa.com\/fr\/"},{"@type":"ListItem","position":2,"name":"Des structures M\u00e9talliques le Tenerife"}]},{"@type":"WebSite","@id":"https:\/\/cerrajeriacercasa.com\/#website","url":"https:\/\/cerrajeriacercasa.com\/","name":"Construcciones Met\u00e1licas Cercasa","description":"Construcciones Met\u00e1licas Tenerife, Acero inoxidable Tenerife, Puertas, Barandas, Escaleras, Rejas, Estructuras met\u00e1licas, Automatismos, Mobiliario","publisher":{"@id":"https:\/\/cerrajeriacercasa.com\/#organization"},"potentialAction":[{"@type":"SearchAction","target":{"@type":"EntryPoint","urlTemplate":"https:\/\/cerrajeriacercasa.com\/?s={search_term_string}"},"query-input":{"@type":"PropertyValueSpecification","valueRequired":true,"valueName":"search_term_string"}}],"inLanguage":"fr-FR"},{"@type":"Organization","@id":"https:\/\/cerrajeriacercasa.com\/#organization","name":"Cercasa Construcciones Met\u00e1licas en Tenerife","url":"https:\/\/cerrajeriacercasa.com\/","logo":{"@type":"ImageObject","inLanguage":"fr-FR","@id":"https:\/\/cerrajeriacercasa.com\/#\/schema\/logo\/image\/","url":"https:\/\/cerrajeriacercasa.com\/wp-content\/uploads\/2017\/10\/LOGO-DE-CERCASA.jpg","contentUrl":"https:\/\/cerrajeriacercasa.com\/wp-content\/uploads\/2017\/10\/LOGO-DE-CERCASA.jpg","width":1600,"height":670,"caption":"Cercasa Construcciones Met\u00e1licas en Tenerife"},"image":{"@id":"https:\/\/cerrajeriacercasa.com\/#\/schema\/logo\/image\/"},"sameAs":["https:\/\/www.facebook.com\/CercasaCerrajeria\/","https:\/\/www.instagram.com\/construccionesmetalicascercasa\/","https:\/\/www.youtube.com\/channel\/UCqzrGX0qFS7v2iwZjMT-dag\/featured"]}]}},"_links":{"self":[{"href":"https:\/\/cerrajeriacercasa.com\/fr\/wp-json\/wp\/v2\/pages\/4260","targetHints":{"allow":["GET"]}}],"collection":[{"href":"https:\/\/cerrajeriacercasa.com\/fr\/wp-json\/wp\/v2\/pages"}],"about":[{"href":"https:\/\/cerrajeriacercasa.com\/fr\/wp-json\/wp\/v2\/types\/page"}],"author":[{"embeddable":true,"href":"https:\/\/cerrajeriacercasa.com\/fr\/wp-json\/wp\/v2\/users\/1"}],"replies":[{"embeddable":true,"href":"https:\/\/cerrajeriacercasa.com\/fr\/wp-json\/wp\/v2\/comments?post=4260"}],"version-history":[{"count":5,"href":"https:\/\/cerrajeriacercasa.com\/fr\/wp-json\/wp\/v2\/pages\/4260\/revisions"}],"predecessor-version":[{"id":4687,"href":"https:\/\/cerrajeriacercasa.com\/fr\/wp-json\/wp\/v2\/pages\/4260\/revisions\/4687"}],"wp:featuredmedia":[{"embeddable":true,"href":"https:\/\/cerrajeriacercasa.com\/fr\/wp-json\/wp\/v2\/media\/8174"}],"wp:attachment":[{"href":"https:\/\/cerrajeriacercasa.com\/fr\/wp-json\/wp\/v2\/media?parent=4260"}],"curies":[{"name":"wp","href":"https:\/\/api.w.org\/{rel}","templated":true}]}}