{"id":4264,"date":"2017-10-18T22:02:16","date_gmt":"2017-10-18T22:02:16","guid":{"rendered":"http:\/\/cerrajeriacercasa.com\/muebles-metalicos-tenerife\/"},"modified":"2019-06-24T10:11:30","modified_gmt":"2019-06-24T10:11:30","slug":"des-meubles-metalliques-le-tenerife","status":"publish","type":"page","link":"https:\/\/cerrajeriacercasa.com\/fr\/des-meubles-metalliques-le-tenerife\/","title":{"rendered":"Des meubles M\u00e9talliques le Tenerife"},"content":{"rendered":"<div class=\"section-full-width section-light2\" style=\"background-color:#f7f7f7;\" id=\"unmobilierm\u00e9tallique\"><div class=\"section-boxed\" style=\"color:#777777;\"><h2 class=\"section-title\" style=\"color:#252525;\">Un mobilier m\u00e9tallique <\/h2><h4 style=\"color:#252525;\" class=\"sub-title\">Tous les travaux dans le m\u00e9tal que tu peux imaginer ... <\/h4><\/p>\n<p style=\"text-align: center;\">Chez Constructions M\u00e9talliques Cercasa nous fabriquons tout types de mobilier tant pour l\u2019int\u00e9rieur comme l\u2019ext\u00e9rieur en fer, en forge et enacier inoxydable.<\/p>\n<p style=\"text-align: center;\">Aussi du mobilier pour le foyer int\u00e9rieur et ext\u00e9rieur, des tables, des chaises, des lits, des miroirs, parfaits, etc..<\/p>\n<p style=\"text-align: center;\">En plus nous fabricons du mobilier pour h\u00f4tellerie en acier inoxydable, \u00e9tag\u00e8res, meubles, comptoirs, chariots, etc..<\/p>\n<p style=\"text-align: center;\">Aussi des rayonnages, des exposants et des comptoirs.<\/p>\n<h2 style=\"text-align: center;\">N \u00ba 1 dans les Meubles m\u00e9talliques le Tenerife<\/h2>\n<p>\n<\/div><\/div>\n<div class=\"section-full-width section-dark parallax-fixed\" style=\"background-color:#252525;\" id=\"untypedemobiliaromet\u00e1lico\"><div style=\"background-image:url(http:\/\/cerrajeriacercasa.com\/wp-content\/uploads\/2017\/10\/irmasolda23.jpg); opacity:0.3; filter: alpha(opacity=30);\" class=\"full-bg-image\" ><\/div><div class=\"section-boxed\" style=\"color:#ffffff;\"><h2 class=\"section-title\" style=\"color:#ffffff;\">Un type de Mobiliaro Met\u00e1lico <\/h2><h4 style=\"color:#ffffff;\" class=\"sub-title\">Les Leaders dans le secteur de la m\u00e9tallurgie <\/h4><div class=\"services-wrapper services-icon cols-wrapper cols-3 pexeto-parallax\"><div class=\"services-box col services-no-image\"><div class=\"services-content\"><div class=\"sc-wraper\"><h3>Meubles pour la maison (int\u00e9rieur et ext\u00e9rieur)<\/h3><\/div><\/div><\/div><div class=\"services-box col services-no-image\"><div class=\"services-content\"><div class=\"sc-wraper\"><h3>Meubles pour h\u00f4tels en acier inoxydable<\/h3><\/div><\/div><\/div><div class=\"services-box col nomargin services-no-image\"><div class=\"services-content\"><div class=\"sc-wraper\"><h3>\u00c9tag\u00e8res<\/h3><\/div><\/div><\/div><div class=\"services-box col services-no-image\"><div class=\"services-content\"><div class=\"sc-wraper\"><h3>Exposants<\/h3><\/div><\/div><\/div><div class=\"services-box col nomargin services-no-image\"><div class=\"services-content\"><div class=\"sc-wraper\"><h3>Compteurs<\/h3><\/div><\/div><\/div><div class=\"clear\"><\/div><\/div>\n<\/div><\/div>\n<div class=\"section-full-width section-light2\" style=\"background-color:#f7f7f7;\" id=\"section-1\"><div class=\"section-boxed\" style=\"color:#777777;\"><div class=\"cta-element\"><h4 class=\"cta-small-title\">As-tu une id\u00e9e et ne sais-tu pas comment la r\u00e9aliser?<\/h4><h2 class=\"cta-title\">Ensemble Nous ferons une r\u00e9alit\u00e9<\/h2><a class=\"button\" href=\"http:\/\/cerrajeriacercasa.com\/fr\/siege-guimar\/\" target=\"_blank\">Solliciter le Budget<\/a><\/div>\n<\/div><\/div>\n<div class=\"nivo-content\"><div class=\"nivo-wrapper\"><div class=\"nivo-slider\" id=\"nivo-slider-42641\" style=\"max-height:1200px;\"><img decoding=\"async\" src=\"http:\/\/cerrajeriacercasa.com\/wp-content\/uploads\/2017\/10\/9d58b3ca-7520-49d4-8ab2-b8e477a63619-1170x1200.jpg\" title=\"\" \/><img decoding=\"async\" src=\"http:\/\/cerrajeriacercasa.com\/wp-content\/uploads\/2017\/10\/9da8cdf0-9178-40d7-baac-63174d5e165c-1170x1200.jpg\" title=\"\" \/><img decoding=\"async\" src=\"http:\/\/cerrajeriacercasa.com\/wp-content\/uploads\/2017\/10\/244a1b29-6ce5-46f1-ba31-c4b340251946-1170x1200.jpg\" title=\"\" \/><img decoding=\"async\" src=\"http:\/\/cerrajeriacercasa.com\/wp-content\/uploads\/2017\/10\/08932b49-8ba5-43bc-826c-dd4b143477ea-1170x1200.jpg\" title=\"\" \/><img decoding=\"async\" src=\"http:\/\/cerrajeriacercasa.com\/wp-content\/uploads\/2017\/10\/9459b6e7-4b35-442a-a572-2a79836dccd4-1170x1200.jpg\" title=\"\" \/><img decoding=\"async\" src=\"http:\/\/cerrajeriacercasa.com\/wp-content\/uploads\/2017\/10\/ac7dbe5e-87ab-41eb-9388-f558e663893d-1170x1200.jpg\" title=\"\" \/><img decoding=\"async\" src=\"http:\/\/cerrajeriacercasa.com\/wp-content\/uploads\/2017\/10\/ae03b8ec-27c8-4f70-90ad-577b1e51ca87-1170x1200.jpg\" title=\"\" \/><img decoding=\"async\" src=\"http:\/\/cerrajeriacercasa.com\/wp-content\/uploads\/2017\/10\/ca314cc0-ede1-4217-a0ad-68d9a962681b-1170x1200.jpg\" title=\"\" \/><img decoding=\"async\" src=\"http:\/\/cerrajeriacercasa.com\/wp-content\/uploads\/2017\/10\/dc72d226-49b5-4ac6-a199-00b040c607b8-1170x1200.jpg\" title=\"\" \/><img decoding=\"async\" src=\"http:\/\/cerrajeriacercasa.com\/wp-content\/uploads\/2017\/10\/0a659722-44f2-4622-b5e9-46bb61671a05-1170x1200.jpg\" title=\"\" \/><\/div><\/div><\/div>\n<p>&nbsp;<\/p>\n","protected":false},"excerpt":{"rendered":"<p>&nbsp;<\/p>\n","protected":false},"author":1,"featured_media":2631,"parent":0,"menu_order":0,"comment_status":"closed","ping_status":"closed","template":"template-full-custom.php","meta":{"_monsterinsights_skip_tracking":false,"_monsterinsights_sitenote_active":false,"_monsterinsights_sitenote_note":"","_monsterinsights_sitenote_category":0,"footnotes":""},"class_list":["post-4264","page","type-page","status-publish","has-post-thumbnail","hentry"],"yoast_head":"<!-- This site is optimized with the Yoast SEO plugin v27.3 - https:\/\/yoast.com\/product\/yoast-seo-wordpress\/ -->\n<title>Des meubles M\u00e9talliques le Tenerife, Constructions M\u00e9talliques Cercasa<\/title>\n<meta name=\"description\" content=\"Cercasa fabrique des meubles M\u00e9talliques le Tenerife en fer forg\u00e9 et acier inoxydable: \u00e9tag\u00e8res, exposants, comptoirs, meubles d&#039;h\u00f4tel, chaises, tables\" \/>\n<meta name=\"robots\" content=\"index, follow, max-snippet:-1, max-image-preview:large, max-video-preview:-1\" \/>\n<link rel=\"canonical\" href=\"https:\/\/cerrajeriacercasa.com\/fr\/des-meubles-metalliques-le-tenerife\/\" \/>\n<meta property=\"og:locale\" content=\"fr_FR\" \/>\n<meta property=\"og:type\" content=\"article\" \/>\n<meta property=\"og:title\" content=\"Des meubles M\u00e9talliques le Tenerife, Constructions M\u00e9talliques Cercasa\" \/>\n<meta property=\"og:description\" content=\"Cercasa fabrique des meubles M\u00e9talliques le Tenerife en fer forg\u00e9 et acier inoxydable: \u00e9tag\u00e8res, exposants, comptoirs, meubles d&#039;h\u00f4tel, chaises, tables\" \/>\n<meta property=\"og:url\" content=\"https:\/\/cerrajeriacercasa.com\/fr\/des-meubles-metalliques-le-tenerife\/\" \/>\n<meta property=\"og:site_name\" content=\"Construcciones Met\u00e1licas Cercasa\" \/>\n<meta property=\"article:publisher\" content=\"https:\/\/www.facebook.com\/CercasaCerrajeria\/\" \/>\n<meta property=\"article:modified_time\" content=\"2019-06-24T10:11:30+00:00\" \/>\n<meta property=\"og:image\" content=\"https:\/\/cerrajeriacercasa.com\/wp-content\/uploads\/2017\/10\/irmasolda23.jpg\" \/>\n\t<meta property=\"og:image:width\" content=\"1920\" \/>\n\t<meta property=\"og:image:height\" content=\"1440\" \/>\n\t<meta property=\"og:image:type\" content=\"image\/jpeg\" \/>\n<meta name=\"twitter:card\" content=\"summary_large_image\" \/>\n<meta name=\"twitter:label1\" content=\"Dur\u00e9e de lecture estim\u00e9e\" \/>\n\t<meta name=\"twitter:data1\" content=\"2 minutes\" \/>\n<script type=\"application\/ld+json\" class=\"yoast-schema-graph\">{\"@context\":\"https:\\\/\\\/schema.org\",\"@graph\":[{\"@type\":\"WebPage\",\"@id\":\"https:\\\/\\\/cerrajeriacercasa.com\\\/fr\\\/des-meubles-metalliques-le-tenerife\\\/\",\"url\":\"https:\\\/\\\/cerrajeriacercasa.com\\\/fr\\\/des-meubles-metalliques-le-tenerife\\\/\",\"name\":\"Des meubles M\u00e9talliques le Tenerife, Constructions M\u00e9talliques Cercasa\",\"isPartOf\":{\"@id\":\"https:\\\/\\\/cerrajeriacercasa.com\\\/#website\"},\"primaryImageOfPage\":{\"@id\":\"https:\\\/\\\/cerrajeriacercasa.com\\\/fr\\\/des-meubles-metalliques-le-tenerife\\\/#primaryimage\"},\"image\":{\"@id\":\"https:\\\/\\\/cerrajeriacercasa.com\\\/fr\\\/des-meubles-metalliques-le-tenerife\\\/#primaryimage\"},\"thumbnailUrl\":\"https:\\\/\\\/cerrajeriacercasa.com\\\/wp-content\\\/uploads\\\/2017\\\/10\\\/irmasolda23.jpg\",\"datePublished\":\"2017-10-18T22:02:16+00:00\",\"dateModified\":\"2019-06-24T10:11:30+00:00\",\"description\":\"Cercasa fabrique des meubles M\u00e9talliques le Tenerife en fer forg\u00e9 et acier inoxydable: \u00e9tag\u00e8res, exposants, comptoirs, meubles d'h\u00f4tel, chaises, tables\",\"breadcrumb\":{\"@id\":\"https:\\\/\\\/cerrajeriacercasa.com\\\/fr\\\/des-meubles-metalliques-le-tenerife\\\/#breadcrumb\"},\"inLanguage\":\"fr-FR\",\"potentialAction\":[{\"@type\":\"ReadAction\",\"target\":[\"https:\\\/\\\/cerrajeriacercasa.com\\\/fr\\\/des-meubles-metalliques-le-tenerife\\\/\"]}]},{\"@type\":\"ImageObject\",\"inLanguage\":\"fr-FR\",\"@id\":\"https:\\\/\\\/cerrajeriacercasa.com\\\/fr\\\/des-meubles-metalliques-le-tenerife\\\/#primaryimage\",\"url\":\"https:\\\/\\\/cerrajeriacercasa.com\\\/wp-content\\\/uploads\\\/2017\\\/10\\\/irmasolda23.jpg\",\"contentUrl\":\"https:\\\/\\\/cerrajeriacercasa.com\\\/wp-content\\\/uploads\\\/2017\\\/10\\\/irmasolda23.jpg\",\"width\":1920,\"height\":1440,\"caption\":\"Des automatismes le Tenerife, acero inoxidable tenerife, barandas acero inoxidable tenerife, puertas de acero inoxidable tenerife, rejas de acero inoxidable tenerife, persianas de acero inoxidable tenerife, ventanas de acero inoxidable tenerife, mobiliaroi de acero inoxidable tenerife, estructuras met\u00e1licas tenerife, escaleras de acero inoxidable tenerife, cerramientos de acero inoxidable tenerife, muebles met\u00e1licos tenerife, mobiliario met\u00e1lico tenerife, muebles de acero inoxidable tenerife, estanter\u00edas met\u00e1licas tenerife, expositores tenerife, mostradores tenerife, muebles hosteler\u00eda tenerife, mobiliario hosteler\u00eda tenerife, automatismos tenerife, motorizaciones tenerife, motirizaciones de puertas abatibles tenerife, motorizaci\u00f3n de puertas basculantes tenerife, motorizaci\u00f3n de puertas de corredera tenerife, motorizaci\u00f3n de puertas seccionables tenerife, motorizaci\u00f3n de puertas enrollables tenerife, motorizaci\u00f3n de puertas autom\u00e1ticas de cristal tenerife, motorizaci\u00f3n de barreras industriales tenerife, barandas tenerife, barandillas tenerife, barandas de acero inoxidable tenerife, barandillas acero inoxidable tenerife, barandillas para escaleras tenerife, barandillas para tronjas tenerife, barandillas para altillos tenerife, cerramientos met\u00e1licos tenerife, puertas met\u00e1licas tenerife, puertas de portal tenerife, puertas de garaje tenerife, puertas abatibles tenerife, puertas de corredera tenerife, puertas seccionables tenerife, puertas basculantes, puertas enrollables tenerife, puertas de ballesta tenerife, rejas tenerife, rejas para ventanas tenerife, rejas para puertas tenerife, rejas para recogida de aguas pluviales tenerife, canalones tenerife, escaleras met\u00e1licas tenerife, escaleras de caracol tenerife, escaleras de acero inoxidable tenerife, escaleras para exterior tenerife, escaleras de emergencia tenerife, escaleras de interior tenerife, escaleras m\u00f3viles tenerife, escaleras port\u00e1tiles tenerife, escaleras mec\u00e1nicas tenerife, barandas para escaleras tenerife, contreras para escaleras tenerife, escaleras industriales tenerife\"},{\"@type\":\"BreadcrumbList\",\"@id\":\"https:\\\/\\\/cerrajeriacercasa.com\\\/fr\\\/des-meubles-metalliques-le-tenerife\\\/#breadcrumb\",\"itemListElement\":[{\"@type\":\"ListItem\",\"position\":1,\"name\":\"Portada\",\"item\":\"https:\\\/\\\/cerrajeriacercasa.com\\\/fr\\\/\"},{\"@type\":\"ListItem\",\"position\":2,\"name\":\"Des meubles M\u00e9talliques le Tenerife\"}]},{\"@type\":\"WebSite\",\"@id\":\"https:\\\/\\\/cerrajeriacercasa.com\\\/#website\",\"url\":\"https:\\\/\\\/cerrajeriacercasa.com\\\/\",\"name\":\"Construcciones Met\u00e1licas Cercasa\",\"description\":\"Construcciones Met\u00e1licas Tenerife, Acero inoxidable Tenerife, Puertas, Barandas, Escaleras, Rejas, Estructuras met\u00e1licas, Automatismos, Mobiliario\",\"publisher\":{\"@id\":\"https:\\\/\\\/cerrajeriacercasa.com\\\/#organization\"},\"potentialAction\":[{\"@type\":\"SearchAction\",\"target\":{\"@type\":\"EntryPoint\",\"urlTemplate\":\"https:\\\/\\\/cerrajeriacercasa.com\\\/?s={search_term_string}\"},\"query-input\":{\"@type\":\"PropertyValueSpecification\",\"valueRequired\":true,\"valueName\":\"search_term_string\"}}],\"inLanguage\":\"fr-FR\"},{\"@type\":\"Organization\",\"@id\":\"https:\\\/\\\/cerrajeriacercasa.com\\\/#organization\",\"name\":\"Cercasa Construcciones Met\u00e1licas en Tenerife\",\"url\":\"https:\\\/\\\/cerrajeriacercasa.com\\\/\",\"logo\":{\"@type\":\"ImageObject\",\"inLanguage\":\"fr-FR\",\"@id\":\"https:\\\/\\\/cerrajeriacercasa.com\\\/#\\\/schema\\\/logo\\\/image\\\/\",\"url\":\"https:\\\/\\\/cerrajeriacercasa.com\\\/wp-content\\\/uploads\\\/2017\\\/10\\\/LOGO-DE-CERCASA.jpg\",\"contentUrl\":\"https:\\\/\\\/cerrajeriacercasa.com\\\/wp-content\\\/uploads\\\/2017\\\/10\\\/LOGO-DE-CERCASA.jpg\",\"width\":1600,\"height\":670,\"caption\":\"Cercasa Construcciones Met\u00e1licas en Tenerife\"},\"image\":{\"@id\":\"https:\\\/\\\/cerrajeriacercasa.com\\\/#\\\/schema\\\/logo\\\/image\\\/\"},\"sameAs\":[\"https:\\\/\\\/www.facebook.com\\\/CercasaCerrajeria\\\/\",\"https:\\\/\\\/www.instagram.com\\\/construccionesmetalicascercasa\\\/\",\"https:\\\/\\\/www.youtube.com\\\/channel\\\/UCqzrGX0qFS7v2iwZjMT-dag\\\/featured\"]}]}<\/script>\n<!-- \/ Yoast SEO plugin. -->","yoast_head_json":{"title":"Des meubles M\u00e9talliques le Tenerife, Constructions M\u00e9talliques Cercasa","description":"Cercasa fabrique des meubles M\u00e9talliques le Tenerife en fer forg\u00e9 et acier inoxydable: \u00e9tag\u00e8res, exposants, comptoirs, meubles d'h\u00f4tel, chaises, tables","robots":{"index":"index","follow":"follow","max-snippet":"max-snippet:-1","max-image-preview":"max-image-preview:large","max-video-preview":"max-video-preview:-1"},"canonical":"https:\/\/cerrajeriacercasa.com\/fr\/des-meubles-metalliques-le-tenerife\/","og_locale":"fr_FR","og_type":"article","og_title":"Des meubles M\u00e9talliques le Tenerife, Constructions M\u00e9talliques Cercasa","og_description":"Cercasa fabrique des meubles M\u00e9talliques le Tenerife en fer forg\u00e9 et acier inoxydable: \u00e9tag\u00e8res, exposants, comptoirs, meubles d'h\u00f4tel, chaises, tables","og_url":"https:\/\/cerrajeriacercasa.com\/fr\/des-meubles-metalliques-le-tenerife\/","og_site_name":"Construcciones Met\u00e1licas Cercasa","article_publisher":"https:\/\/www.facebook.com\/CercasaCerrajeria\/","article_modified_time":"2019-06-24T10:11:30+00:00","og_image":[{"width":1920,"height":1440,"url":"https:\/\/cerrajeriacercasa.com\/wp-content\/uploads\/2017\/10\/irmasolda23.jpg","type":"image\/jpeg"}],"twitter_card":"summary_large_image","twitter_misc":{"Dur\u00e9e de lecture estim\u00e9e":"2 minutes"},"schema":{"@context":"https:\/\/schema.org","@graph":[{"@type":"WebPage","@id":"https:\/\/cerrajeriacercasa.com\/fr\/des-meubles-metalliques-le-tenerife\/","url":"https:\/\/cerrajeriacercasa.com\/fr\/des-meubles-metalliques-le-tenerife\/","name":"Des meubles M\u00e9talliques le Tenerife, Constructions M\u00e9talliques Cercasa","isPartOf":{"@id":"https:\/\/cerrajeriacercasa.com\/#website"},"primaryImageOfPage":{"@id":"https:\/\/cerrajeriacercasa.com\/fr\/des-meubles-metalliques-le-tenerife\/#primaryimage"},"image":{"@id":"https:\/\/cerrajeriacercasa.com\/fr\/des-meubles-metalliques-le-tenerife\/#primaryimage"},"thumbnailUrl":"https:\/\/cerrajeriacercasa.com\/wp-content\/uploads\/2017\/10\/irmasolda23.jpg","datePublished":"2017-10-18T22:02:16+00:00","dateModified":"2019-06-24T10:11:30+00:00","description":"Cercasa fabrique des meubles M\u00e9talliques le Tenerife en fer forg\u00e9 et acier inoxydable: \u00e9tag\u00e8res, exposants, comptoirs, meubles d'h\u00f4tel, chaises, tables","breadcrumb":{"@id":"https:\/\/cerrajeriacercasa.com\/fr\/des-meubles-metalliques-le-tenerife\/#breadcrumb"},"inLanguage":"fr-FR","potentialAction":[{"@type":"ReadAction","target":["https:\/\/cerrajeriacercasa.com\/fr\/des-meubles-metalliques-le-tenerife\/"]}]},{"@type":"ImageObject","inLanguage":"fr-FR","@id":"https:\/\/cerrajeriacercasa.com\/fr\/des-meubles-metalliques-le-tenerife\/#primaryimage","url":"https:\/\/cerrajeriacercasa.com\/wp-content\/uploads\/2017\/10\/irmasolda23.jpg","contentUrl":"https:\/\/cerrajeriacercasa.com\/wp-content\/uploads\/2017\/10\/irmasolda23.jpg","width":1920,"height":1440,"caption":"Des automatismes le Tenerife, acero inoxidable tenerife, barandas acero inoxidable tenerife, puertas de acero inoxidable tenerife, rejas de acero inoxidable tenerife, persianas de acero inoxidable tenerife, ventanas de acero inoxidable tenerife, mobiliaroi de acero inoxidable tenerife, estructuras met\u00e1licas tenerife, escaleras de acero inoxidable tenerife, cerramientos de acero inoxidable tenerife, muebles met\u00e1licos tenerife, mobiliario met\u00e1lico tenerife, muebles de acero inoxidable tenerife, estanter\u00edas met\u00e1licas tenerife, expositores tenerife, mostradores tenerife, muebles hosteler\u00eda tenerife, mobiliario hosteler\u00eda tenerife, automatismos tenerife, motorizaciones tenerife, motirizaciones de puertas abatibles tenerife, motorizaci\u00f3n de puertas basculantes tenerife, motorizaci\u00f3n de puertas de corredera tenerife, motorizaci\u00f3n de puertas seccionables tenerife, motorizaci\u00f3n de puertas enrollables tenerife, motorizaci\u00f3n de puertas autom\u00e1ticas de cristal tenerife, motorizaci\u00f3n de barreras industriales tenerife, barandas tenerife, barandillas tenerife, barandas de acero inoxidable tenerife, barandillas acero inoxidable tenerife, barandillas para escaleras tenerife, barandillas para tronjas tenerife, barandillas para altillos tenerife, cerramientos met\u00e1licos tenerife, puertas met\u00e1licas tenerife, puertas de portal tenerife, puertas de garaje tenerife, puertas abatibles tenerife, puertas de corredera tenerife, puertas seccionables tenerife, puertas basculantes, puertas enrollables tenerife, puertas de ballesta tenerife, rejas tenerife, rejas para ventanas tenerife, rejas para puertas tenerife, rejas para recogida de aguas pluviales tenerife, canalones tenerife, escaleras met\u00e1licas tenerife, escaleras de caracol tenerife, escaleras de acero inoxidable tenerife, escaleras para exterior tenerife, escaleras de emergencia tenerife, escaleras de interior tenerife, escaleras m\u00f3viles tenerife, escaleras port\u00e1tiles tenerife, escaleras mec\u00e1nicas tenerife, barandas para escaleras tenerife, contreras para escaleras tenerife, escaleras industriales tenerife"},{"@type":"BreadcrumbList","@id":"https:\/\/cerrajeriacercasa.com\/fr\/des-meubles-metalliques-le-tenerife\/#breadcrumb","itemListElement":[{"@type":"ListItem","position":1,"name":"Portada","item":"https:\/\/cerrajeriacercasa.com\/fr\/"},{"@type":"ListItem","position":2,"name":"Des meubles M\u00e9talliques le Tenerife"}]},{"@type":"WebSite","@id":"https:\/\/cerrajeriacercasa.com\/#website","url":"https:\/\/cerrajeriacercasa.com\/","name":"Construcciones Met\u00e1licas Cercasa","description":"Construcciones Met\u00e1licas Tenerife, Acero inoxidable Tenerife, Puertas, Barandas, Escaleras, Rejas, Estructuras met\u00e1licas, Automatismos, Mobiliario","publisher":{"@id":"https:\/\/cerrajeriacercasa.com\/#organization"},"potentialAction":[{"@type":"SearchAction","target":{"@type":"EntryPoint","urlTemplate":"https:\/\/cerrajeriacercasa.com\/?s={search_term_string}"},"query-input":{"@type":"PropertyValueSpecification","valueRequired":true,"valueName":"search_term_string"}}],"inLanguage":"fr-FR"},{"@type":"Organization","@id":"https:\/\/cerrajeriacercasa.com\/#organization","name":"Cercasa Construcciones Met\u00e1licas en Tenerife","url":"https:\/\/cerrajeriacercasa.com\/","logo":{"@type":"ImageObject","inLanguage":"fr-FR","@id":"https:\/\/cerrajeriacercasa.com\/#\/schema\/logo\/image\/","url":"https:\/\/cerrajeriacercasa.com\/wp-content\/uploads\/2017\/10\/LOGO-DE-CERCASA.jpg","contentUrl":"https:\/\/cerrajeriacercasa.com\/wp-content\/uploads\/2017\/10\/LOGO-DE-CERCASA.jpg","width":1600,"height":670,"caption":"Cercasa Construcciones Met\u00e1licas en Tenerife"},"image":{"@id":"https:\/\/cerrajeriacercasa.com\/#\/schema\/logo\/image\/"},"sameAs":["https:\/\/www.facebook.com\/CercasaCerrajeria\/","https:\/\/www.instagram.com\/construccionesmetalicascercasa\/","https:\/\/www.youtube.com\/channel\/UCqzrGX0qFS7v2iwZjMT-dag\/featured"]}]}},"_links":{"self":[{"href":"https:\/\/cerrajeriacercasa.com\/fr\/wp-json\/wp\/v2\/pages\/4264","targetHints":{"allow":["GET"]}}],"collection":[{"href":"https:\/\/cerrajeriacercasa.com\/fr\/wp-json\/wp\/v2\/pages"}],"about":[{"href":"https:\/\/cerrajeriacercasa.com\/fr\/wp-json\/wp\/v2\/types\/page"}],"author":[{"embeddable":true,"href":"https:\/\/cerrajeriacercasa.com\/fr\/wp-json\/wp\/v2\/users\/1"}],"replies":[{"embeddable":true,"href":"https:\/\/cerrajeriacercasa.com\/fr\/wp-json\/wp\/v2\/comments?post=4264"}],"version-history":[{"count":3,"href":"https:\/\/cerrajeriacercasa.com\/fr\/wp-json\/wp\/v2\/pages\/4264\/revisions"}],"predecessor-version":[{"id":4298,"href":"https:\/\/cerrajeriacercasa.com\/fr\/wp-json\/wp\/v2\/pages\/4264\/revisions\/4298"}],"wp:featuredmedia":[{"embeddable":true,"href":"https:\/\/cerrajeriacercasa.com\/fr\/wp-json\/wp\/v2\/media\/2631"}],"wp:attachment":[{"href":"https:\/\/cerrajeriacercasa.com\/fr\/wp-json\/wp\/v2\/media?parent=4264"}],"curies":[{"name":"wp","href":"https:\/\/api.w.org\/{rel}","templated":true}]}}