{"id":4268,"date":"2014-05-21T02:57:47","date_gmt":"2014-05-21T02:57:47","guid":{"rendered":"http:\/\/cerrajeriacercasa.com\/nosotros\/"},"modified":"2020-05-12T13:15:38","modified_gmt":"2020-05-12T13:15:38","slug":"nous","status":"publish","type":"page","link":"https:\/\/cerrajeriacercasa.com\/fr\/nous\/","title":{"rendered":"Nous"},"content":{"rendered":"<h2 class=\"page-heading\" style=\"text-align: center;\">Les Constructions M\u00e9talliques Cercasa<\/h2>\n<p>&nbsp;<\/p>\n<h5 style=\"text-align: center;\">Cercasa est fond\u00e9 en 1969 par Manuel Sanfiel Le\u00f3n, qui ouvre une serrurerie dans l&rsquo;Avenue La Candelaria, 18 dans Benito Sain, La Lagune. Dans celle-ci, il r\u00e9alise des travaux relatifs \u00e0 cette activit\u00e9.<\/h5>\n<h5 style=\"text-align: center;\">Depuis cette date et jusqu&rsquo;en 2000 cette entreprise porte son nom et ce n\u2019est m\u00eame pas la fin de cette m\u00eame ann\u00e9e quand il prend la d\u00e9cision de changer le nom de son entreprise, en la nommant CONSTRUCTIONS M\u00c9TALLIQUES CERCASA S.L.<\/h5>\n<h5 style=\"text-align: center;\">De cette \u00e9poque \u00e0 aujourd\u2019hui beaucoup d&rsquo;ann\u00e9es ont pass\u00e9, des personnes et des vicissitudes, sans laisser dans aucun moment de trajectoire irr\u00e9prochable.<\/h5>\n<h5 style=\"text-align: center;\">Les travaux r\u00e9alis\u00e9s par cette entit\u00e9 mercantile depuis son commencement jusqu&rsquo;\u00e0 la date d&rsquo;aujourd&rsquo;hui sont garantis par l&rsquo;entreprise, puisqu\u2019elle cumule 50 ans d&rsquo;exp\u00e9rience et de personnel qualifi\u00e9.<\/h5>\n<h5 style=\"text-align: center;\">En Ao\u00fbt 2010 le fondateur Manuel Sanfiel Le\u00f3n se retire de l&rsquo;activit\u00e9 patronale et donne un pas \u00e0 ses enfants Olga Marie Sanfiel Hern\u00e1ndez et Manuel Angel Sanfiel Hern\u00e1ndez, lesquels assument la responsabilit\u00e9 de continuer avec l&rsquo;historique irr\u00e9prochable de son p\u00e8re.<\/h5>\n<h5 style=\"text-align: center;\">Remarquez finalement que nous formons actuellement une \u00e9quipe de personnes et que nous avons l&rsquo;intention de continuer dans cette activit\u00e9 professionnelle avec la m\u00eame illusion de toujours. Et finalement nous voulons d\u00e9clarer pour ce que notre plus grand orgueil est de savoir que nous pouvons raconter et continuer de compter sur la confiance de nos clients.<\/h5>\n\r\n<div class=\"content-slider-wrapper\" >\r\n<div class=\"content-slider cols-wrapper cols-2\" id=\"content-slider-4268\" >\r\n\t<div class=\"section-boxed\">\r\n\t<ul id=\"cs-slider-ul\" style=\"min-height:550px;\">\r\n\t\t\r\n\t\t\t <li data-bg_image_url=\"http:\/\/cerrajeriacercasa.com\/wp-content\/uploads\/2019\/01\/20180625_130635-3.jpg\" data-bg_image_opacity=\"1\" data-layout=\"centered\" data-animation=\"random\" data-bg_color=\"\" data-thumbnail=\"http:\/\/cerrajeriacercasa.com\/wp-content\/uploads\/2019\/01\/20180625_130635-3-150x150.jpg\" class=\"cs-layout-centered\" style=\"color:#;\">\r\n\r\n\t\t\t\t<!-- first slider box -->\r\n\t\t\t\t<div class=\"cs-content-centered col cs-content\">\r\n\t\t\t\t\t\t\t\t\t<\/div>\r\n\t\t\t\t<!-- second slider box -->\r\n\r\n\t\t\t\t\t\t\t<\/li>\r\n\t\t\t <li data-bg_image_url=\"http:\/\/cerrajeriacercasa.com\/wp-content\/uploads\/2019\/01\/20180625_130725.jpg\" data-bg_image_opacity=\"1\" data-layout=\"centered\" data-animation=\"random\" data-bg_color=\"\" data-thumbnail=\"http:\/\/cerrajeriacercasa.com\/wp-content\/uploads\/2019\/01\/20180625_130725-150x150.jpg\" class=\"cs-layout-centered\" style=\"color:#;\">\r\n\r\n\t\t\t\t<!-- first slider box -->\r\n\t\t\t\t<div class=\"cs-content-centered col cs-content\">\r\n\t\t\t\t\t\t\t\t\t<\/div>\r\n\t\t\t\t<!-- second slider box -->\r\n\r\n\t\t\t\t\t\t\t<\/li>\t<\/ul>\r\n<\/div>\r\n<\/div>\r\n<\/div><div class=\"clear\"><\/div>\n<p>&nbsp;<\/p>\n<div><a class=\"lightbox-image\" title=\"\" href=\"http:\/\/cerrajeriacercasa.com\/wp-content\/uploads\/2014\/05\/cercasa-chicos-slider-Copy.jpg\" data-rel=\"lightbox\"><img loading=\"lazy\" decoding=\"async\" class=\"img-frame aligncenter\" src=\"http:\/\/cerrajeriacercasa.com\/wp-content\/uploads\/2014\/05\/cercasa-chicos-slider-Copy.jpg\" alt=\"nosotros, cercasa, construcciones met\u00e1licas cercasa, construcciones met\u00e1licas tenerife\" width=\"2500\" height=\"1668\" \/><\/a><\/div>\n<div><\/div>\n<div style=\"text-align: center;\">\n<div><\/div>\n<div><\/div>\n<\/div>\n<div class=\"section-full-width section-light2\" style=\"background-color:#f7f7f7;\" id=\"services\"><div class=\"section-boxed\" style=\"color:#777777;\"><h2 class=\"section-title\" style=\"color:#252525;\">Services<\/h2><h4 style=\"color:#252525;\" class=\"sub-title\">Les Leaders dans le secteur de la m\u00e9tallurgie<\/h4><p>&nbsp;<\/p>\n<p>&nbsp;<\/p>\n<div class=\"services-wrapper services-icon cols-wrapper cols-4 pexeto-parallax\"><div class=\"services-box col\"><a href=\"http:\/\/cerrajeriacercasa.com\/fr\/des-structures-metalliques-le-tenerife\/\"><div class=\"img-container\"><img decoding=\"async\" src=\"http:\/\/cerrajeriacercasa.com\/wp-content\/uploads\/2017\/10\/icons5-130x130.png\" alt=\"Des structures M\u00e9talliques\"\/><\/div><\/a><div class=\"services-content\"><div class=\"sc-wraper\"><h3><a href=\"http:\/\/cerrajeriacercasa.com\/fr\/des-structures-metalliques-le-tenerife\/\">Des structures M\u00e9talliques<\/a><\/h3><p>Des structures M\u00e9talliques pour couvertures de tout type de surfaces<\/p><\/div><\/div><\/div><div class=\"services-box col\"><a href=\"http:\/\/cerrajeriacercasa.com\/fr\/des-escaliers-metalliques-le-tenerife\/\"><div class=\"img-container\"><img decoding=\"async\" src=\"http:\/\/cerrajeriacercasa.com\/wp-content\/uploads\/2017\/10\/icons5-130x130.png\" alt=\"Escaliers Met\u00e1licas\"\/><\/div><\/a><div class=\"services-content\"><div class=\"sc-wraper\"><h3><a href=\"http:\/\/cerrajeriacercasa.com\/fr\/des-escaliers-metalliques-le-tenerife\/\">Escaliers Met\u00e1licas<\/a><\/h3><p>Echelles d'acc\u00e8s, droites, d'urgence, mains courantes, escargots...<\/p><\/div><\/div><\/div><div class=\"services-box col\"><a href=\"http:\/\/cerrajeriacercasa.com\/fr\/des-grilles-le-tenerife\/\"><div class=\"img-container\"><img decoding=\"async\" src=\"http:\/\/cerrajeriacercasa.com\/wp-content\/uploads\/2017\/10\/icons5-130x130.png\" alt=\"Des grilles\"\/><\/div><\/a><div class=\"services-content\"><div class=\"sc-wraper\"><h3><a href=\"http:\/\/cerrajeriacercasa.com\/fr\/des-grilles-le-tenerife\/\">Des grilles<\/a><\/h3><p>Solutions m\u00e9talliques de la meilleure qualit\u00e9 et \u00e0 port\u00e9e de main pour prot\u00e9ger votre maison ou votre entreprise<\/p><\/div><\/div><\/div><div class=\"services-box col nomargin\"><a href=\"http:\/\/cerrajeriacercasa.com\/fr\/des-portes-metalliques-le-tenerife\/\"><div class=\"img-container\"><img decoding=\"async\" src=\"http:\/\/cerrajeriacercasa.com\/wp-content\/uploads\/2017\/10\/icons5-130x130.png\" alt=\"Des portes M\u00e9talliques \"\/><\/div><\/a><div class=\"services-content\"><div class=\"sc-wraper\"><h3><a href=\"http:\/\/cerrajeriacercasa.com\/fr\/des-portes-metalliques-le-tenerife\/\">Des portes M\u00e9talliques <\/a><\/h3><p>Sp\u00e9cialistes dans la cr\u00e9ation de portes qui rendent votre vie plus facile et plus s\u00fbre<\/p><\/div><\/div><\/div><div class=\"services-box col\"><a href=\"http:\/\/cerrajeriacercasa.com\/fr\/boitiers-metalliques-tenerife\/\"><div class=\"img-container\"><img decoding=\"async\" src=\"http:\/\/cerrajeriacercasa.com\/wp-content\/uploads\/2017\/10\/icons5-130x130.png\" alt=\"Bo\u00eetiers m\u00e9talliques\"\/><\/div><\/a><div class=\"services-content\"><div class=\"sc-wraper\"><h3><a href=\"http:\/\/cerrajeriacercasa.com\/fr\/boitiers-metalliques-tenerife\/\">Bo\u00eetiers m\u00e9talliques<\/a><\/h3><p>Bo\u00eetiers en fer, forg\u00e9, acier inoxydable, acier corten et tous types de mailles<\/p><\/div><\/div><\/div><div class=\"services-box col\"><a href=\"http:\/\/cerrajeriacercasa.com\/fr\/des-rampes-le-tenerife\/\"><div class=\"img-container\"><img decoding=\"async\" src=\"http:\/\/cerrajeriacercasa.com\/wp-content\/uploads\/2017\/10\/icons5-130x130.png\" alt=\"Rampes et les Treillages\"\/><\/div><\/a><div class=\"services-content\"><div class=\"sc-wraper\"><h3><a href=\"http:\/\/cerrajeriacercasa.com\/fr\/des-rampes-le-tenerife\/\">Rampes et les Treillages<\/a><\/h3><p>Solutions de s\u00e9curit\u00e9 pour les couloirs ext\u00e9rieurs, les balcons, les escaliers, les mains courantes...<\/p><\/div><\/div><\/div><div class=\"services-box col\"><a href=\"http:\/\/cerrajeriacercasa.com\/fr\/des-automatismes-le-tenerife\/\"><div class=\"img-container\"><img decoding=\"async\" src=\"http:\/\/cerrajeriacercasa.com\/wp-content\/uploads\/2017\/10\/icons5-130x130.png\" alt=\"Des automatismes et motorisations \"\/><\/div><\/a><div class=\"services-content\"><div class=\"sc-wraper\"><h3><a href=\"http:\/\/cerrajeriacercasa.com\/fr\/des-automatismes-le-tenerife\/\">Des automatismes et motorisations <\/a><\/h3><p>Nous avons des solutions automatiques et motoris\u00e9es qui vous procurent un confort de manipulation<\/p><\/div><\/div><\/div><div class=\"services-box col nomargin\"><a href=\"http:\/\/cerrajeriacercasa.com\/fr\/des-meubles-metalliques-le-tenerife\/\"><div class=\"img-container\"><img decoding=\"async\" src=\"http:\/\/cerrajeriacercasa.com\/wp-content\/uploads\/2017\/10\/icons5-130x130.png\" alt=\"Un mobilier m\u00e9tallique\"\/><\/div><\/a><div class=\"services-content\"><div class=\"sc-wraper\"><h3><a href=\"http:\/\/cerrajeriacercasa.com\/fr\/des-meubles-metalliques-le-tenerife\/\">Un mobilier m\u00e9tallique<\/a><\/h3><p>Une touche originale et unique dans votre jardin, dans votre salle \u00e0 manger, dans votre salon, dans votre salle \u00e0 manger, dans votre cuisin...<\/p><\/div><\/div><\/div><div class=\"clear\"><\/div><\/div>\n<p>\n<\/div><\/div>\n<div class=\"services-wrapper services-boxed-photo cols-wrapper cols-2\"><div class=\"services-box col\"><a href=\"http:\/\/cerrajeriacercasa.com\/fr\/siege-guimar\/\"><div class=\"img-container\"><img decoding=\"async\" src=\"https:\/\/cerrajeriacercasa.com\/wp-content\/uploads\/2025\/04\/Fachada-Cercasa-Canarias-569x379.jpg\" alt=\"Siege \u00e0 Pol\u00edgono Industrial de G\u00fc\u00edmar\"\/><\/div><\/a><div class=\"services-content\"><div class=\"sc-wraper\"><h3><a href=\"http:\/\/cerrajeriacercasa.com\/fr\/siege-guimar\/\">Siege \u00e0 Pol\u00edgono Industrial de G\u00fc\u00edmar<\/a><\/h3><\/div><\/div><\/div><div class=\"services-box col nomargin\"><a href=\"https:\/\/cerrajeriacercasa.com\/fr\/siege-guimar\/\"><div class=\"img-container\"><img decoding=\"async\" src=\"https:\/\/cerrajeriacercasa.com\/wp-content\/uploads\/2023\/10\/Cercasa-Canarias-fonde-acero-569x379.jpg\" alt=\"Leader dans le secteur du fer et de l&#039;acier\"\/><\/div><\/a><div class=\"services-content\"><div class=\"sc-wraper\"><h3><a href=\"https:\/\/cerrajeriacercasa.com\/fr\/siege-guimar\/\">Leader dans le secteur du fer et de l'acier<\/a><\/h3><\/div><\/div><\/div><div class=\"clear\"><\/div><\/div>\n","protected":false},"excerpt":{"rendered":"<p>Les Constructions M\u00e9talliques Cercasa &nbsp; Cercasa est fond\u00e9 en 1969 par Manuel Sanfiel Le\u00f3n, qui ouvre une serrurerie dans l&rsquo;Avenue [&hellip;]<\/p>\n","protected":false},"author":1,"featured_media":3169,"parent":0,"menu_order":0,"comment_status":"closed","ping_status":"closed","template":"template-full-custom.php","meta":{"_monsterinsights_skip_tracking":false,"_monsterinsights_sitenote_active":false,"_monsterinsights_sitenote_note":"","_monsterinsights_sitenote_category":0,"footnotes":""},"class_list":["post-4268","page","type-page","status-publish","has-post-thumbnail","hentry"],"yoast_head":"<!-- This site is optimized with the Yoast SEO plugin v27.4 - https:\/\/yoast.com\/product\/yoast-seo-wordpress\/ -->\n<title>Nous - Construcciones Met\u00e1licas Cercasa<\/title>\n<meta name=\"description\" content=\"Chez Cercasa nous formons une grande \u00e9quipe professionnelle avec l&#039;intention d&#039;offrir \u00e0 nos clients un produit et un service de qualit\u00e9.\" \/>\n<meta name=\"robots\" content=\"index, follow, max-snippet:-1, max-image-preview:large, max-video-preview:-1\" \/>\n<link rel=\"canonical\" href=\"https:\/\/cerrajeriacercasa.com\/fr\/nous\/\" \/>\n<meta property=\"og:locale\" content=\"fr_FR\" \/>\n<meta property=\"og:type\" content=\"article\" \/>\n<meta property=\"og:title\" content=\"Nous - Construcciones Met\u00e1licas Cercasa\" \/>\n<meta property=\"og:description\" content=\"Chez Cercasa nous formons une grande \u00e9quipe professionnelle avec l&#039;intention d&#039;offrir \u00e0 nos clients un produit et un service de qualit\u00e9.\" \/>\n<meta property=\"og:url\" content=\"https:\/\/cerrajeriacercasa.com\/fr\/nous\/\" \/>\n<meta property=\"og:site_name\" content=\"Construcciones Met\u00e1licas Cercasa\" \/>\n<meta property=\"article:publisher\" content=\"https:\/\/www.facebook.com\/CercasaCerrajeria\/\" \/>\n<meta property=\"article:modified_time\" content=\"2020-05-12T13:15:38+00:00\" \/>\n<meta property=\"og:image\" content=\"https:\/\/cerrajeriacercasa.com\/wp-content\/uploads\/2017\/10\/CGG7705.jpg\" \/>\n\t<meta property=\"og:image:width\" content=\"2500\" \/>\n\t<meta property=\"og:image:height\" content=\"1668\" \/>\n\t<meta property=\"og:image:type\" content=\"image\/jpeg\" \/>\n<meta name=\"twitter:card\" content=\"summary_large_image\" \/>\n<meta name=\"twitter:label1\" content=\"Dur\u00e9e de lecture estim\u00e9e\" \/>\n\t<meta name=\"twitter:data1\" content=\"2 minutes\" \/>\n<script type=\"application\/ld+json\" class=\"yoast-schema-graph\">{\"@context\":\"https:\\\/\\\/schema.org\",\"@graph\":[{\"@type\":\"WebPage\",\"@id\":\"https:\\\/\\\/cerrajeriacercasa.com\\\/fr\\\/nous\\\/\",\"url\":\"https:\\\/\\\/cerrajeriacercasa.com\\\/fr\\\/nous\\\/\",\"name\":\"Nous - Construcciones Met\u00e1licas Cercasa\",\"isPartOf\":{\"@id\":\"https:\\\/\\\/cerrajeriacercasa.com\\\/#website\"},\"primaryImageOfPage\":{\"@id\":\"https:\\\/\\\/cerrajeriacercasa.com\\\/fr\\\/nous\\\/#primaryimage\"},\"image\":{\"@id\":\"https:\\\/\\\/cerrajeriacercasa.com\\\/fr\\\/nous\\\/#primaryimage\"},\"thumbnailUrl\":\"https:\\\/\\\/cerrajeriacercasa.com\\\/wp-content\\\/uploads\\\/2017\\\/10\\\/CGG7705.jpg\",\"datePublished\":\"2014-05-21T02:57:47+00:00\",\"dateModified\":\"2020-05-12T13:15:38+00:00\",\"description\":\"Chez Cercasa nous formons une grande \u00e9quipe professionnelle avec l'intention d'offrir \u00e0 nos clients un produit et un service de qualit\u00e9.\",\"breadcrumb\":{\"@id\":\"https:\\\/\\\/cerrajeriacercasa.com\\\/fr\\\/nous\\\/#breadcrumb\"},\"inLanguage\":\"fr-FR\",\"potentialAction\":[{\"@type\":\"ReadAction\",\"target\":[\"https:\\\/\\\/cerrajeriacercasa.com\\\/fr\\\/nous\\\/\"]}]},{\"@type\":\"ImageObject\",\"inLanguage\":\"fr-FR\",\"@id\":\"https:\\\/\\\/cerrajeriacercasa.com\\\/fr\\\/nous\\\/#primaryimage\",\"url\":\"https:\\\/\\\/cerrajeriacercasa.com\\\/wp-content\\\/uploads\\\/2017\\\/10\\\/CGG7705.jpg\",\"contentUrl\":\"https:\\\/\\\/cerrajeriacercasa.com\\\/wp-content\\\/uploads\\\/2017\\\/10\\\/CGG7705.jpg\",\"width\":2500,\"height\":1668,\"caption\":\"Metal Constructions Tenerife\"},{\"@type\":\"BreadcrumbList\",\"@id\":\"https:\\\/\\\/cerrajeriacercasa.com\\\/fr\\\/nous\\\/#breadcrumb\",\"itemListElement\":[{\"@type\":\"ListItem\",\"position\":1,\"name\":\"Portada\",\"item\":\"https:\\\/\\\/cerrajeriacercasa.com\\\/fr\\\/\"},{\"@type\":\"ListItem\",\"position\":2,\"name\":\"Nous\"}]},{\"@type\":\"WebSite\",\"@id\":\"https:\\\/\\\/cerrajeriacercasa.com\\\/#website\",\"url\":\"https:\\\/\\\/cerrajeriacercasa.com\\\/\",\"name\":\"Construcciones Met\u00e1licas Cercasa\",\"description\":\"Construcciones Met\u00e1licas Tenerife, Acero inoxidable Tenerife, Puertas, Barandas, Escaleras, Rejas, Estructuras met\u00e1licas, Automatismos, Mobiliario\",\"publisher\":{\"@id\":\"https:\\\/\\\/cerrajeriacercasa.com\\\/#organization\"},\"potentialAction\":[{\"@type\":\"SearchAction\",\"target\":{\"@type\":\"EntryPoint\",\"urlTemplate\":\"https:\\\/\\\/cerrajeriacercasa.com\\\/?s={search_term_string}\"},\"query-input\":{\"@type\":\"PropertyValueSpecification\",\"valueRequired\":true,\"valueName\":\"search_term_string\"}}],\"inLanguage\":\"fr-FR\"},{\"@type\":\"Organization\",\"@id\":\"https:\\\/\\\/cerrajeriacercasa.com\\\/#organization\",\"name\":\"Cercasa Construcciones Met\u00e1licas en Tenerife\",\"url\":\"https:\\\/\\\/cerrajeriacercasa.com\\\/\",\"logo\":{\"@type\":\"ImageObject\",\"inLanguage\":\"fr-FR\",\"@id\":\"https:\\\/\\\/cerrajeriacercasa.com\\\/#\\\/schema\\\/logo\\\/image\\\/\",\"url\":\"https:\\\/\\\/cerrajeriacercasa.com\\\/wp-content\\\/uploads\\\/2017\\\/10\\\/LOGO-DE-CERCASA.jpg\",\"contentUrl\":\"https:\\\/\\\/cerrajeriacercasa.com\\\/wp-content\\\/uploads\\\/2017\\\/10\\\/LOGO-DE-CERCASA.jpg\",\"width\":1600,\"height\":670,\"caption\":\"Cercasa Construcciones Met\u00e1licas en Tenerife\"},\"image\":{\"@id\":\"https:\\\/\\\/cerrajeriacercasa.com\\\/#\\\/schema\\\/logo\\\/image\\\/\"},\"sameAs\":[\"https:\\\/\\\/www.facebook.com\\\/CercasaCerrajeria\\\/\",\"https:\\\/\\\/www.instagram.com\\\/construccionesmetalicascercasa\\\/\",\"https:\\\/\\\/www.youtube.com\\\/channel\\\/UCqzrGX0qFS7v2iwZjMT-dag\\\/featured\"]}]}<\/script>\n<!-- \/ Yoast SEO plugin. -->","yoast_head_json":{"title":"Nous - Construcciones Met\u00e1licas Cercasa","description":"Chez Cercasa nous formons une grande \u00e9quipe professionnelle avec l'intention d'offrir \u00e0 nos clients un produit et un service de qualit\u00e9.","robots":{"index":"index","follow":"follow","max-snippet":"max-snippet:-1","max-image-preview":"max-image-preview:large","max-video-preview":"max-video-preview:-1"},"canonical":"https:\/\/cerrajeriacercasa.com\/fr\/nous\/","og_locale":"fr_FR","og_type":"article","og_title":"Nous - Construcciones Met\u00e1licas Cercasa","og_description":"Chez Cercasa nous formons une grande \u00e9quipe professionnelle avec l'intention d'offrir \u00e0 nos clients un produit et un service de qualit\u00e9.","og_url":"https:\/\/cerrajeriacercasa.com\/fr\/nous\/","og_site_name":"Construcciones Met\u00e1licas Cercasa","article_publisher":"https:\/\/www.facebook.com\/CercasaCerrajeria\/","article_modified_time":"2020-05-12T13:15:38+00:00","og_image":[{"width":2500,"height":1668,"url":"https:\/\/cerrajeriacercasa.com\/wp-content\/uploads\/2017\/10\/CGG7705.jpg","type":"image\/jpeg"}],"twitter_card":"summary_large_image","twitter_misc":{"Dur\u00e9e de lecture estim\u00e9e":"2 minutes"},"schema":{"@context":"https:\/\/schema.org","@graph":[{"@type":"WebPage","@id":"https:\/\/cerrajeriacercasa.com\/fr\/nous\/","url":"https:\/\/cerrajeriacercasa.com\/fr\/nous\/","name":"Nous - Construcciones Met\u00e1licas Cercasa","isPartOf":{"@id":"https:\/\/cerrajeriacercasa.com\/#website"},"primaryImageOfPage":{"@id":"https:\/\/cerrajeriacercasa.com\/fr\/nous\/#primaryimage"},"image":{"@id":"https:\/\/cerrajeriacercasa.com\/fr\/nous\/#primaryimage"},"thumbnailUrl":"https:\/\/cerrajeriacercasa.com\/wp-content\/uploads\/2017\/10\/CGG7705.jpg","datePublished":"2014-05-21T02:57:47+00:00","dateModified":"2020-05-12T13:15:38+00:00","description":"Chez Cercasa nous formons une grande \u00e9quipe professionnelle avec l'intention d'offrir \u00e0 nos clients un produit et un service de qualit\u00e9.","breadcrumb":{"@id":"https:\/\/cerrajeriacercasa.com\/fr\/nous\/#breadcrumb"},"inLanguage":"fr-FR","potentialAction":[{"@type":"ReadAction","target":["https:\/\/cerrajeriacercasa.com\/fr\/nous\/"]}]},{"@type":"ImageObject","inLanguage":"fr-FR","@id":"https:\/\/cerrajeriacercasa.com\/fr\/nous\/#primaryimage","url":"https:\/\/cerrajeriacercasa.com\/wp-content\/uploads\/2017\/10\/CGG7705.jpg","contentUrl":"https:\/\/cerrajeriacercasa.com\/wp-content\/uploads\/2017\/10\/CGG7705.jpg","width":2500,"height":1668,"caption":"Metal Constructions Tenerife"},{"@type":"BreadcrumbList","@id":"https:\/\/cerrajeriacercasa.com\/fr\/nous\/#breadcrumb","itemListElement":[{"@type":"ListItem","position":1,"name":"Portada","item":"https:\/\/cerrajeriacercasa.com\/fr\/"},{"@type":"ListItem","position":2,"name":"Nous"}]},{"@type":"WebSite","@id":"https:\/\/cerrajeriacercasa.com\/#website","url":"https:\/\/cerrajeriacercasa.com\/","name":"Construcciones Met\u00e1licas Cercasa","description":"Construcciones Met\u00e1licas Tenerife, Acero inoxidable Tenerife, Puertas, Barandas, Escaleras, Rejas, Estructuras met\u00e1licas, Automatismos, Mobiliario","publisher":{"@id":"https:\/\/cerrajeriacercasa.com\/#organization"},"potentialAction":[{"@type":"SearchAction","target":{"@type":"EntryPoint","urlTemplate":"https:\/\/cerrajeriacercasa.com\/?s={search_term_string}"},"query-input":{"@type":"PropertyValueSpecification","valueRequired":true,"valueName":"search_term_string"}}],"inLanguage":"fr-FR"},{"@type":"Organization","@id":"https:\/\/cerrajeriacercasa.com\/#organization","name":"Cercasa Construcciones Met\u00e1licas en Tenerife","url":"https:\/\/cerrajeriacercasa.com\/","logo":{"@type":"ImageObject","inLanguage":"fr-FR","@id":"https:\/\/cerrajeriacercasa.com\/#\/schema\/logo\/image\/","url":"https:\/\/cerrajeriacercasa.com\/wp-content\/uploads\/2017\/10\/LOGO-DE-CERCASA.jpg","contentUrl":"https:\/\/cerrajeriacercasa.com\/wp-content\/uploads\/2017\/10\/LOGO-DE-CERCASA.jpg","width":1600,"height":670,"caption":"Cercasa Construcciones Met\u00e1licas en Tenerife"},"image":{"@id":"https:\/\/cerrajeriacercasa.com\/#\/schema\/logo\/image\/"},"sameAs":["https:\/\/www.facebook.com\/CercasaCerrajeria\/","https:\/\/www.instagram.com\/construccionesmetalicascercasa\/","https:\/\/www.youtube.com\/channel\/UCqzrGX0qFS7v2iwZjMT-dag\/featured"]}]}},"_links":{"self":[{"href":"https:\/\/cerrajeriacercasa.com\/fr\/wp-json\/wp\/v2\/pages\/4268","targetHints":{"allow":["GET"]}}],"collection":[{"href":"https:\/\/cerrajeriacercasa.com\/fr\/wp-json\/wp\/v2\/pages"}],"about":[{"href":"https:\/\/cerrajeriacercasa.com\/fr\/wp-json\/wp\/v2\/types\/page"}],"author":[{"embeddable":true,"href":"https:\/\/cerrajeriacercasa.com\/fr\/wp-json\/wp\/v2\/users\/1"}],"replies":[{"embeddable":true,"href":"https:\/\/cerrajeriacercasa.com\/fr\/wp-json\/wp\/v2\/comments?post=4268"}],"version-history":[{"count":6,"href":"https:\/\/cerrajeriacercasa.com\/fr\/wp-json\/wp\/v2\/pages\/4268\/revisions"}],"predecessor-version":[{"id":6342,"href":"https:\/\/cerrajeriacercasa.com\/fr\/wp-json\/wp\/v2\/pages\/4268\/revisions\/6342"}],"wp:featuredmedia":[{"embeddable":true,"href":"https:\/\/cerrajeriacercasa.com\/fr\/wp-json\/wp\/v2\/media\/3169"}],"wp:attachment":[{"href":"https:\/\/cerrajeriacercasa.com\/fr\/wp-json\/wp\/v2\/media?parent=4268"}],"curies":[{"name":"wp","href":"https:\/\/api.w.org\/{rel}","templated":true}]}}