{"id":4280,"date":"2017-10-18T17:55:18","date_gmt":"2017-10-18T17:55:18","guid":{"rendered":"http:\/\/cerrajeriacercasa.com\/rejas-tenerife\/"},"modified":"2019-06-24T10:11:30","modified_gmt":"2019-06-24T10:11:30","slug":"des-grilles-le-tenerife","status":"publish","type":"page","link":"https:\/\/cerrajeriacercasa.com\/fr\/des-grilles-le-tenerife\/","title":{"rendered":"Des grilles le Tenerife"},"content":{"rendered":"<div class=\"section-full-width section-light2\" style=\"background-color:#f7f7f7;\" id=\"desgrilles\"><div class=\"section-boxed\" style=\"color:#777777;\"><h2 class=\"section-title\" style=\"color:#252525;\">Des Grilles<\/h2><h4 style=\"color:#252525;\" class=\"sub-title\">Tous les travaux dans le m\u00e9tal que tu peux imaginer ... <\/h4><\/p>\n<p style=\"text-align: center;\">Comme Constructions M\u00e9talliques Cercasa nous fabriquons et installons pour la protection de l\u2019habitation ou entreprise tout types de grilles, en nous adaptant \u00e0 ses mesures et n\u00e9cessit\u00e9s, en pensant toujours \u00e0 la s\u00e9curit\u00e9 et la qualit\u00e9 de nos produits, en utilisant des mat\u00e9riels comme le fer, la forge, l\u2019acier inoxydable et l\u2019acier coup\u00e9<\/p>\n<p style=\"text-align: center;\">Il existe aussi tout types de grilles pour des fen\u00eatres, des portes, pour ramassage d&rsquo;eaux pluviales, canalones. De plus, tout que peut imaginer nous nous en faisons une r\u00e9alit\u00e9, demandez une information \u00e0 notre d\u00e9partement technique et vous recevrez la meilleure consultation.<\/p>\n<h2 style=\"text-align: center;\">N \u00ba 1 dans les Grilles le Tenerife<\/h2>\n<p>\n<\/div><\/div>\n<div class=\"section-full-width section-dark parallax-fixed\" style=\"background-color:#252525;\" id=\"typesdegrilles\"><div style=\"background-image:url(http:\/\/cerrajeriacercasa.com\/wp-content\/uploads\/2017\/10\/irmasolda23.jpg); opacity:0.3; filter: alpha(opacity=30);\" class=\"full-bg-image\" ><\/div><div class=\"section-boxed\" style=\"color:#ffffff;\"><h2 class=\"section-title\" style=\"color:#ffffff;\">Types de Grilles<\/h2><h4 style=\"color:#ffffff;\" class=\"sub-title\">Les Leaders dans le secteur de la m\u00e9tallurgie <\/h4><div class=\"services-wrapper services-icon cols-wrapper cols-2 pexeto-parallax\"><div class=\"services-box col services-no-image\"><div class=\"services-content\"><div class=\"sc-wraper\"><h3>Grilles de fen\u00eatre<\/h3><\/div><\/div><\/div><div class=\"services-box col nomargin services-no-image\"><div class=\"services-content\"><div class=\"sc-wraper\"><h3>Grilles pour les portes<\/h3><\/div><\/div><\/div><div class=\"services-box col services-no-image\"><div class=\"services-content\"><div class=\"sc-wraper\"><h3>Grilles pour la collecte des eaux pluviales<\/h3><\/div><\/div><\/div><div class=\"services-box col nomargin services-no-image\"><div class=\"services-content\"><div class=\"sc-wraper\"><h3>Goutti\u00e8res<\/h3><\/div><\/div><\/div><div class=\"clear\"><\/div><\/div>\n<\/div><\/div>\n<div class=\"section-full-width section-light2\" style=\"background-color:#f7f7f7;\" id=\"section-1\"><div class=\"section-boxed\" style=\"color:#777777;\"><div class=\"cta-element\"><h4 class=\"cta-small-title\">As-tu une id\u00e9e et ne sais-tu pas comment la r\u00e9aliser ? <\/h4><h2 class=\"cta-title\">Ensemble Nous ferons une r\u00e9alit\u00e9 <\/h2><a class=\"button\" href=\"http:\/\/cerrajeriacercasa.com\/fr\/siege-guimar\/\" target=\"_blank\">Solliciter le Budget <\/a><\/div>\n<\/div><\/div>\n<div class=\"nivo-content\"><div class=\"nivo-wrapper\"><div class=\"nivo-slider\" id=\"nivo-slider-42801\" style=\"max-height:1200px;\"><img decoding=\"async\" src=\"http:\/\/cerrajeriacercasa.com\/wp-content\/uploads\/2017\/10\/ba277798-70d0-4c60-94c1-94caf57dd207-1170x1200.jpg\" title=\"\" \/><img decoding=\"async\" src=\"http:\/\/cerrajeriacercasa.com\/wp-content\/uploads\/2017\/10\/be759885-91aa-47d7-a661-7c35cd966b55-1170x1200.jpg\" title=\"\" \/><img decoding=\"async\" src=\"http:\/\/cerrajeriacercasa.com\/wp-content\/uploads\/2017\/10\/c3fceee9-a503-4b3a-a6ee-8c7f5241ed25-1170x1200.jpg\" title=\"\" \/><img decoding=\"async\" src=\"http:\/\/cerrajeriacercasa.com\/wp-content\/uploads\/2017\/10\/035e7aaf-9175-4436-bf91-00c37c319f3a-1170x1200.jpg\" title=\"\" \/><img decoding=\"async\" src=\"http:\/\/cerrajeriacercasa.com\/wp-content\/uploads\/2017\/10\/34e61d22-25e2-4950-aacc-c243b794c1aa-1170x1200.jpg\" title=\"\" \/><\/div><\/div><\/div>\n<p>&nbsp;<\/p>\n","protected":false},"excerpt":{"rendered":"<p>&nbsp;<\/p>\n","protected":false},"author":1,"featured_media":2631,"parent":0,"menu_order":0,"comment_status":"closed","ping_status":"closed","template":"template-full-custom.php","meta":{"_monsterinsights_skip_tracking":false,"_monsterinsights_sitenote_active":false,"_monsterinsights_sitenote_note":"","_monsterinsights_sitenote_category":0,"footnotes":""},"class_list":["post-4280","page","type-page","status-publish","has-post-thumbnail","hentry"],"yoast_head":"<!-- This site is optimized with the Yoast SEO plugin v27.4 - https:\/\/yoast.com\/product\/yoast-seo-wordpress\/ -->\n<title>Des grilles le Tenerife, Constructions M\u00e9talliques Cercasa<\/title>\n<meta name=\"description\" content=\"Cercasa fabrique et installe pour la protection de votre habitation ou entreprise tout types des grilles le Tenerife pour des fen\u00eatres, des portes, un ramassage des eaux pluviales\" \/>\n<meta name=\"robots\" content=\"index, follow, max-snippet:-1, max-image-preview:large, max-video-preview:-1\" \/>\n<link rel=\"canonical\" href=\"https:\/\/cerrajeriacercasa.com\/fr\/des-grilles-le-tenerife\/\" \/>\n<meta property=\"og:locale\" content=\"fr_FR\" \/>\n<meta property=\"og:type\" content=\"article\" \/>\n<meta property=\"og:title\" content=\"Des grilles le Tenerife, Constructions M\u00e9talliques Cercasa\" \/>\n<meta property=\"og:description\" content=\"Cercasa fabrique et installe pour la protection de votre habitation ou entreprise tout types des grilles le Tenerife pour des fen\u00eatres, des portes, un ramassage des eaux pluviales\" \/>\n<meta property=\"og:url\" content=\"https:\/\/cerrajeriacercasa.com\/fr\/des-grilles-le-tenerife\/\" \/>\n<meta property=\"og:site_name\" content=\"Construcciones Met\u00e1licas Cercasa\" \/>\n<meta property=\"article:publisher\" content=\"https:\/\/www.facebook.com\/CercasaCerrajeria\/\" \/>\n<meta property=\"article:modified_time\" content=\"2019-06-24T10:11:30+00:00\" \/>\n<meta property=\"og:image\" content=\"https:\/\/cerrajeriacercasa.com\/wp-content\/uploads\/2017\/10\/irmasolda23.jpg\" \/>\n\t<meta property=\"og:image:width\" content=\"1920\" \/>\n\t<meta property=\"og:image:height\" content=\"1440\" \/>\n\t<meta property=\"og:image:type\" content=\"image\/jpeg\" \/>\n<meta name=\"twitter:card\" content=\"summary_large_image\" \/>\n<meta name=\"twitter:label1\" content=\"Dur\u00e9e de lecture estim\u00e9e\" \/>\n\t<meta name=\"twitter:data1\" content=\"2 minutes\" \/>\n<script type=\"application\/ld+json\" class=\"yoast-schema-graph\">{\"@context\":\"https:\\\/\\\/schema.org\",\"@graph\":[{\"@type\":\"WebPage\",\"@id\":\"https:\\\/\\\/cerrajeriacercasa.com\\\/fr\\\/des-grilles-le-tenerife\\\/\",\"url\":\"https:\\\/\\\/cerrajeriacercasa.com\\\/fr\\\/des-grilles-le-tenerife\\\/\",\"name\":\"Des grilles le Tenerife, Constructions M\u00e9talliques Cercasa\",\"isPartOf\":{\"@id\":\"https:\\\/\\\/cerrajeriacercasa.com\\\/#website\"},\"primaryImageOfPage\":{\"@id\":\"https:\\\/\\\/cerrajeriacercasa.com\\\/fr\\\/des-grilles-le-tenerife\\\/#primaryimage\"},\"image\":{\"@id\":\"https:\\\/\\\/cerrajeriacercasa.com\\\/fr\\\/des-grilles-le-tenerife\\\/#primaryimage\"},\"thumbnailUrl\":\"https:\\\/\\\/cerrajeriacercasa.com\\\/wp-content\\\/uploads\\\/2017\\\/10\\\/irmasolda23.jpg\",\"datePublished\":\"2017-10-18T17:55:18+00:00\",\"dateModified\":\"2019-06-24T10:11:30+00:00\",\"description\":\"Cercasa fabrique et installe pour la protection de votre habitation ou entreprise tout types des grilles le Tenerife pour des fen\u00eatres, des portes, un ramassage des eaux pluviales\",\"breadcrumb\":{\"@id\":\"https:\\\/\\\/cerrajeriacercasa.com\\\/fr\\\/des-grilles-le-tenerife\\\/#breadcrumb\"},\"inLanguage\":\"fr-FR\",\"potentialAction\":[{\"@type\":\"ReadAction\",\"target\":[\"https:\\\/\\\/cerrajeriacercasa.com\\\/fr\\\/des-grilles-le-tenerife\\\/\"]}]},{\"@type\":\"ImageObject\",\"inLanguage\":\"fr-FR\",\"@id\":\"https:\\\/\\\/cerrajeriacercasa.com\\\/fr\\\/des-grilles-le-tenerife\\\/#primaryimage\",\"url\":\"https:\\\/\\\/cerrajeriacercasa.com\\\/wp-content\\\/uploads\\\/2017\\\/10\\\/irmasolda23.jpg\",\"contentUrl\":\"https:\\\/\\\/cerrajeriacercasa.com\\\/wp-content\\\/uploads\\\/2017\\\/10\\\/irmasolda23.jpg\",\"width\":1920,\"height\":1440,\"caption\":\"Des automatismes le Tenerife, acero inoxidable tenerife, barandas acero inoxidable tenerife, puertas de acero inoxidable tenerife, rejas de acero inoxidable tenerife, persianas de acero inoxidable tenerife, ventanas de acero inoxidable tenerife, mobiliaroi de acero inoxidable tenerife, estructuras met\u00e1licas tenerife, escaleras de acero inoxidable tenerife, cerramientos de acero inoxidable tenerife, muebles met\u00e1licos tenerife, mobiliario met\u00e1lico tenerife, muebles de acero inoxidable tenerife, estanter\u00edas met\u00e1licas tenerife, expositores tenerife, mostradores tenerife, muebles hosteler\u00eda tenerife, mobiliario hosteler\u00eda tenerife, automatismos tenerife, motorizaciones tenerife, motirizaciones de puertas abatibles tenerife, motorizaci\u00f3n de puertas basculantes tenerife, motorizaci\u00f3n de puertas de corredera tenerife, motorizaci\u00f3n de puertas seccionables tenerife, motorizaci\u00f3n de puertas enrollables tenerife, motorizaci\u00f3n de puertas autom\u00e1ticas de cristal tenerife, motorizaci\u00f3n de barreras industriales tenerife, barandas tenerife, barandillas tenerife, barandas de acero inoxidable tenerife, barandillas acero inoxidable tenerife, barandillas para escaleras tenerife, barandillas para tronjas tenerife, barandillas para altillos tenerife, cerramientos met\u00e1licos tenerife, puertas met\u00e1licas tenerife, puertas de portal tenerife, puertas de garaje tenerife, puertas abatibles tenerife, puertas de corredera tenerife, puertas seccionables tenerife, puertas basculantes, puertas enrollables tenerife, puertas de ballesta tenerife, rejas tenerife, rejas para ventanas tenerife, rejas para puertas tenerife, rejas para recogida de aguas pluviales tenerife, canalones tenerife, escaleras met\u00e1licas tenerife, escaleras de caracol tenerife, escaleras de acero inoxidable tenerife, escaleras para exterior tenerife, escaleras de emergencia tenerife, escaleras de interior tenerife, escaleras m\u00f3viles tenerife, escaleras port\u00e1tiles tenerife, escaleras mec\u00e1nicas tenerife, barandas para escaleras tenerife, contreras para escaleras tenerife, escaleras industriales tenerife\"},{\"@type\":\"BreadcrumbList\",\"@id\":\"https:\\\/\\\/cerrajeriacercasa.com\\\/fr\\\/des-grilles-le-tenerife\\\/#breadcrumb\",\"itemListElement\":[{\"@type\":\"ListItem\",\"position\":1,\"name\":\"Portada\",\"item\":\"https:\\\/\\\/cerrajeriacercasa.com\\\/fr\\\/\"},{\"@type\":\"ListItem\",\"position\":2,\"name\":\"Des grilles le Tenerife\"}]},{\"@type\":\"WebSite\",\"@id\":\"https:\\\/\\\/cerrajeriacercasa.com\\\/#website\",\"url\":\"https:\\\/\\\/cerrajeriacercasa.com\\\/\",\"name\":\"Construcciones Met\u00e1licas Cercasa\",\"description\":\"Construcciones Met\u00e1licas Tenerife, Acero inoxidable Tenerife, Puertas, Barandas, Escaleras, Rejas, Estructuras met\u00e1licas, Automatismos, Mobiliario\",\"publisher\":{\"@id\":\"https:\\\/\\\/cerrajeriacercasa.com\\\/#organization\"},\"potentialAction\":[{\"@type\":\"SearchAction\",\"target\":{\"@type\":\"EntryPoint\",\"urlTemplate\":\"https:\\\/\\\/cerrajeriacercasa.com\\\/?s={search_term_string}\"},\"query-input\":{\"@type\":\"PropertyValueSpecification\",\"valueRequired\":true,\"valueName\":\"search_term_string\"}}],\"inLanguage\":\"fr-FR\"},{\"@type\":\"Organization\",\"@id\":\"https:\\\/\\\/cerrajeriacercasa.com\\\/#organization\",\"name\":\"Cercasa Construcciones Met\u00e1licas en Tenerife\",\"url\":\"https:\\\/\\\/cerrajeriacercasa.com\\\/\",\"logo\":{\"@type\":\"ImageObject\",\"inLanguage\":\"fr-FR\",\"@id\":\"https:\\\/\\\/cerrajeriacercasa.com\\\/#\\\/schema\\\/logo\\\/image\\\/\",\"url\":\"https:\\\/\\\/cerrajeriacercasa.com\\\/wp-content\\\/uploads\\\/2017\\\/10\\\/LOGO-DE-CERCASA.jpg\",\"contentUrl\":\"https:\\\/\\\/cerrajeriacercasa.com\\\/wp-content\\\/uploads\\\/2017\\\/10\\\/LOGO-DE-CERCASA.jpg\",\"width\":1600,\"height\":670,\"caption\":\"Cercasa Construcciones Met\u00e1licas en Tenerife\"},\"image\":{\"@id\":\"https:\\\/\\\/cerrajeriacercasa.com\\\/#\\\/schema\\\/logo\\\/image\\\/\"},\"sameAs\":[\"https:\\\/\\\/www.facebook.com\\\/CercasaCerrajeria\\\/\",\"https:\\\/\\\/www.instagram.com\\\/construccionesmetalicascercasa\\\/\",\"https:\\\/\\\/www.youtube.com\\\/channel\\\/UCqzrGX0qFS7v2iwZjMT-dag\\\/featured\"]}]}<\/script>\n<!-- \/ Yoast SEO plugin. -->","yoast_head_json":{"title":"Des grilles le Tenerife, Constructions M\u00e9talliques Cercasa","description":"Cercasa fabrique et installe pour la protection de votre habitation ou entreprise tout types des grilles le Tenerife pour des fen\u00eatres, des portes, un ramassage des eaux pluviales","robots":{"index":"index","follow":"follow","max-snippet":"max-snippet:-1","max-image-preview":"max-image-preview:large","max-video-preview":"max-video-preview:-1"},"canonical":"https:\/\/cerrajeriacercasa.com\/fr\/des-grilles-le-tenerife\/","og_locale":"fr_FR","og_type":"article","og_title":"Des grilles le Tenerife, Constructions M\u00e9talliques Cercasa","og_description":"Cercasa fabrique et installe pour la protection de votre habitation ou entreprise tout types des grilles le Tenerife pour des fen\u00eatres, des portes, un ramassage des eaux pluviales","og_url":"https:\/\/cerrajeriacercasa.com\/fr\/des-grilles-le-tenerife\/","og_site_name":"Construcciones Met\u00e1licas Cercasa","article_publisher":"https:\/\/www.facebook.com\/CercasaCerrajeria\/","article_modified_time":"2019-06-24T10:11:30+00:00","og_image":[{"width":1920,"height":1440,"url":"https:\/\/cerrajeriacercasa.com\/wp-content\/uploads\/2017\/10\/irmasolda23.jpg","type":"image\/jpeg"}],"twitter_card":"summary_large_image","twitter_misc":{"Dur\u00e9e de lecture estim\u00e9e":"2 minutes"},"schema":{"@context":"https:\/\/schema.org","@graph":[{"@type":"WebPage","@id":"https:\/\/cerrajeriacercasa.com\/fr\/des-grilles-le-tenerife\/","url":"https:\/\/cerrajeriacercasa.com\/fr\/des-grilles-le-tenerife\/","name":"Des grilles le Tenerife, Constructions M\u00e9talliques Cercasa","isPartOf":{"@id":"https:\/\/cerrajeriacercasa.com\/#website"},"primaryImageOfPage":{"@id":"https:\/\/cerrajeriacercasa.com\/fr\/des-grilles-le-tenerife\/#primaryimage"},"image":{"@id":"https:\/\/cerrajeriacercasa.com\/fr\/des-grilles-le-tenerife\/#primaryimage"},"thumbnailUrl":"https:\/\/cerrajeriacercasa.com\/wp-content\/uploads\/2017\/10\/irmasolda23.jpg","datePublished":"2017-10-18T17:55:18+00:00","dateModified":"2019-06-24T10:11:30+00:00","description":"Cercasa fabrique et installe pour la protection de votre habitation ou entreprise tout types des grilles le Tenerife pour des fen\u00eatres, des portes, un ramassage des eaux pluviales","breadcrumb":{"@id":"https:\/\/cerrajeriacercasa.com\/fr\/des-grilles-le-tenerife\/#breadcrumb"},"inLanguage":"fr-FR","potentialAction":[{"@type":"ReadAction","target":["https:\/\/cerrajeriacercasa.com\/fr\/des-grilles-le-tenerife\/"]}]},{"@type":"ImageObject","inLanguage":"fr-FR","@id":"https:\/\/cerrajeriacercasa.com\/fr\/des-grilles-le-tenerife\/#primaryimage","url":"https:\/\/cerrajeriacercasa.com\/wp-content\/uploads\/2017\/10\/irmasolda23.jpg","contentUrl":"https:\/\/cerrajeriacercasa.com\/wp-content\/uploads\/2017\/10\/irmasolda23.jpg","width":1920,"height":1440,"caption":"Des automatismes le Tenerife, acero inoxidable tenerife, barandas acero inoxidable tenerife, puertas de acero inoxidable tenerife, rejas de acero inoxidable tenerife, persianas de acero inoxidable tenerife, ventanas de acero inoxidable tenerife, mobiliaroi de acero inoxidable tenerife, estructuras met\u00e1licas tenerife, escaleras de acero inoxidable tenerife, cerramientos de acero inoxidable tenerife, muebles met\u00e1licos tenerife, mobiliario met\u00e1lico tenerife, muebles de acero inoxidable tenerife, estanter\u00edas met\u00e1licas tenerife, expositores tenerife, mostradores tenerife, muebles hosteler\u00eda tenerife, mobiliario hosteler\u00eda tenerife, automatismos tenerife, motorizaciones tenerife, motirizaciones de puertas abatibles tenerife, motorizaci\u00f3n de puertas basculantes tenerife, motorizaci\u00f3n de puertas de corredera tenerife, motorizaci\u00f3n de puertas seccionables tenerife, motorizaci\u00f3n de puertas enrollables tenerife, motorizaci\u00f3n de puertas autom\u00e1ticas de cristal tenerife, motorizaci\u00f3n de barreras industriales tenerife, barandas tenerife, barandillas tenerife, barandas de acero inoxidable tenerife, barandillas acero inoxidable tenerife, barandillas para escaleras tenerife, barandillas para tronjas tenerife, barandillas para altillos tenerife, cerramientos met\u00e1licos tenerife, puertas met\u00e1licas tenerife, puertas de portal tenerife, puertas de garaje tenerife, puertas abatibles tenerife, puertas de corredera tenerife, puertas seccionables tenerife, puertas basculantes, puertas enrollables tenerife, puertas de ballesta tenerife, rejas tenerife, rejas para ventanas tenerife, rejas para puertas tenerife, rejas para recogida de aguas pluviales tenerife, canalones tenerife, escaleras met\u00e1licas tenerife, escaleras de caracol tenerife, escaleras de acero inoxidable tenerife, escaleras para exterior tenerife, escaleras de emergencia tenerife, escaleras de interior tenerife, escaleras m\u00f3viles tenerife, escaleras port\u00e1tiles tenerife, escaleras mec\u00e1nicas tenerife, barandas para escaleras tenerife, contreras para escaleras tenerife, escaleras industriales tenerife"},{"@type":"BreadcrumbList","@id":"https:\/\/cerrajeriacercasa.com\/fr\/des-grilles-le-tenerife\/#breadcrumb","itemListElement":[{"@type":"ListItem","position":1,"name":"Portada","item":"https:\/\/cerrajeriacercasa.com\/fr\/"},{"@type":"ListItem","position":2,"name":"Des grilles le Tenerife"}]},{"@type":"WebSite","@id":"https:\/\/cerrajeriacercasa.com\/#website","url":"https:\/\/cerrajeriacercasa.com\/","name":"Construcciones Met\u00e1licas Cercasa","description":"Construcciones Met\u00e1licas Tenerife, Acero inoxidable Tenerife, Puertas, Barandas, Escaleras, Rejas, Estructuras met\u00e1licas, Automatismos, Mobiliario","publisher":{"@id":"https:\/\/cerrajeriacercasa.com\/#organization"},"potentialAction":[{"@type":"SearchAction","target":{"@type":"EntryPoint","urlTemplate":"https:\/\/cerrajeriacercasa.com\/?s={search_term_string}"},"query-input":{"@type":"PropertyValueSpecification","valueRequired":true,"valueName":"search_term_string"}}],"inLanguage":"fr-FR"},{"@type":"Organization","@id":"https:\/\/cerrajeriacercasa.com\/#organization","name":"Cercasa Construcciones Met\u00e1licas en Tenerife","url":"https:\/\/cerrajeriacercasa.com\/","logo":{"@type":"ImageObject","inLanguage":"fr-FR","@id":"https:\/\/cerrajeriacercasa.com\/#\/schema\/logo\/image\/","url":"https:\/\/cerrajeriacercasa.com\/wp-content\/uploads\/2017\/10\/LOGO-DE-CERCASA.jpg","contentUrl":"https:\/\/cerrajeriacercasa.com\/wp-content\/uploads\/2017\/10\/LOGO-DE-CERCASA.jpg","width":1600,"height":670,"caption":"Cercasa Construcciones Met\u00e1licas en Tenerife"},"image":{"@id":"https:\/\/cerrajeriacercasa.com\/#\/schema\/logo\/image\/"},"sameAs":["https:\/\/www.facebook.com\/CercasaCerrajeria\/","https:\/\/www.instagram.com\/construccionesmetalicascercasa\/","https:\/\/www.youtube.com\/channel\/UCqzrGX0qFS7v2iwZjMT-dag\/featured"]}]}},"_links":{"self":[{"href":"https:\/\/cerrajeriacercasa.com\/fr\/wp-json\/wp\/v2\/pages\/4280","targetHints":{"allow":["GET"]}}],"collection":[{"href":"https:\/\/cerrajeriacercasa.com\/fr\/wp-json\/wp\/v2\/pages"}],"about":[{"href":"https:\/\/cerrajeriacercasa.com\/fr\/wp-json\/wp\/v2\/types\/page"}],"author":[{"embeddable":true,"href":"https:\/\/cerrajeriacercasa.com\/fr\/wp-json\/wp\/v2\/users\/1"}],"replies":[{"embeddable":true,"href":"https:\/\/cerrajeriacercasa.com\/fr\/wp-json\/wp\/v2\/comments?post=4280"}],"version-history":[{"count":4,"href":"https:\/\/cerrajeriacercasa.com\/fr\/wp-json\/wp\/v2\/pages\/4280\/revisions"}],"predecessor-version":[{"id":4663,"href":"https:\/\/cerrajeriacercasa.com\/fr\/wp-json\/wp\/v2\/pages\/4280\/revisions\/4663"}],"wp:featuredmedia":[{"embeddable":true,"href":"https:\/\/cerrajeriacercasa.com\/fr\/wp-json\/wp\/v2\/media\/2631"}],"wp:attachment":[{"href":"https:\/\/cerrajeriacercasa.com\/fr\/wp-json\/wp\/v2\/media?parent=4280"}],"curies":[{"name":"wp","href":"https:\/\/api.w.org\/{rel}","templated":true}]}}