{"id":4378,"date":"2014-05-21T04:05:45","date_gmt":"2014-05-21T04:05:45","guid":{"rendered":"http:\/\/cerrajeriacercasa.com\/servicios\/"},"modified":"2019-06-24T10:11:36","modified_gmt":"2019-06-24T10:11:36","slug":"services","status":"publish","type":"page","link":"https:\/\/cerrajeriacercasa.com\/fr\/services\/","title":{"rendered":"Services"},"content":{"rendered":"<div class=\"section-full-width section-light2\" style=\"background-color:#f7f7f7;\" id=\"services\"><div class=\"section-boxed\" style=\"color:#777777;\"><h2 class=\"section-title\" style=\"color:#252525;\">Services<\/h2><h4 style=\"color:#252525;\" class=\"sub-title\">Tous les travaux dans le m\u00e9tal que tu peux imaginer...<\/h4><\/p>\n<h4 style=\"text-align: center;\">Dans les <a href=\"\/?page_id=4268\">Constructions M\u00e9talliques Cercasa<\/a> nous sommes leaders dans le secteur de la siderurgie. Nous disposons de machines sp\u00e9cialis\u00e9es et de personnel qualifi\u00e9 qui nous permettent d&rsquo;avoir des oeuvres d\u2019une tr\u00e8s haute qualit\u00e9.<\/h4>\n<h4 style=\"text-align: center;\">Nous r\u00e9alisons tout type de travaux en fer et en acier inoxydable.<\/h4>\n<h4 style=\"text-align: center;\">Acier inoxydable, automatismes, socles en cristal, rampes en acier inoxydable. Rampes pour des escaliers, treillages, structures en acier, maisons pr\u00e9fabriqu\u00e9es, serrures, serrureries de portes, constructions m\u00e9talliques, charpentes m\u00e9talliques l\u00e9g\u00e8res, \u00e9l\u00e9vateurs \u00e9lectriques, \u00e9l\u00e9vateurs pour des handicap\u00e9s, escaliers pliants, escaliers m\u00e9talliques d&rsquo;acc\u00e8s, escaliers m\u00e9talliques en colima\u00e7on, escaliers m\u00e9talliques verticaux, escaliers m\u00e9talliques d&rsquo;int\u00e9rieur,\u00a0 escaliers en bois, escaliers \u00e9lectriques, escaliers r\u00e9tractables, escaliers m\u00e9talliques, rayonnages, rayonnages m\u00e9talliques, structures couvertes m\u00e9talliques, structures m\u00e9talliques circulaires, structures en acier inoxydable, portes en fer, fa\u00e7ades pour des vaisseaux industriels, maintien d&rsquo;ascenseurs, maintien de structures m\u00e9talliques, monte-charge, moteurs pour des portes, pergolas m\u00e9talliques, portes automatiques, portes de garage, grilles, grilles en fer, grilles de s\u00e9curit\u00e9, grilles m\u00e9talliques, grilles pour des portes, grilles pour des fen\u00eatres, grilles des trous d&rsquo;\u00e9coulement, solutions pour stockage, vente de structures m\u00e9talliques, mobilier m\u00e9tallique, mobilier en acier inoxydable, cl\u00f4tures.<\/h4>\n<h4 style=\"text-align: center;\">En plus des copies de cl\u00e9s de toutes sortes, y compris les v\u00e9hicules et les t\u00e9l\u00e9commandes et les automatismes et les moteurs.<\/h4>\n<h4><\/h4>\n<p>\n<\/div><\/div>\n<div class=\"section-full-width section-dark parallax-fixed\" style=\"background-color:#252525;\" id=\"services\"><div style=\"background-image:url(http:\/\/cerrajeriacercasa.com\/wp-content\/uploads\/2014\/05\/soldadura-slider.jpg); opacity:0.3; filter: alpha(opacity=30);\" class=\"full-bg-image\" ><\/div><div class=\"section-boxed\" style=\"color:#ffffff;\"><h2 class=\"section-title\" style=\"color:#ffffff;\">Services<\/h2><h4 style=\"color:#ffffff;\" class=\"sub-title\">Leaders dans le secteur de la m\u00e9tallurgie<\/h4><div class=\"services-wrapper services-icon cols-wrapper cols-4 pexeto-parallax\"><div class=\"services-box col\"><a href=\"http:\/\/cerrajeriacercasa.com\/fr\/des-structures-metalliques-le-tenerife\/\"><div class=\"img-container\"><img decoding=\"async\" src=\"http:\/\/cerrajeriacercasa.com\/wp-content\/uploads\/2017\/10\/icons5-130x130.png\" alt=\"Des structures M\u00e9talliques\"\/><\/div><\/a><div class=\"services-content\"><div class=\"sc-wraper\"><h3><a href=\"http:\/\/cerrajeriacercasa.com\/fr\/des-structures-metalliques-le-tenerife\/\">Des structures M\u00e9talliques<\/a><\/h3><p>Des structures M\u00e9talliques pour couvertures de tout type de surfaces<\/p><\/div><\/div><\/div><div class=\"services-box col\"><a href=\"http:\/\/cerrajeriacercasa.com\/fr\/des-escaliers-metalliques-le-tenerife\/\"><div class=\"img-container\"><img decoding=\"async\" src=\"http:\/\/cerrajeriacercasa.com\/wp-content\/uploads\/2017\/10\/icons5-130x130.png\" alt=\"Escaliers Met\u00e1licas\"\/><\/div><\/a><div class=\"services-content\"><div class=\"sc-wraper\"><h3><a href=\"http:\/\/cerrajeriacercasa.com\/fr\/des-escaliers-metalliques-le-tenerife\/\">Escaliers Met\u00e1licas<\/a><\/h3><p>Echelles d'acc\u00e8s, droites, d'urgence, mains courantes, escargots...<\/p><\/div><\/div><\/div><div class=\"services-box col\"><a href=\"http:\/\/cerrajeriacercasa.com\/fr\/des-grilles-le-tenerife\/\"><div class=\"img-container\"><img decoding=\"async\" src=\"http:\/\/cerrajeriacercasa.com\/wp-content\/uploads\/2017\/10\/icons5-130x130.png\" alt=\"Des grilles\"\/><\/div><\/a><div class=\"services-content\"><div class=\"sc-wraper\"><h3><a href=\"http:\/\/cerrajeriacercasa.com\/fr\/des-grilles-le-tenerife\/\">Des grilles<\/a><\/h3><p>Solutions m\u00e9talliques de la meilleure qualit\u00e9 et \u00e0 port\u00e9e de main pour prot\u00e9ger votre maison ou votre entreprise<\/p><\/div><\/div><\/div><div class=\"services-box col nomargin\"><a href=\"http:\/\/cerrajeriacercasa.com\/fr\/des-portes-metalliques-le-tenerife\/\"><div class=\"img-container\"><img decoding=\"async\" src=\"http:\/\/cerrajeriacercasa.com\/wp-content\/uploads\/2017\/10\/icons5-130x130.png\" alt=\"Des portes M\u00e9talliques \"\/><\/div><\/a><div class=\"services-content\"><div class=\"sc-wraper\"><h3><a href=\"http:\/\/cerrajeriacercasa.com\/fr\/des-portes-metalliques-le-tenerife\/\">Des portes M\u00e9talliques <\/a><\/h3><p>Sp\u00e9cialistes dans la cr\u00e9ation de portes qui rendent votre vie plus facile et plus s\u00fbre<\/p><\/div><\/div><\/div><div class=\"services-box col\"><a href=\"http:\/\/cerrajeriacercasa.com\/fr\/boitiers-metalliques-tenerife\/\"><div class=\"img-container\"><img decoding=\"async\" src=\"http:\/\/cerrajeriacercasa.com\/wp-content\/uploads\/2017\/10\/icons5-130x130.png\" alt=\"Bo\u00eetiers m\u00e9talliques\"\/><\/div><\/a><div class=\"services-content\"><div class=\"sc-wraper\"><h3><a href=\"http:\/\/cerrajeriacercasa.com\/fr\/boitiers-metalliques-tenerife\/\">Bo\u00eetiers m\u00e9talliques<\/a><\/h3><p>Bo\u00eetiers en fer, forg\u00e9, acier inoxydable, acier corten et tous types de mailles<\/p><\/div><\/div><\/div><div class=\"services-box col\"><a href=\"http:\/\/cerrajeriacercasa.com\/fr\/des-rampes-le-tenerife\/\"><div class=\"img-container\"><img decoding=\"async\" src=\"http:\/\/cerrajeriacercasa.com\/wp-content\/uploads\/2017\/10\/icons5-130x130.png\" alt=\"Rampes et les Treillages\"\/><\/div><\/a><div class=\"services-content\"><div class=\"sc-wraper\"><h3><a href=\"http:\/\/cerrajeriacercasa.com\/fr\/des-rampes-le-tenerife\/\">Rampes et les Treillages<\/a><\/h3><p>Solutions de s\u00e9curit\u00e9 pour les couloirs ext\u00e9rieurs, les balcons, les escaliers, les mains courantes...<\/p><\/div><\/div><\/div><div class=\"services-box col\"><a href=\"http:\/\/cerrajeriacercasa.com\/fr\/des-automatismes-le-tenerife\/\"><div class=\"img-container\"><img decoding=\"async\" src=\"http:\/\/cerrajeriacercasa.com\/wp-content\/uploads\/2017\/10\/icons5-130x130.png\" alt=\"Des automatismes et motorisations \"\/><\/div><\/a><div class=\"services-content\"><div class=\"sc-wraper\"><h3><a href=\"http:\/\/cerrajeriacercasa.com\/fr\/des-automatismes-le-tenerife\/\">Des automatismes et motorisations <\/a><\/h3><p>Nous avons des solutions automatiques et motoris\u00e9es qui vous procurent un confort de manipulation<\/p><\/div><\/div><\/div><div class=\"services-box col nomargin\"><a href=\"http:\/\/cerrajeriacercasa.com\/fr\/des-meubles-metalliques-le-tenerife\/\"><div class=\"img-container\"><img decoding=\"async\" src=\"http:\/\/cerrajeriacercasa.com\/wp-content\/uploads\/2017\/10\/icons5-130x130.png\" alt=\"Un mobilier m\u00e9tallique\"\/><\/div><\/a><div class=\"services-content\"><div class=\"sc-wraper\"><h3><a href=\"http:\/\/cerrajeriacercasa.com\/fr\/des-meubles-metalliques-le-tenerife\/\">Un mobilier m\u00e9tallique<\/a><\/h3><p>Une touche originale et unique dans votre jardin, dans votre salle \u00e0 manger, dans votre salon, dans votre salle \u00e0 manger, dans votre cuisin...<\/p><\/div><\/div><\/div><div class=\"clear\"><\/div><\/div>\n<\/div><\/div>\n<div class=\"section-full-width section-light2\" style=\"background-color:#fcfcfc;\" id=\"desmachinesdederni\u00e8reg\u00e9n\u00e9ration\"><div class=\"section-boxed\" style=\"color:#777777;\"><h2 class=\"section-title\" style=\"color:#252525;\">Des machines De Derni\u00e8re G\u00e9n\u00e9ration<\/h2><h4 style=\"color:#252525;\" class=\"sub-title\">Tous les travaux dans le metal que vous pouvez imagniner<\/h4><div class=\"services-wrapper services-default cols-wrapper cols-4\"><div class=\"services-box col\"><div class=\"img-container\"><img decoding=\"async\" src=\"http:\/\/cerrajeriacercasa.com\/wp-content\/uploads\/2017\/10\/16-3095-Diptico-Maquinaria-Cercasa-9-268x179.jpg\" alt=\"Machine qui plie jusqu&#039;\u00e0 10 mms de grosseur et 4 mts de longueur\"\/><\/div><div class=\"services-content\"><div class=\"sc-wraper\"><h3>Machine qui plie jusqu'\u00e0 10 mms de grosseur et 4 mts de longueur<\/h3><p>Station de pliage, Durma Cnc HAP 40160.capacit\u00e9 longitudinale pli\u00e9e 4 m\u00e8tres, force de pliage 160 tonnes, contr\u00f4le CNC dans les 4 axes. Polyvalent pour toute esp\u00e8ce de mat\u00e9riels, de l\u2019acier au carbone, acier inoxydable, aluminium...<\/p><\/div><\/div><\/div><div class=\"services-box col\"><div class=\"img-container\"><img decoding=\"async\" src=\"http:\/\/cerrajeriacercasa.com\/wp-content\/uploads\/2017\/10\/16-3095-Diptico-Maquinaria-Cercasa-10-268x179.jpg\" alt=\"Cisailles qui coupent jusqu&#039;\u00e0 20 mms de grosseur et 3mts de longueur\"\/><\/div><div class=\"services-content\"><div class=\"sc-wraper\"><h3>Cisailles qui coupent jusqu'\u00e0 20 mms de grosseur et 3mts de longueur<\/h3><p>Station de cisaillement, Diurma CNC HGM 3020. capacit\u00e9 longitudinale de cisaillement de 3 m\u00e8tres, une \u00e9paisseur de 3 \u00e0 20 mms dans un acier au carbone (d'autres mat\u00e9riels consulter une \u00e9paisseur). Contr\u00f4le CNC pour des travaux en s\u00e9rie<\/p><\/div><\/div><\/div><div class=\"services-box col\"><div class=\"img-container\"><img decoding=\"async\" src=\"http:\/\/cerrajeriacercasa.com\/wp-content\/uploads\/2017\/10\/16-3095-Maquinaria-Cercasa-A5-3-268x179.jpg\" alt=\"Cisaille poin\u00e7onneuse qui r\u00e9alise des perforations 40x20 et coupe des roues de 600x15 maximum\"\/><\/div><div class=\"services-content\"><div class=\"sc-wraper\"><h3>Cisaille poin\u00e7onneuse qui r\u00e9alise des perforations 40x20 et coupe des roues de 600x15 maximum<\/h3><p>Station d\u2019usinage, Geka Hydra 110 SD. Un espace multifonctionnel : poin\u00e7onnage (le Diam\u00e8tre de 40 mms - d'\u00c9paisseur 20 mms max) \/\/ Coupe des platines pour les plaques (600*15mm - 400*20mm max _) \/\/ Entaill\u00e9 rectangulaire pour post\u00e9rieur pli\u00e9<\/p><\/div><\/div><\/div><div class=\"services-box col nomargin\"><div class=\"img-container\"><img decoding=\"async\" src=\"http:\/\/cerrajeriacercasa.com\/wp-content\/uploads\/2017\/10\/16-3095-Maquinaria-Cercasa-A5-4-268x179.jpg\" alt=\"Machine \u00e0  cintrer profil\u00e9s de grandes dimensions\"\/><\/div><div class=\"services-content\"><div class=\"sc-wraper\"><h3>Machine \u00e0  cintrer profil\u00e9s de grandes dimensions<\/h3><p>Station de curvation , Roundo R-5. Des machines de grande capacit\u00e9. Des exemples dimensionn\u00e9s :-IPE et UPN 200mm max. - un profil creux : le Carr\u00e9 100*100*6 \/\/ Rond 140*6mm - un profil commercial : l'Angle 120 - 100 max \/\/ Simple Tendre 120 - 100 max \/\/ la Platine 250*30 - 100*30 (des mesures selon des n\u00e9cessit\u00e9s de courbure)<\/p><\/div><\/div><\/div><div class=\"clear\"><\/div><\/div>\n<\/div><\/div>\n<div class=\"section-full-width section-light2\" style=\"background-color:#f7f7f7;\" id=\"section-1\"><div class=\"section-boxed\" style=\"color:#777777;\"><div class=\"cta-element\"><h4 class=\"cta-small-title\"> Tu as une id\u00e9e et tu ne sais pas comment la r\u00e9aliser? <\/h4><h2 class=\"cta-title\">Ensemble Nous en ferons une r\u00e9alit\u00e9<\/h2><a class=\"button\" href=\"http:\/\/cerrajeriacercasa.com\/fr\/siege-guimar\/\" target=\"_blank\">Solliciter le Budget <\/a><\/div>\n<\/div><\/div>\n<div class=\"services-wrapper services-boxed-photo cols-wrapper cols-2 pexeto-parallax\"><div class=\"services-box col\"><a href=\"http:\/\/cerrajeriacercasa.com\/fr\/siege-guimar\/\"><div class=\"img-container\"><img decoding=\"async\" src=\"https:\/\/cerrajeriacercasa.com\/wp-content\/uploads\/2025\/04\/Fachada-Cercasa-Canarias-569x379.jpg\" alt=\"Siege \u00e0 Pol\u00edgono Industrial de G\u00fc\u00edmar\"\/><\/div><\/a><div class=\"services-content\"><div class=\"sc-wraper\"><h3><a href=\"http:\/\/cerrajeriacercasa.com\/fr\/siege-guimar\/\">Siege \u00e0 Pol\u00edgono Industrial de G\u00fc\u00edmar<\/a><\/h3><\/div><\/div><\/div><div class=\"services-box col nomargin\"><a href=\"https:\/\/cerrajeriacercasa.com\/fr\/siege-guimar\/\"><div class=\"img-container\"><img decoding=\"async\" src=\"https:\/\/cerrajeriacercasa.com\/wp-content\/uploads\/2023\/10\/Cercasa-Canarias-fonde-acero-569x379.jpg\" alt=\"Leader dans le secteur du fer et de l&#039;acier\"\/><\/div><\/a><div class=\"services-content\"><div class=\"sc-wraper\"><h3><a href=\"https:\/\/cerrajeriacercasa.com\/fr\/siege-guimar\/\">Leader dans le secteur du fer et de l'acier<\/a><\/h3><\/div><\/div><\/div><div class=\"clear\"><\/div><\/div>\n<p>&nbsp;<\/p>\n","protected":false},"excerpt":{"rendered":"<p>&nbsp;<\/p>\n","protected":false},"author":1,"featured_media":0,"parent":0,"menu_order":0,"comment_status":"closed","ping_status":"closed","template":"template-full-custom.php","meta":{"_monsterinsights_skip_tracking":false,"_monsterinsights_sitenote_active":false,"_monsterinsights_sitenote_note":"","_monsterinsights_sitenote_category":0,"footnotes":""},"class_list":["post-4378","page","type-page","status-publish","hentry"],"yoast_head":"<!-- This site is optimized with the Yoast SEO plugin v27.4 - https:\/\/yoast.com\/product\/yoast-seo-wordpress\/ -->\n<title>Services - Construcciones Met\u00e1licas Cercasa<\/title>\n<meta name=\"description\" content=\"Chez Constructions M\u00e9talliques Cercasa , nous sommes leaders dans l&#039;industrie sid\u00e9rurgique.\" \/>\n<meta name=\"robots\" content=\"index, follow, max-snippet:-1, max-image-preview:large, max-video-preview:-1\" \/>\n<link rel=\"canonical\" href=\"https:\/\/cerrajeriacercasa.com\/fr\/services\/\" \/>\n<meta property=\"og:locale\" content=\"fr_FR\" \/>\n<meta property=\"og:type\" content=\"article\" \/>\n<meta property=\"og:title\" content=\"Services - Construcciones Met\u00e1licas Cercasa\" \/>\n<meta property=\"og:description\" content=\"Chez Constructions M\u00e9talliques Cercasa , nous sommes leaders dans l&#039;industrie sid\u00e9rurgique.\" \/>\n<meta property=\"og:url\" content=\"https:\/\/cerrajeriacercasa.com\/fr\/services\/\" \/>\n<meta property=\"og:site_name\" content=\"Construcciones Met\u00e1licas Cercasa\" \/>\n<meta property=\"article:publisher\" content=\"https:\/\/www.facebook.com\/CercasaCerrajeria\/\" \/>\n<meta property=\"article:modified_time\" content=\"2019-06-24T10:11:36+00:00\" \/>\n<meta name=\"twitter:card\" content=\"summary_large_image\" \/>\n<meta name=\"twitter:label1\" content=\"Dur\u00e9e de lecture estim\u00e9e\" \/>\n\t<meta name=\"twitter:data1\" content=\"3 minutes\" \/>\n<script type=\"application\/ld+json\" class=\"yoast-schema-graph\">{\"@context\":\"https:\\\/\\\/schema.org\",\"@graph\":[{\"@type\":\"WebPage\",\"@id\":\"https:\\\/\\\/cerrajeriacercasa.com\\\/fr\\\/services\\\/\",\"url\":\"https:\\\/\\\/cerrajeriacercasa.com\\\/fr\\\/services\\\/\",\"name\":\"Services - Construcciones Met\u00e1licas Cercasa\",\"isPartOf\":{\"@id\":\"https:\\\/\\\/cerrajeriacercasa.com\\\/#website\"},\"datePublished\":\"2014-05-21T04:05:45+00:00\",\"dateModified\":\"2019-06-24T10:11:36+00:00\",\"description\":\"Chez Constructions M\u00e9talliques Cercasa , nous sommes leaders dans l'industrie sid\u00e9rurgique.\",\"breadcrumb\":{\"@id\":\"https:\\\/\\\/cerrajeriacercasa.com\\\/fr\\\/services\\\/#breadcrumb\"},\"inLanguage\":\"fr-FR\",\"potentialAction\":[{\"@type\":\"ReadAction\",\"target\":[\"https:\\\/\\\/cerrajeriacercasa.com\\\/fr\\\/services\\\/\"]}]},{\"@type\":\"BreadcrumbList\",\"@id\":\"https:\\\/\\\/cerrajeriacercasa.com\\\/fr\\\/services\\\/#breadcrumb\",\"itemListElement\":[{\"@type\":\"ListItem\",\"position\":1,\"name\":\"Portada\",\"item\":\"https:\\\/\\\/cerrajeriacercasa.com\\\/fr\\\/\"},{\"@type\":\"ListItem\",\"position\":2,\"name\":\"Services\"}]},{\"@type\":\"WebSite\",\"@id\":\"https:\\\/\\\/cerrajeriacercasa.com\\\/#website\",\"url\":\"https:\\\/\\\/cerrajeriacercasa.com\\\/\",\"name\":\"Construcciones Met\u00e1licas Cercasa\",\"description\":\"Construcciones Met\u00e1licas Tenerife, Acero inoxidable Tenerife, Puertas, Barandas, Escaleras, Rejas, Estructuras met\u00e1licas, Automatismos, Mobiliario\",\"publisher\":{\"@id\":\"https:\\\/\\\/cerrajeriacercasa.com\\\/#organization\"},\"potentialAction\":[{\"@type\":\"SearchAction\",\"target\":{\"@type\":\"EntryPoint\",\"urlTemplate\":\"https:\\\/\\\/cerrajeriacercasa.com\\\/?s={search_term_string}\"},\"query-input\":{\"@type\":\"PropertyValueSpecification\",\"valueRequired\":true,\"valueName\":\"search_term_string\"}}],\"inLanguage\":\"fr-FR\"},{\"@type\":\"Organization\",\"@id\":\"https:\\\/\\\/cerrajeriacercasa.com\\\/#organization\",\"name\":\"Cercasa Construcciones Met\u00e1licas en Tenerife\",\"url\":\"https:\\\/\\\/cerrajeriacercasa.com\\\/\",\"logo\":{\"@type\":\"ImageObject\",\"inLanguage\":\"fr-FR\",\"@id\":\"https:\\\/\\\/cerrajeriacercasa.com\\\/#\\\/schema\\\/logo\\\/image\\\/\",\"url\":\"https:\\\/\\\/cerrajeriacercasa.com\\\/wp-content\\\/uploads\\\/2017\\\/10\\\/LOGO-DE-CERCASA.jpg\",\"contentUrl\":\"https:\\\/\\\/cerrajeriacercasa.com\\\/wp-content\\\/uploads\\\/2017\\\/10\\\/LOGO-DE-CERCASA.jpg\",\"width\":1600,\"height\":670,\"caption\":\"Cercasa Construcciones Met\u00e1licas en Tenerife\"},\"image\":{\"@id\":\"https:\\\/\\\/cerrajeriacercasa.com\\\/#\\\/schema\\\/logo\\\/image\\\/\"},\"sameAs\":[\"https:\\\/\\\/www.facebook.com\\\/CercasaCerrajeria\\\/\",\"https:\\\/\\\/www.instagram.com\\\/construccionesmetalicascercasa\\\/\",\"https:\\\/\\\/www.youtube.com\\\/channel\\\/UCqzrGX0qFS7v2iwZjMT-dag\\\/featured\"]}]}<\/script>\n<!-- \/ Yoast SEO plugin. -->","yoast_head_json":{"title":"Services - Construcciones Met\u00e1licas Cercasa","description":"Chez Constructions M\u00e9talliques Cercasa , nous sommes leaders dans l'industrie sid\u00e9rurgique.","robots":{"index":"index","follow":"follow","max-snippet":"max-snippet:-1","max-image-preview":"max-image-preview:large","max-video-preview":"max-video-preview:-1"},"canonical":"https:\/\/cerrajeriacercasa.com\/fr\/services\/","og_locale":"fr_FR","og_type":"article","og_title":"Services - Construcciones Met\u00e1licas Cercasa","og_description":"Chez Constructions M\u00e9talliques Cercasa , nous sommes leaders dans l'industrie sid\u00e9rurgique.","og_url":"https:\/\/cerrajeriacercasa.com\/fr\/services\/","og_site_name":"Construcciones Met\u00e1licas Cercasa","article_publisher":"https:\/\/www.facebook.com\/CercasaCerrajeria\/","article_modified_time":"2019-06-24T10:11:36+00:00","twitter_card":"summary_large_image","twitter_misc":{"Dur\u00e9e de lecture estim\u00e9e":"3 minutes"},"schema":{"@context":"https:\/\/schema.org","@graph":[{"@type":"WebPage","@id":"https:\/\/cerrajeriacercasa.com\/fr\/services\/","url":"https:\/\/cerrajeriacercasa.com\/fr\/services\/","name":"Services - Construcciones Met\u00e1licas Cercasa","isPartOf":{"@id":"https:\/\/cerrajeriacercasa.com\/#website"},"datePublished":"2014-05-21T04:05:45+00:00","dateModified":"2019-06-24T10:11:36+00:00","description":"Chez Constructions M\u00e9talliques Cercasa , nous sommes leaders dans l'industrie sid\u00e9rurgique.","breadcrumb":{"@id":"https:\/\/cerrajeriacercasa.com\/fr\/services\/#breadcrumb"},"inLanguage":"fr-FR","potentialAction":[{"@type":"ReadAction","target":["https:\/\/cerrajeriacercasa.com\/fr\/services\/"]}]},{"@type":"BreadcrumbList","@id":"https:\/\/cerrajeriacercasa.com\/fr\/services\/#breadcrumb","itemListElement":[{"@type":"ListItem","position":1,"name":"Portada","item":"https:\/\/cerrajeriacercasa.com\/fr\/"},{"@type":"ListItem","position":2,"name":"Services"}]},{"@type":"WebSite","@id":"https:\/\/cerrajeriacercasa.com\/#website","url":"https:\/\/cerrajeriacercasa.com\/","name":"Construcciones Met\u00e1licas Cercasa","description":"Construcciones Met\u00e1licas Tenerife, Acero inoxidable Tenerife, Puertas, Barandas, Escaleras, Rejas, Estructuras met\u00e1licas, Automatismos, Mobiliario","publisher":{"@id":"https:\/\/cerrajeriacercasa.com\/#organization"},"potentialAction":[{"@type":"SearchAction","target":{"@type":"EntryPoint","urlTemplate":"https:\/\/cerrajeriacercasa.com\/?s={search_term_string}"},"query-input":{"@type":"PropertyValueSpecification","valueRequired":true,"valueName":"search_term_string"}}],"inLanguage":"fr-FR"},{"@type":"Organization","@id":"https:\/\/cerrajeriacercasa.com\/#organization","name":"Cercasa Construcciones Met\u00e1licas en Tenerife","url":"https:\/\/cerrajeriacercasa.com\/","logo":{"@type":"ImageObject","inLanguage":"fr-FR","@id":"https:\/\/cerrajeriacercasa.com\/#\/schema\/logo\/image\/","url":"https:\/\/cerrajeriacercasa.com\/wp-content\/uploads\/2017\/10\/LOGO-DE-CERCASA.jpg","contentUrl":"https:\/\/cerrajeriacercasa.com\/wp-content\/uploads\/2017\/10\/LOGO-DE-CERCASA.jpg","width":1600,"height":670,"caption":"Cercasa Construcciones Met\u00e1licas en Tenerife"},"image":{"@id":"https:\/\/cerrajeriacercasa.com\/#\/schema\/logo\/image\/"},"sameAs":["https:\/\/www.facebook.com\/CercasaCerrajeria\/","https:\/\/www.instagram.com\/construccionesmetalicascercasa\/","https:\/\/www.youtube.com\/channel\/UCqzrGX0qFS7v2iwZjMT-dag\/featured"]}]}},"_links":{"self":[{"href":"https:\/\/cerrajeriacercasa.com\/fr\/wp-json\/wp\/v2\/pages\/4378","targetHints":{"allow":["GET"]}}],"collection":[{"href":"https:\/\/cerrajeriacercasa.com\/fr\/wp-json\/wp\/v2\/pages"}],"about":[{"href":"https:\/\/cerrajeriacercasa.com\/fr\/wp-json\/wp\/v2\/types\/page"}],"author":[{"embeddable":true,"href":"https:\/\/cerrajeriacercasa.com\/fr\/wp-json\/wp\/v2\/users\/1"}],"replies":[{"embeddable":true,"href":"https:\/\/cerrajeriacercasa.com\/fr\/wp-json\/wp\/v2\/comments?post=4378"}],"version-history":[{"count":12,"href":"https:\/\/cerrajeriacercasa.com\/fr\/wp-json\/wp\/v2\/pages\/4378\/revisions"}],"predecessor-version":[{"id":5429,"href":"https:\/\/cerrajeriacercasa.com\/fr\/wp-json\/wp\/v2\/pages\/4378\/revisions\/5429"}],"wp:attachment":[{"href":"https:\/\/cerrajeriacercasa.com\/fr\/wp-json\/wp\/v2\/media?parent=4378"}],"curies":[{"name":"wp","href":"https:\/\/api.w.org\/{rel}","templated":true}]}}